{"id":10319,"date":"2024-09-13T05:05:10","date_gmt":"2024-09-13T05:05:10","guid":{"rendered":"https:\/\/energizer.com\/canada-french\/?page_id=10319"},"modified":"2024-09-27T05:09:29","modified_gmt":"2024-09-27T05:09:29","slug":"les-principes-de-l-electricite","status":"publish","type":"page","link":"https:\/\/energizer.com\/canada-french\/centre-scientifique\/les-principes-de-l-electricite\/","title":{"rendered":"The Principles of Electricity"},"content":{"rendered":"\t\t<div data-elementor-type=\"wp-page\" data-elementor-id=\"10319\" class=\"elementor elementor-10319\" data-elementor-post-type=\"page\">\n\t\t\t\t<div class=\"elementor-element elementor-element-ab6914c e-flex e-con-boxed e-con e-parent\" data-id=\"ab6914c\" data-element_type=\"container\" data-e-type=\"container\">\n\t\t\t\t\t<div class=\"e-con-inner\">\n\t\t\t\t<div class=\"elementor-element elementor-element-3cabe58 elementor-widget elementor-widget-heading\" data-id=\"3cabe58\" data-element_type=\"widget\" data-e-type=\"widget\" data-widget_type=\"heading.default\">\n\t\t\t\t<div class=\"elementor-widget-container\">\n\t\t\t\t\t<h1 class=\"elementor-heading-title elementor-size-default\">Les principes de l\u2019\u00e9lectricit\u00e9<\/h1>\t\t\t\t<\/div>\n\t\t\t\t<\/div>\n\t\t\t\t<div class=\"elementor-element elementor-element-c241170 elementor-widget-divider--view-line elementor-widget elementor-widget-divider\" data-id=\"c241170\" data-element_type=\"widget\" data-e-type=\"widget\" data-widget_type=\"divider.default\">\n\t\t\t\t<div class=\"elementor-widget-container\">\n\t\t\t\t\t\t\t<div class=\"elementor-divider\">\n\t\t\t<span class=\"elementor-divider-separator\">\n\t\t\t\t\t\t<\/span>\n\t\t<\/div>\n\t\t\t\t\t\t<\/div>\n\t\t\t\t<\/div>\n\t\t\t\t\t<\/div>\n\t\t\t\t<\/div>\n\t\t<div class=\"elementor-element elementor-element-39cad47 e-flex e-con-boxed e-con e-parent\" data-id=\"39cad47\" data-element_type=\"container\" data-e-type=\"container\">\n\t\t\t\t\t<div class=\"e-con-inner\">\n\t\t<div class=\"elementor-element elementor-element-cb6fe26 e-flex e-con-boxed e-con e-child\" data-id=\"cb6fe26\" data-element_type=\"container\" data-e-type=\"container\">\n\t\t\t\t\t<div class=\"e-con-inner\">\n\t\t\t\t<div class=\"elementor-element elementor-element-67d3272 elementor-widget elementor-widget-text-editor\" data-id=\"67d3272\" data-element_type=\"widget\" data-e-type=\"widget\" data-widget_type=\"text-editor.default\">\n\t\t\t\t<div class=\"elementor-widget-container\">\n\t\t\t\t\t\t\t\t\t<p>Ces principes fondamentaux de l\u2019\u00e9lectricit\u00e9 expliquent le fonctionnement des appareils \u00e9lectriques qui se trouvent chez toi et \u00e0 l\u2019\u00e9cole \u2014 comme les appareils photo num\u00e9riques, les cha\u00eenes st\u00e9r\u00e9o, les lampes de poche, les calculatrices et les lecteurs de CD portables.<\/p><p>Ohms et volts<\/p><p>Les scientifiques savent qu\u2019il existe des unit\u00e9s de mesure des quantit\u00e9s d\u2019\u00e9lectricit\u00e9. L\u2019une d\u2019elles est le\u00a0<strong>coulomb par seconde<\/strong>, qui mesure le flux des \u00e9lectrons \u00e0 travers un conducteur ou un fil m\u00e9tallique. Un courant d\u2019un coulomb par seconde \u00e9gale\u00a0<strong>un amp\u00e8re<\/strong>.<\/p><p>M\u00eame les mat\u00e9riaux qui conduisent l\u2019\u00e9lectricit\u00e9 r\u00e9sistent au flux des \u00e9lectrons. L\u2019unit\u00e9 de r\u00e9sistance \u00e9lectrique est l\u2019\u00a0<strong>ohm<\/strong>. La tension n\u00e9cessaire pour faire passer un coulomb par seconde (un amp\u00e8re) d\u2019\u00e9lectricit\u00e9 dans un conducteur ayant une r\u00e9sistance d\u2019un\u00a0<strong>ohm<\/strong>\u00a0s\u2019appelle un\u00a0<strong>volt.<\/strong><\/p><p>La loi d\u2019Ohm explique les relations entre la tension (E), la r\u00e9sistance (R), et le courant (I).<\/p><p>Dans deux circuits ayant la m\u00eame tension, le courant sera proportionnellement plus fort dans le circuit qui a la r\u00e9sistance la plus faible. Dans deux circuits ayant la m\u00eame r\u00e9sistance, la quantit\u00e9 de courant est directement proportionnelle \u00e0 la tension appliqu\u00e9e. Le courant est directement proportionnel \u00e0 la tension, et inversement proportionnel \u00e0 la r\u00e9sistance.<\/p><p>I (amp\u00e8res) = E (volts) \/ R (ohms)<\/p><p>De plus : E = IR et R = E \/ I<\/p><p>Une des unit\u00e9s de mesure les plus couramment utilis\u00e9es en \u00e9lectricit\u00e9 est le watt, une unit\u00e9 de puissance \u00e9lectrique : P (watts) = E (volts) x I (amp\u00e8res).<\/p><p>La charge \u00e9lectrique est mesur\u00e9e en coulombs.<\/p><p>Les scientifiques et les ing\u00e9nieurs utilisent leur connaissance de l\u2019\u00e9lectricit\u00e9 pour concevoir les instruments, les outils et les appareils les plus avanc\u00e9s. Et tu peux mettre en application les principes de l\u2019\u00e9lectricit\u00e9 que tu viens d\u2019apprendre gr\u00e2ce \u00e0 la science des piles, une pr\u00e9sentation d\u2019Energizer.<\/p><p>S\u2019il te pla\u00eet, lis attentivement!<\/p><p>Toutes les exp\u00e9riences utilisent la puissance s\u00e9curitaire de piles \u00e0 basse tension. Le courant \u00e9lectrique domestique est \u00e0 haute tension et pourrait causer de graves blessures. N\u2019UTILISE PAS le courant domestique pour ces exp\u00e9riences. TOUTES les exp\u00e9riences doivent \u00eatre men\u00e9es sous la surveillance d\u2019un adulte.<\/p><ul><li>Suis attentivement les instructions de c\u00e2blage pour chaque exp\u00e9rience. Un c\u00e2blage incorrect pourrait entra\u00eener des fuites ou la rupture des piles.<\/li><li>NE D\u00c9MONTE PAS les piles. Le contact avec les mat\u00e9riaux internes des piles peut causer des blessures.<\/li><li>TU NE DOIS PAS jeter les piles au feu, les recharger, les mettre \u00e0 l\u2019envers ou les combiner avec des piles us\u00e9es ou d\u2019autres types de piles. Les piles pourraient se mettre \u00e0 fuir ou exploser en causant des blessures.<\/li><\/ul>\t\t\t\t\t\t\t\t<\/div>\n\t\t\t\t<\/div>\n\t\t\t\t\t<\/div>\n\t\t\t\t<\/div>\n\t\t\t\t\t<\/div>\n\t\t\t\t<\/div>\n\t\t\t\t<\/div>\n\t\t","protected":false},"excerpt":{"rendered":"<p>Les principes de l\u2019\u00e9lectricit\u00e9 Ces principes fondamentaux de l\u2019\u00e9lectricit\u00e9 expliquent le fonctionnement des appareils \u00e9lectriques qui se trouvent chez toi et \u00e0 l\u2019\u00e9cole \u2014 comme les appareils photo num\u00e9riques, les cha\u00eenes st\u00e9r\u00e9o, les lampes de poche, les calculatrices et les lecteurs de CD portables. Ohms et volts Les scientifiques savent qu\u2019il existe des unit\u00e9s de [&hellip;]<\/p>\n","protected":false},"author":3,"featured_media":0,"parent":10325,"menu_order":0,"comment_status":"closed","ping_status":"closed","template":"elementor_header_footer","meta":{"_acf_changed":false,"footnotes":""},"class_list":["post-10319","page","type-page","status-publish","hentry"],"acf":[],"_links":{"self":[{"href":"https:\/\/energizer.com\/canada-french\/wp-json\/wp\/v2\/pages\/10319","targetHints":{"allow":["GET"]}}],"collection":[{"href":"https:\/\/energizer.com\/canada-french\/wp-json\/wp\/v2\/pages"}],"about":[{"href":"https:\/\/energizer.com\/canada-french\/wp-json\/wp\/v2\/types\/page"}],"author":[{"embeddable":true,"href":"https:\/\/energizer.com\/canada-french\/wp-json\/wp\/v2\/users\/3"}],"replies":[{"embeddable":true,"href":"https:\/\/energizer.com\/canada-french\/wp-json\/wp\/v2\/comments?post=10319"}],"version-history":[{"count":0,"href":"https:\/\/energizer.com\/canada-french\/wp-json\/wp\/v2\/pages\/10319\/revisions"}],"up":[{"embeddable":true,"href":"https:\/\/energizer.com\/canada-french\/wp-json\/wp\/v2\/pages\/10325"}],"wp:attachment":[{"href":"https:\/\/energizer.com\/canada-french\/wp-json\/wp\/v2\/media?parent=10319"}],"curies":[{"name":"wp","href":"https:\/\/api.w.org\/{rel}","templated":true}]}}