{"id":10325,"date":"2024-09-13T05:22:51","date_gmt":"2024-09-13T05:22:51","guid":{"rendered":"https:\/\/energizer.com\/canada-french\/?page_id=10325"},"modified":"2024-09-27T06:05:59","modified_gmt":"2024-09-27T06:05:59","slug":"centre-scientifique","status":"publish","type":"page","link":"https:\/\/energizer.com\/canada-french\/centre-scientifique\/","title":{"rendered":"Science Center"},"content":{"rendered":"\t\t<div data-elementor-type=\"wp-page\" data-elementor-id=\"10325\" class=\"elementor elementor-10325\" data-elementor-post-type=\"page\">\n\t\t\t\t<div class=\"elementor-element elementor-element-3470c41 e-flex e-con-boxed e-con e-parent\" data-id=\"3470c41\" data-element_type=\"container\" data-e-type=\"container\">\n\t\t\t\t\t<div class=\"e-con-inner\">\n\t\t\t\t<div class=\"elementor-element elementor-element-90d48a9 elementor-widget elementor-widget-heading\" data-id=\"90d48a9\" data-element_type=\"widget\" data-e-type=\"widget\" data-widget_type=\"heading.default\">\n\t\t\t\t<div class=\"elementor-widget-container\">\n\t\t\t\t\t<h1 class=\"elementor-heading-title elementor-size-default\">Centre scientifique\n<\/h1>\t\t\t\t<\/div>\n\t\t\t\t<\/div>\n\t\t\t\t<div class=\"elementor-element elementor-element-db7940f elementor-widget-divider--view-line elementor-widget elementor-widget-divider\" data-id=\"db7940f\" data-element_type=\"widget\" data-e-type=\"widget\" data-widget_type=\"divider.default\">\n\t\t\t\t<div class=\"elementor-widget-container\">\n\t\t\t\t\t\t\t<div class=\"elementor-divider\">\n\t\t\t<span class=\"elementor-divider-separator\">\n\t\t\t\t\t\t<\/span>\n\t\t<\/div>\n\t\t\t\t\t\t<\/div>\n\t\t\t\t<\/div>\n\t\t\t\t\t<\/div>\n\t\t\t\t<\/div>\n\t\t<div class=\"elementor-element elementor-element-7bdf74e e-flex e-con-boxed e-con e-parent\" data-id=\"7bdf74e\" data-element_type=\"container\" data-e-type=\"container\">\n\t\t\t\t\t<div class=\"e-con-inner\">\n\t\t<div class=\"elementor-element elementor-element-ac0a03c e-flex e-con-boxed e-con e-child\" data-id=\"ac0a03c\" data-element_type=\"container\" data-e-type=\"container\">\n\t\t\t\t\t<div class=\"e-con-inner\">\n\t\t\t\t<div class=\"elementor-element elementor-element-6adef37 elementor-widget elementor-widget-text-editor\" data-id=\"6adef37\" data-element_type=\"widget\" data-e-type=\"widget\" data-widget_type=\"text-editor.default\">\n\t\t\t\t<div class=\"elementor-widget-container\">\n\t\t\t\t\t\t\t\t\t<h2>Aux \u00e9tudiants, professeurs et parents<\/h2><p>Les projets d\u2019expo-sciences ainsi que les exp\u00e9riences aliment\u00e9es par des piles que vous trouverez ici, vous donneront une introduction aux principes de l\u2019\u00e9nergie portable. Vous apprendrez les bases de l\u2019\u00e9lectricit\u00e9, de l\u2019\u00e9lectromagn\u00e9tisme et de l\u2019\u00e9lectronique. Puisque les piles produisent de l\u2019\u00e9lectricit\u00e9 gr\u00e2ce \u00e0 des r\u00e9actions chimiques dans toutes les exp\u00e9riences scientifiques (Le\u00e7on B ci-dessous), vous utiliserez un bloc d\u2019alimentation Energizer\u00ae, soit un ensemble de piles connect\u00e9es en s\u00e9rie Energizer\u00ae. Amusez-vous !<\/p><h2>Avant de commencer un projet, veuillez compl\u00e9ter ces le\u00e7ons suivantes.<\/h2><p><strong>Le\u00e7on A \u2013\u00a0<a class=\"anchorhover\" href=\"https:\/\/energizer.com\/canada-french\/centre-scientifique\/les-principes-de-l-electricite\/\" aria-label=\"Les principes de l\u2019\u00e9lectricit\u00e9\">Les principes de l\u2019\u00e9lectricit\u00e9<br \/><\/a><\/strong>Comprendre les Ohms et les volts \u2013 la base de tous vos appareils \u00e9lectriques<\/p><p><strong>Le\u00e7on B \u2013\u00a0<a class=\"anchorhover\" href=\"https:\/\/energizer.com\/canada-french\/centre-scientifique\/fabriquer-un-bloc-d-alimentation\/\" aria-label=\"Fabriquer\">Fabriquer un bloc d\u2019alimentation<\/a><br \/><\/strong>Apprenez ici comment fournir de l\u2019\u00e9nergie \u00e0 toutes vos exp\u00e9riences scientifiques<\/p><p><strong>Le\u00e7on C \u2013\u00a0<a class=\"anchorhover\" href=\"https:\/\/energizer.com\/canada-french\/centre-scientifique\/fabriquer-un-circuit-simple\/\" aria-label=\"Fabriquer un circuit simple\">Fabriquer un circuit simple<br \/><\/a><\/strong>Apprenez comment contr\u00f4ler l\u2019\u00e9lectricit\u00e9 \u2013 fabriquer un interrupteur afin de contr\u00f4ler le flux.<\/p>\t\t\t\t\t\t\t\t<\/div>\n\t\t\t\t<\/div>\n\t\t\t\t\t<\/div>\n\t\t\t\t<\/div>\n\t\t<div class=\"elementor-element elementor-element-b0cf593 e-flex e-con-boxed e-con e-child\" data-id=\"b0cf593\" data-element_type=\"container\" data-e-type=\"container\">\n\t\t\t\t\t<div class=\"e-con-inner\">\n\t\t<div class=\"elementor-element elementor-element-2845505 e-grid e-con-full e-con e-child\" data-id=\"2845505\" data-element_type=\"container\" data-e-type=\"container\">\n\t\t<div class=\"elementor-element elementor-element-fcb5ccf e-con-full e-flex e-con e-child\" data-id=\"fcb5ccf\" data-element_type=\"container\" data-e-type=\"container\">\n\t\t\t\t<div class=\"elementor-element elementor-element-d6ca98d elementor-widget elementor-widget-image\" data-id=\"d6ca98d\" data-element_type=\"widget\" data-e-type=\"widget\" data-widget_type=\"image.default\">\n\t\t\t\t<div class=\"elementor-widget-container\">\n\t\t\t\t\t\t\t\t\t\t\t\t\t\t\t<img loading=\"lazy\" decoding=\"async\" width=\"102\" height=\"85\" src=\"https:\/\/energizer.com\/canada-french\/wp-content\/uploads\/sites\/3\/2024\/09\/project-quiz_game.png\" class=\"attachment-full size-full wp-image-10331\" alt=\"Project Quiz\" \/>\t\t\t\t\t\t\t\t\t\t\t\t\t\t\t<\/div>\n\t\t\t\t<\/div>\n\t\t\t\t<div class=\"elementor-element elementor-element-7c4a925 elementor-widget elementor-widget-heading\" data-id=\"7c4a925\" data-element_type=\"widget\" data-e-type=\"widget\" data-widget_type=\"heading.default\">\n\t\t\t\t<div class=\"elementor-widget-container\">\n\t\t\t\t\t<h2 class=\"elementor-heading-title elementor-size-default\"><a href=\"https:\/\/energizer.com\/canada-french\/centre-scientifique\/jeu-questionnaire\/\" aria-label=\"Jeu-questionnaire\">Jeu-questionnaire<\/a><\/h2>\t\t\t\t<\/div>\n\t\t\t\t<\/div>\n\t\t\t\t<\/div>\n\t\t<div class=\"elementor-element elementor-element-e6b6651 e-con-full e-flex e-con e-child\" data-id=\"e6b6651\" data-element_type=\"container\" data-e-type=\"container\">\n\t\t\t\t<div class=\"elementor-element elementor-element-f3e9bfa elementor-widget elementor-widget-image\" data-id=\"f3e9bfa\" data-element_type=\"widget\" data-e-type=\"widget\" data-widget_type=\"image.default\">\n\t\t\t\t<div class=\"elementor-widget-container\">\n\t\t\t\t\t\t\t\t\t\t\t\t\t\t\t<img loading=\"lazy\" decoding=\"async\" width=\"102\" height=\"85\" src=\"https:\/\/energizer.com\/canada-french\/wp-content\/uploads\/sites\/3\/2024\/09\/project-game_to_measure_chance.png\" class=\"attachment-full size-full wp-image-10333\" alt=\"Game to Measure Chance\" \/>\t\t\t\t\t\t\t\t\t\t\t\t\t\t\t<\/div>\n\t\t\t\t<\/div>\n\t\t\t\t<div class=\"elementor-element elementor-element-54b05c8 elementor-widget elementor-widget-heading\" data-id=\"54b05c8\" data-element_type=\"widget\" data-e-type=\"widget\" data-widget_type=\"heading.default\">\n\t\t\t\t<div class=\"elementor-widget-container\">\n\t\t\t\t\t<h2 class=\"elementor-heading-title elementor-size-default\"><a href=\"https:\/\/energizer.com\/canada-french\/centre-scientifique\/jeu-de-mesure-des-probabilites\/\" aria-label=\"Jeu de mesure des probabilit\u00e9s\">Jeu de mesure des probabilit\u00e9s<\/a><\/h2>\t\t\t\t<\/div>\n\t\t\t\t<\/div>\n\t\t\t\t<\/div>\n\t\t<div class=\"elementor-element elementor-element-c5f2bce e-con-full e-flex e-con e-child\" data-id=\"c5f2bce\" data-element_type=\"container\" data-e-type=\"container\">\n\t\t\t\t<div class=\"elementor-element elementor-element-96520e1 elementor-widget elementor-widget-image\" data-id=\"96520e1\" data-element_type=\"widget\" data-e-type=\"widget\" data-widget_type=\"image.default\">\n\t\t\t\t<div class=\"elementor-widget-container\">\n\t\t\t\t\t\t\t\t\t\t\t\t\t\t\t<img loading=\"lazy\" decoding=\"async\" width=\"102\" height=\"85\" src=\"https:\/\/energizer.com\/canada-french\/wp-content\/uploads\/sites\/3\/2024\/09\/project-steady_hand_game.png\" class=\"attachment-full size-full wp-image-10334\" alt=\"Steady Hand Game\" \/>\t\t\t\t\t\t\t\t\t\t\t\t\t\t\t<\/div>\n\t\t\t\t<\/div>\n\t\t\t\t<div class=\"elementor-element elementor-element-ec91ed7 elementor-widget elementor-widget-heading\" data-id=\"ec91ed7\" data-element_type=\"widget\" data-e-type=\"widget\" data-widget_type=\"heading.default\">\n\t\t\t\t<div class=\"elementor-widget-container\">\n\t\t\t\t\t<h2 class=\"elementor-heading-title elementor-size-default\"><a href=\"https:\/\/energizer.com\/canada-french\/centre-scientifique\/jeu-de-la-main-ferme\/\" aria-label=\"Jeu de la main ferme\">Jeu de la main ferme<\/a><\/h2>\t\t\t\t<\/div>\n\t\t\t\t<\/div>\n\t\t\t\t<\/div>\n\t\t<div class=\"elementor-element elementor-element-2433073 e-con-full e-flex e-con e-child\" data-id=\"2433073\" data-element_type=\"container\" data-e-type=\"container\">\n\t\t\t\t<div class=\"elementor-element elementor-element-711d4a0 elementor-widget elementor-widget-image\" data-id=\"711d4a0\" data-element_type=\"widget\" data-e-type=\"widget\" data-widget_type=\"image.default\">\n\t\t\t\t<div class=\"elementor-widget-container\">\n\t\t\t\t\t\t\t\t\t\t\t\t\t\t\t<img loading=\"lazy\" decoding=\"async\" width=\"102\" height=\"85\" src=\"https:\/\/energizer.com\/canada-french\/wp-content\/uploads\/sites\/3\/2024\/09\/project-make_a_flashlight.png\" class=\"attachment-full size-full wp-image-10338\" alt=\"Make a Flashlight\" \/>\t\t\t\t\t\t\t\t\t\t\t\t\t\t\t<\/div>\n\t\t\t\t<\/div>\n\t\t\t\t<div class=\"elementor-element elementor-element-bf6321d elementor-widget elementor-widget-heading\" data-id=\"bf6321d\" data-element_type=\"widget\" data-e-type=\"widget\" data-widget_type=\"heading.default\">\n\t\t\t\t<div class=\"elementor-widget-container\">\n\t\t\t\t\t<h2 class=\"elementor-heading-title elementor-size-default\"><a href=\"https:\/\/energizer.com\/canada-french\/centre-scientifique\/fabriquer-une-lampe-de-poche\/\" aria-label=\"Fabriquer une lampe de poche\">Fabriquer une lampe de poche<\/a><\/h2>\t\t\t\t<\/div>\n\t\t\t\t<\/div>\n\t\t\t\t<\/div>\n\t\t<div class=\"elementor-element elementor-element-0870329 e-con-full e-flex e-con e-child\" data-id=\"0870329\" data-element_type=\"container\" data-e-type=\"container\">\n\t\t\t\t<div class=\"elementor-element elementor-element-5964eb5 elementor-widget elementor-widget-image\" data-id=\"5964eb5\" data-element_type=\"widget\" data-e-type=\"widget\" data-widget_type=\"image.default\">\n\t\t\t\t<div class=\"elementor-widget-container\">\n\t\t\t\t\t\t\t\t\t\t\t\t\t\t\t<img loading=\"lazy\" decoding=\"async\" width=\"102\" height=\"85\" src=\"https:\/\/energizer.com\/canada-french\/wp-content\/uploads\/sites\/3\/2024\/09\/project-make_a_compass.png\" class=\"attachment-full size-full wp-image-10339\" alt=\"Make a Compass\" \/>\t\t\t\t\t\t\t\t\t\t\t\t\t\t\t<\/div>\n\t\t\t\t<\/div>\n\t\t\t\t<div class=\"elementor-element elementor-element-d22d290 elementor-widget elementor-widget-heading\" data-id=\"d22d290\" data-element_type=\"widget\" data-e-type=\"widget\" data-widget_type=\"heading.default\">\n\t\t\t\t<div class=\"elementor-widget-container\">\n\t\t\t\t\t<h2 class=\"elementor-heading-title elementor-size-default\"><a href=\"https:\/\/energizer.com\/canada-french\/centre-scientifique\/fabriquer-un-compas-magnetique\/\" aria-label=\"Fabriquer une boussole\">Fabriquer une boussole<\/a><\/h2>\t\t\t\t<\/div>\n\t\t\t\t<\/div>\n\t\t\t\t<\/div>\n\t\t\t\t<\/div>\n\t\t<div class=\"elementor-element elementor-element-6771db1 e-grid e-con-full e-con e-child\" data-id=\"6771db1\" data-element_type=\"container\" data-e-type=\"container\">\n\t\t<div class=\"elementor-element elementor-element-33bdf5a e-con-full e-flex e-con e-child\" data-id=\"33bdf5a\" data-element_type=\"container\" data-e-type=\"container\">\n\t\t\t\t<div class=\"elementor-element elementor-element-16a9328 elementor-widget elementor-widget-image\" data-id=\"16a9328\" data-element_type=\"widget\" data-e-type=\"widget\" data-widget_type=\"image.default\">\n\t\t\t\t<div class=\"elementor-widget-container\">\n\t\t\t\t\t\t\t\t\t\t\t\t\t\t\t<img loading=\"lazy\" decoding=\"async\" width=\"102\" height=\"85\" src=\"https:\/\/energizer.com\/canada-french\/wp-content\/uploads\/sites\/3\/2024\/09\/project-oresteds_experiment.png\" class=\"attachment-full size-full wp-image-10344\" alt=\"Oersted\u2019s Experiment\" \/>\t\t\t\t\t\t\t\t\t\t\t\t\t\t\t<\/div>\n\t\t\t\t<\/div>\n\t\t\t\t<div class=\"elementor-element elementor-element-536b26e elementor-widget elementor-widget-heading\" data-id=\"536b26e\" data-element_type=\"widget\" data-e-type=\"widget\" data-widget_type=\"heading.default\">\n\t\t\t\t<div class=\"elementor-widget-container\">\n\t\t\t\t\t<h2 class=\"elementor-heading-title elementor-size-default\"><a href=\"https:\/\/energizer.com\/canada-french\/centre-scientifique\/experience-d-oersted\/\" aria-label=\"Exp\u00e9rience d\u2019Oersted\">Exp\u00e9rience d\u2019Oersted<\/a><\/h2>\t\t\t\t<\/div>\n\t\t\t\t<\/div>\n\t\t\t\t<\/div>\n\t\t<div class=\"elementor-element elementor-element-52bcb02 e-con-full e-flex e-con e-child\" data-id=\"52bcb02\" data-element_type=\"container\" data-e-type=\"container\">\n\t\t\t\t<div class=\"elementor-element elementor-element-4fd63a9 elementor-widget elementor-widget-image\" data-id=\"4fd63a9\" data-element_type=\"widget\" data-e-type=\"widget\" data-widget_type=\"image.default\">\n\t\t\t\t<div class=\"elementor-widget-container\">\n\t\t\t\t\t\t\t\t\t\t\t\t\t\t\t<img loading=\"lazy\" decoding=\"async\" width=\"102\" height=\"85\" src=\"https:\/\/energizer.com\/canada-french\/wp-content\/uploads\/sites\/3\/2024\/09\/project-make_an_electromagnet.png\" class=\"attachment-full size-full wp-image-10345\" alt=\"Make an Electromagnet\" \/>\t\t\t\t\t\t\t\t\t\t\t\t\t\t\t<\/div>\n\t\t\t\t<\/div>\n\t\t\t\t<div class=\"elementor-element elementor-element-3e822c4 elementor-widget elementor-widget-heading\" data-id=\"3e822c4\" data-element_type=\"widget\" data-e-type=\"widget\" data-widget_type=\"heading.default\">\n\t\t\t\t<div class=\"elementor-widget-container\">\n\t\t\t\t\t<h2 class=\"elementor-heading-title elementor-size-default\"><a href=\"https:\/\/energizer.com\/canada-french\/centre-scientifique\/fabriquer-un-electro-aimant\/\" aria-label=\"Fabriquer un \u00e9lectro-aimant\">Fabriquer un \u00e9lectro-aimant<\/a><\/h2>\t\t\t\t<\/div>\n\t\t\t\t<\/div>\n\t\t\t\t<\/div>\n\t\t<div class=\"elementor-element elementor-element-3fd2f09 e-con-full e-flex e-con e-child\" data-id=\"3fd2f09\" data-element_type=\"container\" data-e-type=\"container\">\n\t\t\t\t<div class=\"elementor-element elementor-element-c696ab8 elementor-widget elementor-widget-image\" data-id=\"c696ab8\" data-element_type=\"widget\" data-e-type=\"widget\" data-widget_type=\"image.default\">\n\t\t\t\t<div class=\"elementor-widget-container\">\n\t\t\t\t\t\t\t\t\t\t\t\t\t\t\t<img loading=\"lazy\" decoding=\"async\" width=\"102\" height=\"85\" src=\"https:\/\/energizer.com\/canada-french\/wp-content\/uploads\/sites\/3\/2024\/09\/project-make_a_simple_telegraph_set.png\" class=\"attachment-full size-full wp-image-10347\" alt=\"Make a Simple Telegraph Set\" \/>\t\t\t\t\t\t\t\t\t\t\t\t\t\t\t<\/div>\n\t\t\t\t<\/div>\n\t\t\t\t<div class=\"elementor-element elementor-element-2f113ba elementor-widget elementor-widget-heading\" data-id=\"2f113ba\" data-element_type=\"widget\" data-e-type=\"widget\" data-widget_type=\"heading.default\">\n\t\t\t\t<div class=\"elementor-widget-container\">\n\t\t\t\t\t<h2 class=\"elementor-heading-title elementor-size-default\"><a href=\"https:\/\/energizer.com\/canada-french\/centre-scientifique\/fabriquer-un-appareil-telegraphique-simple\/\" aria-label=\"Fabriquer un appareil t\u00e9l\u00e9graphique simple\">Fabriquer un appareil t\u00e9l\u00e9graphique simple<\/a><\/h2>\t\t\t\t<\/div>\n\t\t\t\t<\/div>\n\t\t\t\t<\/div>\n\t\t<div class=\"elementor-element elementor-element-ab73528 e-con-full e-flex e-con e-child\" data-id=\"ab73528\" data-element_type=\"container\" data-e-type=\"container\">\n\t\t\t\t<div class=\"elementor-element elementor-element-4588e78 elementor-widget elementor-widget-image\" data-id=\"4588e78\" data-element_type=\"widget\" data-e-type=\"widget\" data-widget_type=\"image.default\">\n\t\t\t\t<div class=\"elementor-widget-container\">\n\t\t\t\t\t\t\t\t\t\t\t\t\t\t\t<img loading=\"lazy\" decoding=\"async\" width=\"102\" height=\"85\" src=\"https:\/\/energizer.com\/canada-french\/wp-content\/uploads\/sites\/3\/2024\/09\/project-make_a_galvanmeter.png\" class=\"attachment-full size-full wp-image-10348\" alt=\"Make a Galvanometer\" \/>\t\t\t\t\t\t\t\t\t\t\t\t\t\t\t<\/div>\n\t\t\t\t<\/div>\n\t\t\t\t<div class=\"elementor-element elementor-element-9bb57ee elementor-widget elementor-widget-heading\" data-id=\"9bb57ee\" data-element_type=\"widget\" data-e-type=\"widget\" data-widget_type=\"heading.default\">\n\t\t\t\t<div class=\"elementor-widget-container\">\n\t\t\t\t\t<h2 class=\"elementor-heading-title elementor-size-default\"><a href=\"https:\/\/energizer.com\/canada-french\/centre-scientifique\/fabriquer-un-galvanometre\/\" aria-label=\"Fabriquer un galvanom\u00e8tre\">Fabriquer un galvanom\u00e8tre<\/a><\/h2>\t\t\t\t<\/div>\n\t\t\t\t<\/div>\n\t\t\t\t<\/div>\n\t\t<div class=\"elementor-element elementor-element-2b573de e-con-full e-flex e-con e-child\" data-id=\"2b573de\" data-element_type=\"container\" data-e-type=\"container\">\n\t\t\t\t<div class=\"elementor-element elementor-element-3c40551 elementor-widget elementor-widget-image\" data-id=\"3c40551\" data-element_type=\"widget\" data-e-type=\"widget\" data-widget_type=\"image.default\">\n\t\t\t\t<div class=\"elementor-widget-container\">\n\t\t\t\t\t\t\t\t\t\t\t\t\t\t\t<img loading=\"lazy\" decoding=\"async\" width=\"102\" height=\"85\" src=\"https:\/\/energizer.com\/canada-french\/wp-content\/uploads\/sites\/3\/2024\/09\/project-make_an_electrical_test.png\" class=\"attachment-full size-full wp-image-10349\" alt=\"Make an Electrical\" \/>\t\t\t\t\t\t\t\t\t\t\t\t\t\t\t<\/div>\n\t\t\t\t<\/div>\n\t\t\t\t<div class=\"elementor-element elementor-element-f7a071c elementor-widget elementor-widget-heading\" data-id=\"f7a071c\" data-element_type=\"widget\" data-e-type=\"widget\" data-widget_type=\"heading.default\">\n\t\t\t\t<div class=\"elementor-widget-container\">\n\t\t\t\t\t<h2 class=\"elementor-heading-title elementor-size-default\"><a href=\"https:\/\/energizer.com\/canada-french\/centre-scientifique\/fabriquer-un-test-de-conductivite-electrique\/\" aria-label=\"\">Fabriquer un test de conductivit\u00e9 \u00e9lectrique<\/a><\/h2>\t\t\t\t<\/div>\n\t\t\t\t<\/div>\n\t\t\t\t<\/div>\n\t\t\t\t<\/div>\n\t\t\t\t\t<\/div>\n\t\t\t\t<\/div>\n\t\t\t\t\t<\/div>\n\t\t\t\t<\/div>\n\t\t\t\t<\/div>\n\t\t","protected":false},"excerpt":{"rendered":"<p>Centre scientifique Aux \u00e9tudiants, professeurs et parents Les projets d\u2019expo-sciences ainsi que les exp\u00e9riences aliment\u00e9es par des piles que vous trouverez ici, vous donneront une introduction aux principes de l\u2019\u00e9nergie portable. Vous apprendrez les bases de l\u2019\u00e9lectricit\u00e9, de l\u2019\u00e9lectromagn\u00e9tisme et de l\u2019\u00e9lectronique. Puisque les piles produisent de l\u2019\u00e9lectricit\u00e9 gr\u00e2ce \u00e0 des r\u00e9actions chimiques dans toutes [&hellip;]<\/p>\n","protected":false},"author":3,"featured_media":0,"parent":0,"menu_order":0,"comment_status":"closed","ping_status":"closed","template":"elementor_header_footer","meta":{"_acf_changed":false,"footnotes":""},"class_list":["post-10325","page","type-page","status-publish","hentry"],"acf":[],"_links":{"self":[{"href":"https:\/\/energizer.com\/canada-french\/wp-json\/wp\/v2\/pages\/10325","targetHints":{"allow":["GET"]}}],"collection":[{"href":"https:\/\/energizer.com\/canada-french\/wp-json\/wp\/v2\/pages"}],"about":[{"href":"https:\/\/energizer.com\/canada-french\/wp-json\/wp\/v2\/types\/page"}],"author":[{"embeddable":true,"href":"https:\/\/energizer.com\/canada-french\/wp-json\/wp\/v2\/users\/3"}],"replies":[{"embeddable":true,"href":"https:\/\/energizer.com\/canada-french\/wp-json\/wp\/v2\/comments?post=10325"}],"version-history":[{"count":0,"href":"https:\/\/energizer.com\/canada-french\/wp-json\/wp\/v2\/pages\/10325\/revisions"}],"wp:attachment":[{"href":"https:\/\/energizer.com\/canada-french\/wp-json\/wp\/v2\/media?parent=10325"}],"curies":[{"name":"wp","href":"https:\/\/api.w.org\/{rel}","templated":true}]}}