{"id":10419,"date":"2024-09-13T07:06:03","date_gmt":"2024-09-13T07:06:03","guid":{"rendered":"https:\/\/energizer.com\/canada-french\/?page_id=10419"},"modified":"2024-09-27T05:23:09","modified_gmt":"2024-09-27T05:23:09","slug":"fabriquer-un-circuit-simple","status":"publish","type":"page","link":"https:\/\/energizer.com\/canada-french\/centre-scientifique\/fabriquer-un-circuit-simple\/","title":{"rendered":"Make a Simple Circuit"},"content":{"rendered":"\t\t<div data-elementor-type=\"wp-page\" data-elementor-id=\"10419\" class=\"elementor elementor-10419\" data-elementor-post-type=\"page\">\n\t\t\t\t<div class=\"elementor-element elementor-element-457cdc1 e-flex e-con-boxed e-con e-parent\" data-id=\"457cdc1\" data-element_type=\"container\" data-e-type=\"container\">\n\t\t\t\t\t<div class=\"e-con-inner\">\n\t\t\t\t<div class=\"elementor-element elementor-element-af43870 elementor-widget elementor-widget-heading\" data-id=\"af43870\" data-element_type=\"widget\" data-e-type=\"widget\" data-widget_type=\"heading.default\">\n\t\t\t\t<div class=\"elementor-widget-container\">\n\t\t\t\t\t<h1 class=\"elementor-heading-title elementor-size-default\">Fabriquer un circuit simple\n<\/h1>\t\t\t\t<\/div>\n\t\t\t\t<\/div>\n\t\t\t\t<div class=\"elementor-element elementor-element-fd2eb22 elementor-widget-divider--view-line elementor-widget elementor-widget-divider\" data-id=\"fd2eb22\" data-element_type=\"widget\" data-e-type=\"widget\" data-widget_type=\"divider.default\">\n\t\t\t\t<div class=\"elementor-widget-container\">\n\t\t\t\t\t\t\t<div class=\"elementor-divider\">\n\t\t\t<span class=\"elementor-divider-separator\">\n\t\t\t\t\t\t<\/span>\n\t\t<\/div>\n\t\t\t\t\t\t<\/div>\n\t\t\t\t<\/div>\n\t\t\t\t\t<\/div>\n\t\t\t\t<\/div>\n\t\t<div class=\"elementor-element elementor-element-1edc009 e-flex e-con-boxed e-con e-parent\" data-id=\"1edc009\" data-element_type=\"container\" data-e-type=\"container\">\n\t\t\t\t\t<div class=\"e-con-inner\">\n\t\t<div class=\"elementor-element elementor-element-f5615a8 e-con-full e-flex e-con e-child\" data-id=\"f5615a8\" data-element_type=\"container\" data-e-type=\"container\">\n\t\t\t\t<div class=\"elementor-element elementor-element-6866610 elementor-widget elementor-widget-text-editor\" data-id=\"6866610\" data-element_type=\"widget\" data-e-type=\"widget\" data-widget_type=\"text-editor.default\">\n\t\t\t\t<div class=\"elementor-widget-container\">\n\t\t\t\t\t\t\t\t\tDans ce projet, tu vas construire un circuit avec interrupteur qui te permettra de contr\u00f4ler le flux d\u2019\u00e9lectricit\u00e9. Les pi\u00e8ces pourront ensuite \u00eatre utilis\u00e9es dans d\u2019autres exp\u00e9riences.\n\n<strong>Mat\u00e9riel dont tu auras besoin:<\/strong>\n<ul class=\"-no-margin -indent\">\n \t<li>Un\u00a0<a href=\"\" class=\"anchorhover\" aria-label=\"bloc d\u2019alimentation Energizer\">bloc d\u2019alimentation\u00a0<em>Energizer<\/em><sub>\u00ae<\/sub><\/a><\/li>\n \t<li>Une pince \u00e0 linge \u00e0 ressort, en bois ou en plastique<\/li>\n \t<li>Du fil isol\u00e9 en cuivre no 22 pour sonnette<\/li>\n \t<li>Un petit bloc de bois<\/li>\n \t<li>Un clou, des punaises et un trombone<\/li>\n \t<li>Une ampoule de 3 volts pour lampe de poche<\/li>\n<\/ul>\t\t\t\t\t\t\t\t<\/div>\n\t\t\t\t<\/div>\n\t\t\t\t<\/div>\n\t\t\t\t\t<\/div>\n\t\t\t\t<\/div>\n\t\t<div class=\"elementor-element elementor-element-fc042d0 e-flex e-con-boxed e-con e-parent\" data-id=\"fc042d0\" data-element_type=\"container\" data-e-type=\"container\">\n\t\t\t\t\t<div class=\"e-con-inner\">\n\t\t<div class=\"elementor-element elementor-element-2b35e98 e-flex e-con-boxed e-con e-child\" data-id=\"2b35e98\" data-element_type=\"container\" data-e-type=\"container\">\n\t\t\t\t\t<div class=\"e-con-inner\">\n\t\t\t\t<div class=\"elementor-element elementor-element-136ad58 elementor-widget elementor-widget-text-editor\" data-id=\"136ad58\" data-element_type=\"widget\" data-e-type=\"widget\" data-widget_type=\"text-editor.default\">\n\t\t\t\t<div class=\"elementor-widget-container\">\n\t\t\t\t\t\t\t\t\t<p><strong>Comment fabriquer le circuit:<\/strong><\/p><p>1. Enroule l\u2019extr\u00e9mit\u00e9 d\u00e9nud\u00e9e d\u2019un fil du bloc d\u2019alimentation Energizer\u00ae autour d\u2019une punaise. Accroche un trombone \u00e0 la punaise et enfonce celle-ci dans le bloc de bois. Coupe un nouveau fil, retire le rev\u00eatement des deux extr\u00e9mit\u00e9s et enveloppe chaque extr\u00e9mit\u00e9 autour de deux autres punaises. Enfonce une punaise directement dans le bois de sorte que, lorsque le trombone pivote, il fera contact et fermera alors le commutateur. Enfonce l\u2019autre punaise \u00e0 l\u2019endroit o\u00f9 sera l\u2019ampoule. Enroule l\u2019autre fil du bloc d\u2019alimentation Energizer\u00ae autour de l\u2019ampoule. Figure 1<\/p>\t\t\t\t\t\t\t\t<\/div>\n\t\t\t\t<\/div>\n\t\t\t\t\t<\/div>\n\t\t\t\t<\/div>\n\t\t<div class=\"elementor-element elementor-element-5b3a94c e-flex e-con-boxed e-con e-child\" data-id=\"5b3a94c\" data-element_type=\"container\" data-e-type=\"container\">\n\t\t\t\t\t<div class=\"e-con-inner\">\n\t\t\t\t<div class=\"elementor-element elementor-element-974565b elementor-widget elementor-widget-image\" data-id=\"974565b\" data-element_type=\"widget\" data-e-type=\"widget\" data-widget_type=\"image.default\">\n\t\t\t\t<div class=\"elementor-widget-container\">\n\t\t\t\t\t\t\t\t\t\t\t\t\t\t\t<img loading=\"lazy\" decoding=\"async\" width=\"225\" height=\"165\" src=\"https:\/\/energizer.com\/canada-french\/wp-content\/uploads\/sites\/3\/2024\/09\/Wind-one-wire.png\" class=\"attachment-full size-full wp-image-10421\" alt=\"Wind one wire\" \/>\t\t\t\t\t\t\t\t\t\t\t\t\t\t\t<\/div>\n\t\t\t\t<\/div>\n\t\t\t\t\t<\/div>\n\t\t\t\t<\/div>\n\t\t\t\t\t<\/div>\n\t\t\t\t<\/div>\n\t\t<div class=\"elementor-element elementor-element-966ea9f e-flex e-con-boxed e-con e-parent\" data-id=\"966ea9f\" data-element_type=\"container\" data-e-type=\"container\">\n\t\t\t\t\t<div class=\"e-con-inner\">\n\t\t<div class=\"elementor-element elementor-element-3b39eef e-flex e-con-boxed e-con e-child\" data-id=\"3b39eef\" data-element_type=\"container\" data-e-type=\"container\">\n\t\t\t\t\t<div class=\"e-con-inner\">\n\t\t\t\t<div class=\"elementor-element elementor-element-0c233f4 elementor-widget elementor-widget-text-editor\" data-id=\"0c233f4\" data-element_type=\"widget\" data-e-type=\"widget\" data-widget_type=\"text-editor.default\">\n\t\t\t\t<div class=\"elementor-widget-container\">\n\t\t\t\t\t\t\t\t\t2. Positionne la pince \u00e0 linge de sorte qu\u2019elle maintienne l\u2019ampoule directement au-dessus de la punaise et cloue-la dans le bloc de bois. Ins\u00e8re l\u2019ampoule dans la pince \u00e0 linge pour qu\u2019elle soit en contact avec la punaise. Lorsque le commutateur de circuit est ouvert (Figure 2), le courant ne circule pas vers l\u2019ampoule.\n\n\t\t\t\t\t\t\t\t<\/div>\n\t\t\t\t<\/div>\n\t\t\t\t\t<\/div>\n\t\t\t\t<\/div>\n\t\t<div class=\"elementor-element elementor-element-ed4641b e-flex e-con-boxed e-con e-child\" data-id=\"ed4641b\" data-element_type=\"container\" data-e-type=\"container\">\n\t\t\t\t\t<div class=\"e-con-inner\">\n\t\t\t\t<div class=\"elementor-element elementor-element-81dafcc elementor-widget elementor-widget-image\" data-id=\"81dafcc\" data-element_type=\"widget\" data-e-type=\"widget\" data-widget_type=\"image.default\">\n\t\t\t\t<div class=\"elementor-widget-container\">\n\t\t\t\t\t\t\t\t\t\t\t\t\t\t\t<img loading=\"lazy\" decoding=\"async\" width=\"225\" height=\"165\" src=\"https:\/\/energizer.com\/canada-french\/wp-content\/uploads\/sites\/3\/2024\/09\/Position-the-clothespin.png\" class=\"attachment-full size-full wp-image-10424\" alt=\"Position the clothespin\" \/>\t\t\t\t\t\t\t\t\t\t\t\t\t\t\t<\/div>\n\t\t\t\t<\/div>\n\t\t\t\t\t<\/div>\n\t\t\t\t<\/div>\n\t\t\t\t\t<\/div>\n\t\t\t\t<\/div>\n\t\t<div class=\"elementor-element elementor-element-c0f7976 e-flex e-con-boxed e-con e-parent\" data-id=\"c0f7976\" data-element_type=\"container\" data-e-type=\"container\">\n\t\t\t\t\t<div class=\"e-con-inner\">\n\t\t<div class=\"elementor-element elementor-element-1194a6a e-flex e-con-boxed e-con e-child\" data-id=\"1194a6a\" data-element_type=\"container\" data-e-type=\"container\">\n\t\t\t\t\t<div class=\"e-con-inner\">\n\t\t\t\t<div class=\"elementor-element elementor-element-eace8c7 elementor-widget elementor-widget-text-editor\" data-id=\"eace8c7\" data-element_type=\"widget\" data-e-type=\"widget\" data-widget_type=\"text-editor.default\">\n\t\t\t\t<div class=\"elementor-widget-container\">\n\t\t\t\t\t\t\t\t\t3. Lorsque tu fais tourner le trombone et fais contact avec la deuxi\u00e8me punaise, le circuit se trouve ferm\u00e9 et complet, le courant circule dans le circuit et allume l\u2019ampoule (Figure 3).\n\n\t\t\t\t\t\t\t\t<\/div>\n\t\t\t\t<\/div>\n\t\t\t\t\t<\/div>\n\t\t\t\t<\/div>\n\t\t<div class=\"elementor-element elementor-element-a40be2b e-flex e-con-boxed e-con e-child\" data-id=\"a40be2b\" data-element_type=\"container\" data-e-type=\"container\">\n\t\t\t\t\t<div class=\"e-con-inner\">\n\t\t\t\t<div class=\"elementor-element elementor-element-6378525 elementor-widget elementor-widget-image\" data-id=\"6378525\" data-element_type=\"widget\" data-e-type=\"widget\" data-widget_type=\"image.default\">\n\t\t\t\t<div class=\"elementor-widget-container\">\n\t\t\t\t\t\t\t\t\t\t\t\t\t\t\t<img loading=\"lazy\" decoding=\"async\" width=\"225\" height=\"164\" src=\"https:\/\/energizer.com\/canada-french\/wp-content\/uploads\/sites\/3\/2024\/09\/Rotate-the-paperclip.png\" class=\"attachment-full size-full wp-image-10425\" alt=\"rotate the paperclip\" \/>\t\t\t\t\t\t\t\t\t\t\t\t\t\t\t<\/div>\n\t\t\t\t<\/div>\n\t\t\t\t\t<\/div>\n\t\t\t\t<\/div>\n\t\t\t\t\t<\/div>\n\t\t\t\t<\/div>\n\t\t<div class=\"elementor-element elementor-element-b028626 e-flex e-con-boxed e-con e-parent\" data-id=\"b028626\" data-element_type=\"container\" data-e-type=\"container\">\n\t\t\t\t\t<div class=\"e-con-inner\">\n\t\t<div class=\"elementor-element elementor-element-6ca15d6 e-flex e-con-boxed e-con e-child\" data-id=\"6ca15d6\" data-element_type=\"container\" data-e-type=\"container\">\n\t\t\t\t\t<div class=\"e-con-inner\">\n\t\t\t\t<div class=\"elementor-element elementor-element-03107db elementor-widget elementor-widget-text-editor\" data-id=\"03107db\" data-element_type=\"widget\" data-e-type=\"widget\" data-widget_type=\"text-editor.default\">\n\t\t\t\t<div class=\"elementor-widget-container\">\n\t\t\t\t\t\t\t\t\tL\u2019interrupteur, la douille pour l\u2019ampoule et le bloc d\u2019alimentation portable forment un circuit et un arrangement de conducteurs complets qui permettent le passage du courant \u00e9lectrique dans les fils. Les objets m\u00e9talliques sont les meilleurs conducteurs. Le cuivre, le laiton, l\u2019acier ou un morceau d\u2019\u00e9tain renferment de nombreux \u00e9lectrons libres qui peuvent \u00eatre d\u00e9plac\u00e9s par une force \u00e9lectromotrice telle que la tension des piles. Dans les isolants, comme le rev\u00eatement des fils m\u00e9talliques, les \u00e9lectrons ne se d\u00e9placent pas facilement, ce qui permet de travailler avec l\u2019\u00e9lectricit\u00e9 en toute s\u00e9curit\u00e9.\n\n\t\t\t\t\t\t\t\t<\/div>\n\t\t\t\t<\/div>\n\t\t\t\t\t<\/div>\n\t\t\t\t<\/div>\n\t\t<div class=\"elementor-element elementor-element-3a1896a e-flex e-con-boxed e-con e-child\" data-id=\"3a1896a\" data-element_type=\"container\" data-e-type=\"container\">\n\t\t\t\t\t<div class=\"e-con-inner\">\n\t\t\t\t<div class=\"elementor-element elementor-element-ec0e2fa elementor-widget elementor-widget-image\" data-id=\"ec0e2fa\" data-element_type=\"widget\" data-e-type=\"widget\" data-widget_type=\"image.default\">\n\t\t\t\t<div class=\"elementor-widget-container\">\n\t\t\t\t\t\t\t\t\t\t\t\t\t\t\t<img loading=\"lazy\" decoding=\"async\" width=\"228\" height=\"152\" src=\"https:\/\/energizer.com\/canada-french\/wp-content\/uploads\/sites\/3\/2024\/09\/The-switch-bulb-holder-and-portable-power-pack.png\" class=\"attachment-full size-full wp-image-10426\" alt=\"The switch bulb holder and portable power pack\" \/>\t\t\t\t\t\t\t\t\t\t\t\t\t\t\t<\/div>\n\t\t\t\t<\/div>\n\t\t\t\t\t<\/div>\n\t\t\t\t<\/div>\n\t\t\t\t\t<\/div>\n\t\t\t\t<\/div>\n\t\t<div class=\"elementor-element elementor-element-b9ee4ff e-flex e-con-boxed e-con e-parent\" data-id=\"b9ee4ff\" data-element_type=\"container\" data-e-type=\"container\">\n\t\t\t\t\t<div class=\"e-con-inner\">\n\t\t<div class=\"elementor-element elementor-element-6ab13ff e-flex e-con-boxed e-con e-child\" data-id=\"6ab13ff\" data-element_type=\"container\" data-e-type=\"container\">\n\t\t\t\t\t<div class=\"e-con-inner\">\n\t\t\t\t<div class=\"elementor-element elementor-element-e0f6ee6 elementor-widget elementor-widget-text-editor\" data-id=\"e0f6ee6\" data-element_type=\"widget\" data-e-type=\"widget\" data-widget_type=\"text-editor.default\">\n\t\t\t\t<div class=\"elementor-widget-container\">\n\t\t\t\t\t\t\t\t\tAutre possibilit\u00e9 : Les interrupteurs \u00e0 levier isol\u00e9s, les ampoules, les douilles pour ampoules et les porte-piles sont disponibles dans le commerce. Ils sont utilis\u00e9s dans ce site pour illustrer la plupart des autres exp\u00e9riences (Figure 4).\n\n\t\t\t\t\t\t\t\t<\/div>\n\t\t\t\t<\/div>\n\t\t\t\t\t<\/div>\n\t\t\t\t<\/div>\n\t\t\t\t\t<\/div>\n\t\t\t\t<\/div>\n\t\t\t\t<\/div>\n\t\t","protected":false},"excerpt":{"rendered":"<p>Fabriquer un circuit simple Dans ce projet, tu vas construire un circuit avec interrupteur qui te permettra de contr\u00f4ler le flux d\u2019\u00e9lectricit\u00e9. Les pi\u00e8ces pourront ensuite \u00eatre utilis\u00e9es dans d\u2019autres exp\u00e9riences. Mat\u00e9riel dont tu auras besoin: Un\u00a0bloc d\u2019alimentation\u00a0Energizer\u00ae Une pince \u00e0 linge \u00e0 ressort, en bois ou en plastique Du fil isol\u00e9 en cuivre no [&hellip;]<\/p>\n","protected":false},"author":3,"featured_media":0,"parent":10325,"menu_order":0,"comment_status":"closed","ping_status":"closed","template":"elementor_header_footer","meta":{"_acf_changed":false,"footnotes":""},"class_list":["post-10419","page","type-page","status-publish","hentry"],"acf":[],"_links":{"self":[{"href":"https:\/\/energizer.com\/canada-french\/wp-json\/wp\/v2\/pages\/10419","targetHints":{"allow":["GET"]}}],"collection":[{"href":"https:\/\/energizer.com\/canada-french\/wp-json\/wp\/v2\/pages"}],"about":[{"href":"https:\/\/energizer.com\/canada-french\/wp-json\/wp\/v2\/types\/page"}],"author":[{"embeddable":true,"href":"https:\/\/energizer.com\/canada-french\/wp-json\/wp\/v2\/users\/3"}],"replies":[{"embeddable":true,"href":"https:\/\/energizer.com\/canada-french\/wp-json\/wp\/v2\/comments?post=10419"}],"version-history":[{"count":0,"href":"https:\/\/energizer.com\/canada-french\/wp-json\/wp\/v2\/pages\/10419\/revisions"}],"up":[{"embeddable":true,"href":"https:\/\/energizer.com\/canada-french\/wp-json\/wp\/v2\/pages\/10325"}],"wp:attachment":[{"href":"https:\/\/energizer.com\/canada-french\/wp-json\/wp\/v2\/media?parent=10419"}],"curies":[{"name":"wp","href":"https:\/\/api.w.org\/{rel}","templated":true}]}}