{"id":10422,"date":"2024-09-13T07:16:33","date_gmt":"2024-09-13T07:16:33","guid":{"rendered":"https:\/\/energizer.com\/canada-french\/?page_id=10422"},"modified":"2024-09-27T06:30:37","modified_gmt":"2024-09-27T06:30:37","slug":"fabriquer-un-test-de-conductivite-electrique","status":"publish","type":"page","link":"https:\/\/energizer.com\/canada-french\/centre-scientifique\/fabriquer-un-test-de-conductivite-electrique\/","title":{"rendered":"How to Make an Electrical Conductivity Test"},"content":{"rendered":"\t\t<div data-elementor-type=\"wp-page\" data-elementor-id=\"10422\" class=\"elementor elementor-10422\" data-elementor-post-type=\"page\">\n\t\t\t\t<div class=\"elementor-element elementor-element-166b55b e-flex e-con-boxed e-con e-parent\" data-id=\"166b55b\" data-element_type=\"container\" data-e-type=\"container\">\n\t\t\t\t\t<div class=\"e-con-inner\">\n\t\t\t\t<div class=\"elementor-element elementor-element-0309219 elementor-widget elementor-widget-heading\" data-id=\"0309219\" data-element_type=\"widget\" data-e-type=\"widget\" data-widget_type=\"heading.default\">\n\t\t\t\t<div class=\"elementor-widget-container\">\n\t\t\t\t\t<h1 class=\"elementor-heading-title elementor-size-default\">Comment faire un test de conductivit\u00e9 \u00e9lectrique<\/h1>\t\t\t\t<\/div>\n\t\t\t\t<\/div>\n\t\t\t\t<div class=\"elementor-element elementor-element-d0671f8 elementor-widget-divider--view-line elementor-widget elementor-widget-divider\" data-id=\"d0671f8\" data-element_type=\"widget\" data-e-type=\"widget\" data-widget_type=\"divider.default\">\n\t\t\t\t<div class=\"elementor-widget-container\">\n\t\t\t\t\t\t\t<div class=\"elementor-divider\">\n\t\t\t<span class=\"elementor-divider-separator\">\n\t\t\t\t\t\t<\/span>\n\t\t<\/div>\n\t\t\t\t\t\t<\/div>\n\t\t\t\t<\/div>\n\t\t\t\t\t<\/div>\n\t\t\t\t<\/div>\n\t\t<div class=\"elementor-element elementor-element-75cabdc e-flex e-con-boxed e-con e-parent\" data-id=\"75cabdc\" data-element_type=\"container\" data-e-type=\"container\">\n\t\t\t\t\t<div class=\"e-con-inner\">\n\t\t<div class=\"elementor-element elementor-element-b672565 e-con-full e-flex e-con e-child\" data-id=\"b672565\" data-element_type=\"container\" data-e-type=\"container\">\n\t\t\t\t<div class=\"elementor-element elementor-element-2e51e1d elementor-widget elementor-widget-text-editor\" data-id=\"2e51e1d\" data-element_type=\"widget\" data-e-type=\"widget\" data-widget_type=\"text-editor.default\">\n\t\t\t\t<div class=\"elementor-widget-container\">\n\t\t\t\t\t\t\t\t\tLes premiers scientifiques qui ont travaill\u00e9 avec l\u2019\u00e9lectricit\u00e9 ont constat\u00e9 que le courant traverse certains mat\u00e9riaux mais pas d\u2019autres. Le testeur de conductivit\u00e9 \u00e9lectrique te permettra de reconna\u00eetre les mat\u00e9riaux qui sont des conducteurs \u00e9lectriques et ceux qui ne le sont pas.\n\n\t\t\t\t\t\t\t\t<\/div>\n\t\t\t\t<\/div>\n\t\t\t\t<\/div>\n\t\t\t\t\t<\/div>\n\t\t\t\t<\/div>\n\t\t<div class=\"elementor-element elementor-element-c1fecca e-flex e-con-boxed e-con e-parent\" data-id=\"c1fecca\" data-element_type=\"container\" data-e-type=\"container\">\n\t\t\t\t\t<div class=\"e-con-inner\">\n\t\t<div class=\"elementor-element elementor-element-575c30b e-flex e-con-boxed e-con e-child\" data-id=\"575c30b\" data-element_type=\"container\" data-e-type=\"container\">\n\t\t\t\t\t<div class=\"e-con-inner\">\n\t\t\t\t<div class=\"elementor-element elementor-element-6e8db5f elementor-widget elementor-widget-text-editor\" data-id=\"6e8db5f\" data-element_type=\"widget\" data-e-type=\"widget\" data-widget_type=\"text-editor.default\">\n\t\t\t\t<div class=\"elementor-widget-container\">\n\t\t\t\t\t\t\t\t\t<strong>Mat\u00e9riel dont tu auras besoin:<\/strong>\n<ul class=\"-no-margin -indent\">\n \t<li>Un\u00a0<a class=\"anchorhover\" href=\"https:\/\/energizer.com\/canada-french\/centre-scientifique\/fabriquer-un-bloc-d-alimentation\/\" aria-label=\"bloc d\u2019alimentation Energizer\u00ae\">bloc d\u2019alimentation <em>Energizer<\/em><sub>\u00ae<\/sub><\/a><\/li>\n \t<li>Une douille pour ampoule<\/li>\n \t<li>Une ampoule de 3 V pour lampe de poche<\/li>\n \t<li>Du fil de cuivre isol\u00e9 no 22 pour sonnette, avec environ 1 po d\u2019isolant d\u00e9nud\u00e9 aux deux extr\u00e9mit\u00e9s<\/li>\n<\/ul>\t\t\t\t\t\t\t\t<\/div>\n\t\t\t\t<\/div>\n\t\t\t\t\t<\/div>\n\t\t\t\t<\/div>\n\t\t\t\t\t<\/div>\n\t\t\t\t<\/div>\n\t\t<div class=\"elementor-element elementor-element-aef41f0 e-flex e-con-boxed e-con e-parent\" data-id=\"aef41f0\" data-element_type=\"container\" data-e-type=\"container\">\n\t\t\t\t\t<div class=\"e-con-inner\">\n\t\t<div class=\"elementor-element elementor-element-7f7e219 e-con-full e-flex e-con e-child\" data-id=\"7f7e219\" data-element_type=\"container\" data-e-type=\"container\">\n\t\t\t\t<div class=\"elementor-element elementor-element-c04f310 elementor-widget elementor-widget-image\" data-id=\"c04f310\" data-element_type=\"widget\" data-e-type=\"widget\" data-widget_type=\"image.default\">\n\t\t\t\t<div class=\"elementor-widget-container\">\n\t\t\t\t\t\t\t\t\t\t\t\t\t\t\t<img loading=\"lazy\" decoding=\"async\" width=\"182\" height=\"140\" src=\"https:\/\/energizer.com\/canada-french\/wp-content\/uploads\/sites\/3\/2024\/09\/Connect-the-positive.png\" class=\"attachment-full size-full wp-image-10443\" alt=\"Connect the positive\" \/>\t\t\t\t\t\t\t\t\t\t\t\t\t\t\t<\/div>\n\t\t\t\t<\/div>\n\t\t\t\t<\/div>\n\t\t<div class=\"elementor-element elementor-element-ea6f634 e-con-full e-flex e-con e-child\" data-id=\"ea6f634\" data-element_type=\"container\" data-e-type=\"container\">\n\t\t\t\t<div class=\"elementor-element elementor-element-95090da elementor-widget elementor-widget-text-editor\" data-id=\"95090da\" data-element_type=\"widget\" data-e-type=\"widget\" data-widget_type=\"text-editor.default\">\n\t\t\t\t<div class=\"elementor-widget-container\">\n\t\t\t\t\t\t\t\t\t1. Connecte le c\u00f4t\u00e9 positif de ton bloc d\u2019alimentation \u00e0 la douille pour ampoule, et un autre fil \u00e0 l\u2019autre c\u00f4t\u00e9 du porte-ampoule. Ton testeur de conductivit\u00e9 est maintenant pr\u00eat \u00e0 \u00eatre utilis\u00e9. (Figure 1).\n\n\t\t\t\t\t\t\t\t<\/div>\n\t\t\t\t<\/div>\n\t\t\t\t<\/div>\n\t\t\t\t\t<\/div>\n\t\t\t\t<\/div>\n\t\t<div class=\"elementor-element elementor-element-4b11baf e-flex e-con-boxed e-con e-parent\" data-id=\"4b11baf\" data-element_type=\"container\" data-e-type=\"container\">\n\t\t\t\t\t<div class=\"e-con-inner\">\n\t\t<div class=\"elementor-element elementor-element-838bd30 e-flex e-con-boxed e-con e-child\" data-id=\"838bd30\" data-element_type=\"container\" data-e-type=\"container\">\n\t\t\t\t\t<div class=\"e-con-inner\">\n\t\t\t\t<div class=\"elementor-element elementor-element-b44854f elementor-widget elementor-widget-text-editor\" data-id=\"b44854f\" data-element_type=\"widget\" data-e-type=\"widget\" data-widget_type=\"text-editor.default\">\n\t\t\t\t<div class=\"elementor-widget-container\">\n\t\t\t\t\t\t\t\t\t2.Rassemble des articles m\u00e9nagers diff\u00e9rents pour d\u00e9terminer s\u2019ils conduisent l\u2019\u00e9lectricit\u00e9. Quelques exemples d\u2019articles \u00e0 essayer sont les crayons, le papier, le cuivre, les vis, les tournevis, etc. (Figure 2)\n\n\t\t\t\t\t\t\t\t<\/div>\n\t\t\t\t<\/div>\n\t\t\t\t\t<\/div>\n\t\t\t\t<\/div>\n\t\t<div class=\"elementor-element elementor-element-2d9dde3 e-con-full e-flex e-con e-child\" data-id=\"2d9dde3\" data-element_type=\"container\" data-e-type=\"container\">\n\t\t\t\t<div class=\"elementor-element elementor-element-4886ada elementor-widget elementor-widget-image\" data-id=\"4886ada\" data-element_type=\"widget\" data-e-type=\"widget\" data-widget_type=\"image.default\">\n\t\t\t\t<div class=\"elementor-widget-container\">\n\t\t\t\t\t\t\t\t\t\t\t\t\t\t\t<img loading=\"lazy\" decoding=\"async\" width=\"191\" height=\"138\" src=\"https:\/\/energizer.com\/canada-french\/wp-content\/uploads\/sites\/3\/2024\/09\/Gather-different-household.png\" class=\"attachment-full size-full wp-image-10445\" alt=\"Gather different household\" \/>\t\t\t\t\t\t\t\t\t\t\t\t\t\t\t<\/div>\n\t\t\t\t<\/div>\n\t\t\t\t<\/div>\n\t\t\t\t\t<\/div>\n\t\t\t\t<\/div>\n\t\t<div class=\"elementor-element elementor-element-90996b8 e-flex e-con-boxed e-con e-parent\" data-id=\"90996b8\" data-element_type=\"container\" data-e-type=\"container\">\n\t\t\t\t\t<div class=\"e-con-inner\">\n\t\t<div class=\"elementor-element elementor-element-17af0d7 e-con-full e-flex e-con e-child\" data-id=\"17af0d7\" data-element_type=\"container\" data-e-type=\"container\">\n\t\t\t\t<div class=\"elementor-element elementor-element-d89814b elementor-widget elementor-widget-image\" data-id=\"d89814b\" data-element_type=\"widget\" data-e-type=\"widget\" data-widget_type=\"image.default\">\n\t\t\t\t<div class=\"elementor-widget-container\">\n\t\t\t\t\t\t\t\t\t\t\t\t\t\t\t<img loading=\"lazy\" decoding=\"async\" width=\"183\" height=\"138\" src=\"https:\/\/energizer.com\/canada-french\/wp-content\/uploads\/sites\/3\/2024\/09\/Touch-the-ends.png\" class=\"attachment-full size-full wp-image-10446\" alt=\"Touch the ends\" \/>\t\t\t\t\t\t\t\t\t\t\t\t\t\t\t<\/div>\n\t\t\t\t<\/div>\n\t\t\t\t<\/div>\n\t\t<div class=\"elementor-element elementor-element-87c7489 e-con-full e-flex e-con e-child\" data-id=\"87c7489\" data-element_type=\"container\" data-e-type=\"container\">\n\t\t\t\t<div class=\"elementor-element elementor-element-8dd1b5a elementor-widget elementor-widget-text-editor\" data-id=\"8dd1b5a\" data-element_type=\"widget\" data-e-type=\"widget\" data-widget_type=\"text-editor.default\">\n\t\t\t\t<div class=\"elementor-widget-container\">\n\t\t\t\t\t\t\t\t\t3. Touche les extr\u00e9mit\u00e9s des fils sur les diff\u00e9rents objets. Si l\u2019ampoule s\u2019allume, tu as termin\u00e9 le circuit, prouvant que l\u2019objet est un conducteur. (Figure 3)\n\n\t\t\t\t\t\t\t\t<\/div>\n\t\t\t\t<\/div>\n\t\t\t\t<\/div>\n\t\t\t\t\t<\/div>\n\t\t\t\t<\/div>\n\t\t<div class=\"elementor-element elementor-element-1b54b0a e-flex e-con-boxed e-con e-parent\" data-id=\"1b54b0a\" data-element_type=\"container\" data-e-type=\"container\">\n\t\t\t\t\t<div class=\"e-con-inner\">\n\t\t<div class=\"elementor-element elementor-element-3a2d4ba e-con-full e-flex e-con e-child\" data-id=\"3a2d4ba\" data-element_type=\"container\" data-e-type=\"container\">\n\t\t\t\t<div class=\"elementor-element elementor-element-2f5b4c1 elementor-widget elementor-widget-text-editor\" data-id=\"2f5b4c1\" data-element_type=\"widget\" data-e-type=\"widget\" data-widget_type=\"text-editor.default\">\n\t\t\t\t<div class=\"elementor-widget-container\">\n\t\t\t\t\t\t\t\t\t<p>4. Fais une liste des mat\u00e9riaux test\u00e9s et questionne tes camarades de classe sur les \u00e9l\u00e9ments qui sont conducteurs et sur ceux qui ne sont pas.<\/p><p>Tu as acquis des connaissances sur les mat\u00e9riaux test\u00e9s qui peuvent \u00eatre utilis\u00e9es lorsque tu con\u00e7ois de nouvelles fa\u00e7ons d\u2019utiliser la puissance \u00e9lectrique portable. Conserve tes r\u00e9sultats. Tu peux utiliser les connaissances pour composer des jeux \u00e9lectriques et tu peux m\u00eame le faire avec tes amis.<\/p>\t\t\t\t\t\t\t\t<\/div>\n\t\t\t\t<\/div>\n\t\t\t\t<\/div>\n\t\t\t\t\t<\/div>\n\t\t\t\t<\/div>\n\t\t\t\t<\/div>\n\t\t","protected":false},"excerpt":{"rendered":"<p>Comment faire un test de conductivit\u00e9 \u00e9lectrique Les premiers scientifiques qui ont travaill\u00e9 avec l\u2019\u00e9lectricit\u00e9 ont constat\u00e9 que le courant traverse certains mat\u00e9riaux mais pas d\u2019autres. Le testeur de conductivit\u00e9 \u00e9lectrique te permettra de reconna\u00eetre les mat\u00e9riaux qui sont des conducteurs \u00e9lectriques et ceux qui ne le sont pas. Mat\u00e9riel dont tu auras besoin: Un\u00a0bloc [&hellip;]<\/p>\n","protected":false},"author":3,"featured_media":0,"parent":10325,"menu_order":0,"comment_status":"closed","ping_status":"closed","template":"elementor_header_footer","meta":{"_acf_changed":false,"footnotes":""},"class_list":["post-10422","page","type-page","status-publish","hentry"],"acf":[],"_links":{"self":[{"href":"https:\/\/energizer.com\/canada-french\/wp-json\/wp\/v2\/pages\/10422","targetHints":{"allow":["GET"]}}],"collection":[{"href":"https:\/\/energizer.com\/canada-french\/wp-json\/wp\/v2\/pages"}],"about":[{"href":"https:\/\/energizer.com\/canada-french\/wp-json\/wp\/v2\/types\/page"}],"author":[{"embeddable":true,"href":"https:\/\/energizer.com\/canada-french\/wp-json\/wp\/v2\/users\/3"}],"replies":[{"embeddable":true,"href":"https:\/\/energizer.com\/canada-french\/wp-json\/wp\/v2\/comments?post=10422"}],"version-history":[{"count":0,"href":"https:\/\/energizer.com\/canada-french\/wp-json\/wp\/v2\/pages\/10422\/revisions"}],"up":[{"embeddable":true,"href":"https:\/\/energizer.com\/canada-french\/wp-json\/wp\/v2\/pages\/10325"}],"wp:attachment":[{"href":"https:\/\/energizer.com\/canada-french\/wp-json\/wp\/v2\/media?parent=10422"}],"curies":[{"name":"wp","href":"https:\/\/api.w.org\/{rel}","templated":true}]}}