{"id":10441,"date":"2024-09-13T07:28:40","date_gmt":"2024-09-13T07:28:40","guid":{"rendered":"https:\/\/energizer.com\/canada-french\/?page_id=10441"},"modified":"2024-09-27T06:15:21","modified_gmt":"2024-09-27T06:15:21","slug":"jeu-questionnaire","status":"publish","type":"page","link":"https:\/\/energizer.com\/canada-french\/centre-scientifique\/jeu-questionnaire\/","title":{"rendered":"Quiz Game"},"content":{"rendered":"\t\t<div data-elementor-type=\"wp-page\" data-elementor-id=\"10441\" class=\"elementor elementor-10441\" data-elementor-post-type=\"page\">\n\t\t\t\t<div class=\"elementor-element elementor-element-07d4d3f e-flex e-con-boxed e-con e-parent\" data-id=\"07d4d3f\" data-element_type=\"container\" data-e-type=\"container\">\n\t\t\t\t\t<div class=\"e-con-inner\">\n\t\t\t\t<div class=\"elementor-element elementor-element-8fd076c elementor-widget elementor-widget-heading\" data-id=\"8fd076c\" data-element_type=\"widget\" data-e-type=\"widget\" data-widget_type=\"heading.default\">\n\t\t\t\t<div class=\"elementor-widget-container\">\n\t\t\t\t\t<h1 class=\"elementor-heading-title elementor-size-default\">Jeu-questionnaire\n<\/h1>\t\t\t\t<\/div>\n\t\t\t\t<\/div>\n\t\t\t\t<div class=\"elementor-element elementor-element-79139be elementor-widget-divider--view-line elementor-widget elementor-widget-divider\" data-id=\"79139be\" data-element_type=\"widget\" data-e-type=\"widget\" data-widget_type=\"divider.default\">\n\t\t\t\t<div class=\"elementor-widget-container\">\n\t\t\t\t\t\t\t<div class=\"elementor-divider\">\n\t\t\t<span class=\"elementor-divider-separator\">\n\t\t\t\t\t\t<\/span>\n\t\t<\/div>\n\t\t\t\t\t\t<\/div>\n\t\t\t\t<\/div>\n\t\t\t\t\t<\/div>\n\t\t\t\t<\/div>\n\t\t<div class=\"elementor-element elementor-element-6ad2756 e-flex e-con-boxed e-con e-parent\" data-id=\"6ad2756\" data-element_type=\"container\" data-e-type=\"container\">\n\t\t\t\t\t<div class=\"e-con-inner\">\n\t\t<div class=\"elementor-element elementor-element-6b449f4 e-con-full e-flex e-con e-child\" data-id=\"6b449f4\" data-element_type=\"container\" data-e-type=\"container\">\n\t\t\t\t<div class=\"elementor-element elementor-element-9701c92 elementor-widget elementor-widget-text-editor\" data-id=\"9701c92\" data-element_type=\"widget\" data-e-type=\"widget\" data-widget_type=\"text-editor.default\">\n\t\t\t\t<div class=\"elementor-widget-container\">\n\t\t\t\t\t\t\t\t\t<p>Tu es \u00e0 la recherche d\u2019une fa\u00e7on amusante et facile d\u2019apprendre les math\u00e9matiques, l\u2019histoire, les pays, les capitales, etc. ? En fabriquant ce jeu pour toi, ta famille et tes amis, tu pourras utiliser tes connaissances en \u00e9lectricit\u00e9.<\/p><p><strong>Mat\u00e9riel dont tu auras besoin:<\/strong><\/p><ul class=\"-no-margin -indent\"><li>Un\u00a0<a class=\"anchorhover\" href=\"https:\/\/energizer.com\/canada-french\/centre-scientifique\/fabriquer-un-bloc-d-alimentation\/\" aria-label=\"bloc d\u2019alimentation\u00a0Energizer\u00ae\">bloc d\u2019alimentation\u00a0<em>Energizer<\/em><sub>\u00ae<\/sub><\/a><\/li><li>Du fil isol\u00e9 en cuivre no 22 pour sonnette : 2 longueurs de 12 po et 8 longueurs de 16 po, avec le fil d\u00e9nud\u00e9 sur 1 po aux deux extr\u00e9mit\u00e9s de chaque longueur<\/li><li>Une douille pour ampoule<\/li><li>Un morceau de carton de 8 po sur 12 po<\/li><li>16 trombones<\/li><li>Deux gros clous<\/li><li>Une r\u00e8gle<\/li><li>Du ruban isolant<\/li><\/ul>\t\t\t\t\t\t\t\t<\/div>\n\t\t\t\t<\/div>\n\t\t\t\t<\/div>\n\t\t\t\t\t<\/div>\n\t\t\t\t<\/div>\n\t\t<div class=\"elementor-element elementor-element-b293cde e-flex e-con-boxed e-con e-parent\" data-id=\"b293cde\" data-element_type=\"container\" data-e-type=\"container\">\n\t\t\t\t\t<div class=\"e-con-inner\">\n\t\t<div class=\"elementor-element elementor-element-137605c e-flex e-con-boxed e-con e-child\" data-id=\"137605c\" data-element_type=\"container\" data-e-type=\"container\">\n\t\t\t\t\t<div class=\"e-con-inner\">\n\t\t\t\t<div class=\"elementor-element elementor-element-dcc960f elementor-widget elementor-widget-text-editor\" data-id=\"dcc960f\" data-element_type=\"widget\" data-e-type=\"widget\" data-widget_type=\"text-editor.default\">\n\t\t\t\t<div class=\"elementor-widget-container\">\n\t\t\t\t\t\t\t\t\t1. Dessine 7 lignes horizontales et parall\u00e8les d\u2019un c\u00f4t\u00e9 \u00e0 l\u2019autre du carton, et une ligne verticale. Imagine des questions sur un sujet qui t\u2019int\u00e9resse et trouve leurs r\u00e9ponses. Inscris les questions du c\u00f4t\u00e9 gauche, et les r\u00e9ponses \u00e0 droite. Assure-toi de m\u00e9langer les questions et les r\u00e9ponses afin qu\u2019elles ne soient pas sur la m\u00eame ligne. Une autre option serait de taper les questions et r\u00e9ponses, comme dans le tableau ci-dessous. Tu pourrais ensuite imprimer ta feuille et la coller sur le carton.\n\n\t\t\t\t\t\t\t\t<\/div>\n\t\t\t\t<\/div>\n\t\t\t\t\t<\/div>\n\t\t\t\t<\/div>\n\t\t<div class=\"elementor-element elementor-element-afe344c e-flex e-con-boxed e-con e-child\" data-id=\"afe344c\" data-element_type=\"container\" data-e-type=\"container\">\n\t\t\t\t\t<div class=\"e-con-inner\">\n\t\t\t\t<div class=\"elementor-element elementor-element-67e6aa2 elementor-widget elementor-widget-image\" data-id=\"67e6aa2\" data-element_type=\"widget\" data-e-type=\"widget\" data-widget_type=\"image.default\">\n\t\t\t\t<div class=\"elementor-widget-container\">\n\t\t\t\t\t\t\t\t\t\t\t\t\t\t\t<img loading=\"lazy\" decoding=\"async\" width=\"748\" height=\"288\" src=\"https:\/\/energizer.com\/canada-french\/wp-content\/uploads\/sites\/3\/2024\/09\/Draw-7-lines-table.png\" class=\"attachment-full size-full wp-image-10456\" alt=\"Draw 7 lines table\" srcset=\"https:\/\/energizer.com\/canada-french\/wp-content\/uploads\/sites\/3\/2024\/09\/Draw-7-lines-table.png 748w, https:\/\/energizer.com\/canada-french\/wp-content\/uploads\/sites\/3\/2024\/09\/Draw-7-lines-table-300x116.png 300w, https:\/\/energizer.com\/canada-french\/wp-content\/uploads\/sites\/3\/2024\/09\/Draw-7-lines-table-600x231.png 600w\" sizes=\"auto, (max-width: 748px) 100vw, 748px\" \/>\t\t\t\t\t\t\t\t\t\t\t\t\t\t\t<\/div>\n\t\t\t\t<\/div>\n\t\t\t\t\t<\/div>\n\t\t\t\t<\/div>\n\t\t\t\t\t<\/div>\n\t\t\t\t<\/div>\n\t\t<div class=\"elementor-element elementor-element-a5da70d e-flex e-con-boxed e-con e-parent\" data-id=\"a5da70d\" data-element_type=\"container\" data-e-type=\"container\">\n\t\t\t\t\t<div class=\"e-con-inner\">\n\t\t<div class=\"elementor-element elementor-element-8b2281a e-flex e-con-boxed e-con e-child\" data-id=\"8b2281a\" data-element_type=\"container\" data-e-type=\"container\">\n\t\t\t\t\t<div class=\"e-con-inner\">\n\t\t\t\t<div class=\"elementor-element elementor-element-a346d11 elementor-widget elementor-widget-text-editor\" data-id=\"a346d11\" data-element_type=\"widget\" data-e-type=\"widget\" data-widget_type=\"text-editor.default\">\n\t\t\t\t<div class=\"elementor-widget-container\">\n\t\t\t\t\t\t\t\t\t2. Fixe les trombones sur le carton \u00e0 chaque question et r\u00e9ponse.\n\n\t\t\t\t\t\t\t\t<\/div>\n\t\t\t\t<\/div>\n\t\t\t\t\t<\/div>\n\t\t\t\t<\/div>\n\t\t<div class=\"elementor-element elementor-element-d0ab2bf e-flex e-con-boxed e-con e-child\" data-id=\"d0ab2bf\" data-element_type=\"container\" data-e-type=\"container\">\n\t\t\t\t\t<div class=\"e-con-inner\">\n\t\t\t\t<div class=\"elementor-element elementor-element-6ee5b43 elementor-widget elementor-widget-image\" data-id=\"6ee5b43\" data-element_type=\"widget\" data-e-type=\"widget\" data-widget_type=\"image.default\">\n\t\t\t\t<div class=\"elementor-widget-container\">\n\t\t\t\t\t\t\t\t\t\t\t\t\t\t\t<img loading=\"lazy\" decoding=\"async\" width=\"256\" height=\"175\" src=\"https:\/\/energizer.com\/canada-french\/wp-content\/uploads\/sites\/3\/2024\/09\/Attach-paper-clips-to-the-board.png\" class=\"attachment-full size-full wp-image-10457\" alt=\"Attach paper clips to the board\" \/>\t\t\t\t\t\t\t\t\t\t\t\t\t\t\t<\/div>\n\t\t\t\t<\/div>\n\t\t\t\t\t<\/div>\n\t\t\t\t<\/div>\n\t\t\t\t\t<\/div>\n\t\t\t\t<\/div>\n\t\t<div class=\"elementor-element elementor-element-bc00088 e-flex e-con-boxed e-con e-parent\" data-id=\"bc00088\" data-element_type=\"container\" data-e-type=\"container\">\n\t\t\t\t\t<div class=\"e-con-inner\">\n\t\t<div class=\"elementor-element elementor-element-17b3e9d e-flex e-con-boxed e-con e-child\" data-id=\"17b3e9d\" data-element_type=\"container\" data-e-type=\"container\">\n\t\t\t\t\t<div class=\"e-con-inner\">\n\t\t\t\t<div class=\"elementor-element elementor-element-796ca7a elementor-widget elementor-widget-text-editor\" data-id=\"796ca7a\" data-element_type=\"widget\" data-e-type=\"widget\" data-widget_type=\"text-editor.default\">\n\t\t\t\t<div class=\"elementor-widget-container\">\n\t\t\t\t\t\t\t\t\t3. Derri\u00e8re le carton, fixe un fil en cuivre entre le trombone de chaque question et le trombone correspondant \u00e0 la bonne r\u00e9ponse (une connexion est illustr\u00e9e).\n\n\t\t\t\t\t\t\t\t<\/div>\n\t\t\t\t<\/div>\n\t\t\t\t\t<\/div>\n\t\t\t\t<\/div>\n\t\t<div class=\"elementor-element elementor-element-b8deada e-flex e-con-boxed e-con e-child\" data-id=\"b8deada\" data-element_type=\"container\" data-e-type=\"container\">\n\t\t\t\t\t<div class=\"e-con-inner\">\n\t\t\t\t<div class=\"elementor-element elementor-element-7581c76 elementor-widget elementor-widget-image\" data-id=\"7581c76\" data-element_type=\"widget\" data-e-type=\"widget\" data-widget_type=\"image.default\">\n\t\t\t\t<div class=\"elementor-widget-container\">\n\t\t\t\t\t\t\t\t\t\t\t\t\t\t\t<img loading=\"lazy\" decoding=\"async\" width=\"167\" height=\"117\" src=\"https:\/\/energizer.com\/canada-french\/wp-content\/uploads\/sites\/3\/2024\/09\/Behind-the-board-attach-a-wire.png\" class=\"attachment-full size-full wp-image-10458\" alt=\"Behind the board attach a wire\" \/>\t\t\t\t\t\t\t\t\t\t\t\t\t\t\t<\/div>\n\t\t\t\t<\/div>\n\t\t\t\t\t<\/div>\n\t\t\t\t<\/div>\n\t\t\t\t\t<\/div>\n\t\t\t\t<\/div>\n\t\t<div class=\"elementor-element elementor-element-802a4ac e-flex e-con-boxed e-con e-parent\" data-id=\"802a4ac\" data-element_type=\"container\" data-e-type=\"container\">\n\t\t\t\t\t<div class=\"e-con-inner\">\n\t\t<div class=\"elementor-element elementor-element-a5e5395 e-flex e-con-boxed e-con e-child\" data-id=\"a5e5395\" data-element_type=\"container\" data-e-type=\"container\">\n\t\t\t\t\t<div class=\"e-con-inner\">\n\t\t\t\t<div class=\"elementor-element elementor-element-cf42b5d elementor-widget elementor-widget-text-editor\" data-id=\"cf42b5d\" data-element_type=\"widget\" data-e-type=\"widget\" data-widget_type=\"text-editor.default\">\n\t\t\t\t<div class=\"elementor-widget-container\">\n\t\t\t\t\t\t\t\t\t4. Avec du ruban adh\u00e9sif, attache le bout d\u2019un des fils de 12 po \u00e0 l\u2019un des pointeurs (clous), et fais de m\u00eame pour le deuxi\u00e8me pointeur. Connecte l\u2019autre bout du fil d\u2019un des pointeurs au fil de la borne positive (+) de ton bloc d\u2019alimentation Energizer\u00ae et connecte le bout du fil de l\u2019autre pointeur \u00e0 un des fils de la douille pour ampoule. Enfin, connecte l\u2019autre fil de la douille pour ampoule au fil de la borne n\u00e9gative (\u2013) de ton bloc d\u2019alimentation Energizer\u00ae\n\n\t\t\t\t\t\t\t\t<\/div>\n\t\t\t\t<\/div>\n\t\t\t\t\t<\/div>\n\t\t\t\t<\/div>\n\t\t<div class=\"elementor-element elementor-element-d7b8357 e-flex e-con-boxed e-con e-child\" data-id=\"d7b8357\" data-element_type=\"container\" data-e-type=\"container\">\n\t\t\t\t\t<div class=\"e-con-inner\">\n\t\t\t\t<div class=\"elementor-element elementor-element-c7862bb elementor-widget elementor-widget-image\" data-id=\"c7862bb\" data-element_type=\"widget\" data-e-type=\"widget\" data-widget_type=\"image.default\">\n\t\t\t\t<div class=\"elementor-widget-container\">\n\t\t\t\t\t\t\t\t\t\t\t\t\t\t\t<img loading=\"lazy\" decoding=\"async\" width=\"197\" height=\"91\" src=\"https:\/\/energizer.com\/canada-french\/wp-content\/uploads\/sites\/3\/2024\/09\/Attach-the-two-12-wires.png\" class=\"attachment-full size-full wp-image-10459\" alt=\"Attach the two 12\u201d wires\" \/>\t\t\t\t\t\t\t\t\t\t\t\t\t\t\t<\/div>\n\t\t\t\t<\/div>\n\t\t\t\t\t<\/div>\n\t\t\t\t<\/div>\n\t\t\t\t\t<\/div>\n\t\t\t\t<\/div>\n\t\t<div class=\"elementor-element elementor-element-14532d3 e-flex e-con-boxed e-con e-parent\" data-id=\"14532d3\" data-element_type=\"container\" data-e-type=\"container\">\n\t\t\t\t\t<div class=\"e-con-inner\">\n\t\t<div class=\"elementor-element elementor-element-d6e21f6 e-flex e-con-boxed e-con e-child\" data-id=\"d6e21f6\" data-element_type=\"container\" data-e-type=\"container\">\n\t\t\t\t\t<div class=\"e-con-inner\">\n\t\t\t\t<div class=\"elementor-element elementor-element-32bfbde elementor-widget elementor-widget-text-editor\" data-id=\"32bfbde\" data-element_type=\"widget\" data-e-type=\"widget\" data-widget_type=\"text-editor.default\">\n\t\t\t\t<div class=\"elementor-widget-container\">\n\t\t\t\t\t\t\t\t\t5. Place un pointeur sur le trombone pr\u00e8s d\u2019une question et l\u2019autre sur le trombone pr\u00e8s d\u2019une r\u00e9ponse. Si tu choisis la mauvaise r\u00e9ponse, l\u2019ampoule ne s\u2019allume pas.\n\n\t\t\t\t\t\t\t\t<\/div>\n\t\t\t\t<\/div>\n\t\t\t\t\t<\/div>\n\t\t\t\t<\/div>\n\t\t<div class=\"elementor-element elementor-element-697ddb1 e-flex e-con-boxed e-con e-child\" data-id=\"697ddb1\" data-element_type=\"container\" data-e-type=\"container\">\n\t\t\t\t\t<div class=\"e-con-inner\">\n\t\t\t\t<div class=\"elementor-element elementor-element-fe29d54 elementor-widget elementor-widget-image\" data-id=\"fe29d54\" data-element_type=\"widget\" data-e-type=\"widget\" data-widget_type=\"image.default\">\n\t\t\t\t<div class=\"elementor-widget-container\">\n\t\t\t\t\t\t\t\t\t\t\t\t\t\t\t<img loading=\"lazy\" decoding=\"async\" width=\"166\" height=\"119\" src=\"https:\/\/energizer.com\/canada-french\/wp-content\/uploads\/sites\/3\/2024\/09\/Place-one-probe-on-the-paper-clip.png\" class=\"attachment-full size-full wp-image-10460\" alt=\"Place one probe on the paper clip\" \/>\t\t\t\t\t\t\t\t\t\t\t\t\t\t\t<\/div>\n\t\t\t\t<\/div>\n\t\t\t\t\t<\/div>\n\t\t\t\t<\/div>\n\t\t\t\t\t<\/div>\n\t\t\t\t<\/div>\n\t\t<div class=\"elementor-element elementor-element-c283bc0 e-flex e-con-boxed e-con e-parent\" data-id=\"c283bc0\" data-element_type=\"container\" data-e-type=\"container\">\n\t\t\t\t\t<div class=\"e-con-inner\">\n\t\t<div class=\"elementor-element elementor-element-b720362 e-flex e-con-boxed e-con e-child\" data-id=\"b720362\" data-element_type=\"container\" data-e-type=\"container\">\n\t\t\t\t\t<div class=\"e-con-inner\">\n\t\t\t\t<div class=\"elementor-element elementor-element-47c52e6 elementor-widget elementor-widget-text-editor\" data-id=\"47c52e6\" data-element_type=\"widget\" data-e-type=\"widget\" data-widget_type=\"text-editor.default\">\n\t\t\t\t<div class=\"elementor-widget-container\">\n\t\t\t\t\t\t\t\t\t6. Lorsque tu fais correspondre une question \u00e0 la bonne r\u00e9ponse, le circuit est complet et l\u2019ampoule s\u2019allume.\n\n\t\t\t\t\t\t\t\t<\/div>\n\t\t\t\t<\/div>\n\t\t\t\t\t<\/div>\n\t\t\t\t<\/div>\n\t\t<div class=\"elementor-element elementor-element-a06cbaa e-flex e-con-boxed e-con e-child\" data-id=\"a06cbaa\" data-element_type=\"container\" data-e-type=\"container\">\n\t\t\t\t\t<div class=\"e-con-inner\">\n\t\t\t\t<div class=\"elementor-element elementor-element-ecb1ba1 elementor-widget elementor-widget-image\" data-id=\"ecb1ba1\" data-element_type=\"widget\" data-e-type=\"widget\" data-widget_type=\"image.default\">\n\t\t\t\t<div class=\"elementor-widget-container\">\n\t\t\t\t\t\t\t\t\t\t\t\t\t\t\t<img loading=\"lazy\" decoding=\"async\" width=\"166\" height=\"119\" src=\"https:\/\/energizer.com\/canada-french\/wp-content\/uploads\/sites\/3\/2024\/09\/match-a-question-with-the-correct-answer.png\" class=\"attachment-full size-full wp-image-10463\" alt=\"match a question with the correct answer\" \/>\t\t\t\t\t\t\t\t\t\t\t\t\t\t\t<\/div>\n\t\t\t\t<\/div>\n\t\t\t\t\t<\/div>\n\t\t\t\t<\/div>\n\t\t\t\t\t<\/div>\n\t\t\t\t<\/div>\n\t\t<div class=\"elementor-element elementor-element-c87309a e-flex e-con-boxed e-con e-parent\" data-id=\"c87309a\" data-element_type=\"container\" data-e-type=\"container\">\n\t\t\t\t\t<div class=\"e-con-inner\">\n\t\t<div class=\"elementor-element elementor-element-25c6b26 e-flex e-con-boxed e-con e-child\" data-id=\"25c6b26\" data-element_type=\"container\" data-e-type=\"container\">\n\t\t\t\t\t<div class=\"e-con-inner\">\n\t\t\t\t<div class=\"elementor-element elementor-element-c7968a5 elementor-widget elementor-widget-text-editor\" data-id=\"c7968a5\" data-element_type=\"widget\" data-e-type=\"widget\" data-widget_type=\"text-editor.default\">\n\t\t\t\t<div class=\"elementor-widget-container\">\n\t\t\t\t\t\t\t\t\tEn changeant les questions et les r\u00e9ponses du jeu-questionnaire, tu augmentera tes connaissances dans de nombreux domaines. Pour les pointeurs, au lieu de clous tu pourrais essayer d\u2019utiliser des crayons envelopp\u00e9s dans du papier d\u2019aluminium.\t\t\t\t\t\t\t\t<\/div>\n\t\t\t\t<\/div>\n\t\t\t\t\t<\/div>\n\t\t\t\t<\/div>\n\t\t\t\t\t<\/div>\n\t\t\t\t<\/div>\n\t\t\t\t<\/div>\n\t\t","protected":false},"excerpt":{"rendered":"<p>Jeu-questionnaire Tu es \u00e0 la recherche d\u2019une fa\u00e7on amusante et facile d\u2019apprendre les math\u00e9matiques, l\u2019histoire, les pays, les capitales, etc. ? En fabriquant ce jeu pour toi, ta famille et tes amis, tu pourras utiliser tes connaissances en \u00e9lectricit\u00e9. Mat\u00e9riel dont tu auras besoin: Un\u00a0bloc d\u2019alimentation\u00a0Energizer\u00ae Du fil isol\u00e9 en cuivre no 22 pour sonnette [&hellip;]<\/p>\n","protected":false},"author":3,"featured_media":0,"parent":10325,"menu_order":0,"comment_status":"closed","ping_status":"closed","template":"elementor_header_footer","meta":{"_acf_changed":false,"footnotes":""},"class_list":["post-10441","page","type-page","status-publish","hentry"],"acf":[],"_links":{"self":[{"href":"https:\/\/energizer.com\/canada-french\/wp-json\/wp\/v2\/pages\/10441","targetHints":{"allow":["GET"]}}],"collection":[{"href":"https:\/\/energizer.com\/canada-french\/wp-json\/wp\/v2\/pages"}],"about":[{"href":"https:\/\/energizer.com\/canada-french\/wp-json\/wp\/v2\/types\/page"}],"author":[{"embeddable":true,"href":"https:\/\/energizer.com\/canada-french\/wp-json\/wp\/v2\/users\/3"}],"replies":[{"embeddable":true,"href":"https:\/\/energizer.com\/canada-french\/wp-json\/wp\/v2\/comments?post=10441"}],"version-history":[{"count":0,"href":"https:\/\/energizer.com\/canada-french\/wp-json\/wp\/v2\/pages\/10441\/revisions"}],"up":[{"embeddable":true,"href":"https:\/\/energizer.com\/canada-french\/wp-json\/wp\/v2\/pages\/10325"}],"wp:attachment":[{"href":"https:\/\/energizer.com\/canada-french\/wp-json\/wp\/v2\/media?parent=10441"}],"curies":[{"name":"wp","href":"https:\/\/api.w.org\/{rel}","templated":true}]}}