{"id":10525,"date":"2024-09-13T08:04:01","date_gmt":"2024-09-13T08:04:01","guid":{"rendered":"https:\/\/energizer.com\/canada-french\/?page_id=10525"},"modified":"2024-09-27T06:18:45","modified_gmt":"2024-09-27T06:18:45","slug":"jeu-de-mesure-des-probabilites","status":"publish","type":"page","link":"https:\/\/energizer.com\/canada-french\/centre-scientifique\/jeu-de-mesure-des-probabilites\/","title":{"rendered":"Game to Measure Chance"},"content":{"rendered":"\t\t<div data-elementor-type=\"wp-page\" data-elementor-id=\"10525\" class=\"elementor elementor-10525\" data-elementor-post-type=\"page\">\n\t\t\t\t<div class=\"elementor-element elementor-element-eb2f53a e-flex e-con-boxed e-con e-parent\" data-id=\"eb2f53a\" data-element_type=\"container\" data-e-type=\"container\">\n\t\t\t\t\t<div class=\"e-con-inner\">\n\t\t\t\t<div class=\"elementor-element elementor-element-07918e8 elementor-widget elementor-widget-heading\" data-id=\"07918e8\" data-element_type=\"widget\" data-e-type=\"widget\" data-widget_type=\"heading.default\">\n\t\t\t\t<div class=\"elementor-widget-container\">\n\t\t\t\t\t<h1 class=\"elementor-heading-title elementor-size-default\">Fabrique un jeu pour mesurer les probabilit\u00e9s\n<\/h1>\t\t\t\t<\/div>\n\t\t\t\t<\/div>\n\t\t\t\t<div class=\"elementor-element elementor-element-90ca3cf elementor-widget-divider--view-line elementor-widget elementor-widget-divider\" data-id=\"90ca3cf\" data-element_type=\"widget\" data-e-type=\"widget\" data-widget_type=\"divider.default\">\n\t\t\t\t<div class=\"elementor-widget-container\">\n\t\t\t\t\t\t\t<div class=\"elementor-divider\">\n\t\t\t<span class=\"elementor-divider-separator\">\n\t\t\t\t\t\t<\/span>\n\t\t<\/div>\n\t\t\t\t\t\t<\/div>\n\t\t\t\t<\/div>\n\t\t\t\t\t<\/div>\n\t\t\t\t<\/div>\n\t\t<div class=\"elementor-element elementor-element-b385012 e-flex e-con-boxed e-con e-parent\" data-id=\"b385012\" data-element_type=\"container\" data-e-type=\"container\">\n\t\t\t\t\t<div class=\"e-con-inner\">\n\t\t<div class=\"elementor-element elementor-element-729ae33 e-con-full e-flex e-con e-child\" data-id=\"729ae33\" data-element_type=\"container\" data-e-type=\"container\">\n\t\t\t\t<div class=\"elementor-element elementor-element-d915543 elementor-widget elementor-widget-text-editor\" data-id=\"d915543\" data-element_type=\"widget\" data-e-type=\"widget\" data-widget_type=\"text-editor.default\">\n\t\t\t\t<div class=\"elementor-widget-container\">\n\t\t\t\t\t\t\t\t\tUne fois que les exp\u00e9rimentateurs ont commenc\u00e9 \u00e0 voir la r\u00e9p\u00e9tition d\u2019\u00e9v\u00e9nements \u00e0 travers le monde, il se sont mis \u00e0 \u00e9tudier la probabilit\u00e9 que certains \u00e9v\u00e9nements se produisaient. Tu peux fabriquer un jeu \u00e9lectrique pour \u00e9tudier les probabilit\u00e9s.\n\n<strong>Mat\u00e9riel dont tu auras besoin :<\/strong>\n<ul class=\"-no-margin -indent\">\n \t<li>Un<a href=\"https:\/\/energizer.com\/canada-french\/centre-scientifique\/fabriquer-un-bloc-d-alimentation\/\" class=\"anchorhover\" aria-label=\"bloc d\u2019alimentation\u00a0Energizer\u00ae\">\u00a0bloc d\u2019alimentation\u00a0<em>Energizer<\/em><sub>\u00ae<\/sub><\/a><\/li>\n \t<li>Des punaises<\/li>\n \t<li>Une douille pour ampoule ou une douille avec une ampoule de 3 V<\/li>\n \t<li>Une pi\u00e8ce de 10 cents, de 5 cents et de 25 cents<\/li>\n \t<li>Un morceau de carton de bois de 9 po sur 12 po<\/li>\n \t<li>Une bo\u00eete de papier d\u2019aluminium de 12 po de largeur<\/li>\n<\/ul>\t\t\t\t\t\t\t\t<\/div>\n\t\t\t\t<\/div>\n\t\t\t\t<\/div>\n\t\t\t\t\t<\/div>\n\t\t\t\t<\/div>\n\t\t<div class=\"elementor-element elementor-element-bf23fa9 e-flex e-con-boxed e-con e-parent\" data-id=\"bf23fa9\" data-element_type=\"container\" data-e-type=\"container\">\n\t\t\t\t\t<div class=\"e-con-inner\">\n\t\t<div class=\"elementor-element elementor-element-2249b7f e-flex e-con-boxed e-con e-child\" data-id=\"2249b7f\" data-element_type=\"container\" data-e-type=\"container\">\n\t\t\t\t\t<div class=\"e-con-inner\">\n\t\t\t\t<div class=\"elementor-element elementor-element-054cd73 elementor-widget elementor-widget-text-editor\" data-id=\"054cd73\" data-element_type=\"widget\" data-e-type=\"widget\" data-widget_type=\"text-editor.default\">\n\t\t\t\t<div class=\"elementor-widget-container\">\n\t\t\t\t\t\t\t\t\t1.D\u00e9coupe huit bandes de papier d\u2019aluminium de \u00be po de largeur et de 7,5 po de longueur. D\u00e9coupe deux autres bandes de \u00be po de largeur et de 12 po de longueur. Place les bandes de 12 po le long des c\u00f4t\u00e9s de 14 po du carton et fixe leurs extr\u00e9mit\u00e9s au carton avec des punaises. Place les 8 bandes de papier d\u2019aluminium \u00e0 intervalles de \u00bd po pour former un labyrinthe semblable \u00e0 l\u2019illustration, en t\u2019assurant que l\u2019une des extr\u00e9mit\u00e9s de chaque bande recouvre une des bandes ext\u00e9rieures de 12 po. Fixe les bandes avec des punaises. Raccorde la douille, le bloc d\u2019alimentation Energizer et la planche de jeu, tel qu\u2019illustr\u00e9.\n\n\t\t\t\t\t\t\t\t<\/div>\n\t\t\t\t<\/div>\n\t\t\t\t\t<\/div>\n\t\t\t\t<\/div>\n\t\t<div class=\"elementor-element elementor-element-7b9bfab e-flex e-con-boxed e-con e-child\" data-id=\"7b9bfab\" data-element_type=\"container\" data-e-type=\"container\">\n\t\t\t\t\t<div class=\"e-con-inner\">\n\t\t\t\t<div class=\"elementor-element elementor-element-a4fc4fb elementor-widget elementor-widget-image\" data-id=\"a4fc4fb\" data-element_type=\"widget\" data-e-type=\"widget\" data-widget_type=\"image.default\">\n\t\t\t\t<div class=\"elementor-widget-container\">\n\t\t\t\t\t\t\t\t\t\t\t\t\t\t\t<img loading=\"lazy\" decoding=\"async\" width=\"192\" height=\"128\" src=\"https:\/\/energizer.com\/canada-french\/wp-content\/uploads\/sites\/3\/2024\/09\/Make-eight-strips.png\" class=\"attachment-full size-full wp-image-10528\" alt=\"Make eight strips\" \/>\t\t\t\t\t\t\t\t\t\t\t\t\t\t\t<\/div>\n\t\t\t\t<\/div>\n\t\t\t\t\t<\/div>\n\t\t\t\t<\/div>\n\t\t\t\t\t<\/div>\n\t\t\t\t<\/div>\n\t\t<div class=\"elementor-element elementor-element-1dd3fe0 e-flex e-con-boxed e-con e-parent\" data-id=\"1dd3fe0\" data-element_type=\"container\" data-e-type=\"container\">\n\t\t\t\t\t<div class=\"e-con-inner\">\n\t\t<div class=\"elementor-element elementor-element-47082aa e-flex e-con-boxed e-con e-child\" data-id=\"47082aa\" data-element_type=\"container\" data-e-type=\"container\">\n\t\t\t\t\t<div class=\"e-con-inner\">\n\t\t\t\t<div class=\"elementor-element elementor-element-26a0bef elementor-widget elementor-widget-text-editor\" data-id=\"26a0bef\" data-element_type=\"widget\" data-e-type=\"widget\" data-widget_type=\"text-editor.default\">\n\t\t\t\t<div class=\"elementor-widget-container\">\n\t\t\t\t\t\t\t\t\t2. Tu as maintenant un jeu pour mesurer la chance. La grille que tu as fabriqu\u00e9e est un circuit ouvert. Selon l\u2019endroit o\u00f9 elle tombe, la pi\u00e8ce de monnaie pourrait fermer le circuit et allumer l\u2019ampoule.\n\n\t\t\t\t\t\t\t\t<\/div>\n\t\t\t\t<\/div>\n\t\t\t\t\t<\/div>\n\t\t\t\t<\/div>\n\t\t<div class=\"elementor-element elementor-element-bd702fb e-flex e-con-boxed e-con e-child\" data-id=\"bd702fb\" data-element_type=\"container\" data-e-type=\"container\">\n\t\t\t\t\t<div class=\"e-con-inner\">\n\t\t\t\t<div class=\"elementor-element elementor-element-e298b4f elementor-widget elementor-widget-image\" data-id=\"e298b4f\" data-element_type=\"widget\" data-e-type=\"widget\" data-widget_type=\"image.default\">\n\t\t\t\t<div class=\"elementor-widget-container\">\n\t\t\t\t\t\t\t\t\t\t\t\t\t\t\t<img loading=\"lazy\" decoding=\"async\" width=\"192\" height=\"128\" src=\"https:\/\/energizer.com\/canada-french\/wp-content\/uploads\/sites\/3\/2024\/09\/working-game-to-measure-chance.png\" class=\"attachment-full size-full wp-image-10530\" alt=\"working game to measure chance\" \/>\t\t\t\t\t\t\t\t\t\t\t\t\t\t\t<\/div>\n\t\t\t\t<\/div>\n\t\t\t\t\t<\/div>\n\t\t\t\t<\/div>\n\t\t\t\t\t<\/div>\n\t\t\t\t<\/div>\n\t\t<div class=\"elementor-element elementor-element-14920d3 e-flex e-con-boxed e-con e-parent\" data-id=\"14920d3\" data-element_type=\"container\" data-e-type=\"container\">\n\t\t\t\t\t<div class=\"e-con-inner\">\n\t\t<div class=\"elementor-element elementor-element-4ba74fe e-con-full e-flex e-con e-child\" data-id=\"4ba74fe\" data-element_type=\"container\" data-e-type=\"container\">\n\t\t\t\t<div class=\"elementor-element elementor-element-0968947 elementor-widget elementor-widget-text-editor\" data-id=\"0968947\" data-element_type=\"widget\" data-e-type=\"widget\" data-widget_type=\"text-editor.default\">\n\t\t\t\t<div class=\"elementor-widget-container\">\n\t\t\t\t\t\t\t\t\t<p>3. Ta capacit\u00e9 \u00e0 pr\u00e9dire la probabilit\u00e9 qu\u2019une pi\u00e8ce de monnaie tombe \u00e0 un certain endroit et entra\u00eene la fermeture du circuit est un d\u00e9but dans l\u2019\u00e9tude des probabilit\u00e9s.<\/p><p>4. Estime combien de fois l\u2019ampoule s\u2019allumera avec une pi\u00e8ce de cinq cents, de dix cents et de vingt-cinq cents.<\/p>\t\t\t\t\t\t\t\t<\/div>\n\t\t\t\t<\/div>\n\t\t\t\t<\/div>\n\t\t\t\t\t<\/div>\n\t\t\t\t<\/div>\n\t\t<div class=\"elementor-element elementor-element-369944a e-flex e-con-boxed e-con e-parent\" data-id=\"369944a\" data-element_type=\"container\" data-e-type=\"container\">\n\t\t\t\t\t<div class=\"e-con-inner\">\n\t\t<div class=\"elementor-element elementor-element-8268583 e-flex e-con-boxed e-con e-child\" data-id=\"8268583\" data-element_type=\"container\" data-e-type=\"container\">\n\t\t\t\t\t<div class=\"e-con-inner\">\n\t\t\t\t<div class=\"elementor-element elementor-element-d13fccc elementor-widget elementor-widget-text-editor\" data-id=\"d13fccc\" data-element_type=\"widget\" data-e-type=\"widget\" data-widget_type=\"text-editor.default\">\n\t\t\t\t<div class=\"elementor-widget-container\">\n\t\t\t\t\t\t\t\t\t5. Lance dix fois une pi\u00e8ce de dix cents vers la grille et prends note du nombre de fois que l\u2019ampoule s\u2019allume. \u00c0 quelle fr\u00e9quence chaque pi\u00e8ce couvre-t-elle deux bandes d\u2019aluminium et allume-t-elle l\u2019ampoule en fermant le circuit? Tiens compte de tes r\u00e9sultats dans un tableau comme celui ci-dessous, et compare les r\u00e9sultats \u00e0 ta pr\u00e9diction. Plus tu lanceras la pi\u00e8ce, plus il te sera facile d\u2019estimer la probabilit\u00e9 que la pi\u00e8ce de monnaie ferme le circuit.\n\n\t\t\t\t\t\t\t\t<\/div>\n\t\t\t\t<\/div>\n\t\t\t\t\t<\/div>\n\t\t\t\t<\/div>\n\t\t<div class=\"elementor-element elementor-element-6b0b747 e-flex e-con-boxed e-con e-child\" data-id=\"6b0b747\" data-element_type=\"container\" data-e-type=\"container\">\n\t\t\t\t\t<div class=\"e-con-inner\">\n\t\t\t\t<div class=\"elementor-element elementor-element-dcfce6c elementor-widget elementor-widget-image\" data-id=\"dcfce6c\" data-element_type=\"widget\" data-e-type=\"widget\" data-widget_type=\"image.default\">\n\t\t\t\t<div class=\"elementor-widget-container\">\n\t\t\t\t\t\t\t\t\t\t\t\t\t\t\t<img loading=\"lazy\" decoding=\"async\" width=\"449\" height=\"388\" src=\"https:\/\/energizer.com\/canada-french\/wp-content\/uploads\/sites\/3\/2024\/09\/grid-10-times-table.png\" class=\"attachment-full size-full wp-image-10532\" alt=\"grid 10 times table\" srcset=\"https:\/\/energizer.com\/canada-french\/wp-content\/uploads\/sites\/3\/2024\/09\/grid-10-times-table.png 449w, https:\/\/energizer.com\/canada-french\/wp-content\/uploads\/sites\/3\/2024\/09\/grid-10-times-table-300x259.png 300w\" sizes=\"auto, (max-width: 449px) 100vw, 449px\" \/>\t\t\t\t\t\t\t\t\t\t\t\t\t\t\t<\/div>\n\t\t\t\t<\/div>\n\t\t\t\t\t<\/div>\n\t\t\t\t<\/div>\n\t\t\t\t\t<\/div>\n\t\t\t\t<\/div>\n\t\t\t\t<\/div>\n\t\t","protected":false},"excerpt":{"rendered":"<p>Fabrique un jeu pour mesurer les probabilit\u00e9s Une fois que les exp\u00e9rimentateurs ont commenc\u00e9 \u00e0 voir la r\u00e9p\u00e9tition d\u2019\u00e9v\u00e9nements \u00e0 travers le monde, il se sont mis \u00e0 \u00e9tudier la probabilit\u00e9 que certains \u00e9v\u00e9nements se produisaient. Tu peux fabriquer un jeu \u00e9lectrique pour \u00e9tudier les probabilit\u00e9s. Mat\u00e9riel dont tu auras besoin : Un\u00a0bloc d\u2019alimentation\u00a0Energizer\u00ae Des [&hellip;]<\/p>\n","protected":false},"author":3,"featured_media":0,"parent":10325,"menu_order":0,"comment_status":"closed","ping_status":"closed","template":"elementor_header_footer","meta":{"_acf_changed":false,"footnotes":""},"class_list":["post-10525","page","type-page","status-publish","hentry"],"acf":[],"_links":{"self":[{"href":"https:\/\/energizer.com\/canada-french\/wp-json\/wp\/v2\/pages\/10525","targetHints":{"allow":["GET"]}}],"collection":[{"href":"https:\/\/energizer.com\/canada-french\/wp-json\/wp\/v2\/pages"}],"about":[{"href":"https:\/\/energizer.com\/canada-french\/wp-json\/wp\/v2\/types\/page"}],"author":[{"embeddable":true,"href":"https:\/\/energizer.com\/canada-french\/wp-json\/wp\/v2\/users\/3"}],"replies":[{"embeddable":true,"href":"https:\/\/energizer.com\/canada-french\/wp-json\/wp\/v2\/comments?post=10525"}],"version-history":[{"count":0,"href":"https:\/\/energizer.com\/canada-french\/wp-json\/wp\/v2\/pages\/10525\/revisions"}],"up":[{"embeddable":true,"href":"https:\/\/energizer.com\/canada-french\/wp-json\/wp\/v2\/pages\/10325"}],"wp:attachment":[{"href":"https:\/\/energizer.com\/canada-french\/wp-json\/wp\/v2\/media?parent=10525"}],"curies":[{"name":"wp","href":"https:\/\/api.w.org\/{rel}","templated":true}]}}