{"id":10529,"date":"2024-09-13T08:10:53","date_gmt":"2024-09-13T08:10:53","guid":{"rendered":"https:\/\/energizer.com\/canada-french\/?page_id=10529"},"modified":"2024-09-27T06:26:08","modified_gmt":"2024-09-27T06:26:08","slug":"fabriquer-un-electro-aimant","status":"publish","type":"page","link":"https:\/\/energizer.com\/canada-french\/centre-scientifique\/fabriquer-un-electro-aimant\/","title":{"rendered":"How to Make an Electromagnet"},"content":{"rendered":"\t\t<div data-elementor-type=\"wp-page\" data-elementor-id=\"10529\" class=\"elementor elementor-10529\" data-elementor-post-type=\"page\">\n\t\t\t\t<div class=\"elementor-element elementor-element-32369bb e-flex e-con-boxed e-con e-parent\" data-id=\"32369bb\" data-element_type=\"container\" data-e-type=\"container\">\n\t\t\t\t\t<div class=\"e-con-inner\">\n\t\t\t\t<div class=\"elementor-element elementor-element-9cba06a elementor-widget elementor-widget-heading\" data-id=\"9cba06a\" data-element_type=\"widget\" data-e-type=\"widget\" data-widget_type=\"heading.default\">\n\t\t\t\t<div class=\"elementor-widget-container\">\n\t\t\t\t\t<h1 class=\"elementor-heading-title elementor-size-default\">Fabriquer un \u00e9lectro-aimant<\/h1>\t\t\t\t<\/div>\n\t\t\t\t<\/div>\n\t\t\t\t<div class=\"elementor-element elementor-element-c0dd78d elementor-widget-divider--view-line elementor-widget elementor-widget-divider\" data-id=\"c0dd78d\" data-element_type=\"widget\" data-e-type=\"widget\" data-widget_type=\"divider.default\">\n\t\t\t\t<div class=\"elementor-widget-container\">\n\t\t\t\t\t\t\t<div class=\"elementor-divider\">\n\t\t\t<span class=\"elementor-divider-separator\">\n\t\t\t\t\t\t<\/span>\n\t\t<\/div>\n\t\t\t\t\t\t<\/div>\n\t\t\t\t<\/div>\n\t\t\t\t\t<\/div>\n\t\t\t\t<\/div>\n\t\t<div class=\"elementor-element elementor-element-54e4dee e-flex e-con-boxed e-con e-parent\" data-id=\"54e4dee\" data-element_type=\"container\" data-e-type=\"container\">\n\t\t\t\t\t<div class=\"e-con-inner\">\n\t\t<div class=\"elementor-element elementor-element-3f03b91 e-con-full e-flex e-con e-child\" data-id=\"3f03b91\" data-element_type=\"container\" data-e-type=\"container\">\n\t\t\t\t<div class=\"elementor-element elementor-element-7b796e2 elementor-widget elementor-widget-text-editor\" data-id=\"7b796e2\" data-element_type=\"widget\" data-e-type=\"widget\" data-widget_type=\"text-editor.default\">\n\t\t\t\t<div class=\"elementor-widget-container\">\n\t\t\t\t\t\t\t\t\tL\u2019\u00e9tude de l\u2019exp\u00e9rience d\u2019Oersted et de l\u2019\u00e9lectromagn\u00e9tisme a men\u00e9 \u00e0 de nouvelles fa\u00e7ons d\u2019exploiter l\u2019\u00e9nergie \u00e9lectrique, parmi lesquelles on trouve l\u2019\u00e9lectro-aimant qui a beaucoup d\u2019applications pratiques.\t\t\t\t\t\t\t\t<\/div>\n\t\t\t\t<\/div>\n\t\t\t\t<\/div>\n\t\t\t\t\t<\/div>\n\t\t\t\t<\/div>\n\t\t<div class=\"elementor-element elementor-element-5bb0e78 e-flex e-con-boxed e-con e-parent\" data-id=\"5bb0e78\" data-element_type=\"container\" data-e-type=\"container\">\n\t\t\t\t\t<div class=\"e-con-inner\">\n\t\t<div class=\"elementor-element elementor-element-a870622 e-flex e-con-boxed e-con e-child\" data-id=\"a870622\" data-element_type=\"container\" data-e-type=\"container\">\n\t\t\t\t\t<div class=\"e-con-inner\">\n\t\t\t\t<div class=\"elementor-element elementor-element-48a4777 elementor-widget elementor-widget-text-editor\" data-id=\"48a4777\" data-element_type=\"widget\" data-e-type=\"widget\" data-widget_type=\"text-editor.default\">\n\t\t\t\t<div class=\"elementor-widget-container\">\n\t\t\t\t\t\t\t\t\t<p><strong>Mat\u00e9riel dont tu auras besoin pour fabriquer un \u00e9lectro-aimant:<\/strong><\/p><ul class=\"-no-margin -indent\"><li>Un\u00a0<a class=\"anchorhover\" href=\"https:\/\/energizer.com\/canada-french\/centre-scientifique\/fabriquer-un-bloc-d-alimentation\/\" aria-label=\"bloc d\u2019alimentation Energizer\u00ae\">bloc d\u2019alimentation <em>Energizer<\/em><sub>\u00ae<\/sub><\/a><\/li><li>L\u2019interrupteur que tu as fabriqu\u00e9 ou un autre interrupteur \u00e0 levier du commerce<\/li><li>Un clou no 20, trombones et punaises<\/li><li>Une longueur de 6 po et une longueur de 2 verges de fil de cuivre isol\u00e9 no 22 pour sonnette, avec le fil d\u00e9nud\u00e9 sur approximativement 1 po aux deux extr\u00e9mit\u00e9s<\/li><\/ul>\t\t\t\t\t\t\t\t<\/div>\n\t\t\t\t<\/div>\n\t\t\t\t\t<\/div>\n\t\t\t\t<\/div>\n\t\t\t\t\t<\/div>\n\t\t\t\t<\/div>\n\t\t<div class=\"elementor-element elementor-element-7e58b20 e-flex e-con-boxed e-con e-parent\" data-id=\"7e58b20\" data-element_type=\"container\" data-e-type=\"container\">\n\t\t\t\t\t<div class=\"e-con-inner\">\n\t\t<div class=\"elementor-element elementor-element-eb21d34 e-flex e-con-boxed e-con e-child\" data-id=\"eb21d34\" data-element_type=\"container\" data-e-type=\"container\">\n\t\t\t\t\t<div class=\"e-con-inner\">\n\t\t\t\t<div class=\"elementor-element elementor-element-c742dea elementor-widget elementor-widget-text-editor\" data-id=\"c742dea\" data-element_type=\"widget\" data-e-type=\"widget\" data-widget_type=\"text-editor.default\">\n\t\t\t\t<div class=\"elementor-widget-container\">\n\t\t\t\t\t\t\t\t\t1. Enroule environ 100 fois le morceau de fil de fer de 2 m\u00e8tres autour du clou.\n\n\t\t\t\t\t\t\t\t<\/div>\n\t\t\t\t<\/div>\n\t\t\t\t\t<\/div>\n\t\t\t\t<\/div>\n\t\t<div class=\"elementor-element elementor-element-b263233 e-con-full e-flex e-con e-child\" data-id=\"b263233\" data-element_type=\"container\" data-e-type=\"container\">\n\t\t\t\t<div class=\"elementor-element elementor-element-8a80a7f elementor-widget elementor-widget-image\" data-id=\"8a80a7f\" data-element_type=\"widget\" data-e-type=\"widget\" data-widget_type=\"image.default\">\n\t\t\t\t<div class=\"elementor-widget-container\">\n\t\t\t\t\t\t\t\t\t\t\t\t\t\t\t<img loading=\"lazy\" decoding=\"async\" width=\"280\" height=\"57\" src=\"https:\/\/energizer.com\/canada-french\/wp-content\/uploads\/sites\/3\/2024\/09\/Wind-about-100-turns.png\" class=\"attachment-full size-full wp-image-10539\" alt=\"Wind about 100 turns\" \/>\t\t\t\t\t\t\t\t\t\t\t\t\t\t\t<\/div>\n\t\t\t\t<\/div>\n\t\t\t\t<\/div>\n\t\t\t\t\t<\/div>\n\t\t\t\t<\/div>\n\t\t<div class=\"elementor-element elementor-element-1ecbb0e e-flex e-con-boxed e-con e-parent\" data-id=\"1ecbb0e\" data-element_type=\"container\" data-e-type=\"container\">\n\t\t\t\t\t<div class=\"e-con-inner\">\n\t\t<div class=\"elementor-element elementor-element-b777482 e-con-full e-flex e-con e-child\" data-id=\"b777482\" data-element_type=\"container\" data-e-type=\"container\">\n\t\t\t\t<div class=\"elementor-element elementor-element-a1f9141 elementor-widget elementor-widget-image\" data-id=\"a1f9141\" data-element_type=\"widget\" data-e-type=\"widget\" data-widget_type=\"image.default\">\n\t\t\t\t<div class=\"elementor-widget-container\">\n\t\t\t\t\t\t\t\t\t\t\t\t\t\t\t<img loading=\"lazy\" decoding=\"async\" width=\"196\" height=\"99\" src=\"https:\/\/energizer.com\/canada-french\/wp-content\/uploads\/sites\/3\/2024\/09\/Connect-one-wire.png\" class=\"attachment-full size-full wp-image-10540\" alt=\"Connect one wire\" \/>\t\t\t\t\t\t\t\t\t\t\t\t\t\t\t<\/div>\n\t\t\t\t<\/div>\n\t\t\t\t<\/div>\n\t\t<div class=\"elementor-element elementor-element-f7406dc e-con-full e-flex e-con e-child\" data-id=\"f7406dc\" data-element_type=\"container\" data-e-type=\"container\">\n\t\t\t\t<div class=\"elementor-element elementor-element-c0cfb12 elementor-widget elementor-widget-text-editor\" data-id=\"c0cfb12\" data-element_type=\"widget\" data-e-type=\"widget\" data-widget_type=\"text-editor.default\">\n\t\t\t\t<div class=\"elementor-widget-container\">\n\t\t\t\t\t\t\t\t\t2. Raccorde une extr\u00e9mit\u00e9 du fil de fer \u00e0 l\u2019interrupteur et l\u2019autre extr\u00e9mit\u00e9 \u00e0 la borne positive (+) du bloc d\u2019alimentation. Raccorde l\u2019autre fil de fer de 6 po entre le commutateur et la borne n\u00e9gative (-) du bloc d\u2019alimentation.\n\n\t\t\t\t\t\t\t\t<\/div>\n\t\t\t\t<\/div>\n\t\t\t\t<\/div>\n\t\t\t\t\t<\/div>\n\t\t\t\t<\/div>\n\t\t<div class=\"elementor-element elementor-element-54f6a5a e-flex e-con-boxed e-con e-parent\" data-id=\"54f6a5a\" data-element_type=\"container\" data-e-type=\"container\">\n\t\t\t\t\t<div class=\"e-con-inner\">\n\t\t<div class=\"elementor-element elementor-element-5a015e0 e-flex e-con-boxed e-con e-child\" data-id=\"5a015e0\" data-element_type=\"container\" data-e-type=\"container\">\n\t\t\t\t\t<div class=\"e-con-inner\">\n\t\t\t\t<div class=\"elementor-element elementor-element-6af572c elementor-widget elementor-widget-text-editor\" data-id=\"6af572c\" data-element_type=\"widget\" data-e-type=\"widget\" data-widget_type=\"text-editor.default\">\n\t\t\t\t<div class=\"elementor-widget-container\">\n\t\t\t\t\t\t\t\t\t3. Lorsque le commutateur est ouvert, essaye de ramasser des trombones et des clous. Qu\u2019est-ce qui se produit?\n\n\t\t\t\t\t\t\t\t<\/div>\n\t\t\t\t<\/div>\n\t\t\t\t\t<\/div>\n\t\t\t\t<\/div>\n\t\t<div class=\"elementor-element elementor-element-3207d80 e-con-full e-flex e-con e-child\" data-id=\"3207d80\" data-element_type=\"container\" data-e-type=\"container\">\n\t\t\t\t<div class=\"elementor-element elementor-element-d0ca711 elementor-widget elementor-widget-image\" data-id=\"d0ca711\" data-element_type=\"widget\" data-e-type=\"widget\" data-widget_type=\"image.default\">\n\t\t\t\t<div class=\"elementor-widget-container\">\n\t\t\t\t\t\t\t\t\t\t\t\t\t\t\t<img loading=\"lazy\" decoding=\"async\" width=\"181\" height=\"110\" src=\"https:\/\/energizer.com\/canada-french\/wp-content\/uploads\/sites\/3\/2024\/09\/With-the-switch-open.png\" class=\"attachment-full size-full wp-image-10541\" alt=\"With the switch open\" \/>\t\t\t\t\t\t\t\t\t\t\t\t\t\t\t<\/div>\n\t\t\t\t<\/div>\n\t\t\t\t<\/div>\n\t\t\t\t\t<\/div>\n\t\t\t\t<\/div>\n\t\t<div class=\"elementor-element elementor-element-89d784e e-flex e-con-boxed e-con e-parent\" data-id=\"89d784e\" data-element_type=\"container\" data-e-type=\"container\">\n\t\t\t\t\t<div class=\"e-con-inner\">\n\t\t<div class=\"elementor-element elementor-element-d5b4a17 e-con-full e-flex e-con e-child\" data-id=\"d5b4a17\" data-element_type=\"container\" data-e-type=\"container\">\n\t\t\t\t<div class=\"elementor-element elementor-element-0c505aa elementor-widget elementor-widget-image\" data-id=\"0c505aa\" data-element_type=\"widget\" data-e-type=\"widget\" data-widget_type=\"image.default\">\n\t\t\t\t<div class=\"elementor-widget-container\">\n\t\t\t\t\t\t\t\t\t\t\t\t\t\t\t<img loading=\"lazy\" decoding=\"async\" width=\"194\" height=\"91\" src=\"https:\/\/energizer.com\/canada-french\/wp-content\/uploads\/sites\/3\/2024\/09\/Close-the-switch.png\" class=\"attachment-full size-full wp-image-10543\" alt=\"Close the switch\" \/>\t\t\t\t\t\t\t\t\t\t\t\t\t\t\t<\/div>\n\t\t\t\t<\/div>\n\t\t\t\t<\/div>\n\t\t<div class=\"elementor-element elementor-element-bdc5fcc e-con-full e-flex e-con e-child\" data-id=\"bdc5fcc\" data-element_type=\"container\" data-e-type=\"container\">\n\t\t\t\t<div class=\"elementor-element elementor-element-e04f18a elementor-widget elementor-widget-text-editor\" data-id=\"e04f18a\" data-element_type=\"widget\" data-e-type=\"widget\" data-widget_type=\"text-editor.default\">\n\t\t\t\t<div class=\"elementor-widget-container\">\n\t\t\t\t\t\t\t\t\t4. Ferme le commutateur et essaye de ramasser les m\u00eames trombones et punaises. Qu\u2019est-ce qui se produit?\n\n\t\t\t\t\t\t\t\t<\/div>\n\t\t\t\t<\/div>\n\t\t\t\t<\/div>\n\t\t\t\t\t<\/div>\n\t\t\t\t<\/div>\n\t\t<div class=\"elementor-element elementor-element-310da6f e-flex e-con-boxed e-con e-parent\" data-id=\"310da6f\" data-element_type=\"container\" data-e-type=\"container\">\n\t\t\t\t\t<div class=\"e-con-inner\">\n\t\t<div class=\"elementor-element elementor-element-c6547cb e-con-full e-flex e-con e-child\" data-id=\"c6547cb\" data-element_type=\"container\" data-e-type=\"container\">\n\t\t\t\t<div class=\"elementor-element elementor-element-b1de568 elementor-widget elementor-widget-text-editor\" data-id=\"b1de568\" data-element_type=\"widget\" data-e-type=\"widget\" data-widget_type=\"text-editor.default\">\n\t\t\t\t<div class=\"elementor-widget-container\">\n\t\t\t\t\t\t\t\t\tTu peux augmenter la puissance de ton \u00e9lectro-aimant en enroulant plus de fil de fer autour du clou ou en augmentant le courant. Tu peux \u00e9galement utiliser du fil pour transformateur avec un ext\u00e9rieur \u00e9maill\u00e9 afin d\u2019obtenir plus de tours autour du clou.\t\t\t\t\t\t\t\t<\/div>\n\t\t\t\t<\/div>\n\t\t\t\t<\/div>\n\t\t\t\t\t<\/div>\n\t\t\t\t<\/div>\n\t\t\t\t<\/div>\n\t\t","protected":false},"excerpt":{"rendered":"<p>Fabriquer un \u00e9lectro-aimant L\u2019\u00e9tude de l\u2019exp\u00e9rience d\u2019Oersted et de l\u2019\u00e9lectromagn\u00e9tisme a men\u00e9 \u00e0 de nouvelles fa\u00e7ons d\u2019exploiter l\u2019\u00e9nergie \u00e9lectrique, parmi lesquelles on trouve l\u2019\u00e9lectro-aimant qui a beaucoup d\u2019applications pratiques. Mat\u00e9riel dont tu auras besoin pour fabriquer un \u00e9lectro-aimant: Un\u00a0bloc d\u2019alimentation Energizer\u00ae L\u2019interrupteur que tu as fabriqu\u00e9 ou un autre interrupteur \u00e0 levier du commerce Un [&hellip;]<\/p>\n","protected":false},"author":3,"featured_media":0,"parent":10325,"menu_order":0,"comment_status":"closed","ping_status":"closed","template":"elementor_header_footer","meta":{"_acf_changed":false,"footnotes":""},"class_list":["post-10529","page","type-page","status-publish","hentry"],"acf":[],"_links":{"self":[{"href":"https:\/\/energizer.com\/canada-french\/wp-json\/wp\/v2\/pages\/10529","targetHints":{"allow":["GET"]}}],"collection":[{"href":"https:\/\/energizer.com\/canada-french\/wp-json\/wp\/v2\/pages"}],"about":[{"href":"https:\/\/energizer.com\/canada-french\/wp-json\/wp\/v2\/types\/page"}],"author":[{"embeddable":true,"href":"https:\/\/energizer.com\/canada-french\/wp-json\/wp\/v2\/users\/3"}],"replies":[{"embeddable":true,"href":"https:\/\/energizer.com\/canada-french\/wp-json\/wp\/v2\/comments?post=10529"}],"version-history":[{"count":0,"href":"https:\/\/energizer.com\/canada-french\/wp-json\/wp\/v2\/pages\/10529\/revisions"}],"up":[{"embeddable":true,"href":"https:\/\/energizer.com\/canada-french\/wp-json\/wp\/v2\/pages\/10325"}],"wp:attachment":[{"href":"https:\/\/energizer.com\/canada-french\/wp-json\/wp\/v2\/media?parent=10529"}],"curies":[{"name":"wp","href":"https:\/\/api.w.org\/{rel}","templated":true}]}}