{"id":10536,"date":"2024-09-13T08:14:08","date_gmt":"2024-09-13T08:14:08","guid":{"rendered":"https:\/\/energizer.com\/canada-french\/?page_id=10536"},"modified":"2024-09-27T06:20:56","modified_gmt":"2024-09-27T06:20:56","slug":"jeu-de-la-main-ferme","status":"publish","type":"page","link":"https:\/\/energizer.com\/canada-french\/centre-scientifique\/jeu-de-la-main-ferme\/","title":{"rendered":"Steady Hand Game"},"content":{"rendered":"\t\t<div data-elementor-type=\"wp-page\" data-elementor-id=\"10536\" class=\"elementor elementor-10536\" data-elementor-post-type=\"page\">\n\t\t\t\t<div class=\"elementor-element elementor-element-bf4034e e-flex e-con-boxed e-con e-parent\" data-id=\"bf4034e\" data-element_type=\"container\" data-e-type=\"container\">\n\t\t\t\t\t<div class=\"e-con-inner\">\n\t\t\t\t<div class=\"elementor-element elementor-element-5b1c1c5 elementor-widget elementor-widget-heading\" data-id=\"5b1c1c5\" data-element_type=\"widget\" data-e-type=\"widget\" data-widget_type=\"heading.default\">\n\t\t\t\t<div class=\"elementor-widget-container\">\n\t\t\t\t\t<h1 class=\"elementor-heading-title elementor-size-default\">Steady Hand Game<\/h1>\t\t\t\t<\/div>\n\t\t\t\t<\/div>\n\t\t\t\t<div class=\"elementor-element elementor-element-f0068e2 elementor-widget-divider--view-line elementor-widget elementor-widget-divider\" data-id=\"f0068e2\" data-element_type=\"widget\" data-e-type=\"widget\" data-widget_type=\"divider.default\">\n\t\t\t\t<div class=\"elementor-widget-container\">\n\t\t\t\t\t\t\t<div class=\"elementor-divider\">\n\t\t\t<span class=\"elementor-divider-separator\">\n\t\t\t\t\t\t<\/span>\n\t\t<\/div>\n\t\t\t\t\t\t<\/div>\n\t\t\t\t<\/div>\n\t\t\t\t\t<\/div>\n\t\t\t\t<\/div>\n\t\t<div class=\"elementor-element elementor-element-feffa18 e-flex e-con-boxed e-con e-parent\" data-id=\"feffa18\" data-element_type=\"container\" data-e-type=\"container\">\n\t\t\t\t\t<div class=\"e-con-inner\">\n\t\t<div class=\"elementor-element elementor-element-7ba7189 e-con-full e-flex e-con e-child\" data-id=\"7ba7189\" data-element_type=\"container\" data-e-type=\"container\">\n\t\t\t\t<div class=\"elementor-element elementor-element-8139e00 elementor-widget elementor-widget-text-editor\" data-id=\"8139e00\" data-element_type=\"widget\" data-e-type=\"widget\" data-widget_type=\"text-editor.default\">\n\t\t\t\t<div class=\"elementor-widget-container\">\n\t\t\t\t\t\t\t\t\t<p>Ta main est-elle plus rapide que ton oeil? La coordination oeil-main fait partie de presque toutes tes activit\u00e9s. Tu peux fabriquer ce jeu pour d\u00e9velopper tes comp\u00e9tences.<\/p><p><strong>Mat\u00e9riel dont tu auras besoin:<\/strong><\/p><ul class=\"-no-margin -indent\"><li>Un\u00a0<a class=\"anchorhover\" href=\"https:\/\/energizer.com\/canada-french\/centre-scientifique\/fabriquer-un-bloc-d-alimentation\/\" aria-label=\"bloc d\u2019alimentation\u00a0Energizer\u00ae\">bloc d\u2019alimentation\u00a0<em>Energizer<\/em><sub>\u00ae<\/sub><\/a><\/li><li>Une douille pour ampoule<\/li><li>Un morceau de fil de cuivre d\u00e9nud\u00e9 d\u2019approximativement 30 po de longueur<\/li><li>Du fil de cuivre isol\u00e9 no 22<\/li><li>Le couvercle d\u2019une bo\u00eete \u00e0 chaussures et du ruban adh\u00e9sif<\/li><\/ul>\t\t\t\t\t\t\t\t<\/div>\n\t\t\t\t<\/div>\n\t\t\t\t<\/div>\n\t\t\t\t\t<\/div>\n\t\t\t\t<\/div>\n\t\t<div class=\"elementor-element elementor-element-3ed0751 e-flex e-con-boxed e-con e-parent\" data-id=\"3ed0751\" data-element_type=\"container\" data-e-type=\"container\">\n\t\t\t\t\t<div class=\"e-con-inner\">\n\t\t<div class=\"elementor-element elementor-element-0190301 e-flex e-con-boxed e-con e-child\" data-id=\"0190301\" data-element_type=\"container\" data-e-type=\"container\">\n\t\t\t\t\t<div class=\"e-con-inner\">\n\t\t\t\t<div class=\"elementor-element elementor-element-b8b73b0 elementor-widget elementor-widget-text-editor\" data-id=\"b8b73b0\" data-element_type=\"widget\" data-e-type=\"widget\" data-widget_type=\"text-editor.default\">\n\t\t\t\t<div class=\"elementor-widget-container\">\n\t\t\t\t\t\t\t\t\t1. Coupe au moins 2 pi de fil isol\u00e9 no 22. Enl\u00e8ve 3 pouces d\u2019isolation d\u2019une des extr\u00e9mit\u00e9s et fais une boucle pour former une tige.\n\n\t\t\t\t\t\t\t\t<\/div>\n\t\t\t\t<\/div>\n\t\t\t\t\t<\/div>\n\t\t\t\t<\/div>\n\t\t<div class=\"elementor-element elementor-element-6c2d2da e-flex e-con-boxed e-con e-child\" data-id=\"6c2d2da\" data-element_type=\"container\" data-e-type=\"container\">\n\t\t\t\t\t<div class=\"e-con-inner\">\n\t\t\t\t<div class=\"elementor-element elementor-element-df6bfe1 elementor-widget elementor-widget-image\" data-id=\"df6bfe1\" data-element_type=\"widget\" data-e-type=\"widget\" data-widget_type=\"image.default\">\n\t\t\t\t<div class=\"elementor-widget-container\">\n\t\t\t\t\t\t\t\t\t\t\t\t\t\t\t<img loading=\"lazy\" decoding=\"async\" width=\"243\" height=\"71\" src=\"https:\/\/energizer.com\/canada-french\/wp-content\/uploads\/sites\/3\/2024\/09\/long-piece-of-insulated.png\" class=\"attachment-full size-full wp-image-10550\" alt=\"long piece of insulated\" \/>\t\t\t\t\t\t\t\t\t\t\t\t\t\t\t<\/div>\n\t\t\t\t<\/div>\n\t\t\t\t\t<\/div>\n\t\t\t\t<\/div>\n\t\t\t\t\t<\/div>\n\t\t\t\t<\/div>\n\t\t<div class=\"elementor-element elementor-element-b1c67f0 e-flex e-con-boxed e-con e-parent\" data-id=\"b1c67f0\" data-element_type=\"container\" data-e-type=\"container\">\n\t\t\t\t\t<div class=\"e-con-inner\">\n\t\t<div class=\"elementor-element elementor-element-1c63a56 e-flex e-con-boxed e-con e-child\" data-id=\"1c63a56\" data-element_type=\"container\" data-e-type=\"container\">\n\t\t\t\t\t<div class=\"e-con-inner\">\n\t\t\t\t<div class=\"elementor-element elementor-element-3adc292 elementor-widget elementor-widget-text-editor\" data-id=\"3adc292\" data-element_type=\"widget\" data-e-type=\"widget\" data-widget_type=\"text-editor.default\">\n\t\t\t\t<div class=\"elementor-widget-container\">\n\t\t\t\t\t\t\t\t\t2. Replie le fil d\u00e9nud\u00e9 de 30 po de fa\u00e7on \u00e0 former des vagues. Tu peux le plier verticalement ou horizontalement, ou dans n\u2019importe quelle forme que tu veux.\n\n\t\t\t\t\t\t\t\t<\/div>\n\t\t\t\t<\/div>\n\t\t\t\t\t<\/div>\n\t\t\t\t<\/div>\n\t\t<div class=\"elementor-element elementor-element-174b5e6 e-flex e-con-boxed e-con e-child\" data-id=\"174b5e6\" data-element_type=\"container\" data-e-type=\"container\">\n\t\t\t\t\t<div class=\"e-con-inner\">\n\t\t\t\t<div class=\"elementor-element elementor-element-163d4e7 elementor-widget elementor-widget-image\" data-id=\"163d4e7\" data-element_type=\"widget\" data-e-type=\"widget\" data-widget_type=\"image.default\">\n\t\t\t\t<div class=\"elementor-widget-container\">\n\t\t\t\t\t\t\t\t\t\t\t\t\t\t\t<img loading=\"lazy\" decoding=\"async\" width=\"242\" height=\"88\" src=\"https:\/\/energizer.com\/canada-french\/wp-content\/uploads\/sites\/3\/2024\/09\/turn-the-light-bulb-on.png\" class=\"attachment-full size-full wp-image-10554\" alt=\"turn the light bulb on\" \/>\t\t\t\t\t\t\t\t\t\t\t\t\t\t\t<\/div>\n\t\t\t\t<\/div>\n\t\t\t\t\t<\/div>\n\t\t\t\t<\/div>\n\t\t\t\t\t<\/div>\n\t\t\t\t<\/div>\n\t\t<div class=\"elementor-element elementor-element-48f6a42 e-flex e-con-boxed e-con e-parent\" data-id=\"48f6a42\" data-element_type=\"container\" data-e-type=\"container\">\n\t\t\t\t\t<div class=\"e-con-inner\">\n\t\t<div class=\"elementor-element elementor-element-58280c1 e-flex e-con-boxed e-con e-child\" data-id=\"58280c1\" data-element_type=\"container\" data-e-type=\"container\">\n\t\t\t\t\t<div class=\"e-con-inner\">\n\t\t\t\t<div class=\"elementor-element elementor-element-ecd9b7f elementor-widget elementor-widget-text-editor\" data-id=\"ecd9b7f\" data-element_type=\"widget\" data-e-type=\"widget\" data-widget_type=\"text-editor.default\">\n\t\t\t\t<div class=\"elementor-widget-container\">\n\t\t\t\t\t\t\t\t\t3. Fais passer le fil en forme de vagues \u00e0 travers la tige et place les extr\u00e9mit\u00e9s dans les trous perc\u00e9s dans le couvercle de la bo\u00eete. Replie les extr\u00e9mit\u00e9s du fil dans des directions oppos\u00e9es, tel qu\u2019indiqu\u00e9, et fixe-le \u00e0 l\u2019int\u00e9rieur.\n\n\t\t\t\t\t\t\t\t<\/div>\n\t\t\t\t<\/div>\n\t\t\t\t\t<\/div>\n\t\t\t\t<\/div>\n\t\t<div class=\"elementor-element elementor-element-ff98969 e-flex e-con-boxed e-con e-child\" data-id=\"ff98969\" data-element_type=\"container\" data-e-type=\"container\">\n\t\t\t\t\t<div class=\"e-con-inner\">\n\t\t\t\t<div class=\"elementor-element elementor-element-7002a6c elementor-widget elementor-widget-image\" data-id=\"7002a6c\" data-element_type=\"widget\" data-e-type=\"widget\" data-widget_type=\"image.default\">\n\t\t\t\t<div class=\"elementor-widget-container\">\n\t\t\t\t\t\t\t\t\t\t\t\t\t\t\t<img loading=\"lazy\" decoding=\"async\" width=\"243\" height=\"60\" src=\"https:\/\/energizer.com\/canada-french\/wp-content\/uploads\/sites\/3\/2024\/09\/short-piece-of-insulated.png\" class=\"attachment-full size-full wp-image-10558\" alt=\"short piece of insulated\" \/>\t\t\t\t\t\t\t\t\t\t\t\t\t\t\t<\/div>\n\t\t\t\t<\/div>\n\t\t\t\t\t<\/div>\n\t\t\t\t<\/div>\n\t\t\t\t\t<\/div>\n\t\t\t\t<\/div>\n\t\t<div class=\"elementor-element elementor-element-c50ea15 e-flex e-con-boxed e-con e-parent\" data-id=\"c50ea15\" data-element_type=\"container\" data-e-type=\"container\">\n\t\t\t\t\t<div class=\"e-con-inner\">\n\t\t<div class=\"elementor-element elementor-element-d5a5a3f e-flex e-con-boxed e-con e-child\" data-id=\"d5a5a3f\" data-element_type=\"container\" data-e-type=\"container\">\n\t\t\t\t\t<div class=\"e-con-inner\">\n\t\t\t\t<div class=\"elementor-element elementor-element-e3a3dde elementor-widget elementor-widget-text-editor\" data-id=\"e3a3dde\" data-element_type=\"widget\" data-e-type=\"widget\" data-widget_type=\"text-editor.default\">\n\t\t\t\t<div class=\"elementor-widget-container\">\n\t\t\t\t\t\t\t\t\t4. Utilise du fil isol\u00e9 pour connecter la borne positive du bloc d\u2019alimentation \u00e0 une extr\u00e9mit\u00e9 du fil d\u00e9nud\u00e9 en forme de vagues. Raccorde l\u2019extr\u00e9mit\u00e9 de la borne n\u00e9gative du bloc d\u2019alimentation \u00e0 la douille pour ampoule, puis l\u2019autre extr\u00e9mit\u00e9 de la douille pour ampoule \u00e0 la tige. Utilise du ruban isolant aux extr\u00e9mit\u00e9s du fil en forme de vagues pour que la lumi\u00e8re s\u2019\u00e9teigne \u00e0 la fin. Lorsque le jeu n\u2019est pas utilis\u00e9, la tige ne doit pas \u00eatre utilis\u00e9e \u00e0 la fin pour que la lumi\u00e8re ne s\u2019allume pas et que les piles ne se d\u00e9chargent pas.\n\n\t\t\t\t\t\t\t\t<\/div>\n\t\t\t\t<\/div>\n\t\t\t\t\t<\/div>\n\t\t\t\t<\/div>\n\t\t<div class=\"elementor-element elementor-element-d19eebc e-flex e-con-boxed e-con e-child\" data-id=\"d19eebc\" data-element_type=\"container\" data-e-type=\"container\">\n\t\t\t\t\t<div class=\"e-con-inner\">\n\t\t\t\t<div class=\"elementor-element elementor-element-97456b4 elementor-widget elementor-widget-image\" data-id=\"97456b4\" data-element_type=\"widget\" data-e-type=\"widget\" data-widget_type=\"image.default\">\n\t\t\t\t<div class=\"elementor-widget-container\">\n\t\t\t\t\t\t\t\t\t\t\t\t\t\t\t<img loading=\"lazy\" decoding=\"async\" width=\"233\" height=\"137\" src=\"https:\/\/energizer.com\/canada-french\/wp-content\/uploads\/sites\/3\/2024\/09\/Use-insulated-wire.png\" class=\"attachment-full size-full wp-image-10559\" alt=\"Use insulated wire\" \/>\t\t\t\t\t\t\t\t\t\t\t\t\t\t\t<\/div>\n\t\t\t\t<\/div>\n\t\t\t\t\t<\/div>\n\t\t\t\t<\/div>\n\t\t\t\t\t<\/div>\n\t\t\t\t<\/div>\n\t\t<div class=\"elementor-element elementor-element-58ac803 e-flex e-con-boxed e-con e-parent\" data-id=\"58ac803\" data-element_type=\"container\" data-e-type=\"container\">\n\t\t\t\t\t<div class=\"e-con-inner\">\n\t\t<div class=\"elementor-element elementor-element-4967579 e-flex e-con-boxed e-con e-child\" data-id=\"4967579\" data-element_type=\"container\" data-e-type=\"container\">\n\t\t\t\t\t<div class=\"e-con-inner\">\n\t\t\t\t<div class=\"elementor-element elementor-element-3a07785 elementor-widget elementor-widget-text-editor\" data-id=\"3a07785\" data-element_type=\"widget\" data-e-type=\"widget\" data-widget_type=\"text-editor.default\">\n\t\t\t\t<div class=\"elementor-widget-container\">\n\t\t\t\t\t\t\t\t\t5. Essaye de passer la boucle par-dessus le fil en forme de vagues sans allumer l\u2019ampoule.\n\n\t\t\t\t\t\t\t\t<\/div>\n\t\t\t\t<\/div>\n\t\t\t\t\t<\/div>\n\t\t\t\t<\/div>\n\t\t<div class=\"elementor-element elementor-element-4861067 e-flex e-con-boxed e-con e-child\" data-id=\"4861067\" data-element_type=\"container\" data-e-type=\"container\">\n\t\t\t\t\t<div class=\"e-con-inner\">\n\t\t\t\t<div class=\"elementor-element elementor-element-06d790e elementor-widget elementor-widget-image\" data-id=\"06d790e\" data-element_type=\"widget\" data-e-type=\"widget\" data-widget_type=\"image.default\">\n\t\t\t\t<div class=\"elementor-widget-container\">\n\t\t\t\t\t\t\t\t\t\t\t\t\t\t\t<img loading=\"lazy\" decoding=\"async\" width=\"234\" height=\"140\" src=\"https:\/\/energizer.com\/canada-french\/wp-content\/uploads\/sites\/3\/2024\/09\/pass-the-loop.png\" class=\"attachment-full size-full wp-image-10564\" alt=\"pass the loop\" \/>\t\t\t\t\t\t\t\t\t\t\t\t\t\t\t<\/div>\n\t\t\t\t<\/div>\n\t\t\t\t\t<\/div>\n\t\t\t\t<\/div>\n\t\t\t\t\t<\/div>\n\t\t\t\t<\/div>\n\t\t<div class=\"elementor-element elementor-element-9be4422 e-flex e-con-boxed e-con e-parent\" data-id=\"9be4422\" data-element_type=\"container\" data-e-type=\"container\">\n\t\t\t\t\t<div class=\"e-con-inner\">\n\t\t<div class=\"elementor-element elementor-element-9436e10 e-con-full e-flex e-con e-child\" data-id=\"9436e10\" data-element_type=\"container\" data-e-type=\"container\">\n\t\t\t\t<div class=\"elementor-element elementor-element-a2f3675 elementor-widget elementor-widget-text-editor\" data-id=\"a2f3675\" data-element_type=\"widget\" data-e-type=\"widget\" data-widget_type=\"text-editor.default\">\n\t\t\t\t<div class=\"elementor-widget-container\">\n\t\t\t\t\t\t\t\t\tSi la tige touche le fil, le circuit est complet et l\u2019ampoule s\u2019allume. Lorsque tu t\u2019am\u00e9liores \u00e0 ce jeu, mets plus de vagues dans le fil. Tu peux jouer avec ta famille et tes amis et tu verras qui sera le plus rapide \u00e0 relever le d\u00e9fi.\n\n\t\t\t\t\t\t\t\t<\/div>\n\t\t\t\t<\/div>\n\t\t\t\t<\/div>\n\t\t\t\t\t<\/div>\n\t\t\t\t<\/div>\n\t\t\t\t<\/div>\n\t\t","protected":false},"excerpt":{"rendered":"<p>Steady Hand Game Ta main est-elle plus rapide que ton oeil? La coordination oeil-main fait partie de presque toutes tes activit\u00e9s. Tu peux fabriquer ce jeu pour d\u00e9velopper tes comp\u00e9tences. Mat\u00e9riel dont tu auras besoin: Un\u00a0bloc d\u2019alimentation\u00a0Energizer\u00ae Une douille pour ampoule Un morceau de fil de cuivre d\u00e9nud\u00e9 d\u2019approximativement 30 po de longueur Du fil [&hellip;]<\/p>\n","protected":false},"author":3,"featured_media":0,"parent":10325,"menu_order":0,"comment_status":"closed","ping_status":"closed","template":"elementor_header_footer","meta":{"_acf_changed":false,"footnotes":""},"class_list":["post-10536","page","type-page","status-publish","hentry"],"acf":[],"_links":{"self":[{"href":"https:\/\/energizer.com\/canada-french\/wp-json\/wp\/v2\/pages\/10536","targetHints":{"allow":["GET"]}}],"collection":[{"href":"https:\/\/energizer.com\/canada-french\/wp-json\/wp\/v2\/pages"}],"about":[{"href":"https:\/\/energizer.com\/canada-french\/wp-json\/wp\/v2\/types\/page"}],"author":[{"embeddable":true,"href":"https:\/\/energizer.com\/canada-french\/wp-json\/wp\/v2\/users\/3"}],"replies":[{"embeddable":true,"href":"https:\/\/energizer.com\/canada-french\/wp-json\/wp\/v2\/comments?post=10536"}],"version-history":[{"count":0,"href":"https:\/\/energizer.com\/canada-french\/wp-json\/wp\/v2\/pages\/10536\/revisions"}],"up":[{"embeddable":true,"href":"https:\/\/energizer.com\/canada-french\/wp-json\/wp\/v2\/pages\/10325"}],"wp:attachment":[{"href":"https:\/\/energizer.com\/canada-french\/wp-json\/wp\/v2\/media?parent=10536"}],"curies":[{"name":"wp","href":"https:\/\/api.w.org\/{rel}","templated":true}]}}