{"id":10563,"date":"2024-09-13T08:26:40","date_gmt":"2024-09-13T08:26:40","guid":{"rendered":"https:\/\/energizer.com\/canada-french\/?page_id=10563"},"modified":"2024-09-27T06:24:41","modified_gmt":"2024-09-27T06:24:41","slug":"experience-d-oersted","status":"publish","type":"page","link":"https:\/\/energizer.com\/canada-french\/centre-scientifique\/experience-d-oersted\/","title":{"rendered":"Oersted&#8217;s Experiment"},"content":{"rendered":"\t\t<div data-elementor-type=\"wp-page\" data-elementor-id=\"10563\" class=\"elementor elementor-10563\" data-elementor-post-type=\"page\">\n\t\t\t\t<div class=\"elementor-element elementor-element-6a7ca4d8 e-flex e-con-boxed e-con e-parent\" data-id=\"6a7ca4d8\" data-element_type=\"container\" data-e-type=\"container\">\n\t\t\t\t\t<div class=\"e-con-inner\">\n\t\t\t\t<div class=\"elementor-element elementor-element-78b1b4c elementor-widget elementor-widget-heading\" data-id=\"78b1b4c\" data-element_type=\"widget\" data-e-type=\"widget\" data-widget_type=\"heading.default\">\n\t\t\t\t<div class=\"elementor-widget-container\">\n\t\t\t\t\t<h1 class=\"elementor-heading-title elementor-size-default\">Exp\u00e9rience d\u2019Oersted\n<\/h1>\t\t\t\t<\/div>\n\t\t\t\t<\/div>\n\t\t\t\t<div class=\"elementor-element elementor-element-42f0ebf4 elementor-widget-divider--view-line elementor-widget elementor-widget-divider\" data-id=\"42f0ebf4\" data-element_type=\"widget\" data-e-type=\"widget\" data-widget_type=\"divider.default\">\n\t\t\t\t<div class=\"elementor-widget-container\">\n\t\t\t\t\t\t\t<div class=\"elementor-divider\">\n\t\t\t<span class=\"elementor-divider-separator\">\n\t\t\t\t\t\t<\/span>\n\t\t<\/div>\n\t\t\t\t\t\t<\/div>\n\t\t\t\t<\/div>\n\t\t\t\t\t<\/div>\n\t\t\t\t<\/div>\n\t\t<div class=\"elementor-element elementor-element-544b4ba0 e-flex e-con-boxed e-con e-parent\" data-id=\"544b4ba0\" data-element_type=\"container\" data-e-type=\"container\">\n\t\t\t\t\t<div class=\"e-con-inner\">\n\t\t<div class=\"elementor-element elementor-element-19980bf e-con-full e-flex e-con e-child\" data-id=\"19980bf\" data-element_type=\"container\" data-e-type=\"container\">\n\t\t\t\t<div class=\"elementor-element elementor-element-76fe2c52 elementor-widget elementor-widget-text-editor\" data-id=\"76fe2c52\" data-element_type=\"widget\" data-e-type=\"widget\" data-widget_type=\"text-editor.default\">\n\t\t\t\t<div class=\"elementor-widget-container\">\n\t\t\t\t\t\t\t\t\tEn 1819, un scientifique danois nomm\u00e9 Hans Christian Oersted d\u00e9couvre une relation \u00e9troite entre l\u2019\u00e9lectricit\u00e9 et le magn\u00e9tisme gr\u00e2ce \u00e0 cette exp\u00e9rience. Cette nouvelle connaissance a men\u00e9 \u00e0 l\u2019\u00e9tude de l\u2019\u00e9lectromagn\u00e9tisme.\n\n\t\t\t\t\t\t\t\t<\/div>\n\t\t\t\t<\/div>\n\t\t\t\t<\/div>\n\t\t\t\t\t<\/div>\n\t\t\t\t<\/div>\n\t\t<div class=\"elementor-element elementor-element-503030d e-flex e-con-boxed e-con e-parent\" data-id=\"503030d\" data-element_type=\"container\" data-e-type=\"container\">\n\t\t\t\t\t<div class=\"e-con-inner\">\n\t\t<div class=\"elementor-element elementor-element-494cf890 e-flex e-con-boxed e-con e-child\" data-id=\"494cf890\" data-element_type=\"container\" data-e-type=\"container\">\n\t\t\t\t\t<div class=\"e-con-inner\">\n\t\t\t\t<div class=\"elementor-element elementor-element-2d7862f4 elementor-widget elementor-widget-text-editor\" data-id=\"2d7862f4\" data-element_type=\"widget\" data-e-type=\"widget\" data-widget_type=\"text-editor.default\">\n\t\t\t\t<div class=\"elementor-widget-container\">\n\t\t\t\t\t\t\t\t\t<p><strong>Mat\u00e9riel dont tu auras besoin:<\/strong><\/p><ul class=\"-no-margin -indent\"><li>Un\u00a0<a class=\"anchorhover\" href=\"https:\/\/energizer.com\/canada-french\/centre-scientifique\/fabriquer-un-bloc-d-alimentation\/\" aria-label=\"bloc d\u2019alimentation\u00a0Energizer\u00ae\">bloc d\u2019alimentation\u00a0<em>Energizer<\/em><sub>\u00ae<\/sub><\/a><\/li><li>Un commutateur ou autre commutateur \u00e0 levier disponible dans le commerce<\/li><li>Du li\u00e8ge (coupe une tranche de \u00bc po de largeur d\u2019un bouchon de li\u00e8ge de 3\/4 de pouce)<\/li><li>Un petit bol non m\u00e9tallique<\/li><li>Du fil de cuivre isol\u00e9 no 22<\/li><li>Un aimant en forme de fer \u00e0 cheval ou droit<\/li><li>Une aiguille<\/li><li>De la p\u00e2te \u00e0 modeler<\/li><li>Du ruban adh\u00e9sif<\/li><\/ul>\t\t\t\t\t\t\t\t<\/div>\n\t\t\t\t<\/div>\n\t\t\t\t\t<\/div>\n\t\t\t\t<\/div>\n\t\t\t\t\t<\/div>\n\t\t\t\t<\/div>\n\t\t<div class=\"elementor-element elementor-element-fa792fb e-flex e-con-boxed e-con e-parent\" data-id=\"fa792fb\" data-element_type=\"container\" data-e-type=\"container\">\n\t\t\t\t\t<div class=\"e-con-inner\">\n\t\t<div class=\"elementor-element elementor-element-7ac476f e-flex e-con-boxed e-con e-child\" data-id=\"7ac476f\" data-element_type=\"container\" data-e-type=\"container\">\n\t\t\t\t\t<div class=\"e-con-inner\">\n\t\t\t\t<div class=\"elementor-element elementor-element-e9ec34d elementor-widget elementor-widget-text-editor\" data-id=\"e9ec34d\" data-element_type=\"widget\" data-e-type=\"widget\" data-widget_type=\"text-editor.default\">\n\t\t\t\t<div class=\"elementor-widget-container\">\n\t\t\t\t\t\t\t\t\t1. Le long d\u2019un c\u00f4t\u00e9 de l\u2019aimant, frotte l\u2019aiguille de son milieu vers son extr\u00e9mit\u00e9 pointue. Assure-toi de frotter dans la m\u00eame direction de 30 \u00e0 40 fois afin de magn\u00e9tiser la pointe de l\u2019aiguille. Tu peux tester l\u2019aimantation de l\u2019aiguille en essayant d\u2019attirer une autre aiguille. Si tu peux attirer la deuxi\u00e8me aiguille, tu es pr\u00eat \u00e0 assembler ta boussole.\n\n\t\t\t\t\t\t\t\t<\/div>\n\t\t\t\t<\/div>\n\t\t\t\t\t<\/div>\n\t\t\t\t<\/div>\n\t\t<div class=\"elementor-element elementor-element-9ad7ae1 e-con-full e-flex e-con e-child\" data-id=\"9ad7ae1\" data-element_type=\"container\" data-e-type=\"container\">\n\t\t\t\t<div class=\"elementor-element elementor-element-4c6a407 elementor-widget elementor-widget-image\" data-id=\"4c6a407\" data-element_type=\"widget\" data-e-type=\"widget\" data-widget_type=\"image.default\">\n\t\t\t\t<div class=\"elementor-widget-container\">\n\t\t\t\t\t\t\t\t\t\t\t\t\t\t\t<img loading=\"lazy\" decoding=\"async\" width=\"194\" height=\"130\" src=\"https:\/\/energizer.com\/canada-french\/wp-content\/uploads\/sites\/3\/2024\/09\/Rub-from-the-middle.png\" class=\"attachment-full size-full wp-image-10573\" alt=\"Rub from the middle\" \/>\t\t\t\t\t\t\t\t\t\t\t\t\t\t\t<\/div>\n\t\t\t\t<\/div>\n\t\t\t\t<\/div>\n\t\t\t\t\t<\/div>\n\t\t\t\t<\/div>\n\t\t<div class=\"elementor-element elementor-element-7e0282f4 e-flex e-con-boxed e-con e-parent\" data-id=\"7e0282f4\" data-element_type=\"container\" data-e-type=\"container\">\n\t\t\t\t\t<div class=\"e-con-inner\">\n\t\t<div class=\"elementor-element elementor-element-1a0846f6 e-con-full e-flex e-con e-child\" data-id=\"1a0846f6\" data-element_type=\"container\" data-e-type=\"container\">\n\t\t\t\t<div class=\"elementor-element elementor-element-41793fb5 elementor-widget elementor-widget-image\" data-id=\"41793fb5\" data-element_type=\"widget\" data-e-type=\"widget\" data-widget_type=\"image.default\">\n\t\t\t\t<div class=\"elementor-widget-container\">\n\t\t\t\t\t\t\t\t\t\t\t\t\t\t\t<img loading=\"lazy\" decoding=\"async\" width=\"140\" height=\"148\" src=\"https:\/\/energizer.com\/canada-french\/wp-content\/uploads\/sites\/3\/2024\/09\/Fill-the-bowl-with-water.png\" class=\"attachment-full size-full wp-image-10574\" alt=\"Fill the bowl with water\" \/>\t\t\t\t\t\t\t\t\t\t\t\t\t\t\t<\/div>\n\t\t\t\t<\/div>\n\t\t\t\t<\/div>\n\t\t<div class=\"elementor-element elementor-element-4da3ab6d e-con-full e-flex e-con e-child\" data-id=\"4da3ab6d\" data-element_type=\"container\" data-e-type=\"container\">\n\t\t\t\t<div class=\"elementor-element elementor-element-16e21f34 elementor-widget elementor-widget-text-editor\" data-id=\"16e21f34\" data-element_type=\"widget\" data-e-type=\"widget\" data-widget_type=\"text-editor.default\">\n\t\t\t\t<div class=\"elementor-widget-container\">\n\t\t\t\t\t\t\t\t\t2. Remplis le bol avec de l\u2019eau. Attache l\u2019aiguille sur le bouchon de li\u00e8ge avec du ruban adh\u00e9sif et place le bouchon dans le bol.\n\n\t\t\t\t\t\t\t\t<\/div>\n\t\t\t\t<\/div>\n\t\t\t\t<\/div>\n\t\t\t\t\t<\/div>\n\t\t\t\t<\/div>\n\t\t<div class=\"elementor-element elementor-element-1ba84d9 e-flex e-con-boxed e-con e-parent\" data-id=\"1ba84d9\" data-element_type=\"container\" data-e-type=\"container\">\n\t\t\t\t\t<div class=\"e-con-inner\">\n\t\t<div class=\"elementor-element elementor-element-c57be42 e-flex e-con-boxed e-con e-child\" data-id=\"c57be42\" data-element_type=\"container\" data-e-type=\"container\">\n\t\t\t\t\t<div class=\"e-con-inner\">\n\t\t\t\t<div class=\"elementor-element elementor-element-8dcee4a elementor-widget elementor-widget-text-editor\" data-id=\"8dcee4a\" data-element_type=\"widget\" data-e-type=\"widget\" data-widget_type=\"text-editor.default\">\n\t\t\t\t<div class=\"elementor-widget-container\">\n\t\t\t\t\t\t\t\t\t3. D\u00e9place l\u2019aimant autour du bol et observe la fa\u00e7on dont l\u2019aiguille r\u00e9agit \u00e0 l\u2019aimant.\n\n\t\t\t\t\t\t\t\t<\/div>\n\t\t\t\t<\/div>\n\t\t\t\t\t<\/div>\n\t\t\t\t<\/div>\n\t\t<div class=\"elementor-element elementor-element-ba170be e-con-full e-flex e-con e-child\" data-id=\"ba170be\" data-element_type=\"container\" data-e-type=\"container\">\n\t\t\t\t<div class=\"elementor-element elementor-element-451238e elementor-widget elementor-widget-image\" data-id=\"451238e\" data-element_type=\"widget\" data-e-type=\"widget\" data-widget_type=\"image.default\">\n\t\t\t\t<div class=\"elementor-widget-container\">\n\t\t\t\t\t\t\t\t\t\t\t\t\t\t\t<img loading=\"lazy\" decoding=\"async\" width=\"194\" height=\"144\" src=\"https:\/\/energizer.com\/canada-french\/wp-content\/uploads\/sites\/3\/2024\/09\/Move-the-magnet-around.png\" class=\"attachment-full size-full wp-image-10575\" alt=\"Move the magnet around\" \/>\t\t\t\t\t\t\t\t\t\t\t\t\t\t\t<\/div>\n\t\t\t\t<\/div>\n\t\t\t\t<\/div>\n\t\t\t\t\t<\/div>\n\t\t\t\t<\/div>\n\t\t<div class=\"elementor-element elementor-element-28b36f2c e-flex e-con-boxed e-con e-parent\" data-id=\"28b36f2c\" data-element_type=\"container\" data-e-type=\"container\">\n\t\t\t\t\t<div class=\"e-con-inner\">\n\t\t<div class=\"elementor-element elementor-element-561c6c66 e-con-full e-flex e-con e-child\" data-id=\"561c6c66\" data-element_type=\"container\" data-e-type=\"container\">\n\t\t\t\t<div class=\"elementor-element elementor-element-20495856 elementor-widget elementor-widget-image\" data-id=\"20495856\" data-element_type=\"widget\" data-e-type=\"widget\" data-widget_type=\"image.default\">\n\t\t\t\t<div class=\"elementor-widget-container\">\n\t\t\t\t\t\t\t\t\t\t\t\t\t\t\t<img loading=\"lazy\" decoding=\"async\" width=\"166\" height=\"133\" src=\"https:\/\/energizer.com\/canada-french\/wp-content\/uploads\/sites\/3\/2024\/09\/Place-a-wire-on-top.png\" class=\"attachment-full size-full wp-image-10576\" alt=\"Place a wire on top\" \/>\t\t\t\t\t\t\t\t\t\t\t\t\t\t\t<\/div>\n\t\t\t\t<\/div>\n\t\t\t\t<\/div>\n\t\t<div class=\"elementor-element elementor-element-3841594b e-con-full e-flex e-con e-child\" data-id=\"3841594b\" data-element_type=\"container\" data-e-type=\"container\">\n\t\t\t\t<div class=\"elementor-element elementor-element-1bb44f4 elementor-widget elementor-widget-text-editor\" data-id=\"1bb44f4\" data-element_type=\"widget\" data-e-type=\"widget\" data-widget_type=\"text-editor.default\">\n\t\t\t\t<div class=\"elementor-widget-container\">\n\t\t\t\t\t\t\t\t\t4. Place un fil de cuivre sur le dessus du bol et fixe-le avec de l\u2019argile, tel qu\u2019illustr\u00e9. Raccorde une extr\u00e9mit\u00e9 du fil de fer au commutateur et l\u2019autre \u00e0 la borne positive (+) du bloc d\u2019alimentation. Raccorde un autre fil du commutateur \u00e0 la borne n\u00e9gative (-) du bloc d\u2019alimentation.\n\n\t\t\t\t\t\t\t\t<\/div>\n\t\t\t\t<\/div>\n\t\t\t\t<\/div>\n\t\t\t\t\t<\/div>\n\t\t\t\t<\/div>\n\t\t<div class=\"elementor-element elementor-element-11f850ed e-flex e-con-boxed e-con e-parent\" data-id=\"11f850ed\" data-element_type=\"container\" data-e-type=\"container\">\n\t\t\t\t\t<div class=\"e-con-inner\">\n\t\t<div class=\"elementor-element elementor-element-3478282 e-flex e-con-boxed e-con e-child\" data-id=\"3478282\" data-element_type=\"container\" data-e-type=\"container\">\n\t\t\t\t\t<div class=\"e-con-inner\">\n\t\t\t\t<div class=\"elementor-element elementor-element-1c39094c elementor-widget elementor-widget-text-editor\" data-id=\"1c39094c\" data-element_type=\"widget\" data-e-type=\"widget\" data-widget_type=\"text-editor.default\">\n\t\t\t\t<div class=\"elementor-widget-container\">\n\t\t\t\t\t\t\t\t\t5. Ferme l\u2019interrupteur momentan\u00e9ment et observe la fa\u00e7on dont l\u2019aiguille se d\u00e9place, puis rouvre l\u2019interrupteur. Ne laisse pas l\u2019interrupteur en marche pendant de longues p\u00e9riodes. Il y a une faible r\u00e9sistance dans le circuit et les piles surchaufferont si le circuit est ferm\u00e9 pendant plus de quelques secondes \u00e0 la fois.\n\n\t\t\t\t\t\t\t\t<\/div>\n\t\t\t\t<\/div>\n\t\t\t\t\t<\/div>\n\t\t\t\t<\/div>\n\t\t<div class=\"elementor-element elementor-element-77d976ed e-con-full e-flex e-con e-child\" data-id=\"77d976ed\" data-element_type=\"container\" data-e-type=\"container\">\n\t\t\t\t<div class=\"elementor-element elementor-element-5f429cfd elementor-widget elementor-widget-image\" data-id=\"5f429cfd\" data-element_type=\"widget\" data-e-type=\"widget\" data-widget_type=\"image.default\">\n\t\t\t\t<div class=\"elementor-widget-container\">\n\t\t\t\t\t\t\t\t\t\t\t\t\t\t\t<img loading=\"lazy\" decoding=\"async\" width=\"196\" height=\"157\" src=\"https:\/\/energizer.com\/canada-french\/wp-content\/uploads\/sites\/3\/2024\/09\/Close-the-switch-momentarily.png\" class=\"attachment-full size-full wp-image-10577\" alt=\"Close the switch momentarily\" \/>\t\t\t\t\t\t\t\t\t\t\t\t\t\t\t<\/div>\n\t\t\t\t<\/div>\n\t\t\t\t<\/div>\n\t\t\t\t\t<\/div>\n\t\t\t\t<\/div>\n\t\t<div class=\"elementor-element elementor-element-4999de93 e-flex e-con-boxed e-con e-parent\" data-id=\"4999de93\" data-element_type=\"container\" data-e-type=\"container\">\n\t\t\t\t\t<div class=\"e-con-inner\">\n\t\t<div class=\"elementor-element elementor-element-2080abca e-con-full e-flex e-con e-child\" data-id=\"2080abca\" data-element_type=\"container\" data-e-type=\"container\">\n\t\t\t\t<div class=\"elementor-element elementor-element-3c98e02e elementor-widget elementor-widget-text-editor\" data-id=\"3c98e02e\" data-element_type=\"widget\" data-e-type=\"widget\" data-widget_type=\"text-editor.default\">\n\t\t\t\t<div class=\"elementor-widget-container\">\n\t\t\t\t\t\t\t\t\tLorsque l\u2019interrupteur est ferm\u00e9, le courant circulant dans le circuit cr\u00e9e un champ magn\u00e9tique autour du fil. L\u2019aiguille magn\u00e9tique r\u00e9agit au champ magn\u00e9tique dans le circuit et tourne perpendiculairement au fil. Cette exp\u00e9rience est l\u2019une des plus importantes sur l\u2019utilisation de l\u2019\u00e9nergie \u00e9lectrique car elle a men\u00e9 \u00e0 la d\u00e9couverte de l\u2019\u00e9lectromagn\u00e9tisme et \u00e0 la mise au point du moteur \u00e9lectrique.\n\n\t\t\t\t\t\t\t\t<\/div>\n\t\t\t\t<\/div>\n\t\t\t\t<\/div>\n\t\t\t\t\t<\/div>\n\t\t\t\t<\/div>\n\t\t\t\t<\/div>\n\t\t","protected":false},"excerpt":{"rendered":"<p>Exp\u00e9rience d\u2019Oersted En 1819, un scientifique danois nomm\u00e9 Hans Christian Oersted d\u00e9couvre une relation \u00e9troite entre l\u2019\u00e9lectricit\u00e9 et le magn\u00e9tisme gr\u00e2ce \u00e0 cette exp\u00e9rience. Cette nouvelle connaissance a men\u00e9 \u00e0 l\u2019\u00e9tude de l\u2019\u00e9lectromagn\u00e9tisme. Mat\u00e9riel dont tu auras besoin: Un\u00a0bloc d\u2019alimentation\u00a0Energizer\u00ae Un commutateur ou autre commutateur \u00e0 levier disponible dans le commerce Du li\u00e8ge (coupe une [&hellip;]<\/p>\n","protected":false},"author":3,"featured_media":0,"parent":10325,"menu_order":0,"comment_status":"closed","ping_status":"closed","template":"elementor_header_footer","meta":{"_acf_changed":false,"footnotes":""},"class_list":["post-10563","page","type-page","status-publish","hentry"],"acf":[],"_links":{"self":[{"href":"https:\/\/energizer.com\/canada-french\/wp-json\/wp\/v2\/pages\/10563","targetHints":{"allow":["GET"]}}],"collection":[{"href":"https:\/\/energizer.com\/canada-french\/wp-json\/wp\/v2\/pages"}],"about":[{"href":"https:\/\/energizer.com\/canada-french\/wp-json\/wp\/v2\/types\/page"}],"author":[{"embeddable":true,"href":"https:\/\/energizer.com\/canada-french\/wp-json\/wp\/v2\/users\/3"}],"replies":[{"embeddable":true,"href":"https:\/\/energizer.com\/canada-french\/wp-json\/wp\/v2\/comments?post=10563"}],"version-history":[{"count":0,"href":"https:\/\/energizer.com\/canada-french\/wp-json\/wp\/v2\/pages\/10563\/revisions"}],"up":[{"embeddable":true,"href":"https:\/\/energizer.com\/canada-french\/wp-json\/wp\/v2\/pages\/10325"}],"wp:attachment":[{"href":"https:\/\/energizer.com\/canada-french\/wp-json\/wp\/v2\/media?parent=10563"}],"curies":[{"name":"wp","href":"https:\/\/api.w.org\/{rel}","templated":true}]}}