{"id":10584,"date":"2024-09-13T09:03:46","date_gmt":"2024-09-13T09:03:46","guid":{"rendered":"https:\/\/energizer.com\/canada-french\/?page_id=10584"},"modified":"2024-09-27T06:23:26","modified_gmt":"2024-09-27T06:23:26","slug":"fabriquer-une-lampe-de-poche","status":"publish","type":"page","link":"https:\/\/energizer.com\/canada-french\/centre-scientifique\/fabriquer-une-lampe-de-poche\/","title":{"rendered":"How to Make a Flashlight"},"content":{"rendered":"\t\t<div data-elementor-type=\"wp-page\" data-elementor-id=\"10584\" class=\"elementor elementor-10584\" data-elementor-post-type=\"page\">\n\t\t\t\t<div class=\"elementor-element elementor-element-b410fee e-flex e-con-boxed e-con e-parent\" data-id=\"b410fee\" data-element_type=\"container\" data-e-type=\"container\">\n\t\t\t\t\t<div class=\"e-con-inner\">\n\t\t\t\t<div class=\"elementor-element elementor-element-7bbbe35 elementor-widget elementor-widget-heading\" data-id=\"7bbbe35\" data-element_type=\"widget\" data-e-type=\"widget\" data-widget_type=\"heading.default\">\n\t\t\t\t<div class=\"elementor-widget-container\">\n\t\t\t\t\t<h1 class=\"elementor-heading-title elementor-size-default\">Comment fabriquer la lampe de poche\n<\/h1>\t\t\t\t<\/div>\n\t\t\t\t<\/div>\n\t\t\t\t<div class=\"elementor-element elementor-element-5700533 elementor-widget-divider--view-line elementor-widget elementor-widget-divider\" data-id=\"5700533\" data-element_type=\"widget\" data-e-type=\"widget\" data-widget_type=\"divider.default\">\n\t\t\t\t<div class=\"elementor-widget-container\">\n\t\t\t\t\t\t\t<div class=\"elementor-divider\">\n\t\t\t<span class=\"elementor-divider-separator\">\n\t\t\t\t\t\t<\/span>\n\t\t<\/div>\n\t\t\t\t\t\t<\/div>\n\t\t\t\t<\/div>\n\t\t\t\t\t<\/div>\n\t\t\t\t<\/div>\n\t\t<div class=\"elementor-element elementor-element-94eee95 e-flex e-con-boxed e-con e-parent\" data-id=\"94eee95\" data-element_type=\"container\" data-e-type=\"container\">\n\t\t\t\t\t<div class=\"e-con-inner\">\n\t\t<div class=\"elementor-element elementor-element-48b9a36 e-con-full e-flex e-con e-child\" data-id=\"48b9a36\" data-element_type=\"container\" data-e-type=\"container\">\n\t\t\t\t<div class=\"elementor-element elementor-element-fe9d404 elementor-widget elementor-widget-text-editor\" data-id=\"fe9d404\" data-element_type=\"widget\" data-e-type=\"widget\" data-widget_type=\"text-editor.default\">\n\t\t\t\t<div class=\"elementor-widget-container\">\n\t\t\t\t\t\t\t\t\t<p><strong>Mat\u00e9riel dont tu auras besoin:<\/strong><\/p><ul class=\"-no-margin -indent\"><li>2 piles\u00a0<a class=\"anchorhover\" href=\"https:\/\/energizer.com\/canada-french\/product\/power\/energizer-max\/energizer-max-d\/\" aria-label=\"D\u00a0Energizer\u00ae\u00a0MAX\u00ae\">D\u00a0<em>Energizer<\/em><sub>\u00ae<\/sub>\u00a0MAX<sub>\u00ae<\/sub><\/a>\u00a0(piles s\u00e9par\u00e9es : tu n\u2019utiliseras pas ton bloc d\u2019alimentation pour cette exp\u00e9rience)<\/li><li>Du fil de cuivre isol\u00e9 no 22 pour sonnette<\/li><li>Un tube de carton (d\u2019un rouleau d\u2019essuie-tout), coup\u00e9 \u00e0 une longueur de 5,125<\/li><li>Une ampoule de lampe de poche de 3 volts<\/li><li>2 attaches en laiton<\/li><li>Un morceau de carton pour contenir l\u2019ampoule<\/li><li>Un trombone<\/li><li>Du ruban isolant<\/li><li>Un petit gobelet de papier (de taille pour salle de bains)<\/li><\/ul>\t\t\t\t\t\t\t\t<\/div>\n\t\t\t\t<\/div>\n\t\t\t\t<\/div>\n\t\t\t\t\t<\/div>\n\t\t\t\t<\/div>\n\t\t<div class=\"elementor-element elementor-element-19cba34 e-flex e-con-boxed e-con e-parent\" data-id=\"19cba34\" data-element_type=\"container\" data-e-type=\"container\">\n\t\t\t\t\t<div class=\"e-con-inner\">\n\t\t<div class=\"elementor-element elementor-element-548da8b e-flex e-con-boxed e-con e-child\" data-id=\"548da8b\" data-element_type=\"container\" data-e-type=\"container\">\n\t\t\t\t\t<div class=\"e-con-inner\">\n\t\t\t\t<div class=\"elementor-element elementor-element-8ce1e78 elementor-widget elementor-widget-text-editor\" data-id=\"8ce1e78\" data-element_type=\"widget\" data-e-type=\"widget\" data-widget_type=\"text-editor.default\">\n\t\t\t\t<div class=\"elementor-widget-container\">\n\t\t\t\t\t\t\t\t\t<p>Comment fabriquer la lampe de poche:<\/p><p>1.Coupe le tube de carton en longueur et aplatis-le. Ins\u00e8re les deux attaches en laiton et fixe le trombone \u00e0 l\u2019une des attaches.<\/p>\t\t\t\t\t\t\t\t<\/div>\n\t\t\t\t<\/div>\n\t\t\t\t\t<\/div>\n\t\t\t\t<\/div>\n\t\t<div class=\"elementor-element elementor-element-89adfea e-flex e-con-boxed e-con e-child\" data-id=\"89adfea\" data-element_type=\"container\" data-e-type=\"container\">\n\t\t\t\t\t<div class=\"e-con-inner\">\n\t\t\t\t<div class=\"elementor-element elementor-element-0f3cda1 elementor-widget elementor-widget-image\" data-id=\"0f3cda1\" data-element_type=\"widget\" data-e-type=\"widget\" data-widget_type=\"image.default\">\n\t\t\t\t<div class=\"elementor-widget-container\">\n\t\t\t\t\t\t\t\t\t\t\t\t\t\t\t<img loading=\"lazy\" decoding=\"async\" width=\"199\" height=\"156\" src=\"https:\/\/energizer.com\/canada-french\/wp-content\/uploads\/sites\/3\/2024\/09\/Cut-the-cardboard-tube.png\" class=\"attachment-full size-full wp-image-10587\" alt=\"Cut the cardboard tube\" \/>\t\t\t\t\t\t\t\t\t\t\t\t\t\t\t<\/div>\n\t\t\t\t<\/div>\n\t\t\t\t\t<\/div>\n\t\t\t\t<\/div>\n\t\t\t\t\t<\/div>\n\t\t\t\t<\/div>\n\t\t<div class=\"elementor-element elementor-element-14fc6ed e-flex e-con-boxed e-con e-parent\" data-id=\"14fc6ed\" data-element_type=\"container\" data-e-type=\"container\">\n\t\t\t\t\t<div class=\"e-con-inner\">\n\t\t<div class=\"elementor-element elementor-element-c90228e e-flex e-con-boxed e-con e-child\" data-id=\"c90228e\" data-element_type=\"container\" data-e-type=\"container\">\n\t\t\t\t\t<div class=\"e-con-inner\">\n\t\t\t\t<div class=\"elementor-element elementor-element-9fad2a8 elementor-widget elementor-widget-text-editor\" data-id=\"9fad2a8\" data-element_type=\"widget\" data-e-type=\"widget\" data-widget_type=\"text-editor.default\">\n\t\t\t\t<div class=\"elementor-widget-container\">\n\t\t\t\t\t\t\t\t\t2. Coupe deux morceaux de fils et enl\u00e8ve le rev\u00eatement des deux extr\u00e9mit\u00e9s. Attache un fil \u00e0 chaque attache et couvre-les avec du ruban isolant.\n\n\t\t\t\t\t\t\t\t<\/div>\n\t\t\t\t<\/div>\n\t\t\t\t\t<\/div>\n\t\t\t\t<\/div>\n\t\t<div class=\"elementor-element elementor-element-88f1ddb e-flex e-con-boxed e-con e-child\" data-id=\"88f1ddb\" data-element_type=\"container\" data-e-type=\"container\">\n\t\t\t\t\t<div class=\"e-con-inner\">\n\t\t\t\t<div class=\"elementor-element elementor-element-75279cc elementor-widget elementor-widget-image\" data-id=\"75279cc\" data-element_type=\"widget\" data-e-type=\"widget\" data-widget_type=\"image.default\">\n\t\t\t\t<div class=\"elementor-widget-container\">\n\t\t\t\t\t\t\t\t\t\t\t\t\t\t\t<img loading=\"lazy\" decoding=\"async\" width=\"427\" height=\"166\" src=\"https:\/\/energizer.com\/canada-french\/wp-content\/uploads\/sites\/3\/2024\/09\/Cut-two-wires-and-strip-both-ends.png\" class=\"attachment-full size-full wp-image-10603\" alt=\"Cut two wires and strip both ends\" srcset=\"https:\/\/energizer.com\/canada-french\/wp-content\/uploads\/sites\/3\/2024\/09\/Cut-two-wires-and-strip-both-ends.png 427w, https:\/\/energizer.com\/canada-french\/wp-content\/uploads\/sites\/3\/2024\/09\/Cut-two-wires-and-strip-both-ends-300x117.png 300w\" sizes=\"auto, (max-width: 427px) 100vw, 427px\" \/>\t\t\t\t\t\t\t\t\t\t\t\t\t\t\t<\/div>\n\t\t\t\t<\/div>\n\t\t\t\t\t<\/div>\n\t\t\t\t<\/div>\n\t\t\t\t\t<\/div>\n\t\t\t\t<\/div>\n\t\t<div class=\"elementor-element elementor-element-9c95943 e-flex e-con-boxed e-con e-parent\" data-id=\"9c95943\" data-element_type=\"container\" data-e-type=\"container\">\n\t\t\t\t\t<div class=\"e-con-inner\">\n\t\t<div class=\"elementor-element elementor-element-8d76c66 e-flex e-con-boxed e-con e-child\" data-id=\"8d76c66\" data-element_type=\"container\" data-e-type=\"container\">\n\t\t\t\t\t<div class=\"e-con-inner\">\n\t\t\t\t<div class=\"elementor-element elementor-element-0b42e63 elementor-widget elementor-widget-text-editor\" data-id=\"0b42e63\" data-element_type=\"widget\" data-e-type=\"widget\" data-widget_type=\"text-editor.default\">\n\t\t\t\t<div class=\"elementor-widget-container\">\n\t\t\t\t\t\t\t\t\t3. D\u00e9coupe un petit morceau de carton afin de l\u2019ajuster sur le dessus du tube. Fais un trou dans le centre du morceau de carton et ins\u00e8re l\u2019ampoule.\n\n\t\t\t\t\t\t\t\t<\/div>\n\t\t\t\t<\/div>\n\t\t\t\t\t<\/div>\n\t\t\t\t<\/div>\n\t\t<div class=\"elementor-element elementor-element-29074d5 e-flex e-con-boxed e-con e-child\" data-id=\"29074d5\" data-element_type=\"container\" data-e-type=\"container\">\n\t\t\t\t\t<div class=\"e-con-inner\">\n\t\t\t\t<div class=\"elementor-element elementor-element-f070d1a elementor-widget elementor-widget-image\" data-id=\"f070d1a\" data-element_type=\"widget\" data-e-type=\"widget\" data-widget_type=\"image.default\">\n\t\t\t\t<div class=\"elementor-widget-container\">\n\t\t\t\t\t\t\t\t\t\t\t\t\t\t\t<img loading=\"lazy\" decoding=\"async\" width=\"160\" height=\"191\" src=\"https:\/\/energizer.com\/canada-french\/wp-content\/uploads\/sites\/3\/2024\/09\/Cut-a-small-cardboard-piece.png\" class=\"attachment-full size-full wp-image-10605\" alt=\"Cut a small cardboard piece\" \/>\t\t\t\t\t\t\t\t\t\t\t\t\t\t\t<\/div>\n\t\t\t\t<\/div>\n\t\t\t\t\t<\/div>\n\t\t\t\t<\/div>\n\t\t\t\t\t<\/div>\n\t\t\t\t<\/div>\n\t\t<div class=\"elementor-element elementor-element-1e86496 e-flex e-con-boxed e-con e-parent\" data-id=\"1e86496\" data-element_type=\"container\" data-e-type=\"container\">\n\t\t\t\t\t<div class=\"e-con-inner\">\n\t\t<div class=\"elementor-element elementor-element-ceda46e e-flex e-con-boxed e-con e-child\" data-id=\"ceda46e\" data-element_type=\"container\" data-e-type=\"container\">\n\t\t\t\t\t<div class=\"e-con-inner\">\n\t\t\t\t<div class=\"elementor-element elementor-element-3a3b93d elementor-widget elementor-widget-text-editor\" data-id=\"3a3b93d\" data-element_type=\"widget\" data-e-type=\"widget\" data-widget_type=\"text-editor.default\">\n\t\t\t\t<div class=\"elementor-widget-container\">\n\t\t\t\t\t\t\t\t\t4. Enroule un des fils autour du corps de l\u2019ampoule.\n\n\t\t\t\t\t\t\t\t<\/div>\n\t\t\t\t<\/div>\n\t\t\t\t\t<\/div>\n\t\t\t\t<\/div>\n\t\t<div class=\"elementor-element elementor-element-0b5031f e-flex e-con-boxed e-con e-child\" data-id=\"0b5031f\" data-element_type=\"container\" data-e-type=\"container\">\n\t\t\t\t\t<div class=\"e-con-inner\">\n\t\t\t\t<div class=\"elementor-element elementor-element-8c5f317 elementor-widget elementor-widget-image\" data-id=\"8c5f317\" data-element_type=\"widget\" data-e-type=\"widget\" data-widget_type=\"image.default\">\n\t\t\t\t<div class=\"elementor-widget-container\">\n\t\t\t\t\t\t\t\t\t\t\t\t\t\t\t<img loading=\"lazy\" decoding=\"async\" width=\"263\" height=\"133\" src=\"https:\/\/energizer.com\/canada-french\/wp-content\/uploads\/sites\/3\/2024\/09\/Wrap-one-of-the-wires.png\" class=\"attachment-full size-full wp-image-10609\" alt=\"Wrap one of the wires\" \/>\t\t\t\t\t\t\t\t\t\t\t\t\t\t\t<\/div>\n\t\t\t\t<\/div>\n\t\t\t\t\t<\/div>\n\t\t\t\t<\/div>\n\t\t\t\t\t<\/div>\n\t\t\t\t<\/div>\n\t\t<div class=\"elementor-element elementor-element-e2426f2 e-flex e-con-boxed e-con e-parent\" data-id=\"e2426f2\" data-element_type=\"container\" data-e-type=\"container\">\n\t\t\t\t\t<div class=\"e-con-inner\">\n\t\t<div class=\"elementor-element elementor-element-a2ac263 e-flex e-con-boxed e-con e-child\" data-id=\"a2ac263\" data-element_type=\"container\" data-e-type=\"container\">\n\t\t\t\t\t<div class=\"e-con-inner\">\n\t\t\t\t<div class=\"elementor-element elementor-element-14557ca elementor-widget elementor-widget-text-editor\" data-id=\"14557ca\" data-element_type=\"widget\" data-e-type=\"widget\" data-widget_type=\"text-editor.default\">\n\t\t\t\t<div class=\"elementor-widget-container\">\n\t\t\t\t\t\t\t\t\t5. Mets les piles D l\u2019une derri\u00e8re l\u2019autre et utilise du ruban isolant pour les attacher ensemble. Place les piles dans le tube, enveloppe le tube autour des piles et sers-toi du ruban adh\u00e9sif pour fixer le tout.\n\n\n\t\t\t\t\t\t\t\t<\/div>\n\t\t\t\t<\/div>\n\t\t\t\t\t<\/div>\n\t\t\t\t<\/div>\n\t\t<div class=\"elementor-element elementor-element-7162d78 e-flex e-con-boxed e-con e-child\" data-id=\"7162d78\" data-element_type=\"container\" data-e-type=\"container\">\n\t\t\t\t\t<div class=\"e-con-inner\">\n\t\t\t\t<div class=\"elementor-element elementor-element-35c3a8a elementor-widget elementor-widget-image\" data-id=\"35c3a8a\" data-element_type=\"widget\" data-e-type=\"widget\" data-widget_type=\"image.default\">\n\t\t\t\t<div class=\"elementor-widget-container\">\n\t\t\t\t\t\t\t\t\t\t\t\t\t\t\t<img loading=\"lazy\" decoding=\"async\" width=\"196\" height=\"115\" src=\"https:\/\/energizer.com\/canada-french\/wp-content\/uploads\/sites\/3\/2024\/09\/Connect-the-D-size-cells.png\" class=\"attachment-full size-full wp-image-10610\" alt=\"Connect the D size cells\" \/>\t\t\t\t\t\t\t\t\t\t\t\t\t\t\t<\/div>\n\t\t\t\t<\/div>\n\t\t\t\t\t<\/div>\n\t\t\t\t<\/div>\n\t\t\t\t\t<\/div>\n\t\t\t\t<\/div>\n\t\t<div class=\"elementor-element elementor-element-83e8140 e-flex e-con-boxed e-con e-parent\" data-id=\"83e8140\" data-element_type=\"container\" data-e-type=\"container\">\n\t\t\t\t\t<div class=\"e-con-inner\">\n\t\t<div class=\"elementor-element elementor-element-4bce8f8 e-flex e-con-boxed e-con e-child\" data-id=\"4bce8f8\" data-element_type=\"container\" data-e-type=\"container\">\n\t\t\t\t\t<div class=\"e-con-inner\">\n\t\t\t\t<div class=\"elementor-element elementor-element-c7d0221 elementor-widget elementor-widget-text-editor\" data-id=\"c7d0221\" data-element_type=\"widget\" data-e-type=\"widget\" data-widget_type=\"text-editor.default\">\n\t\t\t\t<div class=\"elementor-widget-container\">\n\t\t\t\t\t\t\t\t\t6. Utilise du ruban adh\u00e9sif pour attacher l\u2019ampoule au-dessus du tube et assure-toi qu\u2019elle entre en contact avec la borne positive de la pile.\n\n\n\t\t\t\t\t\t\t\t<\/div>\n\t\t\t\t<\/div>\n\t\t\t\t\t<\/div>\n\t\t\t\t<\/div>\n\t\t<div class=\"elementor-element elementor-element-6f8843c e-flex e-con-boxed e-con e-child\" data-id=\"6f8843c\" data-element_type=\"container\" data-e-type=\"container\">\n\t\t\t\t\t<div class=\"e-con-inner\">\n\t\t\t\t<div class=\"elementor-element elementor-element-7807f3a elementor-widget elementor-widget-image\" data-id=\"7807f3a\" data-element_type=\"widget\" data-e-type=\"widget\" data-widget_type=\"image.default\">\n\t\t\t\t<div class=\"elementor-widget-container\">\n\t\t\t\t\t\t\t\t\t\t\t\t\t\t\t<img loading=\"lazy\" decoding=\"async\" width=\"151\" height=\"164\" src=\"https:\/\/energizer.com\/canada-french\/wp-content\/uploads\/sites\/3\/2024\/09\/Use-tape-to-secure-the-light-bulb.png\" class=\"attachment-full size-full wp-image-10611\" alt=\"Tape to secure bulb\" \/>\t\t\t\t\t\t\t\t\t\t\t\t\t\t\t<\/div>\n\t\t\t\t<\/div>\n\t\t\t\t\t<\/div>\n\t\t\t\t<\/div>\n\t\t\t\t\t<\/div>\n\t\t\t\t<\/div>\n\t\t<div class=\"elementor-element elementor-element-a096b40 e-flex e-con-boxed e-con e-parent\" data-id=\"a096b40\" data-element_type=\"container\" data-e-type=\"container\">\n\t\t\t\t\t<div class=\"e-con-inner\">\n\t\t<div class=\"elementor-element elementor-element-ea9fbea e-flex e-con-boxed e-con e-child\" data-id=\"ea9fbea\" data-element_type=\"container\" data-e-type=\"container\">\n\t\t\t\t\t<div class=\"e-con-inner\">\n\t\t\t\t<div class=\"elementor-element elementor-element-f61f657 elementor-widget elementor-widget-text-editor\" data-id=\"f61f657\" data-element_type=\"widget\" data-e-type=\"widget\" data-widget_type=\"text-editor.default\">\n\t\t\t\t<div class=\"elementor-widget-container\">\n\t\t\t\t\t\t\t\t\t7. Fixe le fil de fer sur l\u2019autre c\u00f4t\u00e9 du tube \u00e0 la borne n\u00e9gative de la pile en utilisant du ruban isolant.\n\n\t\t\t\t\t\t\t\t<\/div>\n\t\t\t\t<\/div>\n\t\t\t\t\t<\/div>\n\t\t\t\t<\/div>\n\t\t<div class=\"elementor-element elementor-element-abbcc96 e-flex e-con-boxed e-con e-child\" data-id=\"abbcc96\" data-element_type=\"container\" data-e-type=\"container\">\n\t\t\t\t\t<div class=\"e-con-inner\">\n\t\t\t\t<div class=\"elementor-element elementor-element-05caf6b elementor-widget elementor-widget-image\" data-id=\"05caf6b\" data-element_type=\"widget\" data-e-type=\"widget\" data-widget_type=\"image.default\">\n\t\t\t\t<div class=\"elementor-widget-container\">\n\t\t\t\t\t\t\t\t\t\t\t\t\t\t\t<img loading=\"lazy\" decoding=\"async\" width=\"154\" height=\"173\" src=\"https:\/\/energizer.com\/canada-french\/wp-content\/uploads\/sites\/3\/2024\/09\/Using-electrical-tape.png\" class=\"attachment-full size-full wp-image-10616\" alt=\"Using electrical tape\" \/>\t\t\t\t\t\t\t\t\t\t\t\t\t\t\t<\/div>\n\t\t\t\t<\/div>\n\t\t\t\t\t<\/div>\n\t\t\t\t<\/div>\n\t\t\t\t\t<\/div>\n\t\t\t\t<\/div>\n\t\t<div class=\"elementor-element elementor-element-2e7659d e-flex e-con-boxed e-con e-parent\" data-id=\"2e7659d\" data-element_type=\"container\" data-e-type=\"container\">\n\t\t\t\t\t<div class=\"e-con-inner\">\n\t\t<div class=\"elementor-element elementor-element-b646d3d e-flex e-con-boxed e-con e-child\" data-id=\"b646d3d\" data-element_type=\"container\" data-e-type=\"container\">\n\t\t\t\t\t<div class=\"e-con-inner\">\n\t\t\t\t<div class=\"elementor-element elementor-element-66661ff elementor-widget elementor-widget-text-editor\" data-id=\"66661ff\" data-element_type=\"widget\" data-e-type=\"widget\" data-widget_type=\"text-editor.default\">\n\t\t\t\t<div class=\"elementor-widget-container\">\n\t\t\t\t\t\t\t\t\t8. Coupe un trou dans le fond du gobelet en papier et utilise du ruban adh\u00e9sif pour le fixer sur l\u2019ampoule \u00e0 l\u2019extr\u00e9mit\u00e9 de la lampe de poche.\n\n\t\t\t\t\t\t\t\t<\/div>\n\t\t\t\t<\/div>\n\t\t\t\t\t<\/div>\n\t\t\t\t<\/div>\n\t\t<div class=\"elementor-element elementor-element-0a5ec5c e-flex e-con-boxed e-con e-child\" data-id=\"0a5ec5c\" data-element_type=\"container\" data-e-type=\"container\">\n\t\t\t\t\t<div class=\"e-con-inner\">\n\t\t\t\t<div class=\"elementor-element elementor-element-4ce7dc0 elementor-widget elementor-widget-image\" data-id=\"4ce7dc0\" data-element_type=\"widget\" data-e-type=\"widget\" data-widget_type=\"image.default\">\n\t\t\t\t<div class=\"elementor-widget-container\">\n\t\t\t\t\t\t\t\t\t\t\t\t\t\t\t<img loading=\"lazy\" decoding=\"async\" width=\"261\" height=\"102\" src=\"https:\/\/energizer.com\/canada-french\/wp-content\/uploads\/sites\/3\/2024\/09\/Cut-a-hole-in-bottom-of-paper-cup.png\" class=\"attachment-full size-full wp-image-10621\" alt=\"Cut a hole in bottom of paper cup\" \/>\t\t\t\t\t\t\t\t\t\t\t\t\t\t\t<\/div>\n\t\t\t\t<\/div>\n\t\t\t\t\t<\/div>\n\t\t\t\t<\/div>\n\t\t\t\t\t<\/div>\n\t\t\t\t<\/div>\n\t\t<div class=\"elementor-element elementor-element-c58fd5e e-flex e-con-boxed e-con e-parent\" data-id=\"c58fd5e\" data-element_type=\"container\" data-e-type=\"container\">\n\t\t\t\t\t<div class=\"e-con-inner\">\n\t\t<div class=\"elementor-element elementor-element-b6f48fb e-flex e-con-boxed e-con e-child\" data-id=\"b6f48fb\" data-element_type=\"container\" data-e-type=\"container\">\n\t\t\t\t\t<div class=\"e-con-inner\">\n\t\t\t\t<div class=\"elementor-element elementor-element-3a5b7a9 elementor-widget elementor-widget-text-editor\" data-id=\"3a5b7a9\" data-element_type=\"widget\" data-e-type=\"widget\" data-widget_type=\"text-editor.default\">\n\t\t\t\t<div class=\"elementor-widget-container\">\n\t\t\t\t\t\t\t\t\t9. Tu as maintenant une lampe de poche qui fonctionne. En fermant le commutateur (trombone), tu permets au courant de circuler dans le circuit et d\u2019allumer l\u2019ampoule.\n\n\t\t\t\t\t\t\t\t<\/div>\n\t\t\t\t<\/div>\n\t\t\t\t\t<\/div>\n\t\t\t\t<\/div>\n\t\t<div class=\"elementor-element elementor-element-99829c2 e-flex e-con-boxed e-con e-child\" data-id=\"99829c2\" data-element_type=\"container\" data-e-type=\"container\">\n\t\t\t\t\t<div class=\"e-con-inner\">\n\t\t\t\t<div class=\"elementor-element elementor-element-8be0ce5 elementor-widget elementor-widget-image\" data-id=\"8be0ce5\" data-element_type=\"widget\" data-e-type=\"widget\" data-widget_type=\"image.default\">\n\t\t\t\t<div class=\"elementor-widget-container\">\n\t\t\t\t\t\t\t\t\t\t\t\t\t\t\t<img loading=\"lazy\" decoding=\"async\" width=\"261\" height=\"78\" src=\"https:\/\/energizer.com\/canada-french\/wp-content\/uploads\/sites\/3\/2024\/09\/Paper-with-a-hole.png\" class=\"attachment-full size-full wp-image-10622\" alt=\"Paper with a hole\" \/>\t\t\t\t\t\t\t\t\t\t\t\t\t\t\t<\/div>\n\t\t\t\t<\/div>\n\t\t\t\t\t<\/div>\n\t\t\t\t<\/div>\n\t\t\t\t\t<\/div>\n\t\t\t\t<\/div>\n\t\t<div class=\"elementor-element elementor-element-187ba6b e-flex e-con-boxed e-con e-parent\" data-id=\"187ba6b\" data-element_type=\"container\" data-e-type=\"container\">\n\t\t\t\t\t<div class=\"e-con-inner\">\n\t\t<div class=\"elementor-element elementor-element-a7afe16 e-con-full e-flex e-con e-child\" data-id=\"a7afe16\" data-element_type=\"container\" data-e-type=\"container\">\n\t\t\t\t<div class=\"elementor-element elementor-element-8c467c6 elementor-widget elementor-widget-text-editor\" data-id=\"8c467c6\" data-element_type=\"widget\" data-e-type=\"widget\" data-widget_type=\"text-editor.default\">\n\t\t\t\t<div class=\"elementor-widget-container\">\n\t\t\t\t\t\t\t\t\tLa fabrication de cette lampe de poche te donne un exemple de l\u2019une des utilisations les plus importantes de l\u2019\u00e9nergie \u00e9lectrique portable.\n\n\t\t\t\t\t\t\t\t<\/div>\n\t\t\t\t<\/div>\n\t\t\t\t<\/div>\n\t\t\t\t\t<\/div>\n\t\t\t\t<\/div>\n\t\t\t\t<\/div>\n\t\t","protected":false},"excerpt":{"rendered":"<p>Comment fabriquer la lampe de poche Mat\u00e9riel dont tu auras besoin: 2 piles\u00a0D\u00a0Energizer\u00ae\u00a0MAX\u00ae\u00a0(piles s\u00e9par\u00e9es : tu n\u2019utiliseras pas ton bloc d\u2019alimentation pour cette exp\u00e9rience) Du fil de cuivre isol\u00e9 no 22 pour sonnette Un tube de carton (d\u2019un rouleau d\u2019essuie-tout), coup\u00e9 \u00e0 une longueur de 5,125 Une ampoule de lampe de poche de 3 volts [&hellip;]<\/p>\n","protected":false},"author":3,"featured_media":0,"parent":10325,"menu_order":0,"comment_status":"closed","ping_status":"closed","template":"elementor_header_footer","meta":{"_acf_changed":false,"footnotes":""},"class_list":["post-10584","page","type-page","status-publish","hentry"],"acf":[],"_links":{"self":[{"href":"https:\/\/energizer.com\/canada-french\/wp-json\/wp\/v2\/pages\/10584","targetHints":{"allow":["GET"]}}],"collection":[{"href":"https:\/\/energizer.com\/canada-french\/wp-json\/wp\/v2\/pages"}],"about":[{"href":"https:\/\/energizer.com\/canada-french\/wp-json\/wp\/v2\/types\/page"}],"author":[{"embeddable":true,"href":"https:\/\/energizer.com\/canada-french\/wp-json\/wp\/v2\/users\/3"}],"replies":[{"embeddable":true,"href":"https:\/\/energizer.com\/canada-french\/wp-json\/wp\/v2\/comments?post=10584"}],"version-history":[{"count":0,"href":"https:\/\/energizer.com\/canada-french\/wp-json\/wp\/v2\/pages\/10584\/revisions"}],"up":[{"embeddable":true,"href":"https:\/\/energizer.com\/canada-french\/wp-json\/wp\/v2\/pages\/10325"}],"wp:attachment":[{"href":"https:\/\/energizer.com\/canada-french\/wp-json\/wp\/v2\/media?parent=10584"}],"curies":[{"name":"wp","href":"https:\/\/api.w.org\/{rel}","templated":true}]}}