{"id":10597,"date":"2024-09-13T09:19:39","date_gmt":"2024-09-13T09:19:39","guid":{"rendered":"https:\/\/energizer.com\/canada-french\/?page_id=10597"},"modified":"2024-09-27T05:37:01","modified_gmt":"2024-09-27T05:37:01","slug":"fabriquer-un-compas-magnetique","status":"publish","type":"page","link":"https:\/\/energizer.com\/canada-french\/centre-scientifique\/fabriquer-un-compas-magnetique\/","title":{"rendered":"How to Make a Magnetic Compass"},"content":{"rendered":"\t\t<div data-elementor-type=\"wp-page\" data-elementor-id=\"10597\" class=\"elementor elementor-10597\" data-elementor-post-type=\"page\">\n\t\t\t\t<div class=\"elementor-element elementor-element-406a8bb4 e-flex e-con-boxed e-con e-parent\" data-id=\"406a8bb4\" data-element_type=\"container\" data-e-type=\"container\">\n\t\t\t\t\t<div class=\"e-con-inner\">\n\t\t\t\t<div class=\"elementor-element elementor-element-6e07afc7 elementor-widget elementor-widget-heading\" data-id=\"6e07afc7\" data-element_type=\"widget\" data-e-type=\"widget\" data-widget_type=\"heading.default\">\n\t\t\t\t<div class=\"elementor-widget-container\">\n\t\t\t\t\t<h1 class=\"elementor-heading-title elementor-size-default\">Fabriquer une boussole\n<\/h1>\t\t\t\t<\/div>\n\t\t\t\t<\/div>\n\t\t\t\t<div class=\"elementor-element elementor-element-6d678dae elementor-widget-divider--view-line elementor-widget elementor-widget-divider\" data-id=\"6d678dae\" data-element_type=\"widget\" data-e-type=\"widget\" data-widget_type=\"divider.default\">\n\t\t\t\t<div class=\"elementor-widget-container\">\n\t\t\t\t\t\t\t<div class=\"elementor-divider\">\n\t\t\t<span class=\"elementor-divider-separator\">\n\t\t\t\t\t\t<\/span>\n\t\t<\/div>\n\t\t\t\t\t\t<\/div>\n\t\t\t\t<\/div>\n\t\t\t\t\t<\/div>\n\t\t\t\t<\/div>\n\t\t<div class=\"elementor-element elementor-element-2b50de98 e-flex e-con-boxed e-con e-parent\" data-id=\"2b50de98\" data-element_type=\"container\" data-e-type=\"container\">\n\t\t\t\t\t<div class=\"e-con-inner\">\n\t\t<div class=\"elementor-element elementor-element-ed80499 e-con-full e-flex e-con e-child\" data-id=\"ed80499\" data-element_type=\"container\" data-e-type=\"container\">\n\t\t\t\t<div class=\"elementor-element elementor-element-5a142b1 elementor-widget elementor-widget-text-editor\" data-id=\"5a142b1\" data-element_type=\"widget\" data-e-type=\"widget\" data-widget_type=\"text-editor.default\">\n\t\t\t\t<div class=\"elementor-widget-container\">\n\t\t\t\t\t\t\t\t\tGr\u00e2ce \u00e0 ces instructions, tu pourras fabriquer la boussole Energizer\u00ae et avoir une meilleure id\u00e9e de l\u2019endroit o\u00f9 tu es et o\u00f9 tu t\u2019en vas. C\u2019est vraiment facile de la fabriquer et tu n\u2019as pas besoin de beaucoup de mat\u00e9riel. C\u2019est une exp\u00e9rience pratique et amusante pour les \u00e9l\u00e8ves de tout \u00e2ge.\n\n\t\t\t\t\t\t\t\t<\/div>\n\t\t\t\t<\/div>\n\t\t\t\t<\/div>\n\t\t\t\t\t<\/div>\n\t\t\t\t<\/div>\n\t\t<div class=\"elementor-element elementor-element-714bde05 e-flex e-con-boxed e-con e-parent\" data-id=\"714bde05\" data-element_type=\"container\" data-e-type=\"container\">\n\t\t\t\t\t<div class=\"e-con-inner\">\n\t\t<div class=\"elementor-element elementor-element-292c5efd e-flex e-con-boxed e-con e-child\" data-id=\"292c5efd\" data-element_type=\"container\" data-e-type=\"container\">\n\t\t\t\t\t<div class=\"e-con-inner\">\n\t\t\t\t<div class=\"elementor-element elementor-element-41209df3 elementor-widget elementor-widget-text-editor\" data-id=\"41209df3\" data-element_type=\"widget\" data-e-type=\"widget\" data-widget_type=\"text-editor.default\">\n\t\t\t\t<div class=\"elementor-widget-container\">\n\t\t\t\t\t\t\t\t\t<p><strong>Mat\u00e9riel dont tu auras besoin:<\/strong><\/p><ul class=\"-no-margin -indent\"><li>Trois aiguilles<\/li><li>Un aimant<\/li><li>Un bocal transparent<\/li><li>De la p\u00e2te \u00e0 modeler<\/li><li>Du fil<\/li><li>Un crayon<\/li><li>Un morceau de papier<\/li><\/ul>\t\t\t\t\t\t\t\t<\/div>\n\t\t\t\t<\/div>\n\t\t\t\t\t<\/div>\n\t\t\t\t<\/div>\n\t\t\t\t\t<\/div>\n\t\t\t\t<\/div>\n\t\t<div class=\"elementor-element elementor-element-4d5265a e-flex e-con-boxed e-con e-parent\" data-id=\"4d5265a\" data-element_type=\"container\" data-e-type=\"container\">\n\t\t\t\t\t<div class=\"e-con-inner\">\n\t\t<div class=\"elementor-element elementor-element-84931d8 e-flex e-con-boxed e-con e-child\" data-id=\"84931d8\" data-element_type=\"container\" data-e-type=\"container\">\n\t\t\t\t\t<div class=\"e-con-inner\">\n\t\t\t\t<div class=\"elementor-element elementor-element-3abb59e elementor-widget elementor-widget-text-editor\" data-id=\"3abb59e\" data-element_type=\"widget\" data-e-type=\"widget\" data-widget_type=\"text-editor.default\">\n\t\t\t\t<div class=\"elementor-widget-container\">\n\t\t\t\t\t\t\t\t\t1. Le long du c\u00f4t\u00e9 sud de l\u2019aimant, frotte le milieu de l\u2019aiguille vers son extr\u00e9mit\u00e9 pointue. Assure-toi de toujours frotter dans la m\u00eame direction de 30 \u00e0 40 fois afin de magn\u00e9tiser la pointe de l\u2019aiguille. Fais cela pour 2 des 3 aiguilles. Tu peux tester l\u2019aimantation de l\u2019aiguille en essayant d\u2019attirer la troisi\u00e8me aiguille. Si tu peux attirer la troisi\u00e8me aiguille, tu peux commencer \u00e0 assembler ta boussole.\n\n\t\t\t\t\t\t\t\t<\/div>\n\t\t\t\t<\/div>\n\t\t\t\t\t<\/div>\n\t\t\t\t<\/div>\n\t\t<div class=\"elementor-element elementor-element-11f3935 e-con-full e-flex e-con e-child\" data-id=\"11f3935\" data-element_type=\"container\" data-e-type=\"container\">\n\t\t\t\t<div class=\"elementor-element elementor-element-2c3be60 elementor-widget elementor-widget-image\" data-id=\"2c3be60\" data-element_type=\"widget\" data-e-type=\"widget\" data-widget_type=\"image.default\">\n\t\t\t\t<div class=\"elementor-widget-container\">\n\t\t\t\t\t\t\t\t\t\t\t\t\t\t\t<img loading=\"lazy\" decoding=\"async\" width=\"195\" height=\"129\" src=\"https:\/\/energizer.com\/canada-french\/wp-content\/uploads\/sites\/3\/2024\/09\/Rub-from-the-middle-to-the-point.png\" class=\"attachment-full size-full wp-image-10612\" alt=\"Rub from the middle to the pointed\" \/>\t\t\t\t\t\t\t\t\t\t\t\t\t\t\t<\/div>\n\t\t\t\t<\/div>\n\t\t\t\t<\/div>\n\t\t\t\t\t<\/div>\n\t\t\t\t<\/div>\n\t\t<div class=\"elementor-element elementor-element-644ca249 e-flex e-con-boxed e-con e-parent\" data-id=\"644ca249\" data-element_type=\"container\" data-e-type=\"container\">\n\t\t\t\t\t<div class=\"e-con-inner\">\n\t\t<div class=\"elementor-element elementor-element-129cae4a e-con-full e-flex e-con e-child\" data-id=\"129cae4a\" data-element_type=\"container\" data-e-type=\"container\">\n\t\t\t\t<div class=\"elementor-element elementor-element-2027176b elementor-widget elementor-widget-image\" data-id=\"2027176b\" data-element_type=\"widget\" data-e-type=\"widget\" data-widget_type=\"image.default\">\n\t\t\t\t<div class=\"elementor-widget-container\">\n\t\t\t\t\t\t\t\t\t\t\t\t\t\t\t<img loading=\"lazy\" decoding=\"async\" width=\"178\" height=\"149\" src=\"https:\/\/energizer.com\/canada-french\/wp-content\/uploads\/sites\/3\/2024\/09\/Fold-a-small-piece-.png\" class=\"attachment-full size-full wp-image-10614\" alt=\"Fold a small piece\" \/>\t\t\t\t\t\t\t\t\t\t\t\t\t\t\t<\/div>\n\t\t\t\t<\/div>\n\t\t\t\t<\/div>\n\t\t<div class=\"elementor-element elementor-element-44adc025 e-con-full e-flex e-con e-child\" data-id=\"44adc025\" data-element_type=\"container\" data-e-type=\"container\">\n\t\t\t\t<div class=\"elementor-element elementor-element-14e9a3d3 elementor-widget elementor-widget-text-editor\" data-id=\"14e9a3d3\" data-element_type=\"widget\" data-e-type=\"widget\" data-widget_type=\"text-editor.default\">\n\t\t\t\t<div class=\"elementor-widget-container\">\n\t\t\t\t\t\t\t\t\t2. Plie le petit morceau de papier et colle les aiguilles \u00e0 l\u2019int\u00e9rieur du papier pli\u00e9. Sur le papier, \u00e9cris la lettre \u00ab S \u00bb pour indiquer l\u2019extr\u00e9mit\u00e9 avec le trou de l\u2019aiguille, et la lettre \u00ab N \u00bb pour indiquer l\u2019extr\u00e9mit\u00e9 pointue de l\u2019aiguille.\n\n\t\t\t\t\t\t\t\t<\/div>\n\t\t\t\t<\/div>\n\t\t\t\t<\/div>\n\t\t\t\t\t<\/div>\n\t\t\t\t<\/div>\n\t\t<div class=\"elementor-element elementor-element-6ff7fe67 e-flex e-con-boxed e-con e-parent\" data-id=\"6ff7fe67\" data-element_type=\"container\" data-e-type=\"container\">\n\t\t\t\t\t<div class=\"e-con-inner\">\n\t\t<div class=\"elementor-element elementor-element-5927c604 e-flex e-con-boxed e-con e-child\" data-id=\"5927c604\" data-element_type=\"container\" data-e-type=\"container\">\n\t\t\t\t\t<div class=\"e-con-inner\">\n\t\t\t\t<div class=\"elementor-element elementor-element-1b5e3acb elementor-widget elementor-widget-text-editor\" data-id=\"1b5e3acb\" data-element_type=\"widget\" data-e-type=\"widget\" data-widget_type=\"text-editor.default\">\n\t\t\t\t<div class=\"elementor-widget-container\">\n\t\t\t\t\t\t\t\t\t3. Ins\u00e8re la troisi\u00e8me aiguille dans la p\u00e2te \u00e0 modeler. Fais \u00e9quilibrer le papier sur l\u2019aiguille. Remarque bien que le papier pointera toujours vers le Nord. Lorsque tu touches une extr\u00e9mit\u00e9 du papier, le papier revient-il \u00e0 sa position d\u2019origine?\n\n\t\t\t\t\t\t\t\t<\/div>\n\t\t\t\t<\/div>\n\t\t\t\t\t<\/div>\n\t\t\t\t<\/div>\n\t\t<div class=\"elementor-element elementor-element-3dfe04af e-con-full e-flex e-con e-child\" data-id=\"3dfe04af\" data-element_type=\"container\" data-e-type=\"container\">\n\t\t\t\t<div class=\"elementor-element elementor-element-1f5d5e03 elementor-widget elementor-widget-image\" data-id=\"1f5d5e03\" data-element_type=\"widget\" data-e-type=\"widget\" data-widget_type=\"image.default\">\n\t\t\t\t<div class=\"elementor-widget-container\">\n\t\t\t\t\t\t\t\t\t\t\t\t\t\t\t<img loading=\"lazy\" decoding=\"async\" width=\"197\" height=\"138\" src=\"https:\/\/energizer.com\/canada-french\/wp-content\/uploads\/sites\/3\/2024\/09\/Insert-the-third-needle.png\" class=\"attachment-full size-full wp-image-10615\" alt=\"Insert-the-third-needle\" \/>\t\t\t\t\t\t\t\t\t\t\t\t\t\t\t<\/div>\n\t\t\t\t<\/div>\n\t\t\t\t<\/div>\n\t\t\t\t\t<\/div>\n\t\t\t\t<\/div>\n\t\t<div class=\"elementor-element elementor-element-14ced10f e-flex e-con-boxed e-con e-parent\" data-id=\"14ced10f\" data-element_type=\"container\" data-e-type=\"container\">\n\t\t\t\t\t<div class=\"e-con-inner\">\n\t\t<div class=\"elementor-element elementor-element-34d1bd3f e-con-full e-flex e-con e-child\" data-id=\"34d1bd3f\" data-element_type=\"container\" data-e-type=\"container\">\n\t\t\t\t<div class=\"elementor-element elementor-element-d2babec elementor-widget elementor-widget-image\" data-id=\"d2babec\" data-element_type=\"widget\" data-e-type=\"widget\" data-widget_type=\"image.default\">\n\t\t\t\t<div class=\"elementor-widget-container\">\n\t\t\t\t\t\t\t\t\t\t\t\t\t\t\t<img loading=\"lazy\" decoding=\"async\" width=\"192\" height=\"207\" src=\"https:\/\/energizer.com\/canada-french\/wp-content\/uploads\/sites\/3\/2024\/09\/To-use-outdoors.png\" class=\"attachment-full size-full wp-image-10617\" alt=\"To use outdoors\" \/>\t\t\t\t\t\t\t\t\t\t\t\t\t\t\t<\/div>\n\t\t\t\t<\/div>\n\t\t\t\t<\/div>\n\t\t<div class=\"elementor-element elementor-element-4d3566fa e-con-full e-flex e-con e-child\" data-id=\"4d3566fa\" data-element_type=\"container\" data-e-type=\"container\">\n\t\t\t\t<div class=\"elementor-element elementor-element-204671e9 elementor-widget elementor-widget-text-editor\" data-id=\"204671e9\" data-element_type=\"widget\" data-e-type=\"widget\" data-widget_type=\"text-editor.default\">\n\t\t\t\t<div class=\"elementor-widget-container\">\n\t\t\t\t\t\t\t\t\t4. Pour l\u2019utilisation \u00e0 l\u2019ext\u00e9rieur, attache le papier \u00e0 un crayon avec du fil. Place le crayon sur le dessus d\u2019un bocal en verre avec l\u2019aiguille suspendue \u00e0 l\u2019int\u00e9rieure. Maintenant, regarde l\u2019aiguille tourner et pointer vers le Nord.\n\n\t\t\t\t\t\t\t\t<\/div>\n\t\t\t\t<\/div>\n\t\t\t\t<\/div>\n\t\t\t\t\t<\/div>\n\t\t\t\t<\/div>\n\t\t<div class=\"elementor-element elementor-element-5e42df22 e-flex e-con-boxed e-con e-parent\" data-id=\"5e42df22\" data-element_type=\"container\" data-e-type=\"container\">\n\t\t\t\t\t<div class=\"e-con-inner\">\n\t\t<div class=\"elementor-element elementor-element-45fd3238 e-con-full e-flex e-con e-child\" data-id=\"45fd3238\" data-element_type=\"container\" data-e-type=\"container\">\n\t\t\t\t<div class=\"elementor-element elementor-element-24efe009 elementor-widget elementor-widget-text-editor\" data-id=\"24efe009\" data-element_type=\"widget\" data-e-type=\"widget\" data-widget_type=\"text-editor.default\">\n\t\t\t\t<div class=\"elementor-widget-container\">\n\t\t\t\t\t\t\t\t\t<p>5. Tourne le bocal en place. L\u2019aiguille continue-t-elle de pointer vers le Nord?<br \/><br \/>Le noyau m\u00e9tallique de la Terre contribue \u00e0 cr\u00e9e le champ magn\u00e9tique terrestre avec les p\u00f4les Nord et Sud. La boussole r\u00e9agit avec les p\u00f4les terrestres pour pointer dans la direction du p\u00f4le Nord de la terre.<\/p>\t\t\t\t\t\t\t\t<\/div>\n\t\t\t\t<\/div>\n\t\t\t\t<\/div>\n\t\t\t\t\t<\/div>\n\t\t\t\t<\/div>\n\t\t\t\t<\/div>\n\t\t","protected":false},"excerpt":{"rendered":"<p>Fabriquer une boussole Gr\u00e2ce \u00e0 ces instructions, tu pourras fabriquer la boussole Energizer\u00ae et avoir une meilleure id\u00e9e de l\u2019endroit o\u00f9 tu es et o\u00f9 tu t\u2019en vas. C\u2019est vraiment facile de la fabriquer et tu n\u2019as pas besoin de beaucoup de mat\u00e9riel. C\u2019est une exp\u00e9rience pratique et amusante pour les \u00e9l\u00e8ves de tout \u00e2ge. [&hellip;]<\/p>\n","protected":false},"author":3,"featured_media":0,"parent":10325,"menu_order":0,"comment_status":"closed","ping_status":"closed","template":"elementor_header_footer","meta":{"_acf_changed":false,"footnotes":""},"class_list":["post-10597","page","type-page","status-publish","hentry"],"acf":[],"_links":{"self":[{"href":"https:\/\/energizer.com\/canada-french\/wp-json\/wp\/v2\/pages\/10597","targetHints":{"allow":["GET"]}}],"collection":[{"href":"https:\/\/energizer.com\/canada-french\/wp-json\/wp\/v2\/pages"}],"about":[{"href":"https:\/\/energizer.com\/canada-french\/wp-json\/wp\/v2\/types\/page"}],"author":[{"embeddable":true,"href":"https:\/\/energizer.com\/canada-french\/wp-json\/wp\/v2\/users\/3"}],"replies":[{"embeddable":true,"href":"https:\/\/energizer.com\/canada-french\/wp-json\/wp\/v2\/comments?post=10597"}],"version-history":[{"count":0,"href":"https:\/\/energizer.com\/canada-french\/wp-json\/wp\/v2\/pages\/10597\/revisions"}],"up":[{"embeddable":true,"href":"https:\/\/energizer.com\/canada-french\/wp-json\/wp\/v2\/pages\/10325"}],"wp:attachment":[{"href":"https:\/\/energizer.com\/canada-french\/wp-json\/wp\/v2\/media?parent=10597"}],"curies":[{"name":"wp","href":"https:\/\/api.w.org\/{rel}","templated":true}]}}