{"id":10634,"date":"2024-09-13T09:37:22","date_gmt":"2024-09-13T09:37:22","guid":{"rendered":"https:\/\/energizer.com\/canada-french\/?page_id=10634"},"modified":"2024-09-30T10:33:59","modified_gmt":"2024-09-30T10:33:59","slug":"le-centre-du-lapin-energizer","status":"publish","type":"page","link":"https:\/\/energizer.com\/canada-french\/le-centre-du-lapin-energizer\/","title":{"rendered":"Energizer Bunny"},"content":{"rendered":"\t\t<div data-elementor-type=\"wp-page\" data-elementor-id=\"10634\" class=\"elementor elementor-10634\" data-elementor-post-type=\"page\">\n\t\t\t\t<div class=\"elementor-element elementor-element-1d85921 e-flex e-con-boxed e-con e-parent\" data-id=\"1d85921\" data-element_type=\"container\" data-e-type=\"container\">\n\t\t\t\t\t<div class=\"e-con-inner\">\n\t\t<div class=\"elementor-element elementor-element-e529efa e-con-full e-flex e-con e-child\" data-id=\"e529efa\" data-element_type=\"container\" data-e-type=\"container\">\n\t\t\t\t<div class=\"elementor-element elementor-element-1e4ed03 elementor-widget elementor-widget-image\" data-id=\"1e4ed03\" data-element_type=\"widget\" data-e-type=\"widget\" data-widget_type=\"image.default\">\n\t\t\t\t<div class=\"elementor-widget-container\">\n\t\t\t\t\t\t\t\t\t\t\t\t\t\t\t<img loading=\"lazy\" decoding=\"async\" width=\"439\" height=\"134\" src=\"https:\/\/energizer.com\/canada-french\/wp-content\/uploads\/sites\/3\/2024\/09\/welcome-title-bunny-fr.png\" class=\"attachment-full size-full wp-image-17200\" alt=\"welcome title bunny\" srcset=\"https:\/\/energizer.com\/canada-french\/wp-content\/uploads\/sites\/3\/2024\/09\/welcome-title-bunny-fr.png 439w, https:\/\/energizer.com\/canada-french\/wp-content\/uploads\/sites\/3\/2024\/09\/welcome-title-bunny-fr-300x92.png 300w\" sizes=\"auto, (max-width: 439px) 100vw, 439px\" \/>\t\t\t\t\t\t\t\t\t\t\t\t\t\t\t<\/div>\n\t\t\t\t<\/div>\n\t\t\t\t<div class=\"elementor-element elementor-element-a526a1b elementor-widget elementor-widget-text-editor\" data-id=\"a526a1b\" data-element_type=\"widget\" data-e-type=\"widget\" data-widget_type=\"text-editor.default\">\n\t\t\t\t<div class=\"elementor-widget-container\">\n\t\t\t\t\t\t\t\t\t<p>Pr\u00e9parez-vous \u00e0 apprendre une chose ou deux sur la mascotte la plus embl\u00e9matique*, le symbole le plus cool de l\u2019\u00e9nergie durable.<br \/><strong>Amusez-vous \u00e0 sauter d\u2019une place \u00e0 l\u2019autre\u2026<\/strong><\/p>\t\t\t\t\t\t\t\t<\/div>\n\t\t\t\t<\/div>\n\t\t\t\t<div class=\"elementor-element elementor-element-b43d12f elementor-widget elementor-widget-text-editor\" data-id=\"b43d12f\" data-element_type=\"widget\" data-e-type=\"widget\" data-widget_type=\"text-editor.default\">\n\t\t\t\t<div class=\"elementor-widget-container\">\n\t\t\t\t\t\t\t\t\t<p>*Selon le sondage Walk of Fame de Madison Avenue 2017.<\/p>\t\t\t\t\t\t\t\t<\/div>\n\t\t\t\t<\/div>\n\t\t\t\t<\/div>\n\t\t<div class=\"elementor-element elementor-element-d267fd5 e-con-full e-flex e-con e-child\" data-id=\"d267fd5\" data-element_type=\"container\" data-e-type=\"container\">\n\t\t\t\t<div class=\"elementor-element elementor-element-b4392df elementor-widget elementor-widget-image\" data-id=\"b4392df\" data-element_type=\"widget\" data-e-type=\"widget\" data-widget_type=\"image.default\">\n\t\t\t\t<div class=\"elementor-widget-container\">\n\t\t\t\t\t\t\t\t\t\t\t\t\t\t\t<img loading=\"lazy\" decoding=\"async\" width=\"640\" height=\"618\" src=\"https:\/\/energizer.com\/canada-french\/wp-content\/uploads\/sites\/3\/2024\/09\/welcome-bunnyus.png\" class=\"attachment-large size-large wp-image-10651\" alt=\"Welcome bunny Us\" srcset=\"https:\/\/energizer.com\/canada-french\/wp-content\/uploads\/sites\/3\/2024\/09\/welcome-bunnyus.png 725w, https:\/\/energizer.com\/canada-french\/wp-content\/uploads\/sites\/3\/2024\/09\/welcome-bunnyus-300x290.png 300w, https:\/\/energizer.com\/canada-french\/wp-content\/uploads\/sites\/3\/2024\/09\/welcome-bunnyus-600x579.png 600w\" sizes=\"auto, (max-width: 640px) 100vw, 640px\" \/>\t\t\t\t\t\t\t\t\t\t\t\t\t\t\t<\/div>\n\t\t\t\t<\/div>\n\t\t\t\t<\/div>\n\t\t\t\t\t<\/div>\n\t\t\t\t<\/div>\n\t\t<div class=\"elementor-element elementor-element-c01dcce e-flex e-con-boxed e-con e-parent\" data-id=\"c01dcce\" data-element_type=\"container\" data-e-type=\"container\">\n\t\t\t\t\t<div class=\"e-con-inner\">\n\t\t<div class=\"elementor-element elementor-element-3375eb2 e-con-full e-flex e-con e-child\" data-id=\"3375eb2\" data-element_type=\"container\" data-e-type=\"container\">\n\t\t\t\t<div class=\"elementor-element elementor-element-9620990 elementor-widget elementor-widget-image\" data-id=\"9620990\" data-element_type=\"widget\" data-e-type=\"widget\" data-widget_type=\"image.default\">\n\t\t\t\t<div class=\"elementor-widget-container\">\n\t\t\t\t\t\t\t\t\t\t\t\t\t\t\t<img loading=\"lazy\" decoding=\"async\" width=\"430\" height=\"241\" src=\"https:\/\/energizer.com\/canada-french\/wp-content\/uploads\/sites\/3\/2024\/09\/bunny-Publicite-avec.jpg\" class=\"attachment-full size-full wp-image-17221\" alt=\"bunny Publicit\u00e9 avec\" srcset=\"https:\/\/energizer.com\/canada-french\/wp-content\/uploads\/sites\/3\/2024\/09\/bunny-Publicite-avec.jpg 430w, https:\/\/energizer.com\/canada-french\/wp-content\/uploads\/sites\/3\/2024\/09\/bunny-Publicite-avec-300x168.jpg 300w\" sizes=\"auto, (max-width: 430px) 100vw, 430px\" \/>\t\t\t\t\t\t\t\t\t\t\t\t\t\t\t<\/div>\n\t\t\t\t<\/div>\n\t\t\t\t<\/div>\n\t\t<div class=\"elementor-element elementor-element-05b60d6 e-con-full e-flex e-con e-child\" data-id=\"05b60d6\" data-element_type=\"container\" data-e-type=\"container\">\n\t\t\t\t<div class=\"elementor-element elementor-element-c8e6c21 elementor-widget elementor-widget-heading\" data-id=\"c8e6c21\" data-element_type=\"widget\" data-e-type=\"widget\" data-widget_type=\"heading.default\">\n\t\t\t\t<div class=\"elementor-widget-container\">\n\t\t\t\t\t<h2 class=\"elementor-heading-title elementor-size-default\">Publicit\u00e9 avec le lapin <em>Energizer<\/em>.<\/h2>\t\t\t\t<\/div>\n\t\t\t\t<\/div>\n\t\t\t\t<div class=\"elementor-element elementor-element-81c5a42 elementor-widget elementor-widget-text-editor\" data-id=\"81c5a42\" data-element_type=\"widget\" data-e-type=\"widget\" data-widget_type=\"text-editor.default\">\n\t\t\t\t<div class=\"elementor-widget-container\">\n\t\t\t\t\t\t\t\t\t<p>Sous les feux de la rampe.<\/p>\t\t\t\t\t\t\t\t<\/div>\n\t\t\t\t<\/div>\n\t\t\t\t<div class=\"elementor-element elementor-element-4ab1599 elementor-widget elementor-widget-text-editor\" data-id=\"4ab1599\" data-element_type=\"widget\" data-e-type=\"widget\" data-widget_type=\"text-editor.default\">\n\t\t\t\t<div class=\"elementor-widget-container\">\n\t\t\t\t\t\t\t\t\t<p>Penchez-vous sur cette v\u00e9ritable star des m\u00e9dias. D\u00e9couvrez l\u2019historique des messages publicitaires t\u00e9l\u00e9vis\u00e9s et des publicit\u00e9s papier, en passant par les articles et les communiqu\u00e9s de presse. C\u2019est le pompon!<\/p><p>\u00a0<\/p><p><a class=\"anchorhover\" href=\"https:\/\/energizer.com\/canada-french\/medias-energizer\/\" aria-label=\"Visionnez et lisez\">Visionnez et lisez<\/a><\/p>\t\t\t\t\t\t\t\t<\/div>\n\t\t\t\t<\/div>\n\t\t\t\t<\/div>\n\t\t\t\t\t<\/div>\n\t\t\t\t<\/div>\n\t\t<div class=\"elementor-element elementor-element-2f2ab66 e-flex e-con-boxed e-con e-parent\" data-id=\"2f2ab66\" data-element_type=\"container\" data-e-type=\"container\">\n\t\t\t\t\t<div class=\"e-con-inner\">\n\t\t<div class=\"elementor-element elementor-element-f8f4a03 e-con-full e-flex e-con e-child\" data-id=\"f8f4a03\" data-element_type=\"container\" data-e-type=\"container\">\n\t\t\t\t<div class=\"elementor-element elementor-element-8065b24 elementor-widget-divider--view-line elementor-widget elementor-widget-divider\" data-id=\"8065b24\" data-element_type=\"widget\" data-e-type=\"widget\" data-widget_type=\"divider.default\">\n\t\t\t\t<div class=\"elementor-widget-container\">\n\t\t\t\t\t\t\t<div class=\"elementor-divider\">\n\t\t\t<span class=\"elementor-divider-separator\">\n\t\t\t\t\t\t<\/span>\n\t\t<\/div>\n\t\t\t\t\t\t<\/div>\n\t\t\t\t<\/div>\n\t\t\t\t<\/div>\n\t\t\t\t\t<\/div>\n\t\t\t\t<\/div>\n\t\t<div class=\"elementor-element elementor-element-db4c360 e-flex e-con-boxed e-con e-parent\" data-id=\"db4c360\" data-element_type=\"container\" data-e-type=\"container\">\n\t\t\t\t\t<div class=\"e-con-inner\">\n\t\t<div class=\"elementor-element elementor-element-ef3d46d e-con-full e-flex e-con e-child\" data-id=\"ef3d46d\" data-element_type=\"container\" data-e-type=\"container\">\n\t\t\t\t<div class=\"elementor-element elementor-element-31923c0 elementor-widget elementor-widget-image\" data-id=\"31923c0\" data-element_type=\"widget\" data-e-type=\"widget\" data-widget_type=\"image.default\">\n\t\t\t\t<div class=\"elementor-widget-container\">\n\t\t\t\t\t\t\t\t\t\t\t\t\t\t\t<img loading=\"lazy\" decoding=\"async\" width=\"384\" height=\"438\" src=\"https:\/\/energizer.com\/canada-french\/wp-content\/uploads\/sites\/3\/2024\/09\/Energizer-bunny-timeline.png\" class=\"attachment-large size-large wp-image-10666\" alt=\"Energizer Bunny Timeline.\" srcset=\"https:\/\/energizer.com\/canada-french\/wp-content\/uploads\/sites\/3\/2024\/09\/Energizer-bunny-timeline.png 384w, https:\/\/energizer.com\/canada-french\/wp-content\/uploads\/sites\/3\/2024\/09\/Energizer-bunny-timeline-263x300.png 263w\" sizes=\"auto, (max-width: 384px) 100vw, 384px\" \/>\t\t\t\t\t\t\t\t\t\t\t\t\t\t\t<\/div>\n\t\t\t\t<\/div>\n\t\t\t\t<\/div>\n\t\t<div class=\"elementor-element elementor-element-d5eedc1 e-con-full e-flex e-con e-child\" data-id=\"d5eedc1\" data-element_type=\"container\" data-e-type=\"container\">\n\t\t\t\t<div class=\"elementor-element elementor-element-4469d34 elementor-widget elementor-widget-heading\" data-id=\"4469d34\" data-element_type=\"widget\" data-e-type=\"widget\" data-widget_type=\"heading.default\">\n\t\t\t\t<div class=\"elementor-widget-container\">\n\t\t\t\t\t<h2 class=\"elementor-heading-title elementor-size-default\">Chronologie du lapin <em>Energizer<\/em>.<\/h2>\t\t\t\t<\/div>\n\t\t\t\t<\/div>\n\t\t\t\t<div class=\"elementor-element elementor-element-83a1542 elementor-widget elementor-widget-text-editor\" data-id=\"83a1542\" data-element_type=\"widget\" data-e-type=\"widget\" data-widget_type=\"text-editor.default\">\n\t\t\t\t<div class=\"elementor-widget-container\">\n\t\t\t\t\t\t\t\t\t<p>Le lapin \u00e0 travers les \u00e2ges.<\/p>\t\t\t\t\t\t\t\t<\/div>\n\t\t\t\t<\/div>\n\t\t\t\t<div class=\"elementor-element elementor-element-b166b4e elementor-widget elementor-widget-text-editor\" data-id=\"b166b4e\" data-element_type=\"widget\" data-e-type=\"widget\" data-widget_type=\"text-editor.default\">\n\t\t\t\t<div class=\"elementor-widget-container\">\n\t\t\t\t\t\t\t\t\t<p>Quel est le secret de la c\u00e9l\u00e8bre mascotte am\u00e9ricaine?<br \/>Faisons un bond dans le temps pour d\u00e9couvrir ce parcours haut en couleur.<\/p><p>\u00a0<\/p><p><a class=\"anchorhover\" href=\"https:\/\/energizer.com\/canada-french\/le-centre-du-lapin-energizer\/la-chronologie-du-lapin-energizer\/\" aria-label=\"D\u00e9couvrez la chronologie\">D\u00e9couvrez la chronologie<\/a><\/p>\t\t\t\t\t\t\t\t<\/div>\n\t\t\t\t<\/div>\n\t\t\t\t<\/div>\n\t\t\t\t\t<\/div>\n\t\t\t\t<\/div>\n\t\t<div class=\"elementor-element elementor-element-8bfd4ed e-flex e-con-boxed e-con e-parent\" data-id=\"8bfd4ed\" data-element_type=\"container\" data-e-type=\"container\">\n\t\t\t\t\t<div class=\"e-con-inner\">\n\t\t<div class=\"elementor-element elementor-element-002129d e-con-full e-flex e-con e-child\" data-id=\"002129d\" data-element_type=\"container\" data-e-type=\"container\">\n\t\t\t\t<div class=\"elementor-element elementor-element-82c3621 elementor-widget-divider--view-line elementor-widget elementor-widget-divider\" data-id=\"82c3621\" data-element_type=\"widget\" data-e-type=\"widget\" data-widget_type=\"divider.default\">\n\t\t\t\t<div class=\"elementor-widget-container\">\n\t\t\t\t\t\t\t<div class=\"elementor-divider\">\n\t\t\t<span class=\"elementor-divider-separator\">\n\t\t\t\t\t\t<\/span>\n\t\t<\/div>\n\t\t\t\t\t\t<\/div>\n\t\t\t\t<\/div>\n\t\t\t\t<\/div>\n\t\t\t\t\t<\/div>\n\t\t\t\t<\/div>\n\t\t<div class=\"elementor-element elementor-element-1265d27 e-flex e-con-boxed e-con e-parent\" data-id=\"1265d27\" data-element_type=\"container\" data-e-type=\"container\">\n\t\t\t\t\t<div class=\"e-con-inner\">\n\t\t<div class=\"elementor-element elementor-element-60224fd e-con-full e-flex e-con e-child\" data-id=\"60224fd\" data-element_type=\"container\" data-e-type=\"container\">\n\t\t\t\t<div class=\"elementor-element elementor-element-a3b4a1a elementor-widget elementor-widget-image\" data-id=\"a3b4a1a\" data-element_type=\"widget\" data-e-type=\"widget\" data-widget_type=\"image.default\">\n\t\t\t\t<div class=\"elementor-widget-container\">\n\t\t\t\t\t\t\t\t\t\t\t\t\t\t\t<img loading=\"lazy\" decoding=\"async\" width=\"413\" height=\"360\" src=\"https:\/\/energizer.com\/canada-french\/wp-content\/uploads\/sites\/3\/2024\/09\/bunny-slippers.png\" class=\"attachment-full size-full wp-image-17222\" alt=\"\" srcset=\"https:\/\/energizer.com\/canada-french\/wp-content\/uploads\/sites\/3\/2024\/09\/bunny-slippers.png 413w, https:\/\/energizer.com\/canada-french\/wp-content\/uploads\/sites\/3\/2024\/09\/bunny-slippers-300x262.png 300w\" sizes=\"auto, (max-width: 413px) 100vw, 413px\" \/>\t\t\t\t\t\t\t\t\t\t\t\t\t\t\t<\/div>\n\t\t\t\t<\/div>\n\t\t\t\t<\/div>\n\t\t<div class=\"elementor-element elementor-element-f6526e6 e-con-full e-flex e-con e-child\" data-id=\"f6526e6\" data-element_type=\"container\" data-e-type=\"container\">\n\t\t\t\t<div class=\"elementor-element elementor-element-84d48da elementor-widget elementor-widget-heading\" data-id=\"84d48da\" data-element_type=\"widget\" data-e-type=\"widget\" data-widget_type=\"heading.default\">\n\t\t\t\t<div class=\"elementor-widget-container\">\n\t\t\t\t\t<h2 class=\"elementor-heading-title elementor-size-default\">Magasin du lapin <em>Energizer<\/em>.<\/h2>\t\t\t\t<\/div>\n\t\t\t\t<\/div>\n\t\t\t\t<div class=\"elementor-element elementor-element-210ee8a elementor-widget elementor-widget-text-editor\" data-id=\"210ee8a\" data-element_type=\"widget\" data-e-type=\"widget\" data-widget_type=\"text-editor.default\">\n\t\t\t\t<div class=\"elementor-widget-container\">\n\t\t\t\t\t\t\t\t\t<div class=\"elementor-element elementor-element-216abd9 elementor-widget elementor-widget-text-editor\" data-id=\"216abd9\" data-element_type=\"widget\" data-widget_type=\"text-editor.default\"><div class=\"elementor-widget-container\">Le lapin vous va si bien!<\/div><\/div><div class=\"elementor-element elementor-element-da9410a elementor-widget elementor-widget-text-editor\" data-id=\"da9410a\" data-element_type=\"widget\" data-widget_type=\"text-editor.default\"><div class=\"elementor-widget-container\">\u00a0<\/div><\/div>\t\t\t\t\t\t\t\t<\/div>\n\t\t\t\t<\/div>\n\t\t\t\t<div class=\"elementor-element elementor-element-8e06885 elementor-widget elementor-widget-text-editor\" data-id=\"8e06885\" data-element_type=\"widget\" data-e-type=\"widget\" data-widget_type=\"text-editor.default\">\n\t\t\t\t<div class=\"elementor-widget-container\">\n\t\t\t\t\t\t\t\t\t<p>Vous voulez arborer fi\u00e8rement le lapin Energizer? D\u00e9couvrez les casquettes, t-shirts et pantoufles, ainsi que des peluches du lapin Energizer que vous offrirez aux personnes les plus \u00e9nergiques de votre entourage.<\/p><p>\u00a0<\/p><p><a class=\"anchorhover\" href=\"https:\/\/cmgestores.com\/Energizer\/\" target=\"_blank\" rel=\"noopener\" aria-label=\"Visitez le magasin\">Visitez le magasin<\/a><\/p>\t\t\t\t\t\t\t\t<\/div>\n\t\t\t\t<\/div>\n\t\t\t\t<\/div>\n\t\t\t\t\t<\/div>\n\t\t\t\t<\/div>\n\t\t<div class=\"elementor-element elementor-element-6190b43 e-flex e-con-boxed e-con e-parent\" data-id=\"6190b43\" data-element_type=\"container\" data-e-type=\"container\">\n\t\t\t\t\t<div class=\"e-con-inner\">\n\t\t<div class=\"elementor-element elementor-element-ee2b57a e-con-full e-flex e-con e-child\" data-id=\"ee2b57a\" data-element_type=\"container\" data-e-type=\"container\">\n\t\t\t\t<div class=\"elementor-element elementor-element-ad34b44 elementor-widget-divider--view-line elementor-widget elementor-widget-divider\" data-id=\"ad34b44\" data-element_type=\"widget\" data-e-type=\"widget\" data-widget_type=\"divider.default\">\n\t\t\t\t<div class=\"elementor-widget-container\">\n\t\t\t\t\t\t\t<div class=\"elementor-divider\">\n\t\t\t<span class=\"elementor-divider-separator\">\n\t\t\t\t\t\t<\/span>\n\t\t<\/div>\n\t\t\t\t\t\t<\/div>\n\t\t\t\t<\/div>\n\t\t\t\t<\/div>\n\t\t\t\t\t<\/div>\n\t\t\t\t<\/div>\n\t\t\t\t<\/div>\n\t\t","protected":false},"excerpt":{"rendered":"<p>Pr\u00e9parez-vous \u00e0 apprendre une chose ou deux sur la mascotte la plus embl\u00e9matique*, le symbole le plus cool de l\u2019\u00e9nergie durable.Amusez-vous \u00e0 sauter d\u2019une place \u00e0 l\u2019autre\u2026 *Selon le sondage Walk of Fame de Madison Avenue 2017. Publicit\u00e9 avec le lapin Energizer. Sous les feux de la rampe. Penchez-vous sur cette v\u00e9ritable star des m\u00e9dias. [&hellip;]<\/p>\n","protected":false},"author":3,"featured_media":0,"parent":0,"menu_order":0,"comment_status":"closed","ping_status":"closed","template":"elementor_header_footer","meta":{"_acf_changed":false,"footnotes":""},"class_list":["post-10634","page","type-page","status-publish","hentry"],"acf":[],"_links":{"self":[{"href":"https:\/\/energizer.com\/canada-french\/wp-json\/wp\/v2\/pages\/10634","targetHints":{"allow":["GET"]}}],"collection":[{"href":"https:\/\/energizer.com\/canada-french\/wp-json\/wp\/v2\/pages"}],"about":[{"href":"https:\/\/energizer.com\/canada-french\/wp-json\/wp\/v2\/types\/page"}],"author":[{"embeddable":true,"href":"https:\/\/energizer.com\/canada-french\/wp-json\/wp\/v2\/users\/3"}],"replies":[{"embeddable":true,"href":"https:\/\/energizer.com\/canada-french\/wp-json\/wp\/v2\/comments?post=10634"}],"version-history":[{"count":0,"href":"https:\/\/energizer.com\/canada-french\/wp-json\/wp\/v2\/pages\/10634\/revisions"}],"wp:attachment":[{"href":"https:\/\/energizer.com\/canada-french\/wp-json\/wp\/v2\/media?parent=10634"}],"curies":[{"name":"wp","href":"https:\/\/api.w.org\/{rel}","templated":true}]}}