{"id":11151,"date":"2024-09-16T09:55:24","date_gmt":"2024-09-16T09:55:24","guid":{"rendered":"https:\/\/energizer.com\/canada-french\/?page_id=11151"},"modified":"2024-09-27T08:17:39","modified_gmt":"2024-09-27T08:17:39","slug":"plus-de-produits-energetiques-energizer","status":"publish","type":"page","link":"https:\/\/energizer.com\/canada-french\/plus-de-produits-energetiques-energizer\/","title":{"rendered":"More Energizer\u00ae Power Products"},"content":{"rendered":"\t\t<div data-elementor-type=\"wp-page\" data-elementor-id=\"11151\" class=\"elementor elementor-11151\" data-elementor-post-type=\"page\">\n\t\t\t\t<div class=\"elementor-element elementor-element-66b2c27 e-flex e-con-boxed e-con e-parent\" data-id=\"66b2c27\" data-element_type=\"container\" data-e-type=\"container\">\n\t\t\t\t\t<div class=\"e-con-inner\">\n\t\t\t\t<div class=\"elementor-element elementor-element-70f5771 elementor-widget elementor-widget-heading\" data-id=\"70f5771\" data-element_type=\"widget\" data-e-type=\"widget\" data-widget_type=\"heading.default\">\n\t\t\t\t<div class=\"elementor-widget-container\">\n\t\t\t\t\t<h1 class=\"elementor-heading-title elementor-size-default\">Plus de produits \u00e9nerg\u00e9tiques <em>Energizer<\/em>\u00ae<\/h1>\t\t\t\t<\/div>\n\t\t\t\t<\/div>\n\t\t\t\t<div class=\"elementor-element elementor-element-e102bfe elementor-widget-divider--view-line elementor-widget elementor-widget-divider\" data-id=\"e102bfe\" data-element_type=\"widget\" data-e-type=\"widget\" data-widget_type=\"divider.default\">\n\t\t\t\t<div class=\"elementor-widget-container\">\n\t\t\t\t\t\t\t<div class=\"elementor-divider\">\n\t\t\t<span class=\"elementor-divider-separator\">\n\t\t\t\t\t\t<\/span>\n\t\t<\/div>\n\t\t\t\t\t\t<\/div>\n\t\t\t\t<\/div>\n\t\t\t\t\t<\/div>\n\t\t\t\t<\/div>\n\t\t<div class=\"elementor-element elementor-element-652aab7 e-flex e-con-boxed e-con e-parent\" data-id=\"652aab7\" data-element_type=\"container\" data-e-type=\"container\">\n\t\t\t\t\t<div class=\"e-con-inner\">\n\t\t<div class=\"elementor-element elementor-element-7b06474 e-con-full e-flex e-con e-child\" data-id=\"7b06474\" data-element_type=\"container\" data-e-type=\"container\">\n\t\t\t\t<div class=\"elementor-element elementor-element-c94a73a elementor-widget elementor-widget-text-editor\" data-id=\"c94a73a\" data-element_type=\"widget\" data-e-type=\"widget\" data-widget_type=\"text-editor.default\">\n\t\t\t\t<div class=\"elementor-widget-container\">\n\t\t\t\t\t\t\t\t\t<p>La gamme Energizer comprend beaucoup plus que des piles et des lampes de poche haut de gamme. Voyez notre gamme compl\u00e8te de produits<br \/>\u00e9nerg\u00e9tiques Energizer tout comme les chargeurs USB, les chargeurs d\u2019ordinateurs portables, les g\u00e9n\u00e9rateurs et<br \/>les batteries automobiles.<\/p>\t\t\t\t\t\t\t\t<\/div>\n\t\t\t\t<\/div>\n\t\t\t\t<div class=\"elementor-element elementor-element-67005b3 elementor-widget elementor-widget-text-editor\" data-id=\"67005b3\" data-element_type=\"widget\" data-e-type=\"widget\" data-widget_type=\"text-editor.default\">\n\t\t\t\t<div class=\"elementor-widget-container\">\n\t\t\t\t\t\t\t\t\t<strong><a class=\"anchorhover\" href=\"mailto: energizer@mailpc.custhelp.com\" target=\"_blank\" rel=\"noopener\" aria-label=\"Contactez-nous\">Contactez-nous<\/a>\u00a0pour en apprendre davantage sur ces produits <em>Energizer.<\/em><\/strong>\t\t\t\t\t\t\t\t<\/div>\n\t\t\t\t<\/div>\n\t\t<div class=\"elementor-element elementor-element-c7410a6 e-con-full e-flex e-con e-child\" data-id=\"c7410a6\" data-element_type=\"container\" data-e-type=\"container\">\n\t\t<div class=\"elementor-element elementor-element-62a9631 e-con-full e-flex e-con e-child\" data-id=\"62a9631\" data-element_type=\"container\" data-e-type=\"container\">\n\t\t\t\t<div class=\"elementor-element elementor-element-5297caf elementor-widget elementor-widget-text-editor\" data-id=\"5297caf\" data-element_type=\"widget\" data-e-type=\"widget\" data-widget_type=\"text-editor.default\">\n\t\t\t\t<div class=\"elementor-widget-container\">\n\t\t\t\t\t\t\t\t\t<ul><li>Chargeur USB<\/li><li>G\u00e9n\u00e9rateurs<\/li><li>Accessoires photographiques<\/li><li>Bloc d\u2019alimentation au lithium-ion pour d\u00e9marrage de secours<\/li><li>\u00c9tuis pour t\u00e9l\u00e9phones intelligents et tablettes<\/li><li>Domotique r\u00e9sidentielle<\/li><li>Accessoires sans fil<\/li><li>C\u00e2bles audio et vid\u00e9o<\/li><li>T\u00e9l\u00e9commandes universelles pour syst\u00e8me d\u2019entr\u00e9e sans cl\u00e9<\/li><\/ul>\t\t\t\t\t\t\t\t<\/div>\n\t\t\t\t<\/div>\n\t\t\t\t<\/div>\n\t\t<div class=\"elementor-element elementor-element-1c9dbd5 e-con-full e-flex e-con e-child\" data-id=\"1c9dbd5\" data-element_type=\"container\" data-e-type=\"container\">\n\t\t\t\t<div class=\"elementor-element elementor-element-490084a elementor-widget elementor-widget-text-editor\" data-id=\"490084a\" data-element_type=\"widget\" data-e-type=\"widget\" data-widget_type=\"text-editor.default\">\n\t\t\t\t<div class=\"elementor-widget-container\">\n\t\t\t\t\t\t\t\t\t<ul><li>Accessoires \u00e9nerg\u00e9tiques portables<\/li><li>Onduleurs<\/li><li>C\u00e2bles d\u2019appoint<\/li><li>Batteries automobiles<\/li><li>Accessoires de jeux<\/li><li>Rallonges et cordons de sp\u00e9cialit\u00e9<\/li><li>C\u00e2bles de recharge<\/li><li>Accessoires portables<\/li><li>Protection contre les surtensions<\/li><\/ul>\t\t\t\t\t\t\t\t<\/div>\n\t\t\t\t<\/div>\n\t\t\t\t<\/div>\n\t\t\t\t<\/div>\n\t\t\t\t<\/div>\n\t\t\t\t\t<\/div>\n\t\t\t\t<\/div>\n\t\t\t\t<\/div>\n\t\t","protected":false},"excerpt":{"rendered":"<p>Plus de produits \u00e9nerg\u00e9tiques Energizer\u00ae La gamme Energizer comprend beaucoup plus que des piles et des lampes de poche haut de gamme. Voyez notre gamme compl\u00e8te de produits \u00e9nerg\u00e9tiques Energizer tout comme les chargeurs USB, les chargeurs d\u2019ordinateurs portables, les g\u00e9n\u00e9rateurs et les batteries automobiles. Contactez-nous\u00a0pour en apprendre davantage sur ces produits Energizer. Chargeur USB [&hellip;]<\/p>\n","protected":false},"author":3,"featured_media":0,"parent":0,"menu_order":0,"comment_status":"closed","ping_status":"closed","template":"elementor_header_footer","meta":{"_acf_changed":false,"footnotes":""},"class_list":["post-11151","page","type-page","status-publish","hentry"],"acf":[],"_links":{"self":[{"href":"https:\/\/energizer.com\/canada-french\/wp-json\/wp\/v2\/pages\/11151","targetHints":{"allow":["GET"]}}],"collection":[{"href":"https:\/\/energizer.com\/canada-french\/wp-json\/wp\/v2\/pages"}],"about":[{"href":"https:\/\/energizer.com\/canada-french\/wp-json\/wp\/v2\/types\/page"}],"author":[{"embeddable":true,"href":"https:\/\/energizer.com\/canada-french\/wp-json\/wp\/v2\/users\/3"}],"replies":[{"embeddable":true,"href":"https:\/\/energizer.com\/canada-french\/wp-json\/wp\/v2\/comments?post=11151"}],"version-history":[{"count":0,"href":"https:\/\/energizer.com\/canada-french\/wp-json\/wp\/v2\/pages\/11151\/revisions"}],"wp:attachment":[{"href":"https:\/\/energizer.com\/canada-french\/wp-json\/wp\/v2\/media?parent=11151"}],"curies":[{"name":"wp","href":"https:\/\/api.w.org\/{rel}","templated":true}]}}