{"id":11316,"date":"2024-09-16T11:31:56","date_gmt":"2024-09-16T11:31:56","guid":{"rendered":"https:\/\/energizer.com\/canada-french\/?page_id=11316"},"modified":"2024-09-30T13:02:15","modified_gmt":"2024-09-30T13:02:15","slug":"piles-9v","status":"publish","type":"page","link":"https:\/\/energizer.com\/canada-french\/energie\/piles-9v\/","title":{"rendered":"9V Batteries"},"content":{"rendered":"\t\t<div data-elementor-type=\"wp-page\" data-elementor-id=\"11316\" class=\"elementor elementor-11316\" data-elementor-post-type=\"page\">\n\t\t\t\t<div class=\"elementor-element elementor-element-67c387b e-flex e-con-boxed e-con e-parent\" data-id=\"67c387b\" data-element_type=\"container\" data-e-type=\"container\">\n\t\t\t\t\t<div class=\"e-con-inner\">\n\t\t\t\t<div class=\"elementor-element elementor-element-a85222c elementor-widget elementor-widget-heading\" data-id=\"a85222c\" data-element_type=\"widget\" data-e-type=\"widget\" data-widget_type=\"heading.default\">\n\t\t\t\t<div class=\"elementor-widget-container\">\n\t\t\t\t\t<h1 class=\"elementor-heading-title elementor-size-default\">Piles 9V<\/h1>\t\t\t\t<\/div>\n\t\t\t\t<\/div>\n\t\t\t\t<div class=\"elementor-element elementor-element-f3f7527 elementor-widget-divider--view-line elementor-widget elementor-widget-divider\" data-id=\"f3f7527\" data-element_type=\"widget\" data-e-type=\"widget\" data-widget_type=\"divider.default\">\n\t\t\t\t<div class=\"elementor-widget-container\">\n\t\t\t\t\t\t\t<div class=\"elementor-divider\">\n\t\t\t<span class=\"elementor-divider-separator\">\n\t\t\t\t\t\t<\/span>\n\t\t<\/div>\n\t\t\t\t\t\t<\/div>\n\t\t\t\t<\/div>\n\t\t\t\t\t<\/div>\n\t\t\t\t<\/div>\n\t\t<div class=\"elementor-element elementor-element-0ea1baa e-flex e-con-boxed e-con e-parent\" data-id=\"0ea1baa\" data-element_type=\"container\" data-e-type=\"container\">\n\t\t\t\t\t<div class=\"e-con-inner\">\n\t\t<div class=\"elementor-element elementor-element-9ae1d67 e-con-full e-flex e-con e-child\" data-id=\"9ae1d67\" data-element_type=\"container\" data-e-type=\"container\">\n\t\t<div class=\"elementor-element elementor-element-a256b99 e-con-full e-flex e-con e-child\" data-id=\"a256b99\" data-element_type=\"container\" data-e-type=\"container\">\n\t\t\t\t<div class=\"elementor-element elementor-element-5d956c2 elementor-widget elementor-widget-image\" data-id=\"5d956c2\" data-element_type=\"widget\" data-e-type=\"widget\" data-widget_type=\"image.default\">\n\t\t\t\t<div class=\"elementor-widget-container\">\n\t\t\t\t\t\t\t\t\t\t\t\t\t\t\t<img loading=\"lazy\" decoding=\"async\" width=\"500\" height=\"215\" src=\"https:\/\/energizer.com\/canada-french\/wp-content\/uploads\/sites\/3\/2024\/09\/9v-hero-pack-family-battery.jpg\" class=\"attachment-large size-large wp-image-11347\" alt=\"9v hero pack family battery\" srcset=\"https:\/\/energizer.com\/canada-french\/wp-content\/uploads\/sites\/3\/2024\/09\/9v-hero-pack-family-battery.jpg 500w, https:\/\/energizer.com\/canada-french\/wp-content\/uploads\/sites\/3\/2024\/09\/9v-hero-pack-family-battery-300x129.jpg 300w\" sizes=\"auto, (max-width: 500px) 100vw, 500px\" \/>\t\t\t\t\t\t\t\t\t\t\t\t\t\t\t<\/div>\n\t\t\t\t<\/div>\n\t\t\t\t<\/div>\n\t\t<div class=\"elementor-element elementor-element-3325120 e-con-full e-flex e-con e-child\" data-id=\"3325120\" data-element_type=\"container\" data-e-type=\"container\">\n\t\t\t\t<div class=\"elementor-element elementor-element-4cd713b elementor-widget elementor-widget-text-editor\" data-id=\"4cd713b\" data-element_type=\"widget\" data-e-type=\"widget\" data-widget_type=\"text-editor.default\">\n\t\t\t\t<div class=\"elementor-widget-container\">\n\t\t\t\t\t\t\t\t\t<p>Trois choix puissants lorsqu\u2019il s\u2019agit des piles 9V <em>Energizer<\/em>\u00ae\u2013 lequel est id\u00e9al pour votre appareil? Comparez les piles ici\u2026.<\/p>\t\t\t\t\t\t\t\t<\/div>\n\t\t\t\t<\/div>\n\t\t\t\t<\/div>\n\t\t\t\t<\/div>\n\t\t\t\t\t<\/div>\n\t\t\t\t<\/div>\n\t\t<div class=\"elementor-element elementor-element-c6abaa5 e-flex e-con-boxed e-con e-parent\" data-id=\"c6abaa5\" data-element_type=\"container\" data-e-type=\"container\">\n\t\t\t\t\t<div class=\"e-con-inner\">\n\t\t<div class=\"elementor-element elementor-element-1dab75d e-con-full e-flex e-con e-child\" data-id=\"1dab75d\" data-element_type=\"container\" data-e-type=\"container\" data-settings=\"{&quot;background_background&quot;:&quot;classic&quot;}\">\n\t\t<div class=\"elementor-element elementor-element-86d5f4b e-con-full e-flex e-con e-child\" data-id=\"86d5f4b\" data-element_type=\"container\" data-e-type=\"container\">\n\t\t\t\t<div class=\"elementor-element elementor-element-ed39330 elementor-widget elementor-widget-heading\" data-id=\"ed39330\" data-element_type=\"widget\" data-e-type=\"widget\" data-widget_type=\"heading.default\">\n\t\t\t\t<div class=\"elementor-widget-container\">\n\t\t\t\t\t<h2 class=\"elementor-heading-title elementor-size-default\">Produit<\/h2>\t\t\t\t<\/div>\n\t\t\t\t<\/div>\n\t\t\t\t<\/div>\n\t\t<div class=\"elementor-element elementor-element-c84bd0a e-con-full e-flex e-con e-child\" data-id=\"c84bd0a\" data-element_type=\"container\" data-e-type=\"container\">\n\t\t\t\t<div class=\"elementor-element elementor-element-9fbb696 elementor-widget elementor-widget-heading\" data-id=\"9fbb696\" data-element_type=\"widget\" data-e-type=\"widget\" data-widget_type=\"heading.default\">\n\t\t\t\t<div class=\"elementor-widget-container\">\n\t\t\t\t\t<h2 class=\"elementor-heading-title elementor-size-default\">Description<\/h2>\t\t\t\t<\/div>\n\t\t\t\t<\/div>\n\t\t\t\t<\/div>\n\t\t<div class=\"elementor-element elementor-element-9956bba e-con-full e-flex e-con e-child\" data-id=\"9956bba\" data-element_type=\"container\" data-e-type=\"container\">\n\t\t\t\t<div class=\"elementor-element elementor-element-20441c0 elementor-widget elementor-widget-heading\" data-id=\"20441c0\" data-element_type=\"widget\" data-e-type=\"widget\" data-widget_type=\"heading.default\">\n\t\t\t\t<div class=\"elementor-widget-container\">\n\t\t\t\t\t<h2 class=\"elementor-heading-title elementor-size-default\">Caract\u00e9ristiques\n<\/h2>\t\t\t\t<\/div>\n\t\t\t\t<\/div>\n\t\t\t\t<\/div>\n\t\t\t\t<\/div>\n\t\t<div class=\"elementor-element elementor-element-251dd4e e-con-full elementor-hidden-widescreen elementor-hidden-desktop elementor-hidden-laptop elementor-hidden-tablet_extra elementor-hidden-tablet elementor-hidden-mobile_extra elementor-hidden-mobile e-flex e-con e-child\" data-id=\"251dd4e\" data-element_type=\"container\" data-e-type=\"container\">\n\t\t<div class=\"elementor-element elementor-element-2936f98 e-con-full e-flex e-con e-child\" data-id=\"2936f98\" data-element_type=\"container\" data-e-type=\"container\">\n\t\t\t\t<div class=\"elementor-element elementor-element-def40ee elementor-widget elementor-widget-image\" data-id=\"def40ee\" data-element_type=\"widget\" data-e-type=\"widget\" data-widget_type=\"image.default\">\n\t\t\t\t<div class=\"elementor-widget-container\">\n\t\t\t\t\t\t\t\t\t\t\t\t\t\t\t<img loading=\"lazy\" decoding=\"async\" width=\"590\" height=\"675\" src=\"https:\/\/energizer.com\/canada-french\/wp-content\/uploads\/sites\/3\/2024\/09\/MAX-9V-Energizer.jpg\" class=\"attachment-large size-large wp-image-11371\" alt=\"MAX 9V Energizer\" srcset=\"https:\/\/energizer.com\/canada-french\/wp-content\/uploads\/sites\/3\/2024\/09\/MAX-9V-Energizer.jpg 590w, https:\/\/energizer.com\/canada-french\/wp-content\/uploads\/sites\/3\/2024\/09\/MAX-9V-Energizer-262x300.jpg 262w\" sizes=\"auto, (max-width: 590px) 100vw, 590px\" \/>\t\t\t\t\t\t\t\t\t\t\t\t\t\t\t<\/div>\n\t\t\t\t<\/div>\n\t\t\t\t<\/div>\n\t\t<div class=\"elementor-element elementor-element-5d98e60 e-con-full e-flex e-con e-child\" data-id=\"5d98e60\" data-element_type=\"container\" data-e-type=\"container\">\n\t\t\t\t<div class=\"elementor-element elementor-element-957a0f7 elementor-widget elementor-widget-heading\" data-id=\"957a0f7\" data-element_type=\"widget\" data-e-type=\"widget\" data-widget_type=\"heading.default\">\n\t\t\t\t<div class=\"elementor-widget-container\">\n\t\t\t\t\t<h3 class=\"elementor-heading-title elementor-size-default\">Energizer MAX\u00ae 9V<\/h3>\t\t\t\t<\/div>\n\t\t\t\t<\/div>\n\t\t\t\t<\/div>\n\t\t<div class=\"elementor-element elementor-element-6cdd8b4 e-con-full e-flex e-con e-child\" data-id=\"6cdd8b4\" data-element_type=\"container\" data-e-type=\"container\">\n\t\t\t\t<div class=\"elementor-element elementor-element-e3570e3 elementor-widget elementor-widget-text-editor\" data-id=\"e3570e3\" data-element_type=\"widget\" data-e-type=\"widget\" data-widget_type=\"text-editor.default\">\n\t\t\t\t<div class=\"elementor-widget-container\">\n\t\t\t\t\t\t\t\t\t<p>Holds power for up to 5 years in storage, so you\u2019ll be ready when you need it most.<\/p>\t\t\t\t\t\t\t\t<\/div>\n\t\t\t\t<\/div>\n\t\t\t\t<\/div>\n\t\t<div class=\"elementor-element elementor-element-27c6315 e-con-full e-flex e-con e-child\" data-id=\"27c6315\" data-element_type=\"container\" data-e-type=\"container\" data-settings=\"{&quot;background_background&quot;:&quot;classic&quot;}\">\n\t\t\t\t<div class=\"elementor-element elementor-element-4faf620 elementor-widget elementor-widget-text-editor\" data-id=\"4faf620\" data-element_type=\"widget\" data-e-type=\"widget\" data-widget_type=\"text-editor.default\">\n\t\t\t\t<div class=\"elementor-widget-container\">\n\t\t\t\t\t\t\t\t\t<a href=\"#\" style=\"color:white\">+<\/a>\t\t\t\t\t\t\t\t<\/div>\n\t\t\t\t<\/div>\n\t\t\t\t<\/div>\n\t\t\t\t<\/div>\n\t\t<div class=\"elementor-element elementor-element-94135ac e-con-full elementor-hidden-widescreen elementor-hidden-desktop elementor-hidden-laptop elementor-hidden-tablet_extra elementor-hidden-tablet elementor-hidden-mobile_extra elementor-hidden-mobile e-flex e-con e-child\" data-id=\"94135ac\" data-element_type=\"container\" data-e-type=\"container\">\n\t\t<div class=\"elementor-element elementor-element-8cc4aa0 e-con-full e-flex e-con e-child\" data-id=\"8cc4aa0\" data-element_type=\"container\" data-e-type=\"container\">\n\t\t\t\t<div class=\"elementor-element elementor-element-bf965b4 elementor-widget elementor-widget-image\" data-id=\"bf965b4\" data-element_type=\"widget\" data-e-type=\"widget\" data-widget_type=\"image.default\">\n\t\t\t\t<div class=\"elementor-widget-container\">\n\t\t\t\t\t\t\t\t\t\t\t\t\t\t\t<img loading=\"lazy\" decoding=\"async\" width=\"572\" height=\"696\" src=\"https:\/\/energizer.com\/canada-french\/wp-content\/uploads\/sites\/3\/2024\/09\/Energizer-9V-Ultimate-Lithium-Batteries.jpg\" class=\"attachment-large size-large wp-image-11385\" alt=\"Energizer 9V Ultimate Lithium Batteries\" srcset=\"https:\/\/energizer.com\/canada-french\/wp-content\/uploads\/sites\/3\/2024\/09\/Energizer-9V-Ultimate-Lithium-Batteries.jpg 572w, https:\/\/energizer.com\/canada-french\/wp-content\/uploads\/sites\/3\/2024\/09\/Energizer-9V-Ultimate-Lithium-Batteries-247x300.jpg 247w\" sizes=\"auto, (max-width: 572px) 100vw, 572px\" \/>\t\t\t\t\t\t\t\t\t\t\t\t\t\t\t<\/div>\n\t\t\t\t<\/div>\n\t\t\t\t<\/div>\n\t\t<div class=\"elementor-element elementor-element-c8db75f e-con-full e-flex e-con e-child\" data-id=\"c8db75f\" data-element_type=\"container\" data-e-type=\"container\">\n\t\t\t\t<div class=\"elementor-element elementor-element-6476ca2 elementor-widget elementor-widget-heading\" data-id=\"6476ca2\" data-element_type=\"widget\" data-e-type=\"widget\" data-widget_type=\"heading.default\">\n\t\t\t\t<div class=\"elementor-widget-container\">\n\t\t\t\t\t<h3 class=\"elementor-heading-title elementor-size-default\">Energizer\u00ae 9V Ultimate Lithium\u2122 Batteries<\/h3>\t\t\t\t<\/div>\n\t\t\t\t<\/div>\n\t\t\t\t<\/div>\n\t\t<div class=\"elementor-element elementor-element-0853d54 e-con-full e-flex e-con e-child\" data-id=\"0853d54\" data-element_type=\"container\" data-e-type=\"container\">\n\t\t\t\t<div class=\"elementor-element elementor-element-885bafc elementor-widget elementor-widget-text-editor\" data-id=\"885bafc\" data-element_type=\"widget\" data-e-type=\"widget\" data-widget_type=\"text-editor.default\">\n\t\t\t\t<div class=\"elementor-widget-container\">\n\t\t\t\t\t\t\t\t\t<p>Up to 10-year backup battery in AC-powered smoke detectors, and up to 20% longer-lasting in toys versus\u00a0<em>Energizer<\/em>\u00a0MAX<small>\u00ae<\/small><\/p>\t\t\t\t\t\t\t\t<\/div>\n\t\t\t\t<\/div>\n\t\t\t\t<\/div>\n\t\t<div class=\"elementor-element elementor-element-fe189cf e-con-full e-flex e-con e-child\" data-id=\"fe189cf\" data-element_type=\"container\" data-e-type=\"container\" data-settings=\"{&quot;background_background&quot;:&quot;classic&quot;}\">\n\t\t\t\t<div class=\"elementor-element elementor-element-814ef1e elementor-widget elementor-widget-text-editor\" data-id=\"814ef1e\" data-element_type=\"widget\" data-e-type=\"widget\" data-widget_type=\"text-editor.default\">\n\t\t\t\t<div class=\"elementor-widget-container\">\n\t\t\t\t\t\t\t\t\t<a href=\"#\" style=\"color:white\">+<\/a>\t\t\t\t\t\t\t\t<\/div>\n\t\t\t\t<\/div>\n\t\t\t\t<\/div>\n\t\t\t\t<\/div>\n\t\t<div class=\"elementor-element elementor-element-318200f e-con-full e-flex e-con e-child\" data-id=\"318200f\" data-element_type=\"container\" data-e-type=\"container\">\n\t\t<div class=\"elementor-element elementor-element-084987e e-con-full e-flex e-con e-child\" data-id=\"084987e\" data-element_type=\"container\" data-e-type=\"container\">\n\t\t\t\t<div class=\"elementor-element elementor-element-2f17f82 elementor-widget elementor-widget-image\" data-id=\"2f17f82\" data-element_type=\"widget\" data-e-type=\"widget\" data-widget_type=\"image.default\">\n\t\t\t\t<div class=\"elementor-widget-container\">\n\t\t\t\t\t\t\t\t\t\t\t\t\t\t\t<img loading=\"lazy\" decoding=\"async\" width=\"127\" height=\"141\" src=\"https:\/\/energizer.com\/canada-french\/wp-content\/uploads\/sites\/3\/2024\/09\/Energizer-Recharge-9V.jpg\" class=\"attachment-large size-large wp-image-11386\" alt=\"Energizer Recharge 9V\" \/>\t\t\t\t\t\t\t\t\t\t\t\t\t\t\t<\/div>\n\t\t\t\t<\/div>\n\t\t\t\t<\/div>\n\t\t<div class=\"elementor-element elementor-element-7fbe24b e-con-full e-flex e-con e-child\" data-id=\"7fbe24b\" data-element_type=\"container\" data-e-type=\"container\">\n\t\t\t\t<div class=\"elementor-element elementor-element-1ee62e9 elementor-widget elementor-widget-heading\" data-id=\"1ee62e9\" data-element_type=\"widget\" data-e-type=\"widget\" data-widget_type=\"heading.default\">\n\t\t\t\t<div class=\"elementor-widget-container\">\n\t\t\t\t\t<h3 class=\"elementor-heading-title elementor-size-default\">Energizer Recharge\u00ae 9V<\/h3>\t\t\t\t<\/div>\n\t\t\t\t<\/div>\n\t\t\t\t<\/div>\n\t\t<div class=\"elementor-element elementor-element-5e0f8c7 e-con-full e-flex e-con e-child\" data-id=\"5e0f8c7\" data-element_type=\"container\" data-e-type=\"container\">\n\t\t\t\t<div class=\"elementor-element elementor-element-b0267fe elementor-widget elementor-widget-text-editor\" data-id=\"b0267fe\" data-element_type=\"widget\" data-e-type=\"widget\" data-widget_type=\"text-editor.default\">\n\t\t\t\t<div class=\"elementor-widget-container\">\n\t\t\t\t\t\t\t\t\tChoix \u00e9conomique comparativement \u00e0 l\u2019achat fr\u00e9quent des piles \u00e0 usage unique \u2013 Con\u00e7ue pour \u00eatre recharg\u00e9e des centaines de fois.\t\t\t\t\t\t\t\t<\/div>\n\t\t\t\t<\/div>\n\t\t\t\t<\/div>\n\t\t<div class=\"elementor-element elementor-element-70fa293 e-con-full e-flex e-con e-child\" data-id=\"70fa293\" data-element_type=\"container\" data-e-type=\"container\" data-settings=\"{&quot;background_background&quot;:&quot;classic&quot;}\">\n\t\t\t\t<div class=\"elementor-element elementor-element-baff88f elementor-widget elementor-widget-text-editor\" data-id=\"baff88f\" data-element_type=\"widget\" data-e-type=\"widget\" data-widget_type=\"text-editor.default\">\n\t\t\t\t<div class=\"elementor-widget-container\">\n\t\t\t\t\t\t\t\t\t<a style=\"color: white;\" href=\"https:\/\/energizer.com\/canada-french?s=9V\" aria-label=\"9V\">+<\/a>\t\t\t\t\t\t\t\t<\/div>\n\t\t\t\t<\/div>\n\t\t\t\t<\/div>\n\t\t\t\t<\/div>\n\t\t\t\t\t<\/div>\n\t\t\t\t<\/div>\n\t\t\t\t<\/div>\n\t\t","protected":false},"excerpt":{"rendered":"<p>Piles 9V Trois choix puissants lorsqu\u2019il s\u2019agit des piles 9V Energizer\u00ae\u2013 lequel est id\u00e9al pour votre appareil? Comparez les piles ici\u2026. Produit Description Caract\u00e9ristiques Energizer MAX\u00ae 9V Holds power for up to 5 years in storage, so you\u2019ll be ready when you need it most. + Energizer\u00ae 9V Ultimate Lithium\u2122 Batteries Up to 10-year backup [&hellip;]<\/p>\n","protected":false},"author":3,"featured_media":0,"parent":1003,"menu_order":0,"comment_status":"closed","ping_status":"closed","template":"elementor_header_footer","meta":{"_acf_changed":false,"footnotes":""},"class_list":["post-11316","page","type-page","status-publish","hentry"],"acf":[],"_links":{"self":[{"href":"https:\/\/energizer.com\/canada-french\/wp-json\/wp\/v2\/pages\/11316","targetHints":{"allow":["GET"]}}],"collection":[{"href":"https:\/\/energizer.com\/canada-french\/wp-json\/wp\/v2\/pages"}],"about":[{"href":"https:\/\/energizer.com\/canada-french\/wp-json\/wp\/v2\/types\/page"}],"author":[{"embeddable":true,"href":"https:\/\/energizer.com\/canada-french\/wp-json\/wp\/v2\/users\/3"}],"replies":[{"embeddable":true,"href":"https:\/\/energizer.com\/canada-french\/wp-json\/wp\/v2\/comments?post=11316"}],"version-history":[{"count":0,"href":"https:\/\/energizer.com\/canada-french\/wp-json\/wp\/v2\/pages\/11316\/revisions"}],"up":[{"embeddable":true,"href":"https:\/\/energizer.com\/canada-french\/wp-json\/wp\/v2\/pages\/1003"}],"wp:attachment":[{"href":"https:\/\/energizer.com\/canada-french\/wp-json\/wp\/v2\/media?parent=11316"}],"curies":[{"name":"wp","href":"https:\/\/api.w.org\/{rel}","templated":true}]}}