{"id":11420,"date":"2024-09-16T12:32:23","date_gmt":"2024-09-16T12:32:23","guid":{"rendered":"https:\/\/energizer.com\/canada-french\/?page_id=11420"},"modified":"2024-09-26T07:47:09","modified_gmt":"2024-09-26T07:47:09","slug":"plus-de-produits-declairage-energizer","status":"publish","type":"page","link":"https:\/\/energizer.com\/canada-french\/plus-de-produits-declairage-energizer\/","title":{"rendered":"Energizer Lighting Products"},"content":{"rendered":"\t\t<div data-elementor-type=\"wp-page\" data-elementor-id=\"11420\" class=\"elementor elementor-11420\" data-elementor-post-type=\"page\">\n\t\t\t\t<div class=\"elementor-element elementor-element-4660036 e-flex e-con-boxed e-con e-parent\" data-id=\"4660036\" data-element_type=\"container\" data-e-type=\"container\">\n\t\t\t\t\t<div class=\"e-con-inner\">\n\t\t\t\t<div class=\"elementor-element elementor-element-ecd2263 elementor-widget elementor-widget-heading\" data-id=\"ecd2263\" data-element_type=\"widget\" data-e-type=\"widget\" data-widget_type=\"heading.default\">\n\t\t\t\t<div class=\"elementor-widget-container\">\n\t\t\t\t\t<h1 class=\"elementor-heading-title elementor-size-default\">Encore plus de produits d'\u00e9clairage Energizer\u00ae<\/h1>\t\t\t\t<\/div>\n\t\t\t\t<\/div>\n\t\t\t\t<div class=\"elementor-element elementor-element-1411977 elementor-widget-divider--view-line elementor-widget elementor-widget-divider\" data-id=\"1411977\" data-element_type=\"widget\" data-e-type=\"widget\" data-widget_type=\"divider.default\">\n\t\t\t\t<div class=\"elementor-widget-container\">\n\t\t\t\t\t\t\t<div class=\"elementor-divider\">\n\t\t\t<span class=\"elementor-divider-separator\">\n\t\t\t\t\t\t<\/span>\n\t\t<\/div>\n\t\t\t\t\t\t<\/div>\n\t\t\t\t<\/div>\n\t\t\t\t\t<\/div>\n\t\t\t\t<\/div>\n\t\t<div class=\"elementor-element elementor-element-32b1598 e-flex e-con-boxed e-con e-parent\" data-id=\"32b1598\" data-element_type=\"container\" data-e-type=\"container\">\n\t\t\t\t\t<div class=\"e-con-inner\">\n\t\t\t\t<div class=\"elementor-element elementor-element-6cefd09 elementor-widget elementor-widget-image\" data-id=\"6cefd09\" data-element_type=\"widget\" data-e-type=\"widget\" data-widget_type=\"image.default\">\n\t\t\t\t<div class=\"elementor-widget-container\">\n\t\t\t\t\t\t\t\t\t\t\t\t\t\t\t<img loading=\"lazy\" decoding=\"async\" width=\"900\" height=\"250\" src=\"https:\/\/energizer.com\/canada-french\/wp-content\/uploads\/sites\/3\/2024\/09\/more-lighting-products.png\" class=\"attachment-full size-full wp-image-11431\" alt=\"more-lighting-products\" srcset=\"https:\/\/energizer.com\/canada-french\/wp-content\/uploads\/sites\/3\/2024\/09\/more-lighting-products.png 900w, https:\/\/energizer.com\/canada-french\/wp-content\/uploads\/sites\/3\/2024\/09\/more-lighting-products-300x83.png 300w, https:\/\/energizer.com\/canada-french\/wp-content\/uploads\/sites\/3\/2024\/09\/more-lighting-products-768x213.png 768w, https:\/\/energizer.com\/canada-french\/wp-content\/uploads\/sites\/3\/2024\/09\/more-lighting-products-600x167.png 600w\" sizes=\"auto, (max-width: 900px) 100vw, 900px\" \/>\t\t\t\t\t\t\t\t\t\t\t\t\t\t\t<\/div>\n\t\t\t\t<\/div>\n\t\t\t\t\t<\/div>\n\t\t\t\t<\/div>\n\t\t<div class=\"elementor-element elementor-element-088eca0 e-flex e-con-boxed e-con e-parent\" data-id=\"088eca0\" data-element_type=\"container\" data-e-type=\"container\">\n\t\t\t\t\t<div class=\"e-con-inner\">\n\t\t<div class=\"elementor-element elementor-element-620f12e e-flex e-con-boxed e-con e-child\" data-id=\"620f12e\" data-element_type=\"container\" data-e-type=\"container\">\n\t\t\t\t\t<div class=\"e-con-inner\">\n\t\t\t\t<div class=\"elementor-element elementor-element-fcdbe92 elementor-widget elementor-widget-text-editor\" data-id=\"fcdbe92\" data-element_type=\"widget\" data-e-type=\"widget\" data-widget_type=\"text-editor.default\">\n\t\t\t\t<div class=\"elementor-widget-container\">\n\t\t\t\t\t\t\t\t\t<p>Energizer est c\u00e9l\u00e8bre pour ses piles haut de gamme et pour ses lampes portables, mais saviez-vous que nous offrons<br \/>une gamme compl\u00e8te de produits d\u2019\u00e9clairage domestique? D\u00e9couvrez notre gamme croissante de produits d\u2019\u00e9clairage\u00a0<em>Energizer.<\/em><\/p><p><a class=\"anchorhover\" href=\"mailto:energizer@mailpc.custhelp.com\" target=\"_blank\" rel=\"noopener\" aria-label=\"Contactez-nous\">Contactez-nous<\/a>\u00a0pour en apprendre davantage sur ces produits\u00a0<em>Energizer<\/em>.<\/p><p>Lampes de bureau et de table<br \/>\u00c9clairage sous les armoires<br \/>Accessoires et jouets \u00e0 D\u00c9L pour les animaux de compagnie<br \/>Veilleuses et lampes pour all\u00e9es<br \/>Bougies sans flamme<br \/>Lampes solaires ext\u00e9rieures<\/p>\t\t\t\t\t\t\t\t<\/div>\n\t\t\t\t<\/div>\n\t\t\t\t\t<\/div>\n\t\t\t\t<\/div>\n\t\t\t\t\t<\/div>\n\t\t\t\t<\/div>\n\t\t\t\t<\/div>\n\t\t","protected":false},"excerpt":{"rendered":"<p>Encore plus de produits d&#8217;\u00e9clairage Energizer\u00ae Energizer est c\u00e9l\u00e8bre pour ses piles haut de gamme et pour ses lampes portables, mais saviez-vous que nous offronsune gamme compl\u00e8te de produits d\u2019\u00e9clairage domestique? D\u00e9couvrez notre gamme croissante de produits d\u2019\u00e9clairage\u00a0Energizer. Contactez-nous\u00a0pour en apprendre davantage sur ces produits\u00a0Energizer. Lampes de bureau et de table\u00c9clairage sous les armoiresAccessoires et [&hellip;]<\/p>\n","protected":false},"author":3,"featured_media":0,"parent":0,"menu_order":0,"comment_status":"closed","ping_status":"closed","template":"elementor_header_footer","meta":{"_acf_changed":false,"footnotes":""},"class_list":["post-11420","page","type-page","status-publish","hentry"],"acf":[],"_links":{"self":[{"href":"https:\/\/energizer.com\/canada-french\/wp-json\/wp\/v2\/pages\/11420","targetHints":{"allow":["GET"]}}],"collection":[{"href":"https:\/\/energizer.com\/canada-french\/wp-json\/wp\/v2\/pages"}],"about":[{"href":"https:\/\/energizer.com\/canada-french\/wp-json\/wp\/v2\/types\/page"}],"author":[{"embeddable":true,"href":"https:\/\/energizer.com\/canada-french\/wp-json\/wp\/v2\/users\/3"}],"replies":[{"embeddable":true,"href":"https:\/\/energizer.com\/canada-french\/wp-json\/wp\/v2\/comments?post=11420"}],"version-history":[{"count":0,"href":"https:\/\/energizer.com\/canada-french\/wp-json\/wp\/v2\/pages\/11420\/revisions"}],"wp:attachment":[{"href":"https:\/\/energizer.com\/canada-french\/wp-json\/wp\/v2\/media?parent=11420"}],"curies":[{"name":"wp","href":"https:\/\/api.w.org\/{rel}","templated":true}]}}