{"id":11426,"date":"2024-09-16T12:34:12","date_gmt":"2024-09-16T12:34:12","guid":{"rendered":"https:\/\/energizer.com\/canada-french\/?page_id=11426"},"modified":"2024-09-30T13:12:14","modified_gmt":"2024-09-30T13:12:14","slug":"piles-c","status":"publish","type":"page","link":"https:\/\/energizer.com\/canada-french\/energie\/piles-c\/","title":{"rendered":"C Batteries"},"content":{"rendered":"\t\t<div data-elementor-type=\"wp-page\" data-elementor-id=\"11426\" class=\"elementor elementor-11426\" data-elementor-post-type=\"page\">\n\t\t\t\t<div class=\"elementor-element elementor-element-c09cd2f e-flex e-con-boxed e-con e-parent\" data-id=\"c09cd2f\" data-element_type=\"container\" data-e-type=\"container\">\n\t\t\t\t\t<div class=\"e-con-inner\">\n\t\t\t\t<div class=\"elementor-element elementor-element-d6100b4 elementor-widget elementor-widget-heading\" data-id=\"d6100b4\" data-element_type=\"widget\" data-e-type=\"widget\" data-widget_type=\"heading.default\">\n\t\t\t\t<div class=\"elementor-widget-container\">\n\t\t\t\t\t<h1 class=\"elementor-heading-title elementor-size-default\">Piles C<\/h1>\t\t\t\t<\/div>\n\t\t\t\t<\/div>\n\t\t\t\t<div class=\"elementor-element elementor-element-e5ab4de elementor-widget-divider--view-line elementor-widget elementor-widget-divider\" data-id=\"e5ab4de\" data-element_type=\"widget\" data-e-type=\"widget\" data-widget_type=\"divider.default\">\n\t\t\t\t<div class=\"elementor-widget-container\">\n\t\t\t\t\t\t\t<div class=\"elementor-divider\">\n\t\t\t<span class=\"elementor-divider-separator\">\n\t\t\t\t\t\t<\/span>\n\t\t<\/div>\n\t\t\t\t\t\t<\/div>\n\t\t\t\t<\/div>\n\t\t\t\t\t<\/div>\n\t\t\t\t<\/div>\n\t\t<div class=\"elementor-element elementor-element-e77df53 e-flex e-con-boxed e-con e-parent\" data-id=\"e77df53\" data-element_type=\"container\" data-e-type=\"container\">\n\t\t\t\t\t<div class=\"e-con-inner\">\n\t\t<div class=\"elementor-element elementor-element-d4f8855 e-con-full e-flex e-con e-child\" data-id=\"d4f8855\" data-element_type=\"container\" data-e-type=\"container\">\n\t\t<div class=\"elementor-element elementor-element-eb9f55b e-con-full e-flex e-con e-child\" data-id=\"eb9f55b\" data-element_type=\"container\" data-e-type=\"container\">\n\t\t\t\t<div class=\"elementor-element elementor-element-5f524ac elementor-widget elementor-widget-image\" data-id=\"5f524ac\" data-element_type=\"widget\" data-e-type=\"widget\" data-widget_type=\"image.default\">\n\t\t\t\t<div class=\"elementor-widget-container\">\n\t\t\t\t\t\t\t\t\t\t\t\t\t\t\t<img loading=\"lazy\" decoding=\"async\" width=\"500\" height=\"215\" src=\"https:\/\/energizer.com\/canada-french\/wp-content\/uploads\/sites\/3\/2024\/09\/energizer-c-hero-pack-family.jpg\" class=\"attachment-large size-large wp-image-11437\" alt=\"energizer c hero pack family\" srcset=\"https:\/\/energizer.com\/canada-french\/wp-content\/uploads\/sites\/3\/2024\/09\/energizer-c-hero-pack-family.jpg 500w, https:\/\/energizer.com\/canada-french\/wp-content\/uploads\/sites\/3\/2024\/09\/energizer-c-hero-pack-family-300x129.jpg 300w\" sizes=\"auto, (max-width: 500px) 100vw, 500px\" \/>\t\t\t\t\t\t\t\t\t\t\t\t\t\t\t<\/div>\n\t\t\t\t<\/div>\n\t\t\t\t<\/div>\n\t\t<div class=\"elementor-element elementor-element-7865359 e-con-full e-flex e-con e-child\" data-id=\"7865359\" data-element_type=\"container\" data-e-type=\"container\">\n\t\t\t\t<div class=\"elementor-element elementor-element-19d7087 elementor-widget elementor-widget-text-editor\" data-id=\"19d7087\" data-element_type=\"widget\" data-e-type=\"widget\" data-widget_type=\"text-editor.default\">\n\t\t\t\t<div class=\"elementor-widget-container\">\n\t\t\t\t\t\t\t\t\t<p>Utilisation quotidienne ou rechargeable \u2013 quelle pile C\u00a0<em>Energizer<\/em><sub>\u00ae<\/sub>est la bonne pour votre appareil? Energizer a con\u00e7u des piles alcalines de longue dur\u00e9e et des piles C rechargeables \u00e9conomiques afin que vos appareils continuent, encore et encore, de fonctionner.<\/p>\t\t\t\t\t\t\t\t<\/div>\n\t\t\t\t<\/div>\n\t\t\t\t<\/div>\n\t\t\t\t<\/div>\n\t\t\t\t\t<\/div>\n\t\t\t\t<\/div>\n\t\t<div class=\"elementor-element elementor-element-eca5e3d e-flex e-con-boxed e-con e-parent\" data-id=\"eca5e3d\" data-element_type=\"container\" data-e-type=\"container\">\n\t\t\t\t\t<div class=\"e-con-inner\">\n\t\t<div class=\"elementor-element elementor-element-266109a e-con-full e-flex e-con e-child\" data-id=\"266109a\" data-element_type=\"container\" data-e-type=\"container\" data-settings=\"{&quot;background_background&quot;:&quot;classic&quot;}\">\n\t\t<div class=\"elementor-element elementor-element-e1d1d05 e-con-full e-flex e-con e-child\" data-id=\"e1d1d05\" data-element_type=\"container\" data-e-type=\"container\">\n\t\t\t\t<div class=\"elementor-element elementor-element-69f13d5 elementor-widget elementor-widget-heading\" data-id=\"69f13d5\" data-element_type=\"widget\" data-e-type=\"widget\" data-widget_type=\"heading.default\">\n\t\t\t\t<div class=\"elementor-widget-container\">\n\t\t\t\t\t<h2 class=\"elementor-heading-title elementor-size-default\">Produit<\/h2>\t\t\t\t<\/div>\n\t\t\t\t<\/div>\n\t\t\t\t<\/div>\n\t\t<div class=\"elementor-element elementor-element-c828568 e-con-full e-flex e-con e-child\" data-id=\"c828568\" data-element_type=\"container\" data-e-type=\"container\">\n\t\t\t\t<div class=\"elementor-element elementor-element-6cdd099 elementor-widget elementor-widget-heading\" data-id=\"6cdd099\" data-element_type=\"widget\" data-e-type=\"widget\" data-widget_type=\"heading.default\">\n\t\t\t\t<div class=\"elementor-widget-container\">\n\t\t\t\t\t<h2 class=\"elementor-heading-title elementor-size-default\">Description<\/h2>\t\t\t\t<\/div>\n\t\t\t\t<\/div>\n\t\t\t\t<\/div>\n\t\t<div class=\"elementor-element elementor-element-79c3ffb e-con-full e-flex e-con e-child\" data-id=\"79c3ffb\" data-element_type=\"container\" data-e-type=\"container\">\n\t\t\t\t<div class=\"elementor-element elementor-element-b78d2f4 elementor-widget elementor-widget-heading\" data-id=\"b78d2f4\" data-element_type=\"widget\" data-e-type=\"widget\" data-widget_type=\"heading.default\">\n\t\t\t\t<div class=\"elementor-widget-container\">\n\t\t\t\t\t<h2 class=\"elementor-heading-title elementor-size-default\">Caract\u00e9ristiques<\/h2>\t\t\t\t<\/div>\n\t\t\t\t<\/div>\n\t\t\t\t<\/div>\n\t\t\t\t<\/div>\n\t\t<div class=\"elementor-element elementor-element-e47f4e5 e-con-full elementor-hidden-widescreen elementor-hidden-desktop elementor-hidden-laptop elementor-hidden-tablet_extra elementor-hidden-tablet elementor-hidden-mobile_extra elementor-hidden-mobile e-flex e-con e-child\" data-id=\"e47f4e5\" data-element_type=\"container\" data-e-type=\"container\">\n\t\t<div class=\"elementor-element elementor-element-db18bf1 e-con-full e-flex e-con e-child\" data-id=\"db18bf1\" data-element_type=\"container\" data-e-type=\"container\">\n\t\t\t\t<div class=\"elementor-element elementor-element-8e4ec76 elementor-widget elementor-widget-image\" data-id=\"8e4ec76\" data-element_type=\"widget\" data-e-type=\"widget\" data-widget_type=\"image.default\">\n\t\t\t\t<div class=\"elementor-widget-container\">\n\t\t\t\t\t\t\t\t\t\t\t\t\t\t\t<img loading=\"lazy\" decoding=\"async\" width=\"640\" height=\"747\" src=\"https:\/\/energizer.com\/canada-french\/wp-content\/uploads\/sites\/3\/2024\/09\/energizer-MAX-C-877x1024.jpg\" class=\"attachment-large size-large wp-image-11442\" alt=\"energizer MAX C\" srcset=\"https:\/\/energizer.com\/canada-french\/wp-content\/uploads\/sites\/3\/2024\/09\/energizer-MAX-C-877x1024.jpg 877w, https:\/\/energizer.com\/canada-french\/wp-content\/uploads\/sites\/3\/2024\/09\/energizer-MAX-C-257x300.jpg 257w, https:\/\/energizer.com\/canada-french\/wp-content\/uploads\/sites\/3\/2024\/09\/energizer-MAX-C-768x896.jpg 768w, https:\/\/energizer.com\/canada-french\/wp-content\/uploads\/sites\/3\/2024\/09\/energizer-MAX-C-1316x1536.jpg 1316w, https:\/\/energizer.com\/canada-french\/wp-content\/uploads\/sites\/3\/2024\/09\/energizer-MAX-C-600x700.jpg 600w, https:\/\/energizer.com\/canada-french\/wp-content\/uploads\/sites\/3\/2024\/09\/energizer-MAX-C.jpg 1417w\" sizes=\"auto, (max-width: 640px) 100vw, 640px\" \/>\t\t\t\t\t\t\t\t\t\t\t\t\t\t\t<\/div>\n\t\t\t\t<\/div>\n\t\t\t\t<\/div>\n\t\t<div class=\"elementor-element elementor-element-087c6ab e-con-full e-flex e-con e-child\" data-id=\"087c6ab\" data-element_type=\"container\" data-e-type=\"container\">\n\t\t\t\t<div class=\"elementor-element elementor-element-d03582a elementor-widget elementor-widget-heading\" data-id=\"d03582a\" data-element_type=\"widget\" data-e-type=\"widget\" data-widget_type=\"heading.default\">\n\t\t\t\t<div class=\"elementor-widget-container\">\n\t\t\t\t\t<h3 class=\"elementor-heading-title elementor-size-default\">Energizer\u00ae MAX\u00ae C<\/h3>\t\t\t\t<\/div>\n\t\t\t\t<\/div>\n\t\t\t\t<\/div>\n\t\t<div class=\"elementor-element elementor-element-347e21d e-con-full e-flex e-con e-child\" data-id=\"347e21d\" data-element_type=\"container\" data-e-type=\"container\">\n\t\t\t\t<div class=\"elementor-element elementor-element-1d9dcbf elementor-widget elementor-widget-text-editor\" data-id=\"1d9dcbf\" data-element_type=\"widget\" data-e-type=\"widget\" data-widget_type=\"text-editor.default\">\n\t\t\t\t<div class=\"elementor-widget-container\">\n\t\t\t\t\t\t\t\t\t<p>Holds power for up to 10 years in storage, so you\u2019ll have reliable power when you need it most.<\/p>\t\t\t\t\t\t\t\t<\/div>\n\t\t\t\t<\/div>\n\t\t\t\t<\/div>\n\t\t<div class=\"elementor-element elementor-element-ebf8cf8 e-con-full e-flex e-con e-child\" data-id=\"ebf8cf8\" data-element_type=\"container\" data-e-type=\"container\" data-settings=\"{&quot;background_background&quot;:&quot;classic&quot;}\">\n\t\t\t\t<div class=\"elementor-element elementor-element-b19b528 elementor-widget elementor-widget-text-editor\" data-id=\"b19b528\" data-element_type=\"widget\" data-e-type=\"widget\" data-widget_type=\"text-editor.default\">\n\t\t\t\t<div class=\"elementor-widget-container\">\n\t\t\t\t\t\t\t\t\t<a href=\"#\" style=\"color:white\">+<\/a>\t\t\t\t\t\t\t\t<\/div>\n\t\t\t\t<\/div>\n\t\t\t\t<\/div>\n\t\t\t\t<\/div>\n\t\t<div class=\"elementor-element elementor-element-e39f837 e-con-full e-flex e-con e-child\" data-id=\"e39f837\" data-element_type=\"container\" data-e-type=\"container\">\n\t\t<div class=\"elementor-element elementor-element-9f56e79 e-con-full e-flex e-con e-child\" data-id=\"9f56e79\" data-element_type=\"container\" data-e-type=\"container\">\n\t\t\t\t<div class=\"elementor-element elementor-element-083c40e elementor-widget elementor-widget-image\" data-id=\"083c40e\" data-element_type=\"widget\" data-e-type=\"widget\" data-widget_type=\"image.default\">\n\t\t\t\t<div class=\"elementor-widget-container\">\n\t\t\t\t\t\t\t\t\t\t\t\t\t\t\t<img loading=\"lazy\" decoding=\"async\" width=\"127\" height=\"141\" src=\"https:\/\/energizer.com\/canada-french\/wp-content\/uploads\/sites\/3\/2024\/09\/energizer-recharge-c.jpg\" class=\"attachment-large size-large wp-image-11443\" alt=\"energizer recharge c\" \/>\t\t\t\t\t\t\t\t\t\t\t\t\t\t\t<\/div>\n\t\t\t\t<\/div>\n\t\t\t\t<\/div>\n\t\t<div class=\"elementor-element elementor-element-f2fa50c e-con-full e-flex e-con e-child\" data-id=\"f2fa50c\" data-element_type=\"container\" data-e-type=\"container\">\n\t\t\t\t<div class=\"elementor-element elementor-element-c6d55e7 elementor-widget elementor-widget-heading\" data-id=\"c6d55e7\" data-element_type=\"widget\" data-e-type=\"widget\" data-widget_type=\"heading.default\">\n\t\t\t\t<div class=\"elementor-widget-container\">\n\t\t\t\t\t<h3 class=\"elementor-heading-title elementor-size-default\">\nEnergizer\u00ae Recharge\u00ae C<\/h3>\t\t\t\t<\/div>\n\t\t\t\t<\/div>\n\t\t\t\t<\/div>\n\t\t<div class=\"elementor-element elementor-element-5cb22cf e-con-full e-flex e-con e-child\" data-id=\"5cb22cf\" data-element_type=\"container\" data-e-type=\"container\">\n\t\t\t\t<div class=\"elementor-element elementor-element-bfe4a8c elementor-widget elementor-widget-text-editor\" data-id=\"bfe4a8c\" data-element_type=\"widget\" data-e-type=\"widget\" data-widget_type=\"text-editor.default\">\n\t\t\t\t<div class=\"elementor-widget-container\">\n\t\t\t\t\t\t\t\t\t<p>Un choix \u00e9conomique comparativement \u00e0 l\u2019achat fr\u00e9quent de piles \u00e0 usage unique \u2013 peuvent \u00eatre charg\u00e9es des centaines de fois!<\/p>\t\t\t\t\t\t\t\t<\/div>\n\t\t\t\t<\/div>\n\t\t\t\t<\/div>\n\t\t<div class=\"elementor-element elementor-element-1754d3e e-con-full e-flex e-con e-child\" data-id=\"1754d3e\" data-element_type=\"container\" data-e-type=\"container\" data-settings=\"{&quot;background_background&quot;:&quot;classic&quot;}\">\n\t\t\t\t<div class=\"elementor-element elementor-element-1e95376 elementor-widget elementor-widget-text-editor\" data-id=\"1e95376\" data-element_type=\"widget\" data-e-type=\"widget\" data-widget_type=\"text-editor.default\">\n\t\t\t\t<div class=\"elementor-widget-container\">\n\t\t\t\t\t\t\t\t\t<a style=\"color: white;\" href=\"https:\/\/energizer.com\/canada-french\/product\/power\/energizer-recharge\/energizer-recharge-c\/\" aria-label=\"Energizer Recharge C\">+<\/a>\t\t\t\t\t\t\t\t<\/div>\n\t\t\t\t<\/div>\n\t\t\t\t<\/div>\n\t\t\t\t<\/div>\n\t\t\t\t\t<\/div>\n\t\t\t\t<\/div>\n\t\t\t\t<\/div>\n\t\t","protected":false},"excerpt":{"rendered":"<p>Piles C Utilisation quotidienne ou rechargeable \u2013 quelle pile C\u00a0Energizer\u00aeest la bonne pour votre appareil? Energizer a con\u00e7u des piles alcalines de longue dur\u00e9e et des piles C rechargeables \u00e9conomiques afin que vos appareils continuent, encore et encore, de fonctionner. Produit Description Caract\u00e9ristiques Energizer\u00ae MAX\u00ae C Holds power for up to 10 years in storage, [&hellip;]<\/p>\n","protected":false},"author":3,"featured_media":0,"parent":1003,"menu_order":0,"comment_status":"closed","ping_status":"closed","template":"elementor_header_footer","meta":{"_acf_changed":false,"footnotes":""},"class_list":["post-11426","page","type-page","status-publish","hentry"],"acf":[],"_links":{"self":[{"href":"https:\/\/energizer.com\/canada-french\/wp-json\/wp\/v2\/pages\/11426","targetHints":{"allow":["GET"]}}],"collection":[{"href":"https:\/\/energizer.com\/canada-french\/wp-json\/wp\/v2\/pages"}],"about":[{"href":"https:\/\/energizer.com\/canada-french\/wp-json\/wp\/v2\/types\/page"}],"author":[{"embeddable":true,"href":"https:\/\/energizer.com\/canada-french\/wp-json\/wp\/v2\/users\/3"}],"replies":[{"embeddable":true,"href":"https:\/\/energizer.com\/canada-french\/wp-json\/wp\/v2\/comments?post=11426"}],"version-history":[{"count":0,"href":"https:\/\/energizer.com\/canada-french\/wp-json\/wp\/v2\/pages\/11426\/revisions"}],"up":[{"embeddable":true,"href":"https:\/\/energizer.com\/canada-french\/wp-json\/wp\/v2\/pages\/1003"}],"wp:attachment":[{"href":"https:\/\/energizer.com\/canada-french\/wp-json\/wp\/v2\/media?parent=11426"}],"curies":[{"name":"wp","href":"https:\/\/api.w.org\/{rel}","templated":true}]}}