{"id":11532,"date":"2024-09-17T05:36:59","date_gmt":"2024-09-17T05:36:59","guid":{"rendered":"https:\/\/energizer.com\/canada-french\/?page_id=11532"},"modified":"2024-09-27T10:49:49","modified_gmt":"2024-09-27T10:49:49","slug":"recyclage-des-piles","status":"publish","type":"page","link":"https:\/\/energizer.com\/canada-french\/responsabilite\/recyclage-des-piles\/","title":{"rendered":"Battery Recycling"},"content":{"rendered":"\t\t<div data-elementor-type=\"wp-page\" data-elementor-id=\"11532\" class=\"elementor elementor-11532\" data-elementor-post-type=\"page\">\n\t\t\t\t<div class=\"elementor-element elementor-element-57ace8f e-flex e-con-boxed e-con e-parent\" data-id=\"57ace8f\" data-element_type=\"container\" data-e-type=\"container\">\n\t\t\t\t\t<div class=\"e-con-inner\">\n\t\t\t\t<div class=\"elementor-element elementor-element-9067cdf elementor-widget elementor-widget-heading\" data-id=\"9067cdf\" data-element_type=\"widget\" data-e-type=\"widget\" data-widget_type=\"heading.default\">\n\t\t\t\t<div class=\"elementor-widget-container\">\n\t\t\t\t\t<h1 class=\"elementor-heading-title elementor-size-default\">Recyclage des piles<\/h1>\t\t\t\t<\/div>\n\t\t\t\t<\/div>\n\t\t\t\t<div class=\"elementor-element elementor-element-440bd50 elementor-widget-divider--view-line elementor-widget elementor-widget-divider\" data-id=\"440bd50\" data-element_type=\"widget\" data-e-type=\"widget\" data-widget_type=\"divider.default\">\n\t\t\t\t<div class=\"elementor-widget-container\">\n\t\t\t\t\t\t\t<div class=\"elementor-divider\">\n\t\t\t<span class=\"elementor-divider-separator\">\n\t\t\t\t\t\t<\/span>\n\t\t<\/div>\n\t\t\t\t\t\t<\/div>\n\t\t\t\t<\/div>\n\t\t\t\t\t<\/div>\n\t\t\t\t<\/div>\n\t\t<div class=\"elementor-element elementor-element-30edcc8 e-flex e-con-boxed e-con e-parent\" data-id=\"30edcc8\" data-element_type=\"container\" data-e-type=\"container\">\n\t\t\t\t\t<div class=\"e-con-inner\">\n\t\t<div class=\"elementor-element elementor-element-cf12799 e-con-full e-flex e-con e-child\" data-id=\"cf12799\" data-element_type=\"container\" data-e-type=\"container\">\n\t\t<div class=\"elementor-element elementor-element-dbc5548 e-con-full e-flex e-con e-child\" data-id=\"dbc5548\" data-element_type=\"container\" data-e-type=\"container\">\n\t\t<div class=\"elementor-element elementor-element-77d321d e-con-full e-flex e-con e-child\" data-id=\"77d321d\" data-element_type=\"container\" data-e-type=\"container\">\n\t\t\t\t<div class=\"elementor-element elementor-element-399c258 elementor-widget elementor-widget-text-editor\" data-id=\"399c258\" data-element_type=\"widget\" data-e-type=\"widget\" data-widget_type=\"text-editor.default\">\n\t\t\t\t<div class=\"elementor-widget-container\">\n\t\t\t\t\t\t\t\t\t<strong>Nous croyons en la puissance du recyclage<\/strong>\nLe concept de recyclage \u00e9tait autrefois consid\u00e9r\u00e9 comme une simple tendance. Aujourd\u2019hui, l\u2019on pr\u00e9serve avec intelligence la propret\u00e9 de la Terre gr\u00e2ce au recyclage des produits du papier, du plastique, du verre et des m\u00e9taux. Nous jouons tous un petit r\u00f4le pour aider la plan\u00e8te de diverses mani\u00e8res et nos actions combin\u00e9es ont un effet consid\u00e9rable.\t\t\t\t\t\t\t\t<\/div>\n\t\t\t\t<\/div>\n\t\t\t\t<\/div>\n\t\t<div class=\"elementor-element elementor-element-c1ad4b8 e-con-full e-flex e-con e-child\" data-id=\"c1ad4b8\" data-element_type=\"container\" data-e-type=\"container\">\n\t\t\t\t<div class=\"elementor-element elementor-element-aa0f1f8 elementor-widget elementor-widget-image\" data-id=\"aa0f1f8\" data-element_type=\"widget\" data-e-type=\"widget\" data-widget_type=\"image.default\">\n\t\t\t\t<div class=\"elementor-widget-container\">\n\t\t\t\t\t\t\t\t\t\t\t\t\t\t\t<img loading=\"lazy\" decoding=\"async\" width=\"266\" height=\"201\" src=\"https:\/\/energizer.com\/canada-french\/wp-content\/uploads\/sites\/3\/2024\/09\/recycling-battery.png\" class=\"attachment-large size-large wp-image-11545\" alt=\"recycling battery\" \/>\t\t\t\t\t\t\t\t\t\t\t\t\t\t\t<\/div>\n\t\t\t\t<\/div>\n\t\t\t\t<\/div>\n\t\t\t\t<\/div>\n\t\t\t\t<div class=\"elementor-element elementor-element-f4673b6 elementor-widget elementor-widget-text-editor\" data-id=\"f4673b6\" data-element_type=\"widget\" data-e-type=\"widget\" data-widget_type=\"text-editor.default\">\n\t\t\t\t<div class=\"elementor-widget-container\">\n\t\t\t\t\t\t\t\t\t<p><strong>Qu\u2019en est-il du recyclage des piles?<\/strong><br \/>Le recyclage des piles devient une habitude de plus en plus r\u00e9pandue chez les consommateurs. Plus de 2 580 000 kilogrammes de piles ont \u00e9t\u00e9 recycl\u00e9s au cours des sept premiers mois de 2015*. Ce chiffre laisse pr\u00e9sager que le recyclage des piles conna\u00eetra une croissance pour la 19e ann\u00e9e cons\u00e9cutive.<\/p>\t\t\t\t\t\t\t\t<\/div>\n\t\t\t\t<\/div>\n\t\t\t\t<div class=\"elementor-element elementor-element-8260a2c elementor-widget elementor-widget-text-editor\" data-id=\"8260a2c\" data-element_type=\"widget\" data-e-type=\"widget\" data-widget_type=\"text-editor.default\">\n\t\t\t\t<div class=\"elementor-widget-container\">\n\t\t\t\t\t\t\t\t\t<p><strong>Energizer\u00ae continue de mener la charge<\/strong><br \/><em>Energizer<\/em><sub>\u00ae<\/sub>\u00a0has a history of industry \u201cfirsts\u201d, but lately we\u2019re most proud of our Energizer Recharge<sub>\u00ae<\/sub>\u00a0batteries. By combining innovation and environmental stewardship, our Energizer Recharge<sub>\u00ae<\/sub> became the first rechargeable to also contain recycled batteries. This innovation represents another step in our journey to bring performance and responsibility to the world.<\/p>\t\t\t\t\t\t\t\t<\/div>\n\t\t\t\t<\/div>\n\t\t\t\t<div class=\"elementor-element elementor-element-6dec8f5 elementor-widget elementor-widget-text-editor\" data-id=\"6dec8f5\" data-element_type=\"widget\" data-e-type=\"widget\" data-widget_type=\"text-editor.default\">\n\t\t\t\t<div class=\"elementor-widget-container\">\n\t\t\t\t\t\t\t\t\t<p><strong>Nous sommes partenaires avec les meilleurs<\/strong><br \/>Notre engagement en mati\u00e8re de recyclage se traduit \u00e9galement par deux partenariats strat\u00e9giques avec des organisations qui encouragent, informent et outillent les consommateurs afin qu\u2019ils recyclent leurs piles. Nous sommes fiers de collaborer avec les organisations\u00a0<a class=\"anchorhover\" href=\"http:\/\/www.earth911.com\/\" target=\"_blank\" rel=\"noopener\" aria-label=\"Earth 911\">Earth 911<\/a>\u00a0et\u00a0<a class=\"anchorhover\" href=\"http:\/\/www.appelarecycler.ca\/\" target=\"_blank\" rel=\"noopener\" aria-label=\"Appel \u00e0 recycler\">Appel \u00e0 recycler<\/a>, lesquelles jouent un r\u00f4le cl\u00e9 pour nous aider \u00e0 sensibiliser la population \u00e0 cette importante question.<\/p>\t\t\t\t\t\t\t\t<\/div>\n\t\t\t\t<\/div>\n\t\t\t\t<\/div>\n\t\t\t\t\t<\/div>\n\t\t\t\t<\/div>\n\t\t\t\t<\/div>\n\t\t","protected":false},"excerpt":{"rendered":"<p>Recyclage des piles Nous croyons en la puissance du recyclage Le concept de recyclage \u00e9tait autrefois consid\u00e9r\u00e9 comme une simple tendance. Aujourd\u2019hui, l\u2019on pr\u00e9serve avec intelligence la propret\u00e9 de la Terre gr\u00e2ce au recyclage des produits du papier, du plastique, du verre et des m\u00e9taux. Nous jouons tous un petit r\u00f4le pour aider la plan\u00e8te [&hellip;]<\/p>\n","protected":false},"author":3,"featured_media":0,"parent":4680,"menu_order":0,"comment_status":"closed","ping_status":"closed","template":"elementor_header_footer","meta":{"_acf_changed":false,"footnotes":""},"class_list":["post-11532","page","type-page","status-publish","hentry"],"acf":[],"_links":{"self":[{"href":"https:\/\/energizer.com\/canada-french\/wp-json\/wp\/v2\/pages\/11532","targetHints":{"allow":["GET"]}}],"collection":[{"href":"https:\/\/energizer.com\/canada-french\/wp-json\/wp\/v2\/pages"}],"about":[{"href":"https:\/\/energizer.com\/canada-french\/wp-json\/wp\/v2\/types\/page"}],"author":[{"embeddable":true,"href":"https:\/\/energizer.com\/canada-french\/wp-json\/wp\/v2\/users\/3"}],"replies":[{"embeddable":true,"href":"https:\/\/energizer.com\/canada-french\/wp-json\/wp\/v2\/comments?post=11532"}],"version-history":[{"count":0,"href":"https:\/\/energizer.com\/canada-french\/wp-json\/wp\/v2\/pages\/11532\/revisions"}],"up":[{"embeddable":true,"href":"https:\/\/energizer.com\/canada-french\/wp-json\/wp\/v2\/pages\/4680"}],"wp:attachment":[{"href":"https:\/\/energizer.com\/canada-french\/wp-json\/wp\/v2\/media?parent=11532"}],"curies":[{"name":"wp","href":"https:\/\/api.w.org\/{rel}","templated":true}]}}