{"id":11550,"date":"2024-09-17T05:50:50","date_gmt":"2024-09-17T05:50:50","guid":{"rendered":"https:\/\/energizer.com\/canada-french\/?page_id=11550"},"modified":"2024-09-27T13:09:02","modified_gmt":"2024-09-27T13:09:02","slug":"comment-recycler-les-piles","status":"publish","type":"page","link":"https:\/\/energizer.com\/canada-french\/responsabilite\/recyclage-des-piles\/comment-recycler-les-piles\/","title":{"rendered":"How to Recycle Batteries"},"content":{"rendered":"\t\t<div data-elementor-type=\"wp-page\" data-elementor-id=\"11550\" class=\"elementor elementor-11550\" data-elementor-post-type=\"page\">\n\t\t\t\t<div class=\"elementor-element elementor-element-e429a92 e-flex e-con-boxed e-con e-parent\" data-id=\"e429a92\" data-element_type=\"container\" data-e-type=\"container\">\n\t\t\t\t\t<div class=\"e-con-inner\">\n\t\t\t\t<div class=\"elementor-element elementor-element-e8c9414 elementor-widget elementor-widget-heading\" data-id=\"e8c9414\" data-element_type=\"widget\" data-e-type=\"widget\" data-widget_type=\"heading.default\">\n\t\t\t\t<div class=\"elementor-widget-container\">\n\t\t\t\t\t<h1 class=\"elementor-heading-title elementor-size-default\">Comment recycler les piles?\n<\/h1>\t\t\t\t<\/div>\n\t\t\t\t<\/div>\n\t\t\t\t<div class=\"elementor-element elementor-element-7fde58e elementor-widget-divider--view-line elementor-widget elementor-widget-divider\" data-id=\"7fde58e\" data-element_type=\"widget\" data-e-type=\"widget\" data-widget_type=\"divider.default\">\n\t\t\t\t<div class=\"elementor-widget-container\">\n\t\t\t\t\t\t\t<div class=\"elementor-divider\">\n\t\t\t<span class=\"elementor-divider-separator\">\n\t\t\t\t\t\t<\/span>\n\t\t<\/div>\n\t\t\t\t\t\t<\/div>\n\t\t\t\t<\/div>\n\t\t\t\t\t<\/div>\n\t\t\t\t<\/div>\n\t\t<div class=\"elementor-element elementor-element-e8d85bc e-flex e-con-boxed e-con e-parent\" data-id=\"e8d85bc\" data-element_type=\"container\" data-e-type=\"container\">\n\t\t\t\t\t<div class=\"e-con-inner\">\n\t\t<div class=\"elementor-element elementor-element-3d499d4 e-con-full e-flex e-con e-child\" data-id=\"3d499d4\" data-element_type=\"container\" data-e-type=\"container\">\n\t\t<div class=\"elementor-element elementor-element-71d3014 e-con-full e-flex e-con e-child\" data-id=\"71d3014\" data-element_type=\"container\" data-e-type=\"container\">\n\t\t<div class=\"elementor-element elementor-element-2b28f6c e-con-full e-flex e-con e-child\" data-id=\"2b28f6c\" data-element_type=\"container\" data-e-type=\"container\">\n\t\t\t\t<div class=\"elementor-element elementor-element-9db4d98 elementor-widget elementor-widget-text-editor\" data-id=\"9db4d98\" data-element_type=\"widget\" data-e-type=\"widget\" data-widget_type=\"text-editor.default\">\n\t\t\t\t<div class=\"elementor-widget-container\">\n\t\t\t\t\t\t\t\t\t<p>Certaines estimations indiquent que les Am\u00e9ricains ach\u00e8tent pr\u00e8s de 180 tonnes de piles chaque ann\u00e9e. Il est donc sage et responsable de mettre en \u0153uvre une strat\u00e9gie nationale de recyclage. Heureusement, les piles alcalines ne contiennent plus de mat\u00e9riaux dangereux depuis plus de 25 ans. De plus, les \u00c9tats-Unis ont adopt\u00e9 une loi bannissant l\u2019utilisation du mercure dans les piles en 1996. Des progr\u00e8s ont donc \u00e9t\u00e9 accomplis. Dans les faits, \u00e0 moins que vous habitiez en Californie, vous jetez des piles non rechargeables dans les ordures sans encombre depuis au moins 19 ans. En v\u00e9rit\u00e9, les consommateurs cherchent d\u2019autres possibilit\u00e9s qui, aujourd\u2019hui, leur sont offertes.<\/p>\t\t\t\t\t\t\t\t<\/div>\n\t\t\t\t<\/div>\n\t\t\t\t<\/div>\n\t\t<div class=\"elementor-element elementor-element-dea56ad e-con-full e-flex e-con e-child\" data-id=\"dea56ad\" data-element_type=\"container\" data-e-type=\"container\">\n\t\t\t\t<div class=\"elementor-element elementor-element-6c111a5 elementor-widget elementor-widget-image\" data-id=\"6c111a5\" data-element_type=\"widget\" data-e-type=\"widget\" data-widget_type=\"image.default\">\n\t\t\t\t<div class=\"elementor-widget-container\">\n\t\t\t\t\t\t\t\t\t\t\t\t\t\t\t<img loading=\"lazy\" decoding=\"async\" width=\"182\" height=\"178\" src=\"https:\/\/energizer.com\/canada-french\/wp-content\/uploads\/sites\/3\/2024\/09\/green-battery-icon.jpg\" class=\"attachment-large size-large wp-image-11552\" alt=\"green battery icon\" \/>\t\t\t\t\t\t\t\t\t\t\t\t\t\t\t<\/div>\n\t\t\t\t<\/div>\n\t\t\t\t<\/div>\n\t\t\t\t<\/div>\n\t\t\t\t<div class=\"elementor-element elementor-element-3f3d2f1 elementor-widget elementor-widget-text-editor\" data-id=\"3f3d2f1\" data-element_type=\"widget\" data-e-type=\"widget\" data-widget_type=\"text-editor.default\">\n\t\t\t\t<div class=\"elementor-widget-container\">\n\t\t\t\t\t\t\t\t\t<p><strong>Comment se d\u00e9barrasser des piles<\/strong><br \/><br \/>Si vous vous demandez comment recycler les piles, la meilleure chose \u00e0 faire est de visiter le site d\u2019 <a class=\"anchorhover\" href=\"http:\/\/www.earth911.com\/\" target=\"_blank\" rel=\"noopener\" aria-label=\"Earth 911\">Earth911<\/a> . Vous y trouverez des pages enti\u00e8res de renseignements pr\u00e9cieux, notamment des r\u00e9ponses aux questions les plus fr\u00e9quemment pos\u00e9es sur l\u2019\u00e9limination des piles usag\u00e9es.<\/p>\t\t\t\t\t\t\t\t<\/div>\n\t\t\t\t<\/div>\n\t\t\t\t<div class=\"elementor-element elementor-element-634d406 elementor-widget elementor-widget-text-editor\" data-id=\"634d406\" data-element_type=\"widget\" data-e-type=\"widget\" data-widget_type=\"text-editor.default\">\n\t\t\t\t<div class=\"elementor-widget-container\">\n\t\t\t\t\t\t\t\t\t<p>Une autre ressource extr\u00eamement utile est le site d\u2019<a class=\"anchorhover\" href=\"http:\/\/www.appelarecycler.ca\/\" aria-label=\"Appel \u00e0 recycler\">Appel \u00e0 recycler<\/a>, un partenaire d\u2019Energizer depuis plus de 20 ans qui offre le seul programme gratuit de collecte et de recyclage des piles rechargeables en Am\u00e9rique du Nord.<\/p><p><strong>Le recyclage fonctionne-t-il vraiment?<br \/><\/strong><\/p><p>Voici un excellent exemple : plus de 45 millions de kilogrammes de piles rechargeables usag\u00e9es ont \u00e9t\u00e9 recycl\u00e9s par Appel \u00e0 recycler depuis ses d\u00e9buts, en 1994. Cet \u00e9lan national vers le recyclage a permis \u00e0 Energizer d\u2019explorer \u00e0 titre de pionnier la technologie qui permet de cr\u00e9er de nouvelles piles \u00e0 partir de piles recycl\u00e9es. Nous contribuons donc d\u00e9j\u00e0 \u00e0 faire une diff\u00e9rence.<\/p>\t\t\t\t\t\t\t\t<\/div>\n\t\t\t\t<\/div>\n\t\t\t\t<div class=\"elementor-element elementor-element-132b4e1 elementor-widget elementor-widget-image\" data-id=\"132b4e1\" data-element_type=\"widget\" data-e-type=\"widget\" data-widget_type=\"image.default\">\n\t\t\t\t<div class=\"elementor-widget-container\">\n\t\t\t\t\t\t\t\t\t\t\t\t\t\t\t<img loading=\"lazy\" decoding=\"async\" width=\"246\" height=\"49\" src=\"https:\/\/energizer.com\/canada-french\/wp-content\/uploads\/sites\/3\/2024\/09\/call-2-recycle-logo.jpg\" class=\"attachment-large size-large wp-image-11559\" alt=\"call 2 recycle logo\" \/>\t\t\t\t\t\t\t\t\t\t\t\t\t\t\t<\/div>\n\t\t\t\t<\/div>\n\t\t\t\t<\/div>\n\t\t\t\t\t<\/div>\n\t\t\t\t<\/div>\n\t\t\t\t<\/div>\n\t\t","protected":false},"excerpt":{"rendered":"<p>Comment recycler les piles? Certaines estimations indiquent que les Am\u00e9ricains ach\u00e8tent pr\u00e8s de 180 tonnes de piles chaque ann\u00e9e. Il est donc sage et responsable de mettre en \u0153uvre une strat\u00e9gie nationale de recyclage. Heureusement, les piles alcalines ne contiennent plus de mat\u00e9riaux dangereux depuis plus de 25 ans. De plus, les \u00c9tats-Unis ont adopt\u00e9 [&hellip;]<\/p>\n","protected":false},"author":3,"featured_media":0,"parent":11532,"menu_order":0,"comment_status":"closed","ping_status":"closed","template":"elementor_header_footer","meta":{"_acf_changed":false,"footnotes":""},"class_list":["post-11550","page","type-page","status-publish","hentry"],"acf":[],"_links":{"self":[{"href":"https:\/\/energizer.com\/canada-french\/wp-json\/wp\/v2\/pages\/11550","targetHints":{"allow":["GET"]}}],"collection":[{"href":"https:\/\/energizer.com\/canada-french\/wp-json\/wp\/v2\/pages"}],"about":[{"href":"https:\/\/energizer.com\/canada-french\/wp-json\/wp\/v2\/types\/page"}],"author":[{"embeddable":true,"href":"https:\/\/energizer.com\/canada-french\/wp-json\/wp\/v2\/users\/3"}],"replies":[{"embeddable":true,"href":"https:\/\/energizer.com\/canada-french\/wp-json\/wp\/v2\/comments?post=11550"}],"version-history":[{"count":0,"href":"https:\/\/energizer.com\/canada-french\/wp-json\/wp\/v2\/pages\/11550\/revisions"}],"up":[{"embeddable":true,"href":"https:\/\/energizer.com\/canada-french\/wp-json\/wp\/v2\/pages\/11532"}],"wp:attachment":[{"href":"https:\/\/energizer.com\/canada-french\/wp-json\/wp\/v2\/media?parent=11550"}],"curies":[{"name":"wp","href":"https:\/\/api.w.org\/{rel}","templated":true}]}}