{"id":11773,"date":"2024-09-17T09:20:10","date_gmt":"2024-09-17T09:20:10","guid":{"rendered":"https:\/\/energizer.com\/canada-french\/?page_id=11773"},"modified":"2024-09-27T08:23:40","modified_gmt":"2024-09-27T08:23:40","slug":"specialty-battery-finder","status":"publish","type":"page","link":"https:\/\/energizer.com\/canada-french\/specialty-battery-finder\/","title":{"rendered":"Specialty Battery Finder"},"content":{"rendered":"\t\t<div data-elementor-type=\"wp-page\" data-elementor-id=\"11773\" class=\"elementor elementor-11773\" data-elementor-post-type=\"page\">\n\t\t\t\t<div class=\"elementor-element elementor-element-fb14dd6 e-flex e-con-boxed e-con e-parent\" data-id=\"fb14dd6\" data-element_type=\"container\" data-e-type=\"container\">\n\t\t\t\t\t<div class=\"e-con-inner\">\n\t\t\t\t<div class=\"elementor-element elementor-element-cfa83c3 elementor-widget elementor-widget-heading\" data-id=\"cfa83c3\" data-element_type=\"widget\" data-e-type=\"widget\" data-widget_type=\"heading.default\">\n\t\t\t\t<div class=\"elementor-widget-container\">\n\t\t\t\t\t<h1 class=\"elementor-heading-title elementor-size-default\">Trouvez une pile sp\u00e9cialis\u00e9e<\/h1>\t\t\t\t<\/div>\n\t\t\t\t<\/div>\n\t\t\t\t<div class=\"elementor-element elementor-element-d6c6a9c elementor-widget-divider--view-line elementor-widget elementor-widget-divider\" data-id=\"d6c6a9c\" data-element_type=\"widget\" data-e-type=\"widget\" data-widget_type=\"divider.default\">\n\t\t\t\t<div class=\"elementor-widget-container\">\n\t\t\t\t\t\t\t<div class=\"elementor-divider\">\n\t\t\t<span class=\"elementor-divider-separator\">\n\t\t\t\t\t\t<\/span>\n\t\t<\/div>\n\t\t\t\t\t\t<\/div>\n\t\t\t\t<\/div>\n\t\t\t\t\t<\/div>\n\t\t\t\t<\/div>\n\t\t<div class=\"elementor-element elementor-element-669bc5b e-flex e-con-boxed e-con e-parent\" data-id=\"669bc5b\" data-element_type=\"container\" data-e-type=\"container\">\n\t\t\t\t\t<div class=\"e-con-inner\">\n\t\t<div class=\"elementor-element elementor-element-d8d34c1 e-con-full e-flex e-con e-child\" data-id=\"d8d34c1\" data-element_type=\"container\" data-e-type=\"container\">\n\t\t\t\t<div class=\"elementor-element elementor-element-3c32064 elementor-widget elementor-widget-text-editor\" data-id=\"3c32064\" data-element_type=\"widget\" data-e-type=\"widget\" data-widget_type=\"text-editor.default\">\n\t\t\t\t<div class=\"elementor-widget-container\">\n\t\t\t\t\t\t\t\t\tEnergizer fournit des piles de remplacement pour des centaines de sortes de piles sp\u00e9cialis\u00e9es de fabricants. Les piles sp\u00e9cialis\u00e9es Energizer sont id\u00e9ales pour les montres, les jouets, les t\u00e9l\u00e9commandes, les calculatrices, l\u2019usage m\u00e9dical et plus encore.\t\t\t\t\t\t\t\t<\/div>\n\t\t\t\t<\/div>\n\t\t\t\t<\/div>\n\t\t<div class=\"elementor-element elementor-element-5b69f89 e-con-full e-flex e-con e-child\" data-id=\"5b69f89\" data-element_type=\"container\" data-e-type=\"container\">\n\t\t\t\t<div class=\"elementor-element elementor-element-17cca73 elementor-widget elementor-widget-image\" data-id=\"17cca73\" data-element_type=\"widget\" data-e-type=\"widget\" data-widget_type=\"image.default\">\n\t\t\t\t<div class=\"elementor-widget-container\">\n\t\t\t\t\t\t\t\t\t\t\t\t\t\t\t<img loading=\"lazy\" decoding=\"async\" width=\"278\" height=\"177\" src=\"https:\/\/energizer.com\/canada-french\/wp-content\/uploads\/sites\/3\/2024\/09\/specialty-batteries-overview.jpg\" class=\"attachment-large size-large wp-image-11780\" alt=\"specialty-batteries-overview\" \/>\t\t\t\t\t\t\t\t\t\t\t\t\t\t\t<\/div>\n\t\t\t\t<\/div>\n\t\t\t\t<\/div>\n\t\t\t\t\t<\/div>\n\t\t\t\t<\/div>\n\t\t<div class=\"elementor-element elementor-element-45d57f2 e-flex e-con-boxed e-con e-parent\" data-id=\"45d57f2\" data-element_type=\"container\" data-e-type=\"container\">\n\t\t\t\t\t<div class=\"e-con-inner\">\n\t\t\t\t<div class=\"elementor-element elementor-element-335c3d3 elementor-widget elementor-widget-shortcode\" data-id=\"335c3d3\" data-element_type=\"widget\" data-e-type=\"widget\" data-widget_type=\"shortcode.default\">\n\t\t\t\t<div class=\"elementor-widget-container\">\n\t\t\t\t\t<div class=\"replacementbrands\"><div class=\"switchmode\"><a class=\"anchorhover\" href=\"https:\/\/energizer.com\/canada-french\/specialty-battery-finder\/all-brands\/\" aria-label=\"Toutes les marques\">Toutes les marques<\/a><\/div><ul class=\"battery_replacement_brand_list\"><li class=\"battery_replacement_brand_list_item uslualbrand 113\"><div><a href=\"https:\/\/energizer.com\/canada-french\/specialty-battery-finder\/autre\/\" aria-label=\"Autre\">Autre<\/a><\/div><\/li><li class=\"battery_replacement_brand_list_item uslualbrand 107\"><div><a href=\"https:\/\/energizer.com\/canada-french\/specialty-battery-finder\/awi-replacement\/\" aria-label=\"AWI\">AWI<\/a><\/div><\/li><li class=\"battery_replacement_brand_list_item uslualbrand 108\"><div><a href=\"https:\/\/energizer.com\/canada-french\/specialty-battery-finder\/bulova-watch-battery-replacement\/\" aria-label=\"Bulova\">Bulova<\/a><\/div><\/li><li class=\"battery_replacement_brand_list_item uslualbrand 109\"><div><a href=\"https:\/\/energizer.com\/canada-french\/specialty-battery-finder\/citizen-battery-replacement\/\" aria-label=\"Citizen\">Citizen<\/a><\/div><\/li><li class=\"battery_replacement_brand_list_item uslualbrand 110\"><div><a href=\"https:\/\/energizer.com\/canada-french\/specialty-battery-finder\/duracell-replacement-batteries\/\" aria-label=\"Duracell\">Duracell<\/a><\/div><\/li><li class=\"battery_replacement_brand_list_item uslualbrand 111\"><div><a href=\"https:\/\/energizer.com\/canada-french\/specialty-battery-finder\/kodak-replacement-batteries\/\" aria-label=\"Kodak\">Kodak<\/a><\/div><\/li><li class=\"battery_replacement_brand_list_item uslualbrand 112\"><div><a href=\"https:\/\/energizer.com\/canada-french\/specialty-battery-finder\/maxell-battery-replacement\/\" aria-label=\"Maxell\">Maxell<\/a><\/div><\/li><li class=\"battery_replacement_brand_list_item uslualbrand 114\"><div><a href=\"https:\/\/energizer.com\/canada-french\/specialty-battery-finder\/panasonic-replacement-batteries\/\" aria-label=\"Panasonic\">Panasonic<\/a><\/div><\/li><li class=\"battery_replacement_brand_list_item uslualbrand 116\"><div><a href=\"https:\/\/energizer.com\/canada-french\/specialty-battery-finder\/renata-battery-equivalents\/\" aria-label=\"Renata\">Renata<\/a><\/div><\/li><li class=\"battery_replacement_brand_list_item uslualbrand 117\"><div><a href=\"https:\/\/energizer.com\/canada-french\/specialty-battery-finder\/sanyo-battery-replacement\/\" aria-label=\"Sanyo\">Sanyo<\/a><\/div><\/li><li class=\"battery_replacement_brand_list_item uslualbrand 118\"><div><a href=\"https:\/\/energizer.com\/canada-french\/specialty-battery-finder\/seiko-battery-replacement\/\" aria-label=\"Seiko\">Seiko<\/a><\/div><\/li><li class=\"battery_replacement_brand_list_item uslualbrand 119\"><div><a href=\"https:\/\/energizer.com\/canada-french\/specialty-battery-finder\/sony-battery-replacement-equivalent\/\" aria-label=\"Sony\">Sony<\/a><\/div><\/li><li class=\"battery_replacement_brand_list_item uslualbrand 120\"><div><a href=\"https:\/\/energizer.com\/canada-french\/specialty-battery-finder\/toshiba-replacement-batteries\/\" aria-label=\"Toshiba\">Toshiba<\/a><\/div><\/li><\/ul><\/div><div class=\"Allbrands\"><span>Veuillez s\u00e9lectionner la marque pour trouver le remplacement de la batterie<\/span><\/div><div class=\"preloader_wrap\"  style=\"display:none;\"><div class=\"preloader\"><\/div><\/div><div class=\"batteryequivalent\"><\/div>\t\t<div class=\"elementor-shortcode\"><\/div>\n\t\t\t\t\t\t<\/div>\n\t\t\t\t<\/div>\n\t\t\t\t\t<\/div>\n\t\t\t\t<\/div>\n\t\t\t\t<\/div>\n\t\t","protected":false},"excerpt":{"rendered":"<p>Trouvez une pile sp\u00e9cialis\u00e9e Energizer fournit des piles de remplacement pour des centaines de sortes de piles sp\u00e9cialis\u00e9es de fabricants. Les piles sp\u00e9cialis\u00e9es Energizer sont id\u00e9ales pour les montres, les jouets, les t\u00e9l\u00e9commandes, les calculatrices, l\u2019usage m\u00e9dical et plus encore.<\/p>\n","protected":false},"author":3,"featured_media":0,"parent":0,"menu_order":0,"comment_status":"closed","ping_status":"closed","template":"elementor_header_footer","meta":{"_acf_changed":false,"footnotes":""},"class_list":["post-11773","page","type-page","status-publish","hentry"],"acf":[],"_links":{"self":[{"href":"https:\/\/energizer.com\/canada-french\/wp-json\/wp\/v2\/pages\/11773","targetHints":{"allow":["GET"]}}],"collection":[{"href":"https:\/\/energizer.com\/canada-french\/wp-json\/wp\/v2\/pages"}],"about":[{"href":"https:\/\/energizer.com\/canada-french\/wp-json\/wp\/v2\/types\/page"}],"author":[{"embeddable":true,"href":"https:\/\/energizer.com\/canada-french\/wp-json\/wp\/v2\/users\/3"}],"replies":[{"embeddable":true,"href":"https:\/\/energizer.com\/canada-french\/wp-json\/wp\/v2\/comments?post=11773"}],"version-history":[{"count":0,"href":"https:\/\/energizer.com\/canada-french\/wp-json\/wp\/v2\/pages\/11773\/revisions"}],"wp:attachment":[{"href":"https:\/\/energizer.com\/canada-french\/wp-json\/wp\/v2\/media?parent=11773"}],"curies":[{"name":"wp","href":"https:\/\/api.w.org\/{rel}","templated":true}]}}