{"id":11880,"date":"2024-09-17T10:40:15","date_gmt":"2024-09-17T10:40:15","guid":{"rendered":"https:\/\/energizer.com\/canada-french\/?page_id=11880"},"modified":"2024-09-27T10:01:14","modified_gmt":"2024-09-27T10:01:14","slug":"autre","status":"publish","type":"page","link":"https:\/\/energizer.com\/canada-french\/specialty-battery-finder\/autre\/","title":{"rendered":"Autre"},"content":{"rendered":"\t\t<div data-elementor-type=\"wp-page\" data-elementor-id=\"11880\" class=\"elementor elementor-11880\" data-elementor-post-type=\"page\">\n\t\t\t\t<div class=\"elementor-element elementor-element-1e79609 e-flex e-con-boxed e-con e-parent\" data-id=\"1e79609\" data-element_type=\"container\" data-e-type=\"container\">\n\t\t\t\t\t<div class=\"e-con-inner\">\n\t\t\t\t<div class=\"elementor-element elementor-element-fc7f44e elementor-widget elementor-widget-heading\" data-id=\"fc7f44e\" data-element_type=\"widget\" data-e-type=\"widget\" data-widget_type=\"heading.default\">\n\t\t\t\t<div class=\"elementor-widget-container\">\n\t\t\t\t\t<h1 class=\"elementor-heading-title elementor-size-default\">Trouvez une pile sp\u00e9cialis\u00e9e<\/h1>\t\t\t\t<\/div>\n\t\t\t\t<\/div>\n\t\t\t\t<div class=\"elementor-element elementor-element-65f7670 elementor-widget-divider--view-line elementor-widget elementor-widget-divider\" data-id=\"65f7670\" data-element_type=\"widget\" data-e-type=\"widget\" data-widget_type=\"divider.default\">\n\t\t\t\t<div class=\"elementor-widget-container\">\n\t\t\t\t\t\t\t<div class=\"elementor-divider\">\n\t\t\t<span class=\"elementor-divider-separator\">\n\t\t\t\t\t\t<\/span>\n\t\t<\/div>\n\t\t\t\t\t\t<\/div>\n\t\t\t\t<\/div>\n\t\t\t\t\t<\/div>\n\t\t\t\t<\/div>\n\t\t<div class=\"elementor-element elementor-element-90328cd e-flex e-con-boxed e-con e-parent\" data-id=\"90328cd\" data-element_type=\"container\" data-e-type=\"container\">\n\t\t\t\t\t<div class=\"e-con-inner\">\n\t\t\t\t<div class=\"elementor-element elementor-element-5f11cca elementor-widget elementor-widget-text-editor\" data-id=\"5f11cca\" data-element_type=\"widget\" data-e-type=\"widget\" data-widget_type=\"text-editor.default\">\n\t\t\t\t<div class=\"elementor-widget-container\">\n\t\t\t\t\t\t\t\t\tVous pouvez choisir parmi une longue liste de piles sp\u00e9cialis\u00e9es pour remplacer vos piles actuelles. Voyez la liste compl\u00e8te ci-dessous. Choisissez dans l&#8217;index alphab\u00e9tique pour trier par num\u00e9ro du type de pile.\n\t\t\t\t\t\t\t\t<\/div>\n\t\t\t\t<\/div>\n\t\t\t\t\t<\/div>\n\t\t\t\t<\/div>\n\t\t<div class=\"elementor-element elementor-element-75a9976 e-flex e-con-boxed e-con e-parent\" data-id=\"75a9976\" data-element_type=\"container\" data-e-type=\"container\">\n\t\t\t\t\t<div class=\"e-con-inner\">\n\t\t\t\t<div class=\"elementor-element elementor-element-d3c3e95 elementor-widget elementor-widget-shortcode\" data-id=\"d3c3e95\" data-element_type=\"widget\" data-e-type=\"widget\" data-widget_type=\"shortcode.default\">\n\t\t\t\t<div class=\"elementor-widget-container\">\n\t\t\t\t\t<div class=\"replacementbrands\"><div class=\"switchmode\"><a class=\"anchorhover\" href=\"https:\/\/energizer.com\/canada-french\/specialty-battery-finder\/all-brands\/\" aria-label=\"Toutes les marques\">Toutes les marques<\/a><\/div><ul class=\"battery_replacement_brand_list\"><li class=\"battery_replacement_brand_list_item activebrand 113\"><div><a href=\"https:\/\/energizer.com\/canada-french\/specialty-battery-finder\/autre\/\" aria-label=\"Autre\">Autre<\/a><\/div><\/li><li class=\"battery_replacement_brand_list_item uslualbrand 107\"><div><a href=\"https:\/\/energizer.com\/canada-french\/specialty-battery-finder\/awi-replacement\/\" aria-label=\"AWI\">AWI<\/a><\/div><\/li><li class=\"battery_replacement_brand_list_item uslualbrand 108\"><div><a href=\"https:\/\/energizer.com\/canada-french\/specialty-battery-finder\/bulova-watch-battery-replacement\/\" aria-label=\"Bulova\">Bulova<\/a><\/div><\/li><li class=\"battery_replacement_brand_list_item uslualbrand 109\"><div><a href=\"https:\/\/energizer.com\/canada-french\/specialty-battery-finder\/citizen-battery-replacement\/\" aria-label=\"Citizen\">Citizen<\/a><\/div><\/li><li class=\"battery_replacement_brand_list_item uslualbrand 110\"><div><a href=\"https:\/\/energizer.com\/canada-french\/specialty-battery-finder\/duracell-replacement-batteries\/\" aria-label=\"Duracell\">Duracell<\/a><\/div><\/li><li class=\"battery_replacement_brand_list_item uslualbrand 111\"><div><a href=\"https:\/\/energizer.com\/canada-french\/specialty-battery-finder\/kodak-replacement-batteries\/\" aria-label=\"Kodak\">Kodak<\/a><\/div><\/li><li class=\"battery_replacement_brand_list_item uslualbrand 112\"><div><a href=\"https:\/\/energizer.com\/canada-french\/specialty-battery-finder\/maxell-battery-replacement\/\" aria-label=\"Maxell\">Maxell<\/a><\/div><\/li><li class=\"battery_replacement_brand_list_item uslualbrand 114\"><div><a href=\"https:\/\/energizer.com\/canada-french\/specialty-battery-finder\/panasonic-replacement-batteries\/\" aria-label=\"Panasonic\">Panasonic<\/a><\/div><\/li><li class=\"battery_replacement_brand_list_item uslualbrand 116\"><div><a href=\"https:\/\/energizer.com\/canada-french\/specialty-battery-finder\/renata-battery-equivalents\/\" aria-label=\"Renata\">Renata<\/a><\/div><\/li><li class=\"battery_replacement_brand_list_item uslualbrand 117\"><div><a href=\"https:\/\/energizer.com\/canada-french\/specialty-battery-finder\/sanyo-battery-replacement\/\" aria-label=\"Sanyo\">Sanyo<\/a><\/div><\/li><li class=\"battery_replacement_brand_list_item uslualbrand 118\"><div><a href=\"https:\/\/energizer.com\/canada-french\/specialty-battery-finder\/seiko-battery-replacement\/\" aria-label=\"Seiko\">Seiko<\/a><\/div><\/li><li class=\"battery_replacement_brand_list_item uslualbrand 119\"><div><a href=\"https:\/\/energizer.com\/canada-french\/specialty-battery-finder\/sony-battery-replacement-equivalent\/\" aria-label=\"Sony\">Sony<\/a><\/div><\/li><li class=\"battery_replacement_brand_list_item uslualbrand 120\"><div><a href=\"https:\/\/energizer.com\/canada-french\/specialty-battery-finder\/toshiba-replacement-batteries\/\" aria-label=\"Toshiba\">Toshiba<\/a><\/div><\/li><\/ul><\/div><div class=\"Allbrands\"><span>Veuillez s\u00e9lectionner les num\u00e9ros de batterie pour trouver l'\u00e9quivalent de la batterie.<\/span><\/div><div class=\"batterylist\"><ul class=\"brandsbatteries\"><li  class=\"singlebrandbattery\" datavalue=13025>10L14<\/li><li  class=\"singlebrandbattery\" datavalue=13026>193\/G5\/SG5<\/li><li  class=\"singlebrandbattery\" datavalue=13027>289\/8019<\/li><li  class=\"singlebrandbattery\" datavalue=13028>291\/S080<\/li><li  class=\"singlebrandbattery\" datavalue=13029>317<\/li><li  class=\"singlebrandbattery\" datavalue=13030>357<\/li><li  class=\"singlebrandbattery\" datavalue=13031>386<\/li><li  class=\"singlebrandbattery\" datavalue=13032>389<\/li><li  class=\"singlebrandbattery\" datavalue=13033>391<\/li><li  class=\"singlebrandbattery\" datavalue=13034>57<\/li><li  class=\"singlebrandbattery\" datavalue=13035>8034\/GP99<\/li><li  class=\"singlebrandbattery\" datavalue=13037>86<\/li><li  class=\"singlebrandbattery\" datavalue=13038>86A\/AG12<\/li><li  class=\"singlebrandbattery\" datavalue=13039>89<\/li><li  class=\"singlebrandbattery\" datavalue=13040>904<\/li><li  class=\"singlebrandbattery\" datavalue=13041>91<\/li><li  class=\"singlebrandbattery\" datavalue=13042>92<\/li><li  class=\"singlebrandbattery\" datavalue=13044>93<\/li><li  class=\"singlebrandbattery\" datavalue=13045>94<\/li><li  class=\"singlebrandbattery\" datavalue=13046>95<\/li><li  class=\"singlebrandbattery\" datavalue=13047>97<\/li><li  class=\"singlebrandbattery\" datavalue=13048>A<\/li><li  class=\"singlebrandbattery\" datavalue=13049>A120\/GP89A<\/li><li  class=\"singlebrandbattery\" datavalue=13051>A150\/GP86A<\/li><li  class=\"singlebrandbattery\" datavalue=13052>A200\/GP76A<\/li><li  class=\"singlebrandbattery\" datavalue=13053>AG10<\/li><li  class=\"singlebrandbattery\" datavalue=13054>AG12<\/li><li  class=\"singlebrandbattery\" datavalue=13055>AG13<\/li><li  class=\"singlebrandbattery\" datavalue=13056>BA<\/li><li  class=\"singlebrandbattery\" datavalue=13057>C<\/li><li  class=\"singlebrandbattery\" datavalue=13058>CA<\/li><li  class=\"singlebrandbattery\" datavalue=13060>CR2016\/EA50CF<\/li><li  class=\"singlebrandbattery\" datavalue=13061>CR2025<\/li><li  class=\"singlebrandbattery\" datavalue=13062>CR2032<\/li><li  class=\"singlebrandbattery\" datavalue=13063>D<\/li><li  class=\"singlebrandbattery\" datavalue=13064>DA<\/li><li  class=\"singlebrandbattery\" datavalue=13065>EA100CF<\/li><li  class=\"singlebrandbattery\" datavalue=13066>EA2032C<\/li><li  class=\"singlebrandbattery\" datavalue=13069>EPX76\/S76<\/li><li  class=\"singlebrandbattery\" datavalue=13070>F<\/li><li  class=\"singlebrandbattery\" datavalue=13071>G13<\/li><li  class=\"singlebrandbattery\" datavalue=13072>GP23A<\/li><li  class=\"singlebrandbattery\" datavalue=13073>GP62<\/li><li  class=\"singlebrandbattery\" datavalue=13074>GP64\/SG1<\/li><li  class=\"singlebrandbattery\" datavalue=13075>GP71<\/li><li  class=\"singlebrandbattery\" datavalue=13076>GP86<\/li><li  class=\"singlebrandbattery\" datavalue=13080>GP89\/S120\/SG10<\/li><li  class=\"singlebrandbattery\" datavalue=13081>GP91A\/AG8<\/li><li  class=\"singlebrandbattery\" datavalue=13082>GP92\/G3<\/li><li  class=\"singlebrandbattery\" datavalue=13083>GP94<\/li><li  class=\"singlebrandbattery\" datavalue=13084>GP95<\/li><li  class=\"singlebrandbattery\" datavalue=13085>GP96\/SG2<\/li><li  class=\"singlebrandbattery\" datavalue=13086>GS12<\/li><li  class=\"singlebrandbattery\" datavalue=13087>GS14<\/li><li  class=\"singlebrandbattery\" datavalue=13091>GS5<\/li><li  class=\"singlebrandbattery\" datavalue=13092>H<\/li><li  class=\"singlebrandbattery\" datavalue=13093>H14\/HG3<\/li><li  class=\"singlebrandbattery\" datavalue=13094>H150<\/li><li  class=\"singlebrandbattery\" datavalue=13095>H20\/HG5<\/li><li  class=\"singlebrandbattery\" datavalue=13096>HA<\/li><li  class=\"singlebrandbattery\" datavalue=13099>HS-5<\/li><li  class=\"singlebrandbattery\" datavalue=13100>HS-B\/HG11<\/li><li  class=\"singlebrandbattery\" datavalue=13101>HS-C<\/li><li  class=\"singlebrandbattery\" datavalue=13102>J<\/li><li  class=\"singlebrandbattery\" datavalue=13103>K<\/li><li  class=\"singlebrandbattery\" datavalue=13104>KA<\/li><li  class=\"singlebrandbattery\" datavalue=13105>KA76<\/li><li  class=\"singlebrandbattery\" datavalue=13124>LF1\/2V<\/li><li  class=\"singlebrandbattery\" datavalue=13125>LF1\/2W<\/li><li  class=\"singlebrandbattery\" datavalue=13126>LF1\/4V<\/li><li  class=\"singlebrandbattery\" datavalue=13127>LR1130<\/li><li  class=\"singlebrandbattery\" datavalue=13128>LR1154<\/li><li  class=\"singlebrandbattery\" datavalue=13144>M<\/li><li  class=\"singlebrandbattery\" datavalue=13145>N<\/li><li  class=\"singlebrandbattery\" datavalue=13146>PX76A<\/li><li  class=\"singlebrandbattery\" datavalue=13147>S<\/li><li  class=\"singlebrandbattery\" datavalue=13148>S200<\/li><li  class=\"singlebrandbattery\" datavalue=13149>S314\/GS3<\/li><li  class=\"singlebrandbattery\" datavalue=13151>S320<\/li><li  class=\"singlebrandbattery\" datavalue=13152>S320\/GP93<\/li><li  class=\"singlebrandbattery\" datavalue=13153>S616\/DPV<\/li><li  class=\"singlebrandbattery\" datavalue=13154>SG2\/8033<\/li><li  class=\"singlebrandbattery\" datavalue=13155>SG3\/192<\/li><li  class=\"singlebrandbattery\" datavalue=13156>SG8\/8029<\/li><li  class=\"singlebrandbattery\" datavalue=13157>SR44W<\/li><li  class=\"singlebrandbattery\" datavalue=13161>T<\/li><li  class=\"singlebrandbattery\" datavalue=13162>V<\/li><li  class=\"singlebrandbattery\" datavalue=13163>W<\/li><li  class=\"singlebrandbattery\" datavalue=13164>X<\/li><li  class=\"singlebrandbattery\" datavalue=13165>Z<\/li><\/ul><\/div><div class=\"preloader_wrap\"  style=\"display:none;\"><div class=\"preloader\"><\/div><\/div><div class=\"batteryequivalent\"><\/div>\t\t<div class=\"elementor-shortcode\"><\/div>\n\t\t\t\t\t\t<\/div>\n\t\t\t\t<\/div>\n\t\t\t\t\t<\/div>\n\t\t\t\t<\/div>\n\t\t\t\t<\/div>\n\t\t","protected":false},"excerpt":{"rendered":"<p>Trouvez une pile sp\u00e9cialis\u00e9e Vous pouvez choisir parmi une longue liste de piles sp\u00e9cialis\u00e9es pour remplacer vos piles actuelles. Voyez la liste compl\u00e8te ci-dessous. Choisissez dans l&#8217;index alphab\u00e9tique pour trier par num\u00e9ro du type de pile.<\/p>\n","protected":false},"author":3,"featured_media":0,"parent":11773,"menu_order":0,"comment_status":"closed","ping_status":"closed","template":"elementor_header_footer","meta":{"_acf_changed":false,"footnotes":""},"class_list":["post-11880","page","type-page","status-publish","hentry"],"acf":[],"_links":{"self":[{"href":"https:\/\/energizer.com\/canada-french\/wp-json\/wp\/v2\/pages\/11880","targetHints":{"allow":["GET"]}}],"collection":[{"href":"https:\/\/energizer.com\/canada-french\/wp-json\/wp\/v2\/pages"}],"about":[{"href":"https:\/\/energizer.com\/canada-french\/wp-json\/wp\/v2\/types\/page"}],"author":[{"embeddable":true,"href":"https:\/\/energizer.com\/canada-french\/wp-json\/wp\/v2\/users\/3"}],"replies":[{"embeddable":true,"href":"https:\/\/energizer.com\/canada-french\/wp-json\/wp\/v2\/comments?post=11880"}],"version-history":[{"count":0,"href":"https:\/\/energizer.com\/canada-french\/wp-json\/wp\/v2\/pages\/11880\/revisions"}],"up":[{"embeddable":true,"href":"https:\/\/energizer.com\/canada-french\/wp-json\/wp\/v2\/pages\/11773"}],"wp:attachment":[{"href":"https:\/\/energizer.com\/canada-french\/wp-json\/wp\/v2\/media?parent=11880"}],"curies":[{"name":"wp","href":"https:\/\/api.w.org\/{rel}","templated":true}]}}