{"id":11883,"date":"2024-09-17T10:41:02","date_gmt":"2024-09-17T10:41:02","guid":{"rendered":"https:\/\/energizer.com\/canada-french\/?page_id=11883"},"modified":"2024-09-27T10:12:00","modified_gmt":"2024-09-27T10:12:00","slug":"panasonic-replacement-batteries","status":"publish","type":"page","link":"https:\/\/energizer.com\/canada-french\/specialty-battery-finder\/panasonic-replacement-batteries\/","title":{"rendered":"Panasonic Replacement Batteries"},"content":{"rendered":"\t\t<div data-elementor-type=\"wp-page\" data-elementor-id=\"11883\" class=\"elementor elementor-11883\" data-elementor-post-type=\"page\">\n\t\t\t\t<div class=\"elementor-element elementor-element-59fe582 e-flex e-con-boxed e-con e-parent\" data-id=\"59fe582\" data-element_type=\"container\" data-e-type=\"container\">\n\t\t\t\t\t<div class=\"e-con-inner\">\n\t\t\t\t<div class=\"elementor-element elementor-element-8a118fa elementor-widget elementor-widget-heading\" data-id=\"8a118fa\" data-element_type=\"widget\" data-e-type=\"widget\" data-widget_type=\"heading.default\">\n\t\t\t\t<div class=\"elementor-widget-container\">\n\t\t\t\t\t<h1 class=\"elementor-heading-title elementor-size-default\">Trouvez une pile sp\u00e9cialis\u00e9e<\/h1>\t\t\t\t<\/div>\n\t\t\t\t<\/div>\n\t\t\t\t<div class=\"elementor-element elementor-element-e3e8f26 elementor-widget-divider--view-line elementor-widget elementor-widget-divider\" data-id=\"e3e8f26\" data-element_type=\"widget\" data-e-type=\"widget\" data-widget_type=\"divider.default\">\n\t\t\t\t<div class=\"elementor-widget-container\">\n\t\t\t\t\t\t\t<div class=\"elementor-divider\">\n\t\t\t<span class=\"elementor-divider-separator\">\n\t\t\t\t\t\t<\/span>\n\t\t<\/div>\n\t\t\t\t\t\t<\/div>\n\t\t\t\t<\/div>\n\t\t\t\t\t<\/div>\n\t\t\t\t<\/div>\n\t\t<div class=\"elementor-element elementor-element-cea4757 e-flex e-con-boxed e-con e-parent\" data-id=\"cea4757\" data-element_type=\"container\" data-e-type=\"container\">\n\t\t\t\t\t<div class=\"e-con-inner\">\n\t\t\t\t<div class=\"elementor-element elementor-element-51622a1 elementor-widget elementor-widget-text-editor\" data-id=\"51622a1\" data-element_type=\"widget\" data-e-type=\"widget\" data-widget_type=\"text-editor.default\">\n\t\t\t\t<div class=\"elementor-widget-container\">\n\t\t\t\t\t\t\t\t\tTrouvez les piles Energizer pour remplacer vos piles Panasonic. Nous fabriquons de nombreux types de piles sp\u00e9cialis\u00e9es pour remplacer vos piles Panasonic. Choisissez tout simplement dans la liste ci-dessous.\t\t\t\t\t\t\t\t<\/div>\n\t\t\t\t<\/div>\n\t\t\t\t\t<\/div>\n\t\t\t\t<\/div>\n\t\t<div class=\"elementor-element elementor-element-471561e e-flex e-con-boxed e-con e-parent\" data-id=\"471561e\" data-element_type=\"container\" data-e-type=\"container\">\n\t\t\t\t\t<div class=\"e-con-inner\">\n\t\t\t\t<div class=\"elementor-element elementor-element-160402b elementor-widget elementor-widget-shortcode\" data-id=\"160402b\" data-element_type=\"widget\" data-e-type=\"widget\" data-widget_type=\"shortcode.default\">\n\t\t\t\t<div class=\"elementor-widget-container\">\n\t\t\t\t\t<div class=\"replacementbrands\"><div class=\"switchmode\"><a class=\"anchorhover\" href=\"https:\/\/energizer.com\/canada-french\/specialty-battery-finder\/all-brands\/\" aria-label=\"Toutes les marques\">Toutes les marques<\/a><\/div><ul class=\"battery_replacement_brand_list\"><li class=\"battery_replacement_brand_list_item uslualbrand 113\"><div><a href=\"https:\/\/energizer.com\/canada-french\/specialty-battery-finder\/autre\/\" aria-label=\"Autre\">Autre<\/a><\/div><\/li><li class=\"battery_replacement_brand_list_item uslualbrand 107\"><div><a href=\"https:\/\/energizer.com\/canada-french\/specialty-battery-finder\/awi-replacement\/\" aria-label=\"AWI\">AWI<\/a><\/div><\/li><li class=\"battery_replacement_brand_list_item uslualbrand 108\"><div><a href=\"https:\/\/energizer.com\/canada-french\/specialty-battery-finder\/bulova-watch-battery-replacement\/\" aria-label=\"Bulova\">Bulova<\/a><\/div><\/li><li class=\"battery_replacement_brand_list_item uslualbrand 109\"><div><a href=\"https:\/\/energizer.com\/canada-french\/specialty-battery-finder\/citizen-battery-replacement\/\" aria-label=\"Citizen\">Citizen<\/a><\/div><\/li><li class=\"battery_replacement_brand_list_item uslualbrand 110\"><div><a href=\"https:\/\/energizer.com\/canada-french\/specialty-battery-finder\/duracell-replacement-batteries\/\" aria-label=\"Duracell\">Duracell<\/a><\/div><\/li><li class=\"battery_replacement_brand_list_item uslualbrand 111\"><div><a href=\"https:\/\/energizer.com\/canada-french\/specialty-battery-finder\/kodak-replacement-batteries\/\" aria-label=\"Kodak\">Kodak<\/a><\/div><\/li><li class=\"battery_replacement_brand_list_item uslualbrand 112\"><div><a href=\"https:\/\/energizer.com\/canada-french\/specialty-battery-finder\/maxell-battery-replacement\/\" aria-label=\"Maxell\">Maxell<\/a><\/div><\/li><li class=\"battery_replacement_brand_list_item activebrand 114\"><div><a href=\"https:\/\/energizer.com\/canada-french\/specialty-battery-finder\/panasonic-replacement-batteries\/\" aria-label=\"Panasonic\">Panasonic<\/a><\/div><\/li><li class=\"battery_replacement_brand_list_item uslualbrand 116\"><div><a href=\"https:\/\/energizer.com\/canada-french\/specialty-battery-finder\/renata-battery-equivalents\/\" aria-label=\"Renata\">Renata<\/a><\/div><\/li><li class=\"battery_replacement_brand_list_item uslualbrand 117\"><div><a href=\"https:\/\/energizer.com\/canada-french\/specialty-battery-finder\/sanyo-battery-replacement\/\" aria-label=\"Sanyo\">Sanyo<\/a><\/div><\/li><li class=\"battery_replacement_brand_list_item uslualbrand 118\"><div><a href=\"https:\/\/energizer.com\/canada-french\/specialty-battery-finder\/seiko-battery-replacement\/\" aria-label=\"Seiko\">Seiko<\/a><\/div><\/li><li class=\"battery_replacement_brand_list_item uslualbrand 119\"><div><a href=\"https:\/\/energizer.com\/canada-french\/specialty-battery-finder\/sony-battery-replacement-equivalent\/\" aria-label=\"Sony\">Sony<\/a><\/div><\/li><li class=\"battery_replacement_brand_list_item uslualbrand 120\"><div><a href=\"https:\/\/energizer.com\/canada-french\/specialty-battery-finder\/toshiba-replacement-batteries\/\" aria-label=\"Toshiba\">Toshiba<\/a><\/div><\/li><\/ul><\/div><div class=\"Allbrands\"><span>Veuillez s\u00e9lectionner les num\u00e9ros de batterie pour trouver l'\u00e9quivalent de la batterie.<\/span><\/div><div class=\"batterylist\"><ul class=\"brandsbatteries\"><li  class=\"singlebrandbattery\" datavalue=13541>CR1216<\/li><li  class=\"singlebrandbattery\" datavalue=13544>CR1220<\/li><li  class=\"singlebrandbattery\" datavalue=13547>CR1616<\/li><li  class=\"singlebrandbattery\" datavalue=13548>CR1620<\/li><li  class=\"singlebrandbattery\" datavalue=13549>CR1632<\/li><li  class=\"singlebrandbattery\" datavalue=13728>CR2012<\/li><li  class=\"singlebrandbattery\" datavalue=13553>CR2016<\/li><li  class=\"singlebrandbattery\" datavalue=13555>CR2025<\/li><li  class=\"singlebrandbattery\" datavalue=13556>CR2032<\/li><li  class=\"singlebrandbattery\" datavalue=13557>CR2320<\/li><li  class=\"singlebrandbattery\" datavalue=13559>LR1120<\/li><li  class=\"singlebrandbattery\" datavalue=13562>LR43<\/li><li  class=\"singlebrandbattery\" datavalue=13563>LR44<\/li><li  class=\"singlebrandbattery\" datavalue=13564>LR54<\/li><li  class=\"singlebrandbattery\" datavalue=13565>NP343<\/li><li  class=\"singlebrandbattery\" datavalue=13567>SP301<\/li><li  class=\"singlebrandbattery\" datavalue=13568>SP303<\/li><li  class=\"singlebrandbattery\" datavalue=13569>SP315<\/li><li  class=\"singlebrandbattery\" datavalue=13570>SP317<\/li><li  class=\"singlebrandbattery\" datavalue=13571>SP319<\/li><li  class=\"singlebrandbattery\" datavalue=13572>SP321<\/li><li  class=\"singlebrandbattery\" datavalue=13627>SP335<\/li><li  class=\"singlebrandbattery\" datavalue=13629>SP346<\/li><li  class=\"singlebrandbattery\" datavalue=13631>SP357<\/li><li  class=\"singlebrandbattery\" datavalue=13633>SP361<\/li><li  class=\"singlebrandbattery\" datavalue=13634>SP370<\/li><li  class=\"singlebrandbattery\" datavalue=13636>SP373<\/li><li  class=\"singlebrandbattery\" datavalue=13637>SP376<\/li><li  class=\"singlebrandbattery\" datavalue=13638>SP379<\/li><li  class=\"singlebrandbattery\" datavalue=13639>SP391<\/li><li  class=\"singlebrandbattery\" datavalue=13640>SP393<\/li><li  class=\"singlebrandbattery\" datavalue=13641>SP396<\/li><li  class=\"singlebrandbattery\" datavalue=13642>SP397<\/li><li  class=\"singlebrandbattery\" datavalue=13643>SR1130SW<\/li><li  class=\"singlebrandbattery\" datavalue=13644>SR1130W<\/li><li  class=\"singlebrandbattery\" datavalue=13645>SR36SW<\/li><li  class=\"singlebrandbattery\" datavalue=13646>SR41SW<\/li><li  class=\"singlebrandbattery\" datavalue=13647>SR41W<\/li><li  class=\"singlebrandbattery\" datavalue=13648>SR43SW\/SR43SW<\/li><li  class=\"singlebrandbattery\" datavalue=13649>SR44W<\/li><li  class=\"singlebrandbattery\" datavalue=13651>SR621SW<\/li><li  class=\"singlebrandbattery\" datavalue=13652>SR626SW<\/li><li  class=\"singlebrandbattery\" datavalue=13653>SR721SW<\/li><li  class=\"singlebrandbattery\" datavalue=13654>SR920SW<\/li><li  class=\"singlebrandbattery\" datavalue=13655>SR927(926)SW<\/li><li  class=\"singlebrandbattery\" datavalue=13656>SR927SW<\/li><li  class=\"singlebrandbattery\" datavalue=13695>SR936SW<\/li><li  class=\"singlebrandbattery\" datavalue=13697>VVS6<\/li><li  class=\"singlebrandbattery\" datavalue=13698>WH-1<\/li><li  class=\"singlebrandbattery\" datavalue=13699>WH-6<\/li><li  class=\"singlebrandbattery\" datavalue=13700>WS12<\/li><\/ul><\/div><div class=\"preloader_wrap\"  style=\"display:none;\"><div class=\"preloader\"><\/div><\/div><div class=\"batteryequivalent\"><\/div>\t\t<div class=\"elementor-shortcode\"><\/div>\n\t\t\t\t\t\t<\/div>\n\t\t\t\t<\/div>\n\t\t\t\t\t<\/div>\n\t\t\t\t<\/div>\n\t\t\t\t<\/div>\n\t\t","protected":false},"excerpt":{"rendered":"<p>Trouvez une pile sp\u00e9cialis\u00e9e Trouvez les piles Energizer pour remplacer vos piles Panasonic. Nous fabriquons de nombreux types de piles sp\u00e9cialis\u00e9es pour remplacer vos piles Panasonic. Choisissez tout simplement dans la liste ci-dessous.<\/p>\n","protected":false},"author":3,"featured_media":0,"parent":11773,"menu_order":0,"comment_status":"closed","ping_status":"closed","template":"elementor_header_footer","meta":{"_acf_changed":false,"footnotes":""},"class_list":["post-11883","page","type-page","status-publish","hentry"],"acf":[],"_links":{"self":[{"href":"https:\/\/energizer.com\/canada-french\/wp-json\/wp\/v2\/pages\/11883","targetHints":{"allow":["GET"]}}],"collection":[{"href":"https:\/\/energizer.com\/canada-french\/wp-json\/wp\/v2\/pages"}],"about":[{"href":"https:\/\/energizer.com\/canada-french\/wp-json\/wp\/v2\/types\/page"}],"author":[{"embeddable":true,"href":"https:\/\/energizer.com\/canada-french\/wp-json\/wp\/v2\/users\/3"}],"replies":[{"embeddable":true,"href":"https:\/\/energizer.com\/canada-french\/wp-json\/wp\/v2\/comments?post=11883"}],"version-history":[{"count":0,"href":"https:\/\/energizer.com\/canada-french\/wp-json\/wp\/v2\/pages\/11883\/revisions"}],"up":[{"embeddable":true,"href":"https:\/\/energizer.com\/canada-french\/wp-json\/wp\/v2\/pages\/11773"}],"wp:attachment":[{"href":"https:\/\/energizer.com\/canada-french\/wp-json\/wp\/v2\/media?parent=11883"}],"curies":[{"name":"wp","href":"https:\/\/api.w.org\/{rel}","templated":true}]}}