{"id":12031,"date":"2024-09-17T11:26:41","date_gmt":"2024-09-17T11:26:41","guid":{"rendered":"https:\/\/energizer.com\/canada-french\/?page_id=12031"},"modified":"2024-10-01T12:03:24","modified_gmt":"2024-10-01T12:03:24","slug":"fr-intrinsically-safe","status":"publish","type":"page","link":"https:\/\/energizer.com\/canada-french\/eclairage\/fr-intrinsically-safe\/","title":{"rendered":"Energizer Intrinsically Safe\u00ae Flashlights"},"content":{"rendered":"\t\t<div data-elementor-type=\"wp-page\" data-elementor-id=\"12031\" class=\"elementor elementor-12031\" data-elementor-post-type=\"page\">\n\t\t\t\t<div class=\"elementor-element elementor-element-377ce74 e-flex e-con-boxed e-con e-parent\" data-id=\"377ce74\" data-element_type=\"container\" data-e-type=\"container\">\n\t\t\t\t\t<div class=\"e-con-inner\">\n\t\t\t\t<div class=\"elementor-element elementor-element-aac75c0 elementor-widget elementor-widget-heading\" data-id=\"aac75c0\" data-element_type=\"widget\" data-e-type=\"widget\" data-widget_type=\"heading.default\">\n\t\t\t\t<div class=\"elementor-widget-container\">\n\t\t\t\t\t<h1 class=\"elementor-heading-title elementor-size-default\">Lampes de poche intrins\u00e8quement s\u00e9curitaires Energizer\u00ae<\/h1>\t\t\t\t<\/div>\n\t\t\t\t<\/div>\n\t\t\t\t<div class=\"elementor-element elementor-element-6929a5e elementor-widget-divider--view-line elementor-widget elementor-widget-divider\" data-id=\"6929a5e\" data-element_type=\"widget\" data-e-type=\"widget\" data-widget_type=\"divider.default\">\n\t\t\t\t<div class=\"elementor-widget-container\">\n\t\t\t\t\t\t\t<div class=\"elementor-divider\">\n\t\t\t<span class=\"elementor-divider-separator\">\n\t\t\t\t\t\t<\/span>\n\t\t<\/div>\n\t\t\t\t\t\t<\/div>\n\t\t\t\t<\/div>\n\t\t\t\t\t<\/div>\n\t\t\t\t<\/div>\n\t\t<div class=\"elementor-element elementor-element-8472e2d e-flex e-con-boxed e-con e-parent\" data-id=\"8472e2d\" data-element_type=\"container\" data-e-type=\"container\">\n\t\t\t\t\t<div class=\"e-con-inner\">\n\t\t<div class=\"elementor-element elementor-element-adf5dd5 e-con-full e-flex e-con e-child\" data-id=\"adf5dd5\" data-element_type=\"container\" data-e-type=\"container\">\n\t\t\t\t<div class=\"elementor-element elementor-element-1d460d5 elementor-widget elementor-widget-image\" data-id=\"1d460d5\" data-element_type=\"widget\" data-e-type=\"widget\" data-widget_type=\"image.default\">\n\t\t\t\t<div class=\"elementor-widget-container\">\n\t\t\t\t\t\t\t\t\t\t\t\t\t\t\t<img loading=\"lazy\" decoding=\"async\" width=\"427\" height=\"178\" src=\"https:\/\/energizer.com\/canada-french\/wp-content\/uploads\/sites\/3\/2024\/09\/energizer-fusion-area-lighting-fr.png\" class=\"attachment-large size-large wp-image-16689\" alt=\"energizer fusion area lighting fr\" srcset=\"https:\/\/energizer.com\/canada-french\/wp-content\/uploads\/sites\/3\/2024\/09\/energizer-fusion-area-lighting-fr.png 427w, https:\/\/energizer.com\/canada-french\/wp-content\/uploads\/sites\/3\/2024\/09\/energizer-fusion-area-lighting-fr-300x125.png 300w\" sizes=\"auto, (max-width: 427px) 100vw, 427px\" \/>\t\t\t\t\t\t\t\t\t\t\t\t\t\t\t<\/div>\n\t\t\t\t<\/div>\n\t\t\t\t<\/div>\n\t\t<div class=\"elementor-element elementor-element-a6d6bed e-con-full e-flex e-con e-child\" data-id=\"a6d6bed\" data-element_type=\"container\" data-e-type=\"container\">\n\t\t\t\t<div class=\"elementor-element elementor-element-b454349 bestFor elementor-widget elementor-widget-text-editor\" data-id=\"b454349\" data-element_type=\"widget\" data-e-type=\"widget\" data-widget_type=\"text-editor.default\">\n\t\t\t\t<div class=\"elementor-widget-container\">\n\t\t\t\t\t\t\t\t\t<strong>Types disponibles: Lampe frontale 3AA intrins\u00e8quement s\u00e9curitaire<\/strong>\t\t\t\t\t\t\t\t<\/div>\n\t\t\t\t<\/div>\n\t\t\t\t<div class=\"elementor-element elementor-element-acf5375 elementor-widget elementor-widget-text-editor\" data-id=\"acf5375\" data-element_type=\"widget\" data-e-type=\"widget\" data-widget_type=\"text-editor.default\">\n\t\t\t\t<div class=\"elementor-widget-container\">\n\t\t\t\t\t\t\t\t\t<p>Les lampes de poche intrins\u00e8quement s\u00e9curitaires\u00a0<em>Energizer<\/em><sub>\u00ae<\/sub>\u00a0sont con\u00e7ues et fabriqu\u00e9es avec les caract\u00e9ristiques robustes certifi\u00e9es MSHA que les professionnels requi\u00e8rent et appr\u00e9cient sur leur lieu de travail. Les \u00e9l\u00e9ments s\u00e9curitaires int\u00e9gr\u00e9s \u00e0 toutes les lampes intrins\u00e8quement s\u00e9curitaires\u00a0<em>Energizer<\/em><sub>\u00ae<\/sub>\u00a0aident \u00e0 \u00e9liminer les risques pour les travailleurs qui se trouvent dans des situations potentiellement dangereuses.<\/p>\t\t\t\t\t\t\t\t<\/div>\n\t\t\t\t<\/div>\n\t\t\t\t<\/div>\n\t\t\t\t\t<\/div>\n\t\t\t\t<\/div>\n\t\t\t\t<\/div>\n\t\t","protected":false},"excerpt":{"rendered":"<p>Lampes de poche intrins\u00e8quement s\u00e9curitaires Energizer\u00ae Types disponibles: Lampe frontale 3AA intrins\u00e8quement s\u00e9curitaire Les lampes de poche intrins\u00e8quement s\u00e9curitaires\u00a0Energizer\u00ae\u00a0sont con\u00e7ues et fabriqu\u00e9es avec les caract\u00e9ristiques robustes certifi\u00e9es MSHA que les professionnels requi\u00e8rent et appr\u00e9cient sur leur lieu de travail. Les \u00e9l\u00e9ments s\u00e9curitaires int\u00e9gr\u00e9s \u00e0 toutes les lampes intrins\u00e8quement s\u00e9curitaires\u00a0Energizer\u00ae\u00a0aident \u00e0 \u00e9liminer les risques pour les [&hellip;]<\/p>\n","protected":false},"author":3,"featured_media":0,"parent":1226,"menu_order":0,"comment_status":"closed","ping_status":"closed","template":"elementor_header_footer","meta":{"_acf_changed":false,"footnotes":""},"class_list":["post-12031","page","type-page","status-publish","hentry"],"acf":[],"_links":{"self":[{"href":"https:\/\/energizer.com\/canada-french\/wp-json\/wp\/v2\/pages\/12031","targetHints":{"allow":["GET"]}}],"collection":[{"href":"https:\/\/energizer.com\/canada-french\/wp-json\/wp\/v2\/pages"}],"about":[{"href":"https:\/\/energizer.com\/canada-french\/wp-json\/wp\/v2\/types\/page"}],"author":[{"embeddable":true,"href":"https:\/\/energizer.com\/canada-french\/wp-json\/wp\/v2\/users\/3"}],"replies":[{"embeddable":true,"href":"https:\/\/energizer.com\/canada-french\/wp-json\/wp\/v2\/comments?post=12031"}],"version-history":[{"count":0,"href":"https:\/\/energizer.com\/canada-french\/wp-json\/wp\/v2\/pages\/12031\/revisions"}],"up":[{"embeddable":true,"href":"https:\/\/energizer.com\/canada-french\/wp-json\/wp\/v2\/pages\/1226"}],"wp:attachment":[{"href":"https:\/\/energizer.com\/canada-french\/wp-json\/wp\/v2\/media?parent=12031"}],"curies":[{"name":"wp","href":"https:\/\/api.w.org\/{rel}","templated":true}]}}