{"id":12599,"date":"2024-09-18T12:36:15","date_gmt":"2024-09-18T12:36:15","guid":{"rendered":"https:\/\/energizer.com\/canada-french\/?page_id=12599"},"modified":"2024-10-01T10:20:47","modified_gmt":"2024-10-01T10:20:47","slug":"lampes-stylo-energizer","status":"publish","type":"page","link":"https:\/\/energizer.com\/canada-french\/lampes-stylo-energizer\/","title":{"rendered":"Energizer\u00ae Pen Lights"},"content":{"rendered":"\t\t<div data-elementor-type=\"wp-page\" data-elementor-id=\"12599\" class=\"elementor elementor-12599\" data-elementor-post-type=\"page\">\n\t\t\t\t<div class=\"elementor-element elementor-element-6508ea1 e-flex e-con-boxed e-con e-parent\" data-id=\"6508ea1\" data-element_type=\"container\" data-e-type=\"container\">\n\t\t\t\t\t<div class=\"e-con-inner\">\n\t\t\t\t<div class=\"elementor-element elementor-element-74ce574 elementor-widget elementor-widget-heading\" data-id=\"74ce574\" data-element_type=\"widget\" data-e-type=\"widget\" data-widget_type=\"heading.default\">\n\t\t\t\t<div class=\"elementor-widget-container\">\n\t\t\t\t\t<h1 class=\"elementor-heading-title elementor-size-default\">Lampes-stylo Energizer\u00ae<\/h1>\t\t\t\t<\/div>\n\t\t\t\t<\/div>\n\t\t\t\t<div class=\"elementor-element elementor-element-5d35c49 elementor-widget-divider--view-line elementor-widget elementor-widget-divider\" data-id=\"5d35c49\" data-element_type=\"widget\" data-e-type=\"widget\" data-widget_type=\"divider.default\">\n\t\t\t\t<div class=\"elementor-widget-container\">\n\t\t\t\t\t\t\t<div class=\"elementor-divider\">\n\t\t\t<span class=\"elementor-divider-separator\">\n\t\t\t\t\t\t<\/span>\n\t\t<\/div>\n\t\t\t\t\t\t<\/div>\n\t\t\t\t<\/div>\n\t\t\t\t\t<\/div>\n\t\t\t\t<\/div>\n\t\t<div class=\"elementor-element elementor-element-64fbee8 e-flex e-con-boxed e-con e-parent\" data-id=\"64fbee8\" data-element_type=\"container\" data-e-type=\"container\">\n\t\t\t\t\t<div class=\"e-con-inner\">\n\t\t<div class=\"elementor-element elementor-element-29d6b06 e-con-full e-flex e-con e-child\" data-id=\"29d6b06\" data-element_type=\"container\" data-e-type=\"container\">\n\t\t\t\t<div class=\"elementor-element elementor-element-7d6554e elementor-widget elementor-widget-image\" data-id=\"7d6554e\" data-element_type=\"widget\" data-e-type=\"widget\" data-widget_type=\"image.default\">\n\t\t\t\t<div class=\"elementor-widget-container\">\n\t\t\t\t\t\t\t\t\t\t\t\t\t\t\t<img loading=\"lazy\" decoding=\"async\" width=\"500\" height=\"210\" src=\"https:\/\/energizer.com\/canada-french\/wp-content\/uploads\/sites\/3\/2024\/10\/new-penlight_product-image.png\" class=\"attachment-full size-full wp-image-17570\" alt=\"new penlight\" srcset=\"https:\/\/energizer.com\/canada-french\/wp-content\/uploads\/sites\/3\/2024\/10\/new-penlight_product-image.png 500w, https:\/\/energizer.com\/canada-french\/wp-content\/uploads\/sites\/3\/2024\/10\/new-penlight_product-image-300x126.png 300w\" sizes=\"auto, (max-width: 500px) 100vw, 500px\" \/>\t\t\t\t\t\t\t\t\t\t\t\t\t\t\t<\/div>\n\t\t\t\t<\/div>\n\t\t\t\t<\/div>\n\t\t<div class=\"elementor-element elementor-element-bc3cfa9 e-con-full e-flex e-con e-child\" data-id=\"bc3cfa9\" data-element_type=\"container\" data-e-type=\"container\">\n\t\t\t\t<div class=\"elementor-element elementor-element-34ba50a elementor-widget elementor-widget-text-editor\" data-id=\"34ba50a\" data-element_type=\"widget\" data-e-type=\"widget\" data-widget_type=\"text-editor.default\">\n\t\t\t\t<div class=\"elementor-widget-container\">\n\t\t\t\t\t\t\t\t\t<p>Les lampes-stylo en m\u00e9tal Energizer\u00ae sont compactes et l\u00e9g\u00e8res, ce qui les rend faciles \u00e0 toujours avoir sur vous et \u00e0 utiliser chaque fois que vous avez besoin d\u2019un \u00e9clairage suppl\u00e9mentaire. Con\u00e7ues pour fournir aux utilisateurs un \u00e9clairage directionnel brillant, les lampes sont id\u00e9ales pour une utilisation dans des espaces restreints. La pince int\u00e9gr\u00e9e est une excellente caract\u00e9ristique suppl\u00e9mentaire qui vous permet de la transporter facilement. Ces lampes-stylo sont parfaites pour le travail ou votre projet de bricolage et juste \u00e0 avoir sous la main lorsque vous avez besoin d\u2019un \u00e9clairage suppl\u00e9mentaire.<\/p>\t\t\t\t\t\t\t\t<\/div>\n\t\t\t\t<\/div>\n\t\t\t\t<\/div>\n\t\t\t\t\t<\/div>\n\t\t\t\t<\/div>\n\t\t\t\t<\/div>\n\t\t","protected":false},"excerpt":{"rendered":"<p>Lampes-stylo Energizer\u00ae Les lampes-stylo en m\u00e9tal Energizer\u00ae sont compactes et l\u00e9g\u00e8res, ce qui les rend faciles \u00e0 toujours avoir sur vous et \u00e0 utiliser chaque fois que vous avez besoin d\u2019un \u00e9clairage suppl\u00e9mentaire. Con\u00e7ues pour fournir aux utilisateurs un \u00e9clairage directionnel brillant, les lampes sont id\u00e9ales pour une utilisation dans des espaces restreints. La pince [&hellip;]<\/p>\n","protected":false},"author":3,"featured_media":0,"parent":0,"menu_order":0,"comment_status":"closed","ping_status":"closed","template":"elementor_header_footer","meta":{"_acf_changed":false,"footnotes":""},"class_list":["post-12599","page","type-page","status-publish","hentry"],"acf":[],"_links":{"self":[{"href":"https:\/\/energizer.com\/canada-french\/wp-json\/wp\/v2\/pages\/12599","targetHints":{"allow":["GET"]}}],"collection":[{"href":"https:\/\/energizer.com\/canada-french\/wp-json\/wp\/v2\/pages"}],"about":[{"href":"https:\/\/energizer.com\/canada-french\/wp-json\/wp\/v2\/types\/page"}],"author":[{"embeddable":true,"href":"https:\/\/energizer.com\/canada-french\/wp-json\/wp\/v2\/users\/3"}],"replies":[{"embeddable":true,"href":"https:\/\/energizer.com\/canada-french\/wp-json\/wp\/v2\/comments?post=12599"}],"version-history":[{"count":0,"href":"https:\/\/energizer.com\/canada-french\/wp-json\/wp\/v2\/pages\/12599\/revisions"}],"wp:attachment":[{"href":"https:\/\/energizer.com\/canada-french\/wp-json\/wp\/v2\/media?parent=12599"}],"curies":[{"name":"wp","href":"https:\/\/api.w.org\/{rel}","templated":true}]}}