{"id":15964,"date":"2024-09-27T05:53:33","date_gmt":"2024-09-27T05:53:33","guid":{"rendered":"https:\/\/energizer.com\/canada-french\/?page_id=15964"},"modified":"2024-09-27T06:07:52","modified_gmt":"2024-09-27T06:07:52","slug":"energizer-news","status":"publish","type":"page","link":"https:\/\/energizer.com\/canada-french\/medias-energizer\/energizer-news\/","title":{"rendered":"In The News"},"content":{"rendered":"\t\t<div data-elementor-type=\"wp-page\" data-elementor-id=\"15964\" class=\"elementor elementor-15964\" data-elementor-post-type=\"page\">\n\t\t\t\t<div class=\"elementor-element elementor-element-b1c9fa6 e-flex e-con-boxed e-con e-parent\" data-id=\"b1c9fa6\" data-element_type=\"container\" data-e-type=\"container\">\n\t\t\t\t\t<div class=\"e-con-inner\">\n\t\t\t\t<div class=\"elementor-element elementor-element-f0d2ad8 elementor-widget elementor-widget-heading\" data-id=\"f0d2ad8\" data-element_type=\"widget\" data-e-type=\"widget\" data-widget_type=\"heading.default\">\n\t\t\t\t<div class=\"elementor-widget-container\">\n\t\t\t\t\t<h1 class=\"elementor-heading-title elementor-size-default\">Dans l'actualit\u00e9<\/h1>\t\t\t\t<\/div>\n\t\t\t\t<\/div>\n\t\t\t\t<div class=\"elementor-element elementor-element-7731246 elementor-widget-divider--view-line elementor-widget elementor-widget-divider\" data-id=\"7731246\" data-element_type=\"widget\" data-e-type=\"widget\" data-widget_type=\"divider.default\">\n\t\t\t\t<div class=\"elementor-widget-container\">\n\t\t\t\t\t\t\t<div class=\"elementor-divider\">\n\t\t\t<span class=\"elementor-divider-separator\">\n\t\t\t\t\t\t<\/span>\n\t\t<\/div>\n\t\t\t\t\t\t<\/div>\n\t\t\t\t<\/div>\n\t\t\t\t\t<\/div>\n\t\t\t\t<\/div>\n\t\t<div class=\"elementor-element elementor-element-2705460 e-flex e-con-boxed e-con e-parent\" data-id=\"2705460\" data-element_type=\"container\" data-e-type=\"container\">\n\t\t\t\t\t<div class=\"e-con-inner\">\n\t\t<div class=\"elementor-element elementor-element-e76f0f2 e-con-full e-flex e-con e-child\" data-id=\"e76f0f2\" data-element_type=\"container\" data-e-type=\"container\">\n\t\t\t\t<div class=\"elementor-element elementor-element-88de009 elementor-widget elementor-widget-text-editor\" data-id=\"88de009\" data-element_type=\"widget\" data-e-type=\"widget\" data-widget_type=\"text-editor.default\">\n\t\t\t\t<div class=\"elementor-widget-container\">\n\t\t\t\t\t\t\t\t\tVous trouverez ici les derni\u00e8res nouvelles d&#8217;Energizer. D\u00e9couvrez nos derniers produits, nos actualit\u00e9s, nos \u00e9v\u00e9nements, nos actions philanthropiques et bien d&#8217;autres choses encore !\t\t\t\t\t\t\t\t<\/div>\n\t\t\t\t<\/div>\n\t\t\t\t<div class=\"elementor-element elementor-element-84d6d4e elementor-widget elementor-widget-text-editor\" data-id=\"84d6d4e\" data-element_type=\"widget\" data-e-type=\"widget\" data-widget_type=\"text-editor.default\">\n\t\t\t\t<div class=\"elementor-widget-container\">\n\t\t\t\t\t\t\t\t\t<p><strong>Boston Globe<\/strong><a class=\"anchorhover\" href=\"http:\/\/www.bostonglobe.com\/business\/2015\/02\/03\/energizer-debuts-recycled-and-aaa-batteries\/rECP92JaSBOKNP8Gb8OpmM\/story.html\" target=\"_blank&gt; Energizer debuts recycled batteries&lt;\/a&gt;&lt;br\/&gt;&lt;strong&gt;FOX Business&lt;\/strong&gt;, &lt;a href=\" aria-label=\"Energizer Holdings debuts recycled AA and AAA disposable batteries\">Energizer Holdings debuts recycled AA and AAA disposable batteries<\/a><\/p><p><strong>The New York Times<\/strong>,<a class=\"anchorhover\" href=\"http:\/\/www.nytimes.com\/aponline\/2015\/02\/03\/business\/ap-us-recycled-material-battery.html?_r=1\" target=\"_blank\" rel=\"noopener\" aria-label=\"\">Energizer Debuts Recycled AA and AAA Batteries<\/a><\/p><p><strong>Bloomberg Radio Talking Stock<\/strong>,<a class=\"anchorhover\" href=\"http:\/\/content.streamhoster.com\/preview\/pulse\/Bloomberg020315_Energizer.mp3?autoPlay=1&amp;width=720&amp;height=35&amp;showPlayBtnOverlay=0&amp;controlBarAutoHide=0\" target=\"_blank\" rel=\"noopener\" aria-label=\"Energizer Plans to Recycle Old Batteries\">Energizer Plans to Recycle Old Batteries<\/a><\/p><p><strong>Fast Company<\/strong>,<a class=\"anchorhover\" href=\"http:\/\/www.fastcoexist.com\/3041786\/now-on-sale-the-first-aa-batteries-made-out-of-old-batteries\" target=\"_blank\" rel=\"noopener\" aria-label=\"Now On Sale: The First AA Batteries Made Out Of Old Batteries\">Now On Sale: The First AA Batteries Made Out Of Old Batteries<\/a><\/p><p><strong>Gizmodo<\/strong>,<a class=\"anchorhover\" href=\"http:\/\/gizmodo.com\/energizer-is-finally-making-aa-batteries-using-recycled-1683456507\" target=\"_blank\" rel=\"noopener\" aria-label=\"Energizer Is Finally Making AA Batteries Using Recycled Materials\">Energizer Is Finally Making AA Batteries Using Recycled Materials<\/a><\/p><p><strong>Mashable<\/strong>,<a class=\"anchorhover\" href=\"http:\/\/mashable.com\/2015\/02\/03\/energizer-ecoadvanced\/?utm_cid=mash-com-Tw-main-link\" target=\"_blank\" rel=\"noopener\" aria-label=\"New Energizer batteries are partially made from recycled materials\">New Energizer batteries are partially made from recycled materials<\/a><\/p><p><strong>TheStreet<\/strong>,<a class=\"anchorhover\" href=\"http:\/\/youtu.be\/ac3DNe54Tzk\" target=\"_blank\" rel=\"noopener\" aria-label=\"Energizer Seeking to Break Out With New Recycled Batteries\">Energizer Seeking to Break Out With New Recycled Batteries<\/a><\/p><p><strong>TheStreet<\/strong>,<a class=\"anchorhover\" href=\"http:\/\/www.thestreet.com\/story\/13033498\/1\/energizer-introduces-ecoadvanced-batteries-with-recycled-material.html\" target=\"_blank\" rel=\"noopener\" aria-label=\"Energizer Introduces \u2018EcoAdvanced\u2019 Batteries With Recycled Material\">Energizer Introduces \u2018EcoAdvanced\u2019 Batteries With Recycled Material<\/a><\/p><p><strong>The Verge<\/strong>,<a class=\"anchorhover\" href=\"http:\/\/www.theverge.com\/2015\/2\/3\/7969031\/recycled-energizer-batteries-eco-advanced\" target=\"_blank\" rel=\"noopener\" aria-label=\"Energizer unveils its first recycled high-performance alkaline batteries\">Energizer unveils its first recycled high-performance alkaline batteries<\/a><\/p><p><strong>Wall Street Journal<\/strong>,<a class=\"anchorhover\" href=\"http:\/\/youtu.be\/ac3DNe54Tzk\" target=\"_blank\" rel=\"noopener\" aria-label=\"Energizer Makes First Recycled AA Batteries\">Energizer Makes First Recycled AA Batteries<\/a><\/p><p><strong>WSJ Live<\/strong>,<a class=\"anchorhover\" href=\"http:\/\/youtu.be\/I0I_mBA08fQ\" target=\"_blank\" rel=\"noopener\" aria-label=\"Energizer Makes First Recycled AA Batteries\">Energizer Makes First Recycled AA Batteries<\/a><\/p><p><strong>Manufacturing Marvels<\/strong>,<a class=\"anchorhover\" href=\"https:\/\/www.youtube.com\/watch?v=8OIWQyvgJzM&amp;feature=youtu.be\" target=\"_blank\" rel=\"noopener\" aria-label=\"Energizer Introduces the world\u2019s first AA batteries made from 4% recycled material.\">Energizer Introduces the world\u2019s first AA batteries made from 4% recycled material.<\/a><\/p>\t\t\t\t\t\t\t\t<\/div>\n\t\t\t\t<\/div>\n\t\t\t\t<\/div>\n\t\t\t\t\t<\/div>\n\t\t\t\t<\/div>\n\t\t\t\t<\/div>\n\t\t","protected":false},"excerpt":{"rendered":"<p>Dans l&#8217;actualit\u00e9 Vous trouverez ici les derni\u00e8res nouvelles d&#8217;Energizer. D\u00e9couvrez nos derniers produits, nos actualit\u00e9s, nos \u00e9v\u00e9nements, nos actions philanthropiques et bien d&#8217;autres choses encore ! Boston GlobeEnergizer Holdings debuts recycled AA and AAA disposable batteries The New York Times,Energizer Debuts Recycled AA and AAA Batteries Bloomberg Radio Talking Stock,Energizer Plans to Recycle Old Batteries [&hellip;]<\/p>\n","protected":false},"author":3,"featured_media":0,"parent":1950,"menu_order":0,"comment_status":"closed","ping_status":"closed","template":"elementor_header_footer","meta":{"_acf_changed":false,"footnotes":""},"class_list":["post-15964","page","type-page","status-publish","hentry"],"acf":[],"_links":{"self":[{"href":"https:\/\/energizer.com\/canada-french\/wp-json\/wp\/v2\/pages\/15964","targetHints":{"allow":["GET"]}}],"collection":[{"href":"https:\/\/energizer.com\/canada-french\/wp-json\/wp\/v2\/pages"}],"about":[{"href":"https:\/\/energizer.com\/canada-french\/wp-json\/wp\/v2\/types\/page"}],"author":[{"embeddable":true,"href":"https:\/\/energizer.com\/canada-french\/wp-json\/wp\/v2\/users\/3"}],"replies":[{"embeddable":true,"href":"https:\/\/energizer.com\/canada-french\/wp-json\/wp\/v2\/comments?post=15964"}],"version-history":[{"count":0,"href":"https:\/\/energizer.com\/canada-french\/wp-json\/wp\/v2\/pages\/15964\/revisions"}],"up":[{"embeddable":true,"href":"https:\/\/energizer.com\/canada-french\/wp-json\/wp\/v2\/pages\/1950"}],"wp:attachment":[{"href":"https:\/\/energizer.com\/canada-french\/wp-json\/wp\/v2\/media?parent=15964"}],"curies":[{"name":"wp","href":"https:\/\/api.w.org\/{rel}","templated":true}]}}