{"id":16108,"date":"2024-09-27T06:55:42","date_gmt":"2024-09-27T06:55:42","guid":{"rendered":"https:\/\/energizer.com\/canada-french\/?page_id=16108"},"modified":"2024-10-03T07:55:28","modified_gmt":"2024-10-03T07:55:28","slug":"l-engagement-d-energizer","status":"publish","type":"page","link":"https:\/\/energizer.com\/canada-french\/responsabilite\/la-securite-des-piles-miniatures-au-lithium\/l-engagement-d-energizer\/","title":{"rendered":"Energizer&#8217;s community"},"content":{"rendered":"\t\t<div data-elementor-type=\"wp-page\" data-elementor-id=\"16108\" class=\"elementor elementor-16108\" data-elementor-post-type=\"page\">\n\t\t\t\t<div class=\"elementor-element elementor-element-9883b87 e-flex e-con-boxed e-con e-parent\" data-id=\"9883b87\" data-element_type=\"container\" data-e-type=\"container\">\n\t\t\t\t\t<div class=\"e-con-inner\">\n\t\t\t\t<div class=\"elementor-element elementor-element-9ab8ff6 elementor-widget elementor-widget-heading\" data-id=\"9ab8ff6\" data-element_type=\"widget\" data-e-type=\"widget\" data-widget_type=\"heading.default\">\n\t\t\t\t<div class=\"elementor-widget-container\">\n\t\t\t\t\t<h1 class=\"elementor-heading-title elementor-size-default\">L\u2019engagement d\u2019Energizer\n<\/h1>\t\t\t\t<\/div>\n\t\t\t\t<\/div>\n\t\t\t\t<div class=\"elementor-element elementor-element-e19187c elementor-widget-divider--view-line elementor-widget elementor-widget-divider\" data-id=\"e19187c\" data-element_type=\"widget\" data-e-type=\"widget\" data-widget_type=\"divider.default\">\n\t\t\t\t<div class=\"elementor-widget-container\">\n\t\t\t\t\t\t\t<div class=\"elementor-divider\">\n\t\t\t<span class=\"elementor-divider-separator\">\n\t\t\t\t\t\t<\/span>\n\t\t<\/div>\n\t\t\t\t\t\t<\/div>\n\t\t\t\t<\/div>\n\t\t\t\t\t<\/div>\n\t\t\t\t<\/div>\n\t\t<div class=\"elementor-element elementor-element-c4dc244 e-flex e-con-boxed e-con e-parent\" data-id=\"c4dc244\" data-element_type=\"container\" data-e-type=\"container\">\n\t\t\t\t\t<div class=\"e-con-inner\">\n\t\t<div class=\"elementor-element elementor-element-a58e74c e-con-full e-flex e-con e-child\" data-id=\"a58e74c\" data-element_type=\"container\" data-e-type=\"container\">\n\t\t\t\t<div class=\"elementor-element elementor-element-e86a8d1 elementor-widget elementor-widget-text-editor\" data-id=\"e86a8d1\" data-element_type=\"widget\" data-e-type=\"widget\" id=\"research standards child awareness\" data-widget_type=\"text-editor.default\">\n\t\t\t\t<div class=\"elementor-widget-container\">\n\t\t\t\t\t\t\t\t\t<p><strong>M\u00e9thodes ad\u00e9quates d\u2019\u00e9limination, d\u2019entreposage, et de manipulation de vos piles Les piles \u2013 Choses \u00e0 faire et \u00e0 ne pas faire<\/strong><br \/><strong>Choses \u00e0 faire<\/strong><br \/>Gardez les piles \u2013 particuli\u00e8rement celles qui sont petites ou miniatures \u2013 ainsi que les appareils qui en contiennent hors de la port\u00e9e des enfants. Si elles sont aval\u00e9es, les piles miniatures au lithium peuvent rester coinc\u00e9es dans l\u2019\u0153sophage d\u2019un enfant, o\u00f9 elles peuvent causer des blessures graves en moins de deux heures. Visitez la page S\u00e9curit\u00e9 des piles miniatures au lithium pour en savoir plus.<\/p>\t\t\t\t\t\t\t\t<\/div>\n\t\t\t\t<\/div>\n\t\t\t\t<div class=\"elementor-element elementor-element-6132507 elementor-widget elementor-widget-text-editor\" data-id=\"6132507\" data-element_type=\"widget\" data-e-type=\"widget\" data-widget_type=\"text-editor.default\">\n\t\t\t\t<div class=\"elementor-widget-container\">\n\t\t\t\t\t\t\t\t\t<p>Aidez Energizer \u00e0 sensibiliser les gens aux risques associ\u00e9s \u00e0 l\u2019ingestion de piles miniatures au lithium d\u2019un diam\u00e8tre de 20 millim\u00e8tres. Visitez notre page S\u00e9curit\u00e9 des piles miniatures au lithium ou appelez le service \u00e0 la client\u00e8le d\u2019Energizer au 1-800-383-7323 pour en savoir plus.<\/p><ul><li><strong>SI VOUS SOUP\u00c7ONNEZ QUE VOTRE ENFANT A AVAL\u00c9 UNE PILE MINIATURE AU LITHIUM, AMENEZ-LE IMM\u00c9DIATEMENT \u00c0 LA SALLE D\u2019URGENCE DE L\u2019H\u00d4PITAL LE PLUS PROCHE ET FAITES CE QUI SUIT:<\/strong><\/li><li><strong>1.Dites aux m\u00e9decins et aux infirmi\u00e8res qu\u2019il peut s\u2019agir d\u2019une pile miniature au lithium.<\/strong><\/li><li><strong>2. Si vous le pouvez, donnez \u00e0 l\u2019\u00e9quipe m\u00e9dicale le num\u00e9ro d\u2019identification inscrit sur l\u2019emballage de la pile.<\/strong><\/li><li><strong>3. Ne laissez pas votre enfant manger ou boire avant qu\u2019une radiographie permette de d\u00e9terminer s\u2019il a aval\u00e9 une pile.<\/strong><\/li><li><strong>4. Ne faites pas vomir l\u2019enfant.<\/strong><\/li><li><strong>5. Afin d\u2019obtenir plus d\u2019informations, contactez l\u2019assistance t\u00e9l\u00e9phonique nationale en cas de l\u2019ingestion de piles:\u00a0<a class=\"anchorhover\" href=\"tel:2026253333\" target=\"_blank\" rel=\"noopener\" aria-label=\"202-625-3333\">202-625-3333<\/a>\u00a0<a class=\"anchorhover\" href=\"http:\/\/www.poison.org\/battery\" target=\"_blank\" rel=\"noopener\" aria-label=\"poison org\">www.poison.org\/battery<\/a><\/strong><\/li><\/ul>\t\t\t\t\t\t\t\t<\/div>\n\t\t\t\t<\/div>\n\t\t<div class=\"elementor-element elementor-element-72c3abd e-con-full e-flex e-con e-child\" data-id=\"72c3abd\" data-element_type=\"container\" data-e-type=\"container\">\n\t\t<div class=\"elementor-element elementor-element-1b9e6fb e-con-full e-flex e-con e-child\" data-id=\"1b9e6fb\" data-element_type=\"container\" data-e-type=\"container\" data-settings=\"{&quot;background_background&quot;:&quot;classic&quot;}\">\n\t\t\t\t<\/div>\n\t\t<div class=\"elementor-element elementor-element-b131d98 e-con-full e-flex e-con e-child\" data-id=\"b131d98\" data-element_type=\"container\" data-e-type=\"container\" data-settings=\"{&quot;background_background&quot;:&quot;classic&quot;}\">\n\t\t<div class=\"elementor-element elementor-element-dd8a767 e-flex e-con-boxed e-con e-child\" data-id=\"dd8a767\" data-element_type=\"container\" data-e-type=\"container\" data-settings=\"{&quot;background_background&quot;:&quot;classic&quot;}\">\n\t\t\t\t\t<div class=\"e-con-inner\">\n\t\t\t\t<div class=\"elementor-element elementor-element-c4c86f5 elementor-widget elementor-widget-heading\" data-id=\"c4c86f5\" data-element_type=\"widget\" data-e-type=\"widget\" data-widget_type=\"heading.default\">\n\t\t\t\t<div class=\"elementor-widget-container\">\n\t\t\t\t\t<h2 class=\"elementor-heading-title elementor-size-default\">Pour les urgences\n<\/h2>\t\t\t\t<\/div>\n\t\t\t\t<\/div>\n\t\t\t\t<div class=\"elementor-element elementor-element-d4be6f9 elementor-widget elementor-widget-heading\" data-id=\"d4be6f9\" data-element_type=\"widget\" data-e-type=\"widget\" data-widget_type=\"heading.default\">\n\t\t\t\t<div class=\"elementor-widget-container\">\n\t\t\t\t\t<h2 class=\"elementor-heading-title elementor-size-default\">COMPOSEZ LE 911\n<\/h2>\t\t\t\t<\/div>\n\t\t\t\t<\/div>\n\t\t\t\t\t<\/div>\n\t\t\t\t<\/div>\n\t\t\t\t<\/div>\n\t\t<div class=\"elementor-element elementor-element-8445ca1 e-con-full e-flex e-con e-child\" data-id=\"8445ca1\" data-element_type=\"container\" data-e-type=\"container\" data-settings=\"{&quot;background_background&quot;:&quot;classic&quot;}\">\n\t\t\t\t<\/div>\n\t\t\t\t<\/div>\n\t\t\t\t<\/div>\n\t\t\t\t\t<\/div>\n\t\t\t\t<\/div>\n\t\t\t\t<\/div>\n\t\t","protected":false},"excerpt":{"rendered":"<p>L\u2019engagement d\u2019Energizer M\u00e9thodes ad\u00e9quates d\u2019\u00e9limination, d\u2019entreposage, et de manipulation de vos piles Les piles \u2013 Choses \u00e0 faire et \u00e0 ne pas faireChoses \u00e0 faireGardez les piles \u2013 particuli\u00e8rement celles qui sont petites ou miniatures \u2013 ainsi que les appareils qui en contiennent hors de la port\u00e9e des enfants. Si elles sont aval\u00e9es, les piles [&hellip;]<\/p>\n","protected":false},"author":3,"featured_media":0,"parent":5737,"menu_order":0,"comment_status":"closed","ping_status":"closed","template":"elementor_header_footer","meta":{"_acf_changed":false,"footnotes":""},"class_list":["post-16108","page","type-page","status-publish","hentry"],"acf":[],"_links":{"self":[{"href":"https:\/\/energizer.com\/canada-french\/wp-json\/wp\/v2\/pages\/16108","targetHints":{"allow":["GET"]}}],"collection":[{"href":"https:\/\/energizer.com\/canada-french\/wp-json\/wp\/v2\/pages"}],"about":[{"href":"https:\/\/energizer.com\/canada-french\/wp-json\/wp\/v2\/types\/page"}],"author":[{"embeddable":true,"href":"https:\/\/energizer.com\/canada-french\/wp-json\/wp\/v2\/users\/3"}],"replies":[{"embeddable":true,"href":"https:\/\/energizer.com\/canada-french\/wp-json\/wp\/v2\/comments?post=16108"}],"version-history":[{"count":0,"href":"https:\/\/energizer.com\/canada-french\/wp-json\/wp\/v2\/pages\/16108\/revisions"}],"up":[{"embeddable":true,"href":"https:\/\/energizer.com\/canada-french\/wp-json\/wp\/v2\/pages\/5737"}],"wp:attachment":[{"href":"https:\/\/energizer.com\/canada-french\/wp-json\/wp\/v2\/media?parent=16108"}],"curies":[{"name":"wp","href":"https:\/\/api.w.org\/{rel}","templated":true}]}}