{"id":16651,"date":"2024-09-27T11:06:06","date_gmt":"2024-09-27T11:06:06","guid":{"rendered":"https:\/\/energizer.com\/canada-french\/?page_id=16651"},"modified":"2024-10-01T05:23:49","modified_gmt":"2024-10-01T05:23:49","slug":"viabilite","status":"publish","type":"page","link":"https:\/\/energizer.com\/canada-french\/au-sujet-denergizer\/viabilite\/","title":{"rendered":"Sustainability Done Right"},"content":{"rendered":"\t\t<div data-elementor-type=\"wp-page\" data-elementor-id=\"16651\" class=\"elementor elementor-16651\" data-elementor-post-type=\"page\">\n\t\t\t\t<div class=\"elementor-element elementor-element-51869d2 e-flex e-con-boxed e-con e-parent\" data-id=\"51869d2\" data-element_type=\"container\" data-e-type=\"container\">\n\t\t\t\t\t<div class=\"e-con-inner\">\n\t\t\t\t<div class=\"elementor-element elementor-element-bb9617e elementor-widget elementor-widget-heading\" data-id=\"bb9617e\" data-element_type=\"widget\" data-e-type=\"widget\" data-widget_type=\"heading.default\">\n\t\t\t\t<div class=\"elementor-widget-container\">\n\t\t\t\t\t<h1 class=\"elementor-heading-title elementor-size-default\">La durabilit\u00e9 bien accomplie.\n<\/h1>\t\t\t\t<\/div>\n\t\t\t\t<\/div>\n\t\t\t\t<div class=\"elementor-element elementor-element-95fb26f elementor-widget-divider--view-line elementor-widget elementor-widget-divider\" data-id=\"95fb26f\" data-element_type=\"widget\" data-e-type=\"widget\" data-widget_type=\"divider.default\">\n\t\t\t\t<div class=\"elementor-widget-container\">\n\t\t\t\t\t\t\t<div class=\"elementor-divider\">\n\t\t\t<span class=\"elementor-divider-separator\">\n\t\t\t\t\t\t<\/span>\n\t\t<\/div>\n\t\t\t\t\t\t<\/div>\n\t\t\t\t<\/div>\n\t\t\t\t\t<\/div>\n\t\t\t\t<\/div>\n\t\t<div class=\"elementor-element elementor-element-7acffa1 e-flex e-con-boxed e-con e-parent\" data-id=\"7acffa1\" data-element_type=\"container\" data-e-type=\"container\">\n\t\t\t\t\t<div class=\"e-con-inner\">\n\t\t<div class=\"elementor-element elementor-element-27c366b e-flex e-con-boxed e-con e-child\" data-id=\"27c366b\" data-element_type=\"container\" data-e-type=\"container\">\n\t\t\t\t\t<div class=\"e-con-inner\">\n\t\t\t\t<div class=\"elementor-element elementor-element-8e7215a elementor-widget elementor-widget-text-editor\" data-id=\"8e7215a\" data-element_type=\"widget\" data-e-type=\"widget\" data-widget_type=\"text-editor.default\">\n\t\t\t\t<div class=\"elementor-widget-container\">\n\t\t\t\t\t\t\t\t\t<p><em>\u201c\u2018Nous encourageons chacun de nos coll\u00e8gues \u00e0 r\u00e9fl\u00e9chir \u00e0 la durabilit\u00e9 dans leurs actions quotidiennes. Parce que chaque action, petite ou grande, nous permettra d\u2019atteindre nos objectifs globaux \u2013 vraiment cela d\u00e9pend de ce que chacun fasse la bonne chose..\u201d<\/em><br \/>\u2014 Michelle A., Chef, Service aux consommateurs<\/p><p>Essentiellement, notre approche quant \u00e0 la durabilit\u00e9 se r\u00e9sume \u00e0 une simple pens\u00e9e : \u00ab Faire la bonne chose \u00bb. Pas simplement parce que nous sommes des personnes honn\u00eates et que nous avons bon c\u0153ur \u2013 c\u2019est bien le cas \u2013 mais parce que nous sommes profond\u00e9ment persuad\u00e9s que de faire la chose est l\u2019occasion formidable d\u2019avoir un impact positif sur le bien-\u00eatre de nos communaut\u00e9s, notre environnement et nos actionnaires.<\/p><p>Une harmonie \u00e0 trois voix. Cette croyance nous inspire \u00e0 chercher une plus grande harmonie avec notre environnement, et nous avons d\u00e9velopp\u00e9 une approche en trois volets pour y parvenir.<\/p><p>Le premier volet est ax\u00e9 sur la r\u00e9duction de l\u2019impact de notre compagnie et de ses produits sur l\u2019environnement. Gr\u00e2ce \u00e0 diverses initiatives, y compris les programmes de d\u00e9veloppement de produits, d\u2019emballage, de recyclage et de sensibilisation, nous faisons attention \u00e0 ce que les choix que nous faisons assurent la disponibilit\u00e9 des ressources naturelles pour les g\u00e9n\u00e9rations \u00e0 venir.<\/p><p>Le deuxi\u00e8me volet traduit le fait que nous nous soucions de la soci\u00e9t\u00e9. Nous concentrons donc nos efforts pour avoir un impact positif sur nos communaut\u00e9s locales, y compris en fournissant des environnements de travail plus s\u00e9curitaires pour nos coll\u00e8gues. Nous participons \u00e0 divers partenariats ainsi qu\u2019\u00e0 des programmes communautaires men\u00e9s par les coll\u00e8gues et faisons b\u00e9n\u00e9volement des efforts pour fournir une contribution positive dans les domaines dans lesquels nos bureaux fonctionnent.<\/p><p>Le troisi\u00e8me volet, tout aussi important, est notre engagement envers nos actionnaires. Tous nos efforts en faveur de l\u2019environnement et de nos collectivit\u00e9s sont \u00e9galement con\u00e7us comme compl\u00e9ment et soutien \u00e0 la sant\u00e9 financi\u00e8re globale de la compagnie.<\/p>\t\t\t\t\t\t\t\t<\/div>\n\t\t\t\t<\/div>\n\t\t\t\t\t<\/div>\n\t\t\t\t<\/div>\n\t\t\t\t\t<\/div>\n\t\t\t\t<\/div>\n\t\t\t\t<\/div>\n\t\t","protected":false},"excerpt":{"rendered":"<p>La durabilit\u00e9 bien accomplie. \u201c\u2018Nous encourageons chacun de nos coll\u00e8gues \u00e0 r\u00e9fl\u00e9chir \u00e0 la durabilit\u00e9 dans leurs actions quotidiennes. Parce que chaque action, petite ou grande, nous permettra d\u2019atteindre nos objectifs globaux \u2013 vraiment cela d\u00e9pend de ce que chacun fasse la bonne chose..\u201d\u2014 Michelle A., Chef, Service aux consommateurs Essentiellement, notre approche quant \u00e0 [&hellip;]<\/p>\n","protected":false},"author":3,"featured_media":0,"parent":2944,"menu_order":0,"comment_status":"closed","ping_status":"closed","template":"elementor_header_footer","meta":{"_acf_changed":false,"footnotes":""},"class_list":["post-16651","page","type-page","status-publish","hentry"],"acf":[],"_links":{"self":[{"href":"https:\/\/energizer.com\/canada-french\/wp-json\/wp\/v2\/pages\/16651","targetHints":{"allow":["GET"]}}],"collection":[{"href":"https:\/\/energizer.com\/canada-french\/wp-json\/wp\/v2\/pages"}],"about":[{"href":"https:\/\/energizer.com\/canada-french\/wp-json\/wp\/v2\/types\/page"}],"author":[{"embeddable":true,"href":"https:\/\/energizer.com\/canada-french\/wp-json\/wp\/v2\/users\/3"}],"replies":[{"embeddable":true,"href":"https:\/\/energizer.com\/canada-french\/wp-json\/wp\/v2\/comments?post=16651"}],"version-history":[{"count":0,"href":"https:\/\/energizer.com\/canada-french\/wp-json\/wp\/v2\/pages\/16651\/revisions"}],"up":[{"embeddable":true,"href":"https:\/\/energizer.com\/canada-french\/wp-json\/wp\/v2\/pages\/2944"}],"wp:attachment":[{"href":"https:\/\/energizer.com\/canada-french\/wp-json\/wp\/v2\/media?parent=16651"}],"curies":[{"name":"wp","href":"https:\/\/api.w.org\/{rel}","templated":true}]}}