{"id":16758,"date":"2024-09-27T11:58:46","date_gmt":"2024-09-27T11:58:46","guid":{"rendered":"https:\/\/energizer.com\/canada-french\/?page_id=16758"},"modified":"2024-09-27T12:13:35","modified_gmt":"2024-09-27T12:13:35","slug":"peut-on-recycler-les-piles","status":"publish","type":"page","link":"https:\/\/energizer.com\/canada-french\/au-sujet-des-piles\/battery-faq\/lists\/piles-foire-aux-questions\/peut-on-recycler-les-piles\/","title":{"rendered":"Where can I find detailed information about Energizer&#8217;s latest promotions?"},"content":{"rendered":"\t\t<div data-elementor-type=\"wp-page\" data-elementor-id=\"16758\" class=\"elementor elementor-16758\" data-elementor-post-type=\"page\">\n\t\t\t\t<div class=\"elementor-element elementor-element-e23e674 e-flex e-con-boxed e-con e-parent\" data-id=\"e23e674\" data-element_type=\"container\" data-e-type=\"container\">\n\t\t\t\t\t<div class=\"e-con-inner\">\n\t\t\t\t<div class=\"elementor-element elementor-element-336f6b3 elementor-widget elementor-widget-heading\" data-id=\"336f6b3\" data-element_type=\"widget\" data-e-type=\"widget\" data-widget_type=\"heading.default\">\n\t\t\t\t<div class=\"elementor-widget-container\">\n\t\t\t\t\t<h1 class=\"elementor-heading-title elementor-size-default\">QUESTIONS FR\u00c9QUEMMENT DEMAND\u00c9ES AU SUJET DES PILES<\/h1>\t\t\t\t<\/div>\n\t\t\t\t<\/div>\n\t\t\t\t<div class=\"elementor-element elementor-element-aa4886f elementor-widget-divider--view-line elementor-widget elementor-widget-divider\" data-id=\"aa4886f\" data-element_type=\"widget\" data-e-type=\"widget\" data-widget_type=\"divider.default\">\n\t\t\t\t<div class=\"elementor-widget-container\">\n\t\t\t\t\t\t\t<div class=\"elementor-divider\">\n\t\t\t<span class=\"elementor-divider-separator\">\n\t\t\t\t\t\t<\/span>\n\t\t<\/div>\n\t\t\t\t\t\t<\/div>\n\t\t\t\t<\/div>\n\t\t\t\t\t<\/div>\n\t\t\t\t<\/div>\n\t\t<div class=\"elementor-element elementor-element-5f8d6b2 e-flex e-con-boxed e-con e-parent\" data-id=\"5f8d6b2\" data-element_type=\"container\" data-e-type=\"container\">\n\t\t\t\t\t<div class=\"e-con-inner\">\n\t\t<div class=\"elementor-element elementor-element-8f73dd6 e-con-full e-flex e-con e-child\" data-id=\"8f73dd6\" data-element_type=\"container\" data-e-type=\"container\">\n\t\t\t\t<div class=\"elementor-element elementor-element-6bf2817 elementor-widget elementor-widget-heading\" data-id=\"6bf2817\" data-element_type=\"widget\" data-e-type=\"widget\" data-widget_type=\"heading.default\">\n\t\t\t\t<div class=\"elementor-widget-container\">\n\t\t\t\t\t<h2 class=\"elementor-heading-title elementor-size-default\">O\u00f9 puis-je trouver des renseignements d\u00e9taill\u00e9s sur les plus r\u00e9centes promotions d'Energizer?<\/h2>\t\t\t\t<\/div>\n\t\t\t\t<\/div>\n\t\t\t\t<div class=\"elementor-element elementor-element-e034020 elementor-widget elementor-widget-heading\" data-id=\"e034020\" data-element_type=\"widget\" data-e-type=\"widget\" data-widget_type=\"heading.default\">\n\t\t\t\t<div class=\"elementor-widget-container\">\n\t\t\t\t\t<h3 class=\"elementor-heading-title elementor-size-default\">Q: O\u00f9 puis-je trouver des renseignements d\u00e9taill\u00e9s sur les plus r\u00e9centes promotions d\u2019Energizer?<\/h3>\t\t\t\t<\/div>\n\t\t\t\t<\/div>\n\t\t\t\t<div class=\"elementor-element elementor-element-eb619cc elementor-widget elementor-widget-text-editor\" data-id=\"eb619cc\" data-element_type=\"widget\" data-e-type=\"widget\" data-widget_type=\"text-editor.default\">\n\t\t\t\t<div class=\"elementor-widget-container\">\n\t\t\t\t\t\t\t\t\t<p><strong>R :<\/strong>\u00a0Pour en savoir davantage sur les promotions actuelles,\u00a0<a class=\"anchorhover\" href=\"https:\/\/energizer.com\/canada-french\/promotions\/\">visitez la page<\/a><\/p>\t\t\t\t\t\t\t\t<\/div>\n\t\t\t\t<\/div>\n\t\t\t\t<\/div>\n\t\t\t\t\t<\/div>\n\t\t\t\t<\/div>\n\t\t\t\t<\/div>\n\t\t","protected":false},"excerpt":{"rendered":"<p>QUESTIONS FR\u00c9QUEMMENT DEMAND\u00c9ES AU SUJET DES PILES O\u00f9 puis-je trouver des renseignements d\u00e9taill\u00e9s sur les plus r\u00e9centes promotions d&#8217;Energizer? Q: O\u00f9 puis-je trouver des renseignements d\u00e9taill\u00e9s sur les plus r\u00e9centes promotions d\u2019Energizer? R :\u00a0Pour en savoir davantage sur les promotions actuelles,\u00a0visitez la page<\/p>\n","protected":false},"author":3,"featured_media":0,"parent":16782,"menu_order":0,"comment_status":"closed","ping_status":"closed","template":"elementor_header_footer","meta":{"_acf_changed":false,"footnotes":""},"class_list":["post-16758","page","type-page","status-publish","hentry"],"acf":[],"_links":{"self":[{"href":"https:\/\/energizer.com\/canada-french\/wp-json\/wp\/v2\/pages\/16758","targetHints":{"allow":["GET"]}}],"collection":[{"href":"https:\/\/energizer.com\/canada-french\/wp-json\/wp\/v2\/pages"}],"about":[{"href":"https:\/\/energizer.com\/canada-french\/wp-json\/wp\/v2\/types\/page"}],"author":[{"embeddable":true,"href":"https:\/\/energizer.com\/canada-french\/wp-json\/wp\/v2\/users\/3"}],"replies":[{"embeddable":true,"href":"https:\/\/energizer.com\/canada-french\/wp-json\/wp\/v2\/comments?post=16758"}],"version-history":[{"count":0,"href":"https:\/\/energizer.com\/canada-french\/wp-json\/wp\/v2\/pages\/16758\/revisions"}],"up":[{"embeddable":true,"href":"https:\/\/energizer.com\/canada-french\/wp-json\/wp\/v2\/pages\/16782"}],"wp:attachment":[{"href":"https:\/\/energizer.com\/canada-french\/wp-json\/wp\/v2\/media?parent=16758"}],"curies":[{"name":"wp","href":"https:\/\/api.w.org\/{rel}","templated":true}]}}