{"id":16771,"date":"2024-09-27T12:03:57","date_gmt":"2024-09-27T12:03:57","guid":{"rendered":"https:\/\/energizer.com\/canada-french\/?page_id=16771"},"modified":"2024-09-27T12:13:30","modified_gmt":"2024-09-27T12:13:30","slug":"energizer-encourage-t-il-le-recyclage-des-piles","status":"publish","type":"page","link":"https:\/\/energizer.com\/canada-french\/au-sujet-des-piles\/battery-faq\/lists\/piles-foire-aux-questions\/energizer-encourage-t-il-le-recyclage-des-piles\/","title":{"rendered":"The Energizer\u00ae batteries in my hearing aid don&#8217;t seem to be working. What should I do?"},"content":{"rendered":"\t\t<div data-elementor-type=\"wp-page\" data-elementor-id=\"16771\" class=\"elementor elementor-16771\" data-elementor-post-type=\"page\">\n\t\t\t\t<div class=\"elementor-element elementor-element-e68d49e e-flex e-con-boxed e-con e-parent\" data-id=\"e68d49e\" data-element_type=\"container\" data-e-type=\"container\">\n\t\t\t\t\t<div class=\"e-con-inner\">\n\t\t\t\t<div class=\"elementor-element elementor-element-5bdd22e elementor-widget elementor-widget-heading\" data-id=\"5bdd22e\" data-element_type=\"widget\" data-e-type=\"widget\" data-widget_type=\"heading.default\">\n\t\t\t\t<div class=\"elementor-widget-container\">\n\t\t\t\t\t<h1 class=\"elementor-heading-title elementor-size-default\">QUESTIONS FR\u00c9QUEMMENT DEMAND\u00c9ES AU SUJET DES PILES<\/h1>\t\t\t\t<\/div>\n\t\t\t\t<\/div>\n\t\t\t\t<div class=\"elementor-element elementor-element-941d6c5 elementor-widget-divider--view-line elementor-widget elementor-widget-divider\" data-id=\"941d6c5\" data-element_type=\"widget\" data-e-type=\"widget\" data-widget_type=\"divider.default\">\n\t\t\t\t<div class=\"elementor-widget-container\">\n\t\t\t\t\t\t\t<div class=\"elementor-divider\">\n\t\t\t<span class=\"elementor-divider-separator\">\n\t\t\t\t\t\t<\/span>\n\t\t<\/div>\n\t\t\t\t\t\t<\/div>\n\t\t\t\t<\/div>\n\t\t\t\t\t<\/div>\n\t\t\t\t<\/div>\n\t\t<div class=\"elementor-element elementor-element-b0e4be3 e-flex e-con-boxed e-con e-parent\" data-id=\"b0e4be3\" data-element_type=\"container\" data-e-type=\"container\">\n\t\t\t\t\t<div class=\"e-con-inner\">\n\t\t<div class=\"elementor-element elementor-element-7b2891e e-con-full e-flex e-con e-child\" data-id=\"7b2891e\" data-element_type=\"container\" data-e-type=\"container\">\n\t\t\t\t<div class=\"elementor-element elementor-element-e6c2be5 elementor-widget elementor-widget-heading\" data-id=\"e6c2be5\" data-element_type=\"widget\" data-e-type=\"widget\" data-widget_type=\"heading.default\">\n\t\t\t\t<div class=\"elementor-widget-container\">\n\t\t\t\t\t<h2 class=\"elementor-heading-title elementor-size-default\">Les piles Energizer\u00ae de ma proth\u00e8se auditive semblent ne pas fonctionner. Que dois-je faire?<\/h2>\t\t\t\t<\/div>\n\t\t\t\t<\/div>\n\t\t\t\t<div class=\"elementor-element elementor-element-e9f7eee elementor-widget elementor-widget-heading\" data-id=\"e9f7eee\" data-element_type=\"widget\" data-e-type=\"widget\" data-widget_type=\"heading.default\">\n\t\t\t\t<div class=\"elementor-widget-container\">\n\t\t\t\t\t<h3 class=\"elementor-heading-title elementor-size-default\">Q: Les piles Energizer\u00ae de ma proth\u00e8se auditive semblent ne pas fonctionner. Que dois-je faire?<\/h3>\t\t\t\t<\/div>\n\t\t\t\t<\/div>\n\t\t\t\t<div class=\"elementor-element elementor-element-c148159 elementor-widget elementor-widget-text-editor\" data-id=\"c148159\" data-element_type=\"widget\" data-e-type=\"widget\" data-widget_type=\"text-editor.default\">\n\t\t\t\t<div class=\"elementor-widget-container\">\n\t\t\t\t\t\t\t\t\t<p><strong>R :<\/strong>\u00a0Pour obtenir de meilleurs r\u00e9sultats, attendez environ 30 secondes apr\u00e8s le retrait de la languette de votre pile Energizer<em>Energizer<\/em><sub>\u00ae<\/sub>\u00a0pour proth\u00e8ses auditives pour qu\u2019elle atteigne sa pleine puissance, puis ins\u00e9rez-la dans votre proth\u00e8se. Pour profiter de vos piles \u00e0 leur plein potentiel, ouvrez la petite ouverture de votre proth\u00e8se auditive lorsque vous ne l\u2019utilisez pas afin d\u2019\u00e9conomiser l\u2019\u00e9nergie et de permettre \u00e0 l\u2019humidit\u00e9 accumul\u00e9e de s\u2019\u00e9vaporer.<\/p>\t\t\t\t\t\t\t\t<\/div>\n\t\t\t\t<\/div>\n\t\t\t\t<\/div>\n\t\t\t\t\t<\/div>\n\t\t\t\t<\/div>\n\t\t\t\t<\/div>\n\t\t","protected":false},"excerpt":{"rendered":"<p>QUESTIONS FR\u00c9QUEMMENT DEMAND\u00c9ES AU SUJET DES PILES Les piles Energizer\u00ae de ma proth\u00e8se auditive semblent ne pas fonctionner. Que dois-je faire? Q: Les piles Energizer\u00ae de ma proth\u00e8se auditive semblent ne pas fonctionner. Que dois-je faire? R :\u00a0Pour obtenir de meilleurs r\u00e9sultats, attendez environ 30 secondes apr\u00e8s le retrait de la languette de votre pile [&hellip;]<\/p>\n","protected":false},"author":3,"featured_media":0,"parent":16782,"menu_order":0,"comment_status":"closed","ping_status":"closed","template":"elementor_header_footer","meta":{"_acf_changed":false,"footnotes":""},"class_list":["post-16771","page","type-page","status-publish","hentry"],"acf":[],"_links":{"self":[{"href":"https:\/\/energizer.com\/canada-french\/wp-json\/wp\/v2\/pages\/16771","targetHints":{"allow":["GET"]}}],"collection":[{"href":"https:\/\/energizer.com\/canada-french\/wp-json\/wp\/v2\/pages"}],"about":[{"href":"https:\/\/energizer.com\/canada-french\/wp-json\/wp\/v2\/types\/page"}],"author":[{"embeddable":true,"href":"https:\/\/energizer.com\/canada-french\/wp-json\/wp\/v2\/users\/3"}],"replies":[{"embeddable":true,"href":"https:\/\/energizer.com\/canada-french\/wp-json\/wp\/v2\/comments?post=16771"}],"version-history":[{"count":0,"href":"https:\/\/energizer.com\/canada-french\/wp-json\/wp\/v2\/pages\/16771\/revisions"}],"up":[{"embeddable":true,"href":"https:\/\/energizer.com\/canada-french\/wp-json\/wp\/v2\/pages\/16782"}],"wp:attachment":[{"href":"https:\/\/energizer.com\/canada-french\/wp-json\/wp\/v2\/media?parent=16771"}],"curies":[{"name":"wp","href":"https:\/\/api.w.org\/{rel}","templated":true}]}}