{"id":16804,"date":"2024-09-27T12:21:31","date_gmt":"2024-09-27T12:21:31","guid":{"rendered":"https:\/\/energizer.com\/canada-french\/?page_id=16804"},"modified":"2024-09-27T12:25:30","modified_gmt":"2024-09-27T12:25:30","slug":"quest-ce-que-la-garantie-aucune-fuite-denergizer","status":"publish","type":"page","link":"https:\/\/energizer.com\/canada-french\/au-sujet-des-piles\/battery-faq\/lists\/piles-foire-aux-questions\/quest-ce-que-la-garantie-aucune-fuite-denergizer\/","title":{"rendered":"What is the Energizer \u201cNo Leak\u201d Guarantee?"},"content":{"rendered":"\t\t<div data-elementor-type=\"wp-page\" data-elementor-id=\"16804\" class=\"elementor elementor-16804\" data-elementor-post-type=\"page\">\n\t\t\t\t<div class=\"elementor-element elementor-element-b755cef e-flex e-con-boxed e-con e-parent\" data-id=\"b755cef\" data-element_type=\"container\" data-e-type=\"container\">\n\t\t\t\t\t<div class=\"e-con-inner\">\n\t\t\t\t<div class=\"elementor-element elementor-element-b1e4156 elementor-widget elementor-widget-heading\" data-id=\"b1e4156\" data-element_type=\"widget\" data-e-type=\"widget\" data-widget_type=\"heading.default\">\n\t\t\t\t<div class=\"elementor-widget-container\">\n\t\t\t\t\t<h1 class=\"elementor-heading-title elementor-size-default\">QUESTIONS FR\u00c9QUEMMENT DEMAND\u00c9ES AU SUJET DES PILES<\/h1>\t\t\t\t<\/div>\n\t\t\t\t<\/div>\n\t\t\t\t<div class=\"elementor-element elementor-element-4733aa8 elementor-widget-divider--view-line elementor-widget elementor-widget-divider\" data-id=\"4733aa8\" data-element_type=\"widget\" data-e-type=\"widget\" data-widget_type=\"divider.default\">\n\t\t\t\t<div class=\"elementor-widget-container\">\n\t\t\t\t\t\t\t<div class=\"elementor-divider\">\n\t\t\t<span class=\"elementor-divider-separator\">\n\t\t\t\t\t\t<\/span>\n\t\t<\/div>\n\t\t\t\t\t\t<\/div>\n\t\t\t\t<\/div>\n\t\t\t\t\t<\/div>\n\t\t\t\t<\/div>\n\t\t<div class=\"elementor-element elementor-element-b624043 e-flex e-con-boxed e-con e-parent\" data-id=\"b624043\" data-element_type=\"container\" data-e-type=\"container\">\n\t\t\t\t\t<div class=\"e-con-inner\">\n\t\t<div class=\"elementor-element elementor-element-af1693e e-con-full e-flex e-con e-child\" data-id=\"af1693e\" data-element_type=\"container\" data-e-type=\"container\">\n\t\t\t\t<div class=\"elementor-element elementor-element-3238505 elementor-widget elementor-widget-heading\" data-id=\"3238505\" data-element_type=\"widget\" data-e-type=\"widget\" data-widget_type=\"heading.default\">\n\t\t\t\t<div class=\"elementor-widget-container\">\n\t\t\t\t\t<h2 class=\"elementor-heading-title elementor-size-default\">Qu'est-ce que la garantie \u00ab aucune fuite \u00bb d'Energizer?<\/h2>\t\t\t\t<\/div>\n\t\t\t\t<\/div>\n\t\t\t\t<div class=\"elementor-element elementor-element-0bc8652 elementor-widget elementor-widget-heading\" data-id=\"0bc8652\" data-element_type=\"widget\" data-e-type=\"widget\" data-widget_type=\"heading.default\">\n\t\t\t\t<div class=\"elementor-widget-container\">\n\t\t\t\t\t<h3 class=\"elementor-heading-title elementor-size-default\">Q: Qu\u2019est-ce que la garantie \u00ab aucune fuite \u00bb d\u2019Energizer?<\/h3>\t\t\t\t<\/div>\n\t\t\t\t<\/div>\n\t\t\t\t<div class=\"elementor-element elementor-element-15afe65 elementor-widget elementor-widget-text-editor\" data-id=\"15afe65\" data-element_type=\"widget\" data-e-type=\"widget\" data-widget_type=\"text-editor.default\">\n\t\t\t\t<div class=\"elementor-widget-container\">\n\t\t\t\t\t\t\t\t\t<p><strong>R :<\/strong>\u00a0La garantie \u00ab aucune fuite \u00bb s\u2019applique \u00e0 l\u2019ensemble des piles d\u2019Energizer pour que vous puissiez garder l\u2019esprit tranquille. Nos piles sont con\u00e7ues pour \u00e9viter que des fuites endommagent vos appareils. Le cas \u00e9ch\u00e9ant, nous r\u00e9parerons ou remplacerons ces derniers. La technologie PowerSeal\u2122 des piles Energizer MAX<sub>\u00ae<\/sub>\u00a0emp\u00eache qu\u2019elles fuient dans vos appareils \u00a0jusqu\u2019\u00e0 deux ans apr\u00e8s leur \u00e9puisement complet. Pour en savoir davantage,\u00a0<a class=\"anchorhover\" href=\"https:\/\/energizer.com\/canada-french\/au-sujet-des-piles\/fuites-des-piles\/\" aria-label=\"visitez le\">visitez le<\/a><\/p>\t\t\t\t\t\t\t\t<\/div>\n\t\t\t\t<\/div>\n\t\t\t\t<\/div>\n\t\t\t\t\t<\/div>\n\t\t\t\t<\/div>\n\t\t\t\t<\/div>\n\t\t","protected":false},"excerpt":{"rendered":"<p>QUESTIONS FR\u00c9QUEMMENT DEMAND\u00c9ES AU SUJET DES PILES Qu&#8217;est-ce que la garantie \u00ab aucune fuite \u00bb d&#8217;Energizer? Q: Qu\u2019est-ce que la garantie \u00ab aucune fuite \u00bb d\u2019Energizer? R :\u00a0La garantie \u00ab aucune fuite \u00bb s\u2019applique \u00e0 l\u2019ensemble des piles d\u2019Energizer pour que vous puissiez garder l\u2019esprit tranquille. Nos piles sont con\u00e7ues pour \u00e9viter que des fuites [&hellip;]<\/p>\n","protected":false},"author":3,"featured_media":0,"parent":16782,"menu_order":0,"comment_status":"closed","ping_status":"closed","template":"elementor_header_footer","meta":{"_acf_changed":false,"footnotes":""},"class_list":["post-16804","page","type-page","status-publish","hentry"],"acf":[],"_links":{"self":[{"href":"https:\/\/energizer.com\/canada-french\/wp-json\/wp\/v2\/pages\/16804","targetHints":{"allow":["GET"]}}],"collection":[{"href":"https:\/\/energizer.com\/canada-french\/wp-json\/wp\/v2\/pages"}],"about":[{"href":"https:\/\/energizer.com\/canada-french\/wp-json\/wp\/v2\/types\/page"}],"author":[{"embeddable":true,"href":"https:\/\/energizer.com\/canada-french\/wp-json\/wp\/v2\/users\/3"}],"replies":[{"embeddable":true,"href":"https:\/\/energizer.com\/canada-french\/wp-json\/wp\/v2\/comments?post=16804"}],"version-history":[{"count":0,"href":"https:\/\/energizer.com\/canada-french\/wp-json\/wp\/v2\/pages\/16804\/revisions"}],"up":[{"embeddable":true,"href":"https:\/\/energizer.com\/canada-french\/wp-json\/wp\/v2\/pages\/16782"}],"wp:attachment":[{"href":"https:\/\/energizer.com\/canada-french\/wp-json\/wp\/v2\/media?parent=16804"}],"curies":[{"name":"wp","href":"https:\/\/api.w.org\/{rel}","templated":true}]}}