{"id":16826,"date":"2024-09-27T12:32:31","date_gmt":"2024-09-27T12:32:31","guid":{"rendered":"https:\/\/energizer.com\/canada-french\/?page_id=16826"},"modified":"2024-09-27T12:34:04","modified_gmt":"2024-09-27T12:34:04","slug":"my-energizer-batteries-are-corroded-help","status":"publish","type":"page","link":"https:\/\/energizer.com\/canada-french\/au-sujet-des-piles\/battery-faq\/lists\/piles-foire-aux-questions\/my-energizer-batteries-are-corroded-help\/","title":{"rendered":"My Energizer\u00ae batteries are corroded. Help!"},"content":{"rendered":"\t\t<div data-elementor-type=\"wp-page\" data-elementor-id=\"16826\" class=\"elementor elementor-16826\" data-elementor-post-type=\"page\">\n\t\t\t\t<div class=\"elementor-element elementor-element-1e68932 e-flex e-con-boxed e-con e-parent\" data-id=\"1e68932\" data-element_type=\"container\" data-e-type=\"container\">\n\t\t\t\t\t<div class=\"e-con-inner\">\n\t\t\t\t<div class=\"elementor-element elementor-element-5f2158a elementor-widget elementor-widget-heading\" data-id=\"5f2158a\" data-element_type=\"widget\" data-e-type=\"widget\" data-widget_type=\"heading.default\">\n\t\t\t\t<div class=\"elementor-widget-container\">\n\t\t\t\t\t<h1 class=\"elementor-heading-title elementor-size-default\">QUESTIONS FR\u00c9QUEMMENT DEMAND\u00c9ES AU SUJET DES PILES<\/h1>\t\t\t\t<\/div>\n\t\t\t\t<\/div>\n\t\t\t\t<div class=\"elementor-element elementor-element-9979ddb elementor-widget-divider--view-line elementor-widget elementor-widget-divider\" data-id=\"9979ddb\" data-element_type=\"widget\" data-e-type=\"widget\" data-widget_type=\"divider.default\">\n\t\t\t\t<div class=\"elementor-widget-container\">\n\t\t\t\t\t\t\t<div class=\"elementor-divider\">\n\t\t\t<span class=\"elementor-divider-separator\">\n\t\t\t\t\t\t<\/span>\n\t\t<\/div>\n\t\t\t\t\t\t<\/div>\n\t\t\t\t<\/div>\n\t\t\t\t\t<\/div>\n\t\t\t\t<\/div>\n\t\t<div class=\"elementor-element elementor-element-2f4cce6 e-flex e-con-boxed e-con e-parent\" data-id=\"2f4cce6\" data-element_type=\"container\" data-e-type=\"container\">\n\t\t\t\t\t<div class=\"e-con-inner\">\n\t\t<div class=\"elementor-element elementor-element-bd97262 e-con-full e-flex e-con e-child\" data-id=\"bd97262\" data-element_type=\"container\" data-e-type=\"container\">\n\t\t\t\t<div class=\"elementor-element elementor-element-485067b elementor-widget elementor-widget-heading\" data-id=\"485067b\" data-element_type=\"widget\" data-e-type=\"widget\" data-widget_type=\"heading.default\">\n\t\t\t\t<div class=\"elementor-widget-container\">\n\t\t\t\t\t<h2 class=\"elementor-heading-title elementor-size-default\">Mes piles Energizer\u00ae sont corrod\u00e9es. \u00c0 l'aide!<\/h2>\t\t\t\t<\/div>\n\t\t\t\t<\/div>\n\t\t\t\t<div class=\"elementor-element elementor-element-f06f9c0 elementor-widget elementor-widget-heading\" data-id=\"f06f9c0\" data-element_type=\"widget\" data-e-type=\"widget\" data-widget_type=\"heading.default\">\n\t\t\t\t<div class=\"elementor-widget-container\">\n\t\t\t\t\t<h3 class=\"elementor-heading-title elementor-size-default\">Q: Mes piles Energizer\u00ae sont corrod\u00e9es. \u00c0 l'aide!<\/h3>\t\t\t\t<\/div>\n\t\t\t\t<\/div>\n\t\t\t\t<div class=\"elementor-element elementor-element-efa652a elementor-widget elementor-widget-text-editor\" data-id=\"efa652a\" data-element_type=\"widget\" data-e-type=\"widget\" data-widget_type=\"text-editor.default\">\n\t\t\t\t<div class=\"elementor-widget-container\">\n\t\t\t\t\t\t\t\t\t<p><strong>R :<\/strong>\u00a0Veuillez nous excuser pour ce d\u00e9sagr\u00e9ment. Dans le cas o\u00f9 vos piles\u00a0<em>Energizer<\/em>\u00a0MAX<sub>\u00ae<\/sub>,\u00a0<em>Energizer<\/em><sub>\u00ae<\/sub>\u00a0EcoAdvanced<sub>MC<\/sub>,\u00a0<em>Energizer<\/em>\u00a0Recharge<sub>\u00ae<\/sub>\u00a0ou\u00a0<em>Energizer<\/em><sub>\u00ae<\/sub>\u00a0pour proth\u00e8ses auditives pr\u00e9senteraient des fuites ou de la corrosion, nous r\u00e9parerons ou remplacerons, \u00e0 notre convenance, tout appareil endommag\u00e9 par ces d\u00e9faillances. Pour en savoir davantage, veuillez visiter le site http:\/\/www.energizer.com\/about-batteries\/battery-leakage<\/p>\t\t\t\t\t\t\t\t<\/div>\n\t\t\t\t<\/div>\n\t\t\t\t<\/div>\n\t\t\t\t\t<\/div>\n\t\t\t\t<\/div>\n\t\t\t\t<\/div>\n\t\t","protected":false},"excerpt":{"rendered":"<p>QUESTIONS FR\u00c9QUEMMENT DEMAND\u00c9ES AU SUJET DES PILES Mes piles Energizer\u00ae sont corrod\u00e9es. \u00c0 l&#8217;aide! Q: Mes piles Energizer\u00ae sont corrod\u00e9es. \u00c0 l&#8217;aide! R :\u00a0Veuillez nous excuser pour ce d\u00e9sagr\u00e9ment. Dans le cas o\u00f9 vos piles\u00a0Energizer\u00a0MAX\u00ae,\u00a0Energizer\u00ae\u00a0EcoAdvancedMC,\u00a0Energizer\u00a0Recharge\u00ae\u00a0ou\u00a0Energizer\u00ae\u00a0pour proth\u00e8ses auditives pr\u00e9senteraient des fuites ou de la corrosion, nous r\u00e9parerons ou remplacerons, \u00e0 notre convenance, tout appareil endommag\u00e9 par [&hellip;]<\/p>\n","protected":false},"author":3,"featured_media":0,"parent":16782,"menu_order":0,"comment_status":"closed","ping_status":"closed","template":"elementor_header_footer","meta":{"_acf_changed":false,"footnotes":""},"class_list":["post-16826","page","type-page","status-publish","hentry"],"acf":[],"_links":{"self":[{"href":"https:\/\/energizer.com\/canada-french\/wp-json\/wp\/v2\/pages\/16826","targetHints":{"allow":["GET"]}}],"collection":[{"href":"https:\/\/energizer.com\/canada-french\/wp-json\/wp\/v2\/pages"}],"about":[{"href":"https:\/\/energizer.com\/canada-french\/wp-json\/wp\/v2\/types\/page"}],"author":[{"embeddable":true,"href":"https:\/\/energizer.com\/canada-french\/wp-json\/wp\/v2\/users\/3"}],"replies":[{"embeddable":true,"href":"https:\/\/energizer.com\/canada-french\/wp-json\/wp\/v2\/comments?post=16826"}],"version-history":[{"count":0,"href":"https:\/\/energizer.com\/canada-french\/wp-json\/wp\/v2\/pages\/16826\/revisions"}],"up":[{"embeddable":true,"href":"https:\/\/energizer.com\/canada-french\/wp-json\/wp\/v2\/pages\/16782"}],"wp:attachment":[{"href":"https:\/\/energizer.com\/canada-french\/wp-json\/wp\/v2\/media?parent=16826"}],"curies":[{"name":"wp","href":"https:\/\/api.w.org\/{rel}","templated":true}]}}