{"id":16843,"date":"2024-09-27T12:41:35","date_gmt":"2024-09-27T12:41:35","guid":{"rendered":"https:\/\/energizer.com\/canada-french\/?page_id=16843"},"modified":"2024-09-27T12:44:23","modified_gmt":"2024-09-27T12:44:23","slug":"ou-trouver-la-date-limite-dutilisation-sur-lemballage","status":"publish","type":"page","link":"https:\/\/energizer.com\/canada-french\/au-sujet-des-piles\/battery-faq\/lists\/piles-foire-aux-questions\/ou-trouver-la-date-limite-dutilisation-sur-lemballage\/","title":{"rendered":"Do batteries have an expiration date?"},"content":{"rendered":"\t\t<div data-elementor-type=\"wp-page\" data-elementor-id=\"16843\" class=\"elementor elementor-16843\" data-elementor-post-type=\"page\">\n\t\t\t\t<div class=\"elementor-element elementor-element-683fde8 e-flex e-con-boxed e-con e-parent\" data-id=\"683fde8\" data-element_type=\"container\" data-e-type=\"container\">\n\t\t\t\t\t<div class=\"e-con-inner\">\n\t\t\t\t<div class=\"elementor-element elementor-element-0ee4b50 elementor-widget elementor-widget-heading\" data-id=\"0ee4b50\" data-element_type=\"widget\" data-e-type=\"widget\" data-widget_type=\"heading.default\">\n\t\t\t\t<div class=\"elementor-widget-container\">\n\t\t\t\t\t<h1 class=\"elementor-heading-title elementor-size-default\">QUESTIONS FR\u00c9QUEMMENT DEMAND\u00c9ES AU SUJET DES PILES<\/h1>\t\t\t\t<\/div>\n\t\t\t\t<\/div>\n\t\t\t\t<div class=\"elementor-element elementor-element-37b19aa elementor-widget-divider--view-line elementor-widget elementor-widget-divider\" data-id=\"37b19aa\" data-element_type=\"widget\" data-e-type=\"widget\" data-widget_type=\"divider.default\">\n\t\t\t\t<div class=\"elementor-widget-container\">\n\t\t\t\t\t\t\t<div class=\"elementor-divider\">\n\t\t\t<span class=\"elementor-divider-separator\">\n\t\t\t\t\t\t<\/span>\n\t\t<\/div>\n\t\t\t\t\t\t<\/div>\n\t\t\t\t<\/div>\n\t\t\t\t\t<\/div>\n\t\t\t\t<\/div>\n\t\t<div class=\"elementor-element elementor-element-b375644 e-flex e-con-boxed e-con e-parent\" data-id=\"b375644\" data-element_type=\"container\" data-e-type=\"container\">\n\t\t\t\t\t<div class=\"e-con-inner\">\n\t\t<div class=\"elementor-element elementor-element-3278744 e-con-full e-flex e-con e-child\" data-id=\"3278744\" data-element_type=\"container\" data-e-type=\"container\">\n\t\t\t\t<div class=\"elementor-element elementor-element-f5e3d2e elementor-widget elementor-widget-heading\" data-id=\"f5e3d2e\" data-element_type=\"widget\" data-e-type=\"widget\" data-widget_type=\"heading.default\">\n\t\t\t\t<div class=\"elementor-widget-container\">\n\t\t\t\t\t<h2 class=\"elementor-heading-title elementor-size-default\">Les piles ont-elles une date d'expiration?\n<\/h2>\t\t\t\t<\/div>\n\t\t\t\t<\/div>\n\t\t\t\t<div class=\"elementor-element elementor-element-4c90c91 elementor-widget elementor-widget-heading\" data-id=\"4c90c91\" data-element_type=\"widget\" data-e-type=\"widget\" data-widget_type=\"heading.default\">\n\t\t\t\t<div class=\"elementor-widget-container\">\n\t\t\t\t\t<h3 class=\"elementor-heading-title elementor-size-default\">Q: Les piles ont-elles une date d'expiration?\n<\/h3>\t\t\t\t<\/div>\n\t\t\t\t<\/div>\n\t\t\t\t<div class=\"elementor-element elementor-element-3e26050 elementor-widget elementor-widget-text-editor\" data-id=\"3e26050\" data-element_type=\"widget\" data-e-type=\"widget\" data-widget_type=\"text-editor.default\">\n\t\t\t\t<div class=\"elementor-widget-container\">\n\t\t\t\t\t\t\t\t\t<p><strong>R:<\/strong> Oui, toutes les bonnes choses ont une fin. La date de durabilit\u00e9 minimale (DDM) de vos piles est inscrite sur leur partie sup\u00e9rieure, \u00e0 c\u00f4t\u00e9 de leur type (AA, 9 V, etc.). Elle est imprim\u00e9e sur fond blanc. Celle des plus petites piles est inscrite sur l\u2019emballage. Les utilisateurs obtiennent une exp\u00e9rience et une performance optimales s\u2019ils utilisent leurs piles avant la date de durabilit\u00e9 minimale. REMARQUE : Les piles peuvent fonctionner au-del\u00e0 de cette date, mais leur performance sera diminu\u00e9e.<\/p>\t\t\t\t\t\t\t\t<\/div>\n\t\t\t\t<\/div>\n\t\t\t\t<\/div>\n\t\t\t\t\t<\/div>\n\t\t\t\t<\/div>\n\t\t\t\t<\/div>\n\t\t","protected":false},"excerpt":{"rendered":"<p>QUESTIONS FR\u00c9QUEMMENT DEMAND\u00c9ES AU SUJET DES PILES Les piles ont-elles une date d&#8217;expiration? Q: Les piles ont-elles une date d&#8217;expiration? R: Oui, toutes les bonnes choses ont une fin. La date de durabilit\u00e9 minimale (DDM) de vos piles est inscrite sur leur partie sup\u00e9rieure, \u00e0 c\u00f4t\u00e9 de leur type (AA, 9 V, etc.). Elle est [&hellip;]<\/p>\n","protected":false},"author":3,"featured_media":0,"parent":16782,"menu_order":0,"comment_status":"closed","ping_status":"closed","template":"elementor_header_footer","meta":{"_acf_changed":false,"footnotes":""},"class_list":["post-16843","page","type-page","status-publish","hentry"],"acf":[],"_links":{"self":[{"href":"https:\/\/energizer.com\/canada-french\/wp-json\/wp\/v2\/pages\/16843","targetHints":{"allow":["GET"]}}],"collection":[{"href":"https:\/\/energizer.com\/canada-french\/wp-json\/wp\/v2\/pages"}],"about":[{"href":"https:\/\/energizer.com\/canada-french\/wp-json\/wp\/v2\/types\/page"}],"author":[{"embeddable":true,"href":"https:\/\/energizer.com\/canada-french\/wp-json\/wp\/v2\/users\/3"}],"replies":[{"embeddable":true,"href":"https:\/\/energizer.com\/canada-french\/wp-json\/wp\/v2\/comments?post=16843"}],"version-history":[{"count":0,"href":"https:\/\/energizer.com\/canada-french\/wp-json\/wp\/v2\/pages\/16843\/revisions"}],"up":[{"embeddable":true,"href":"https:\/\/energizer.com\/canada-french\/wp-json\/wp\/v2\/pages\/16782"}],"wp:attachment":[{"href":"https:\/\/energizer.com\/canada-french\/wp-json\/wp\/v2\/media?parent=16843"}],"curies":[{"name":"wp","href":"https:\/\/api.w.org\/{rel}","templated":true}]}}