{"id":16864,"date":"2024-09-27T12:53:17","date_gmt":"2024-09-27T12:53:17","guid":{"rendered":"https:\/\/energizer.com\/canada-french\/?page_id=16864"},"modified":"2024-09-27T12:55:35","modified_gmt":"2024-09-27T12:55:35","slug":"ou-puis-je-trouver-de-linformation-technique-sur-les-piles-et-les-chargeurs-em-energizer-em-sub-reg-sub","status":"publish","type":"page","link":"https:\/\/energizer.com\/canada-french\/au-sujet-des-piles\/battery-faq\/lists\/piles-foire-aux-questions\/ou-puis-je-trouver-de-linformation-technique-sur-les-piles-et-les-chargeurs-em-energizer-em-sub-reg-sub\/","title":{"rendered":"Where can I find technical information on Energizer\u00ae batteries and chargers ?"},"content":{"rendered":"\t\t<div data-elementor-type=\"wp-page\" data-elementor-id=\"16864\" class=\"elementor elementor-16864\" data-elementor-post-type=\"page\">\n\t\t\t\t<div class=\"elementor-element elementor-element-94e6bae e-flex e-con-boxed e-con e-parent\" data-id=\"94e6bae\" data-element_type=\"container\" data-e-type=\"container\">\n\t\t\t\t\t<div class=\"e-con-inner\">\n\t\t\t\t<div class=\"elementor-element elementor-element-23abd5b elementor-widget elementor-widget-heading\" data-id=\"23abd5b\" data-element_type=\"widget\" data-e-type=\"widget\" data-widget_type=\"heading.default\">\n\t\t\t\t<div class=\"elementor-widget-container\">\n\t\t\t\t\t<h1 class=\"elementor-heading-title elementor-size-default\">QUESTIONS FR\u00c9QUEMMENT DEMAND\u00c9ES AU SUJET DES PILES<\/h1>\t\t\t\t<\/div>\n\t\t\t\t<\/div>\n\t\t\t\t<div class=\"elementor-element elementor-element-a048502 elementor-widget-divider--view-line elementor-widget elementor-widget-divider\" data-id=\"a048502\" data-element_type=\"widget\" data-e-type=\"widget\" data-widget_type=\"divider.default\">\n\t\t\t\t<div class=\"elementor-widget-container\">\n\t\t\t\t\t\t\t<div class=\"elementor-divider\">\n\t\t\t<span class=\"elementor-divider-separator\">\n\t\t\t\t\t\t<\/span>\n\t\t<\/div>\n\t\t\t\t\t\t<\/div>\n\t\t\t\t<\/div>\n\t\t\t\t\t<\/div>\n\t\t\t\t<\/div>\n\t\t<div class=\"elementor-element elementor-element-9a4bee4 e-flex e-con-boxed e-con e-parent\" data-id=\"9a4bee4\" data-element_type=\"container\" data-e-type=\"container\">\n\t\t\t\t\t<div class=\"e-con-inner\">\n\t\t<div class=\"elementor-element elementor-element-6c3cf7d e-con-full e-flex e-con e-child\" data-id=\"6c3cf7d\" data-element_type=\"container\" data-e-type=\"container\">\n\t\t\t\t<div class=\"elementor-element elementor-element-b0d1288 elementor-widget elementor-widget-heading\" data-id=\"b0d1288\" data-element_type=\"widget\" data-e-type=\"widget\" data-widget_type=\"heading.default\">\n\t\t\t\t<div class=\"elementor-widget-container\">\n\t\t\t\t\t<h2 class=\"elementor-heading-title elementor-size-default\">O\u00f9 puis-je trouver de l'information technique sur les piles et les chargeurs Energizer\u00ae?\n<\/h2>\t\t\t\t<\/div>\n\t\t\t\t<\/div>\n\t\t\t\t<div class=\"elementor-element elementor-element-eac67e5 elementor-widget elementor-widget-text-editor\" data-id=\"eac67e5\" data-element_type=\"widget\" data-e-type=\"widget\" data-widget_type=\"text-editor.default\">\n\t\t\t\t<div class=\"elementor-widget-container\">\n\t\t\t\t\t\t\t\t\t<p>Sur le site\u00a0<a class=\"anchorhover\" href=\"http:\/\/data.energizer.com\/\" target=\"_blank\" rel=\"noopener\" aria-label=\"\">data.energizer.com<\/a>, vous trouverez de l\u2019information technique comme les descriptions de produits, les statistiques du rendement, les sp\u00e9cifications, les profils de d\u00e9charge, les r\u00e9sultats des essais ainsi que les fiches de donn\u00e9es de s\u00e9curit\u00e9 (FDS).<br \/>Vous y trouverez plus d\u2019information, et notamment:<\/p><ul><li>Dimensions<\/li><li>Tension nominale<\/li><li>Dur\u00e9e de vie<\/li><li>Ingr\u00e9dients chimiques<\/li><li>Intervalle de la temp\u00e9rature de fonctionnement<\/li><li>Images fixes<\/li><li>\u2026. et plus encore<\/li><\/ul>\t\t\t\t\t\t\t\t<\/div>\n\t\t\t\t<\/div>\n\t\t\t\t<\/div>\n\t\t\t\t\t<\/div>\n\t\t\t\t<\/div>\n\t\t\t\t<\/div>\n\t\t","protected":false},"excerpt":{"rendered":"<p>QUESTIONS FR\u00c9QUEMMENT DEMAND\u00c9ES AU SUJET DES PILES O\u00f9 puis-je trouver de l&#8217;information technique sur les piles et les chargeurs Energizer\u00ae? Sur le site\u00a0data.energizer.com, vous trouverez de l\u2019information technique comme les descriptions de produits, les statistiques du rendement, les sp\u00e9cifications, les profils de d\u00e9charge, les r\u00e9sultats des essais ainsi que les fiches de donn\u00e9es de s\u00e9curit\u00e9 [&hellip;]<\/p>\n","protected":false},"author":3,"featured_media":0,"parent":16782,"menu_order":0,"comment_status":"closed","ping_status":"closed","template":"elementor_header_footer","meta":{"_acf_changed":false,"footnotes":""},"class_list":["post-16864","page","type-page","status-publish","hentry"],"acf":[],"_links":{"self":[{"href":"https:\/\/energizer.com\/canada-french\/wp-json\/wp\/v2\/pages\/16864","targetHints":{"allow":["GET"]}}],"collection":[{"href":"https:\/\/energizer.com\/canada-french\/wp-json\/wp\/v2\/pages"}],"about":[{"href":"https:\/\/energizer.com\/canada-french\/wp-json\/wp\/v2\/types\/page"}],"author":[{"embeddable":true,"href":"https:\/\/energizer.com\/canada-french\/wp-json\/wp\/v2\/users\/3"}],"replies":[{"embeddable":true,"href":"https:\/\/energizer.com\/canada-french\/wp-json\/wp\/v2\/comments?post=16864"}],"version-history":[{"count":0,"href":"https:\/\/energizer.com\/canada-french\/wp-json\/wp\/v2\/pages\/16864\/revisions"}],"up":[{"embeddable":true,"href":"https:\/\/energizer.com\/canada-french\/wp-json\/wp\/v2\/pages\/16782"}],"wp:attachment":[{"href":"https:\/\/energizer.com\/canada-french\/wp-json\/wp\/v2\/media?parent=16864"}],"curies":[{"name":"wp","href":"https:\/\/api.w.org\/{rel}","templated":true}]}}