{"id":5737,"date":"2024-05-23T12:21:27","date_gmt":"2024-05-23T12:21:27","guid":{"rendered":"https:\/\/c487eefeea.nxcli.io\/mexico\/?page_id=5737"},"modified":"2024-10-03T07:43:12","modified_gmt":"2024-10-03T07:43:12","slug":"la-securite-des-piles-miniatures-au-lithium","status":"publish","type":"page","link":"https:\/\/energizer.com\/canada-french\/responsabilite\/la-securite-des-piles-miniatures-au-lithium\/","title":{"rendered":"Coin Lithium Battery Safety"},"content":{"rendered":"\t\t<div data-elementor-type=\"wp-page\" data-elementor-id=\"5737\" class=\"elementor elementor-5737\" data-elementor-post-type=\"page\">\n\t\t\t\t<div class=\"elementor-element elementor-element-9b5c823 e-flex e-con-boxed e-con e-parent\" data-id=\"9b5c823\" data-element_type=\"container\" data-e-type=\"container\">\n\t\t\t\t\t<div class=\"e-con-inner\">\n\t\t\t\t<div class=\"elementor-element elementor-element-7fe5857 elementor-widget elementor-widget-heading\" data-id=\"7fe5857\" data-element_type=\"widget\" data-e-type=\"widget\" data-widget_type=\"heading.default\">\n\t\t\t\t<div class=\"elementor-widget-container\">\n\t\t\t\t\t<h1 class=\"elementor-heading-title elementor-size-default\">La s\u00e9curit\u00e9 des piles miniatures au lithium\n<\/h1>\t\t\t\t<\/div>\n\t\t\t\t<\/div>\n\t\t\t\t<div class=\"elementor-element elementor-element-7d72013 elementor-widget-divider--view-line elementor-widget elementor-widget-divider\" data-id=\"7d72013\" data-element_type=\"widget\" data-e-type=\"widget\" data-widget_type=\"divider.default\">\n\t\t\t\t<div class=\"elementor-widget-container\">\n\t\t\t\t\t\t\t<div class=\"elementor-divider\">\n\t\t\t<span class=\"elementor-divider-separator\">\n\t\t\t\t\t\t<\/span>\n\t\t<\/div>\n\t\t\t\t\t\t<\/div>\n\t\t\t\t<\/div>\n\t\t\t\t\t<\/div>\n\t\t\t\t<\/div>\n\t\t<div class=\"elementor-element elementor-element-071971a e-flex e-con-boxed e-con e-parent\" data-id=\"071971a\" data-element_type=\"container\" data-e-type=\"container\">\n\t\t\t\t\t<div class=\"e-con-inner\">\n\t\t<div class=\"elementor-element elementor-element-679043e e-con-full e-flex e-con e-child\" data-id=\"679043e\" data-element_type=\"container\" data-e-type=\"container\">\n\t\t\t\t<div class=\"elementor-element elementor-element-58974ed elementor-widget elementor-widget-text-editor\" data-id=\"58974ed\" data-element_type=\"widget\" data-e-type=\"widget\" data-widget_type=\"text-editor.default\">\n\t\t\t\t<div class=\"elementor-widget-container\">\n\t\t\t\t\t\t\t\t\t<h3>La pr\u00e9vention des blessures caus\u00e9es par les piles miniatures au lithium<\/h3><p>Les appareils \u00e9lectroniques domestiques sont plus petits que jamais. Bien que des appareils tels que les t\u00e9l\u00e9commandes miniatures, les syst\u00e8mes d\u2019entr\u00e9e sans cl\u00e9 et les bougies sans flamme soient \u00e0 la fois pratiques et portables, ils posent aussi des risques souvent peu connus pour les jeunes enfants. Beaucoup de ces appareils contiennent des piles miniatures au lithium qui peuvent causer des blessures graves lorsqu\u2019elles sont aval\u00e9es. Les enfants \u00e2g\u00e9s de 4 ans et moins sont les plus \u00e0 risque.<\/p><p>Si une pile miniature au lithium reste coinc\u00e9e dans l\u2019\u0153sophage, une r\u00e9action chimique peut causer une br\u00fblure perforante en aussi peu que deux heures, m\u00eame s\u2019il n\u2019y a aucun sympt\u00f4me lors de l\u2019ingestion. Une telle br\u00fblure requiert souvent plusieurs chirurgies ainsi que des soins continus.<\/p><p>Si vous savez ou soup\u00e7onnez qu\u2019un petit enfant a aval\u00e9 une pile miniature au lithium, rendez-vous imm\u00e9diatement aux urgences de l\u2019h\u00f4pital le plus proche.<\/p>\t\t\t\t\t\t\t\t<\/div>\n\t\t\t\t<\/div>\n\t\t<div class=\"elementor-element elementor-element-1e7d80d e-con-full e-flex e-con e-child\" data-id=\"1e7d80d\" data-element_type=\"container\" data-e-type=\"container\">\n\t\t\t\t<div class=\"elementor-element elementor-element-66d31a4 elementor-widget elementor-widget-video\" data-id=\"66d31a4\" data-element_type=\"widget\" data-e-type=\"widget\" data-settings=\"{&quot;youtube_url&quot;:&quot;https:\\\/\\\/www.youtube.com\\\/embed\\\/rpQOuuWRdjU?controls=1&amp;rel=0&amp;playsinline=0&amp;modestbranding=0&amp;autoplay=0&amp;enablejsapi=1&amp;origin=https%3A%2F%2Fenergizer.com&amp;widgetid=1&quot;,&quot;video_type&quot;:&quot;youtube&quot;,&quot;controls&quot;:&quot;yes&quot;}\" data-widget_type=\"video.default\">\n\t\t\t\t<div class=\"elementor-widget-container\">\n\t\t\t\t\t\t\t<div class=\"elementor-wrapper elementor-open-inline\">\n\t\t\t<div class=\"elementor-video\"><\/div>\t\t<\/div>\n\t\t\t\t\t\t<\/div>\n\t\t\t\t<\/div>\n\t\t\t\t<\/div>\n\t\t\t\t<div class=\"elementor-element elementor-element-5abdd87 elementor-widget elementor-widget-text-editor\" data-id=\"5abdd87\" data-element_type=\"widget\" data-e-type=\"widget\" data-widget_type=\"text-editor.default\">\n\t\t\t\t<div class=\"elementor-widget-container\">\n\t\t\t\t\t\t\t\t\t<h3>Conseil rapide : Emballage s\u00e9curitaire<\/h3><p>Vous remarquerez que pour ouvrir l\u2019emballage de nos piles miniatures au lithium de 20 mm, vous devrez utiliser des ciseaux.<\/p><p>C\u2019est parce qu\u2019Energizer est proactif afin de pr\u00e9venir l\u2019ingestion de piles par des enfants.<\/p><p>Energizer est le premier fabricant de piles \u00e0 introduire des emballages de piles miniatures au lithium qui sont conformes aux normes volontaires sur les emballages \u00e0 l\u2019\u00e9preuve des enfants et aux recommandations formul\u00e9es par le personnel de la Consumer Product Safety Commission (CPSC) des \u00c9tats-Unis. Nous sommes fiers de contribuer \u00e0 la s\u00e9curit\u00e9 des enfants!<\/p>\t\t\t\t\t\t\t\t<\/div>\n\t\t\t\t<\/div>\n\t\t<div class=\"elementor-element elementor-element-5cbd1cd e-con-full e-flex e-con e-child\" data-id=\"5cbd1cd\" data-element_type=\"container\" data-e-type=\"container\">\n\t\t<div class=\"elementor-element elementor-element-7d627ab e-con-full e-flex e-con e-child\" data-id=\"7d627ab\" data-element_type=\"container\" data-e-type=\"container\" data-settings=\"{&quot;background_background&quot;:&quot;classic&quot;}\">\n\t\t\t\t<div class=\"elementor-element elementor-element-7f194cb elementor-widget elementor-widget-heading\" data-id=\"7f194cb\" data-element_type=\"widget\" data-e-type=\"widget\" data-widget_type=\"heading.default\">\n\t\t\t\t<div class=\"elementor-widget-container\">\n\t\t\t\t\t<h2 class=\"elementor-heading-title elementor-size-default\">Pour plus d'informations<\/h2>\t\t\t\t<\/div>\n\t\t\t\t<\/div>\n\t\t\t\t<div class=\"elementor-element elementor-element-552e50a elementor-widget elementor-widget-heading\" data-id=\"552e50a\" data-element_type=\"widget\" data-e-type=\"widget\" data-widget_type=\"heading.default\">\n\t\t\t\t<div class=\"elementor-widget-container\">\n\t\t\t\t\t<h2 class=\"elementor-heading-title elementor-size-default\"><a href=\"https:\/\/energizer.com\/canada-french\/wp-content\/uploads\/sites\/3\/2024\/09\/coin_lithium_fact_sheet_fr.pdf\" target=\"_blank\" aria-label=\"Feuillet de renseignements\">Feuillet de renseignements<\/a><\/h2>\t\t\t\t<\/div>\n\t\t\t\t<\/div>\n\t\t\t\t<div class=\"elementor-element elementor-element-c66b99d elementor-widget elementor-widget-heading\" data-id=\"c66b99d\" data-element_type=\"widget\" data-e-type=\"widget\" data-widget_type=\"heading.default\">\n\t\t\t\t<div class=\"elementor-widget-container\">\n\t\t\t\t\t<h2 class=\"elementor-heading-title elementor-size-default\"><a href=\"https:\/\/www.poison.org\/battery\">www.poison.org\/battery<\/a><\/h2>\t\t\t\t<\/div>\n\t\t\t\t<\/div>\n\t\t\t\t<div class=\"elementor-element elementor-element-75f3bdc elementor-widget elementor-widget-heading\" data-id=\"75f3bdc\" data-element_type=\"widget\" data-e-type=\"widget\" data-widget_type=\"heading.default\">\n\t\t\t\t<div class=\"elementor-widget-container\">\n\t\t\t\t\t<h2 class=\"elementor-heading-title elementor-size-default\"><a href=\"tel:202-625-3333\">202-625-3333<\/a><\/h2>\t\t\t\t<\/div>\n\t\t\t\t<\/div>\n\t\t\t\t<div class=\"elementor-element elementor-element-e95516b elementor-widget elementor-widget-heading\" data-id=\"e95516b\" data-element_type=\"widget\" data-e-type=\"widget\" data-widget_type=\"heading.default\">\n\t\t\t\t<div class=\"elementor-widget-container\">\n\t\t\t\t\t<h2 class=\"elementor-heading-title elementor-size-default\"><a href=\"https:\/\/www.safekids.org\/\">www.SafeKids.org<\/a><\/h2>\t\t\t\t<\/div>\n\t\t\t\t<\/div>\n\t\t\t\t<\/div>\n\t\t<div class=\"elementor-element elementor-element-69af95e e-con-full e-flex e-con e-child\" data-id=\"69af95e\" data-element_type=\"container\" data-e-type=\"container\">\n\t\t\t\t<div class=\"elementor-element elementor-element-9734242 elementor-widget__width-inherit elementor-widget elementor-widget-heading\" data-id=\"9734242\" data-element_type=\"widget\" data-e-type=\"widget\" data-widget_type=\"heading.default\">\n\t\t\t\t<div class=\"elementor-widget-container\">\n\t\t\t\t\t<h2 class=\"elementor-heading-title elementor-size-default\">L\u2019engagement d\u2019Energizer<\/h2>\t\t\t\t<\/div>\n\t\t\t\t<\/div>\n\t\t\t\t<div class=\"elementor-element elementor-element-224539f elementor-widget elementor-widget-heading\" data-id=\"224539f\" data-element_type=\"widget\" data-e-type=\"widget\" data-widget_type=\"heading.default\">\n\t\t\t\t<div class=\"elementor-widget-container\">\n\t\t\t\t\t<h2 class=\"elementor-heading-title elementor-size-default\">\u00catre le leader de l\u2019industrie quant \u00e0 la s\u00e9curit\u00e9 des piles miniatures au lithium par les moyens suivants:<\/h2>\t\t\t\t<\/div>\n\t\t\t\t<\/div>\n\t\t\t\t<div class=\"elementor-element elementor-element-baa2375 elementor-widget__width-inherit elementor-widget elementor-widget-heading\" data-id=\"baa2375\" data-element_type=\"widget\" data-e-type=\"widget\" data-widget_type=\"heading.default\">\n\t\t\t\t<div class=\"elementor-widget-container\">\n\t\t\t\t\t<h2 class=\"elementor-heading-title elementor-size-default\"><a href=\"https:\/\/energizer.com\/canada-french\/responsabilite\/la-securite-des-piles-miniatures-au-lithium\/l-engagement-d-energizer\/#research\" aria-label=\"Recherche\">Recherche<\/a><\/h2>\t\t\t\t<\/div>\n\t\t\t\t<\/div>\n\t\t\t\t<div class=\"elementor-element elementor-element-922eb31 elementor-widget__width-inherit elementor-widget elementor-widget-heading\" data-id=\"922eb31\" data-element_type=\"widget\" data-e-type=\"widget\" data-widget_type=\"heading.default\">\n\t\t\t\t<div class=\"elementor-widget-container\">\n\t\t\t\t\t<h2 class=\"elementor-heading-title elementor-size-default\"><a href=\"https:\/\/energizer.com\/canada-french\/responsabilite\/la-securite-des-piles-miniatures-au-lithium\/l-engagement-d-energizer\/#standards\" aria-label=\"\u00c9laboration de normes\">\u00c9laboration de normes<\/a><\/h2>\t\t\t\t<\/div>\n\t\t\t\t<\/div>\n\t\t\t\t<div class=\"elementor-element elementor-element-0d7e694 elementor-widget__width-inherit elementor-widget elementor-widget-heading\" data-id=\"0d7e694\" data-element_type=\"widget\" data-e-type=\"widget\" data-widget_type=\"heading.default\">\n\t\t\t\t<div class=\"elementor-widget-container\">\n\t\t\t\t\t<h2 class=\"elementor-heading-title elementor-size-default\"><a href=\"https:\/\/energizer.com\/canada-french\/responsabilite\/la-securite-des-piles-miniatures-au-lithium\/l-engagement-d-energizer\/#child\" aria-label=\"Produits et emballages \u00e0 l\u2019\u00e9preuve des enfants Efforts de la\">Produits et emballages \u00e0 l\u2019\u00e9preuve des enfants\nEfforts de la<\/a><\/h2>\t\t\t\t<\/div>\n\t\t\t\t<\/div>\n\t\t\t\t<div class=\"elementor-element elementor-element-0926cd9 elementor-widget__width-inherit elementor-widget elementor-widget-heading\" data-id=\"0926cd9\" data-element_type=\"widget\" data-e-type=\"widget\" data-widget_type=\"heading.default\">\n\t\t\t\t<div class=\"elementor-widget-container\">\n\t\t\t\t\t<h2 class=\"elementor-heading-title elementor-size-default\"><a href=\"https:\/\/energizer.com\/canada-french\/responsabilite\/la-securite-des-piles-miniatures-au-lithium\/l-engagement-d-energizer\/#awareness\" aria-label=\"sensibilisation\">sensibilisation<\/a><\/h2>\t\t\t\t<\/div>\n\t\t\t\t<\/div>\n\t\t\t\t<\/div>\n\t\t<div class=\"elementor-element elementor-element-2c87473 e-con-full e-flex e-con e-child\" data-id=\"2c87473\" data-element_type=\"container\" data-e-type=\"container\" data-settings=\"{&quot;background_background&quot;:&quot;classic&quot;}\">\n\t\t<div class=\"elementor-element elementor-element-9e15417 e-flex e-con-boxed e-con e-child\" data-id=\"9e15417\" data-element_type=\"container\" data-e-type=\"container\" data-settings=\"{&quot;background_background&quot;:&quot;classic&quot;}\">\n\t\t\t\t\t<div class=\"e-con-inner\">\n\t\t\t\t<div class=\"elementor-element elementor-element-ffb02cd elementor-widget elementor-widget-heading\" data-id=\"ffb02cd\" data-element_type=\"widget\" data-e-type=\"widget\" data-widget_type=\"heading.default\">\n\t\t\t\t<div class=\"elementor-widget-container\">\n\t\t\t\t\t<h2 class=\"elementor-heading-title elementor-size-default\">Pour les urgences\n<\/h2>\t\t\t\t<\/div>\n\t\t\t\t<\/div>\n\t\t\t\t<div class=\"elementor-element elementor-element-2e37389 elementor-widget elementor-widget-heading\" data-id=\"2e37389\" data-element_type=\"widget\" data-e-type=\"widget\" data-widget_type=\"heading.default\">\n\t\t\t\t<div class=\"elementor-widget-container\">\n\t\t\t\t\t<h2 class=\"elementor-heading-title elementor-size-default\">COMPOSEZ LE 911\n<\/h2>\t\t\t\t<\/div>\n\t\t\t\t<\/div>\n\t\t\t\t\t<\/div>\n\t\t\t\t<\/div>\n\t\t\t\t<\/div>\n\t\t\t\t<\/div>\n\t\t\t\t<\/div>\n\t\t\t\t\t<\/div>\n\t\t\t\t<\/div>\n\t\t\t\t<\/div>\n\t\t","protected":false},"excerpt":{"rendered":"<p>La s\u00e9curit\u00e9 des piles miniatures au lithium La pr\u00e9vention des blessures caus\u00e9es par les piles miniatures au lithium Les appareils \u00e9lectroniques domestiques sont plus petits que jamais. Bien que des appareils tels que les t\u00e9l\u00e9commandes miniatures, les syst\u00e8mes d\u2019entr\u00e9e sans cl\u00e9 et les bougies sans flamme soient \u00e0 la fois pratiques et portables, ils posent [&hellip;]<\/p>\n","protected":false},"author":3,"featured_media":0,"parent":4680,"menu_order":0,"comment_status":"closed","ping_status":"closed","template":"elementor_header_footer","meta":{"_acf_changed":false,"footnotes":""},"class_list":["post-5737","page","type-page","status-publish","hentry"],"acf":[],"_links":{"self":[{"href":"https:\/\/energizer.com\/canada-french\/wp-json\/wp\/v2\/pages\/5737","targetHints":{"allow":["GET"]}}],"collection":[{"href":"https:\/\/energizer.com\/canada-french\/wp-json\/wp\/v2\/pages"}],"about":[{"href":"https:\/\/energizer.com\/canada-french\/wp-json\/wp\/v2\/types\/page"}],"author":[{"embeddable":true,"href":"https:\/\/energizer.com\/canada-french\/wp-json\/wp\/v2\/users\/3"}],"replies":[{"embeddable":true,"href":"https:\/\/energizer.com\/canada-french\/wp-json\/wp\/v2\/comments?post=5737"}],"version-history":[{"count":0,"href":"https:\/\/energizer.com\/canada-french\/wp-json\/wp\/v2\/pages\/5737\/revisions"}],"up":[{"embeddable":true,"href":"https:\/\/energizer.com\/canada-french\/wp-json\/wp\/v2\/pages\/4680"}],"wp:attachment":[{"href":"https:\/\/energizer.com\/canada-french\/wp-json\/wp\/v2\/media?parent=5737"}],"curies":[{"name":"wp","href":"https:\/\/api.w.org\/{rel}","templated":true}]}}