{"id":5738,"date":"2024-05-23T12:21:40","date_gmt":"2024-05-23T12:21:40","guid":{"rendered":"https:\/\/c487eefeea.nxcli.io\/mexico\/?page_id=5738"},"modified":"2024-09-27T07:27:01","modified_gmt":"2024-09-27T07:27:01","slug":"soyez-pret-energizer","status":"publish","type":"page","link":"https:\/\/energizer.com\/canada-french\/responsabilite\/soyez-pret-energizer\/","title":{"rendered":"Preparedness"},"content":{"rendered":"\t\t<div data-elementor-type=\"wp-page\" data-elementor-id=\"5738\" class=\"elementor elementor-5738\" data-elementor-post-type=\"page\">\n\t\t\t\t<div class=\"elementor-element elementor-element-9b5c823 e-flex e-con-boxed e-con e-parent\" data-id=\"9b5c823\" data-element_type=\"container\" data-e-type=\"container\">\n\t\t\t\t\t<div class=\"e-con-inner\">\n\t\t\t\t<div class=\"elementor-element elementor-element-7fe5857 elementor-widget elementor-widget-heading\" data-id=\"7fe5857\" data-element_type=\"widget\" data-e-type=\"widget\" data-widget_type=\"heading.default\">\n\t\t\t\t<div class=\"elementor-widget-container\">\n\t\t\t\t\t<h1 class=\"elementor-heading-title elementor-size-default\">Soyez pr\u00eat<\/h1>\t\t\t\t<\/div>\n\t\t\t\t<\/div>\n\t\t\t\t<div class=\"elementor-element elementor-element-7d72013 elementor-widget-divider--view-line elementor-widget elementor-widget-divider\" data-id=\"7d72013\" data-element_type=\"widget\" data-e-type=\"widget\" data-widget_type=\"divider.default\">\n\t\t\t\t<div class=\"elementor-widget-container\">\n\t\t\t\t\t\t\t<div class=\"elementor-divider\">\n\t\t\t<span class=\"elementor-divider-separator\">\n\t\t\t\t\t\t<\/span>\n\t\t<\/div>\n\t\t\t\t\t\t<\/div>\n\t\t\t\t<\/div>\n\t\t\t\t\t<\/div>\n\t\t\t\t<\/div>\n\t\t<div class=\"elementor-element elementor-element-071971a e-flex e-con-boxed e-con e-parent\" data-id=\"071971a\" data-element_type=\"container\" data-e-type=\"container\">\n\t\t\t\t\t<div class=\"e-con-inner\">\n\t\t<div class=\"elementor-element elementor-element-679043e e-con-full e-flex e-con e-child\" data-id=\"679043e\" data-element_type=\"container\" data-e-type=\"container\">\n\t\t\t\t<div class=\"elementor-element elementor-element-58974ed elementor-widget elementor-widget-text-editor\" data-id=\"58974ed\" data-element_type=\"widget\" data-e-type=\"widget\" data-widget_type=\"text-editor.default\">\n\t\t\t\t<div class=\"elementor-widget-container\">\n\t\t\t\t\t\t\t\t\t<p>Soyez pr\u00eat \u00e0 affronter n\u2019importe quelle temp\u00eate avec l\u2019aide d\u2019Energizer\u00ae. Procurez-vous les piles de longue dur\u00e9e Energizer MAX\u00ae et Energizer\u00ae Ultimate Lithium\u2122, les lampes \u00e0 DEL Energizer\u00ae Weatheready\u00ae et les lampes de poche Energizer\u00ae. Nous avons tout, m\u00eame des lampes frontales, des bougies sans flamme et des piles pour proth\u00e8ses auditives. Et n\u2019oubliez pas les chargeurs Energizer Recharge\u00ae pour mettre la touche finale \u00e0 votre pr\u00e9paration. Energizer s\u2019assure que votre famille n\u2019est jamais laiss\u00e9e dans le noir, que ce soit pour quelques heures ou pour plusieurs jours.<\/p><p>Suivez ces quatre \u00e9tapes simples pour bien pr\u00e9parer votre domicile:<\/p>\t\t\t\t\t\t\t\t<\/div>\n\t\t\t\t<\/div>\n\t\t\t\t<\/div>\n\t\t<div class=\"elementor-element elementor-element-4aab1ee e-con-full e-flex e-con e-child\" data-id=\"4aab1ee\" data-element_type=\"container\" data-e-type=\"container\">\n\t\t<div class=\"elementor-element elementor-element-306f1b3 e-con-full e-flex e-con e-child\" data-id=\"306f1b3\" data-element_type=\"container\" data-e-type=\"container\" data-settings=\"{&quot;background_background&quot;:&quot;classic&quot;}\">\n\t\t\t\t<div class=\"elementor-element elementor-element-ecc5725 elementor-widget elementor-widget-image\" data-id=\"ecc5725\" data-element_type=\"widget\" data-e-type=\"widget\" data-widget_type=\"image.default\">\n\t\t\t\t<div class=\"elementor-widget-container\">\n\t\t\t\t\t\t\t\t\t\t\t\t\t\t\t<img loading=\"lazy\" decoding=\"async\" width=\"768\" height=\"572\" src=\"https:\/\/energizer.com\/canada-french\/wp-content\/uploads\/sites\/3\/2024\/09\/SM_PREPAREDNESS_FRENCH-01-768x572-1.png\" class=\"attachment-full size-full wp-image-16088\" alt=\"Soyez pr\u00eat\" srcset=\"https:\/\/energizer.com\/canada-french\/wp-content\/uploads\/sites\/3\/2024\/09\/SM_PREPAREDNESS_FRENCH-01-768x572-1.png 768w, https:\/\/energizer.com\/canada-french\/wp-content\/uploads\/sites\/3\/2024\/09\/SM_PREPAREDNESS_FRENCH-01-768x572-1-300x223.png 300w, https:\/\/energizer.com\/canada-french\/wp-content\/uploads\/sites\/3\/2024\/09\/SM_PREPAREDNESS_FRENCH-01-768x572-1-600x447.png 600w\" sizes=\"auto, (max-width: 768px) 100vw, 768px\" \/>\t\t\t\t\t\t\t\t\t\t\t\t\t\t\t<\/div>\n\t\t\t\t<\/div>\n\t\t\t\t<\/div>\n\t\t<div class=\"elementor-element elementor-element-4cb33a4 e-con-full e-flex e-con e-child\" data-id=\"4cb33a4\" data-element_type=\"container\" data-e-type=\"container\" data-settings=\"{&quot;background_background&quot;:&quot;classic&quot;}\">\n\t\t\t\t<div class=\"elementor-element elementor-element-a79497b elementor-widget elementor-widget-image\" data-id=\"a79497b\" data-element_type=\"widget\" data-e-type=\"widget\" data-widget_type=\"image.default\">\n\t\t\t\t<div class=\"elementor-widget-container\">\n\t\t\t\t\t\t\t\t\t\t\t\t\t\t\t<img loading=\"lazy\" decoding=\"async\" width=\"768\" height=\"572\" src=\"https:\/\/energizer.com\/canada-french\/wp-content\/uploads\/sites\/3\/2024\/09\/SM_PREPAREDNESS_FRENCH-03-768x572-1.png\" class=\"attachment-full size-full wp-image-16089\" alt=\"Soyez pr\u00eat\" srcset=\"https:\/\/energizer.com\/canada-french\/wp-content\/uploads\/sites\/3\/2024\/09\/SM_PREPAREDNESS_FRENCH-03-768x572-1.png 768w, https:\/\/energizer.com\/canada-french\/wp-content\/uploads\/sites\/3\/2024\/09\/SM_PREPAREDNESS_FRENCH-03-768x572-1-300x223.png 300w, https:\/\/energizer.com\/canada-french\/wp-content\/uploads\/sites\/3\/2024\/09\/SM_PREPAREDNESS_FRENCH-03-768x572-1-600x447.png 600w\" sizes=\"auto, (max-width: 768px) 100vw, 768px\" \/>\t\t\t\t\t\t\t\t\t\t\t\t\t\t\t<\/div>\n\t\t\t\t<\/div>\n\t\t\t\t<\/div>\n\t\t<div class=\"elementor-element elementor-element-45e3d63 e-con-full e-flex e-con e-child\" data-id=\"45e3d63\" data-element_type=\"container\" data-e-type=\"container\" data-settings=\"{&quot;background_background&quot;:&quot;classic&quot;}\">\n\t\t\t\t<div class=\"elementor-element elementor-element-2a5f8c0 elementor-widget elementor-widget-image\" data-id=\"2a5f8c0\" data-element_type=\"widget\" data-e-type=\"widget\" data-widget_type=\"image.default\">\n\t\t\t\t<div class=\"elementor-widget-container\">\n\t\t\t\t\t\t\t\t\t\t\t\t\t\t\t<img loading=\"lazy\" decoding=\"async\" width=\"768\" height=\"572\" src=\"https:\/\/energizer.com\/canada-french\/wp-content\/uploads\/sites\/3\/2024\/09\/SM_PREPAREDNESS_FRENCH-04-768x572-1.png\" class=\"attachment-full size-full wp-image-16090\" alt=\"Soyez pr\u00eat\" srcset=\"https:\/\/energizer.com\/canada-french\/wp-content\/uploads\/sites\/3\/2024\/09\/SM_PREPAREDNESS_FRENCH-04-768x572-1.png 768w, https:\/\/energizer.com\/canada-french\/wp-content\/uploads\/sites\/3\/2024\/09\/SM_PREPAREDNESS_FRENCH-04-768x572-1-300x223.png 300w, https:\/\/energizer.com\/canada-french\/wp-content\/uploads\/sites\/3\/2024\/09\/SM_PREPAREDNESS_FRENCH-04-768x572-1-600x447.png 600w\" sizes=\"auto, (max-width: 768px) 100vw, 768px\" \/>\t\t\t\t\t\t\t\t\t\t\t\t\t\t\t<\/div>\n\t\t\t\t<\/div>\n\t\t\t\t<\/div>\n\t\t<div class=\"elementor-element elementor-element-d80e744 e-con-full e-flex e-con e-child\" data-id=\"d80e744\" data-element_type=\"container\" data-e-type=\"container\" data-settings=\"{&quot;background_background&quot;:&quot;classic&quot;}\">\n\t\t\t\t<div class=\"elementor-element elementor-element-55fa91a elementor-widget elementor-widget-image\" data-id=\"55fa91a\" data-element_type=\"widget\" data-e-type=\"widget\" data-widget_type=\"image.default\">\n\t\t\t\t<div class=\"elementor-widget-container\">\n\t\t\t\t\t\t\t\t\t\t\t\t\t\t\t<img loading=\"lazy\" decoding=\"async\" width=\"768\" height=\"572\" src=\"https:\/\/energizer.com\/canada-french\/wp-content\/uploads\/sites\/3\/2024\/09\/SM_PREPAREDNESS_FRENCH-02-768x572-1.png\" class=\"attachment-full size-full wp-image-16091\" alt=\"Soyez pr\u00eat\" srcset=\"https:\/\/energizer.com\/canada-french\/wp-content\/uploads\/sites\/3\/2024\/09\/SM_PREPAREDNESS_FRENCH-02-768x572-1.png 768w, https:\/\/energizer.com\/canada-french\/wp-content\/uploads\/sites\/3\/2024\/09\/SM_PREPAREDNESS_FRENCH-02-768x572-1-300x223.png 300w, https:\/\/energizer.com\/canada-french\/wp-content\/uploads\/sites\/3\/2024\/09\/SM_PREPAREDNESS_FRENCH-02-768x572-1-600x447.png 600w\" sizes=\"auto, (max-width: 768px) 100vw, 768px\" \/>\t\t\t\t\t\t\t\t\t\t\t\t\t\t\t<\/div>\n\t\t\t\t<\/div>\n\t\t\t\t<\/div>\n\t\t\t\t<\/div>\n\t\t\t\t\t<\/div>\n\t\t\t\t<\/div>\n\t\t\t\t<\/div>\n\t\t","protected":false},"excerpt":{"rendered":"<p>Soyez pr\u00eat Soyez pr\u00eat \u00e0 affronter n\u2019importe quelle temp\u00eate avec l\u2019aide d\u2019Energizer\u00ae. Procurez-vous les piles de longue dur\u00e9e Energizer MAX\u00ae et Energizer\u00ae Ultimate Lithium\u2122, les lampes \u00e0 DEL Energizer\u00ae Weatheready\u00ae et les lampes de poche Energizer\u00ae. Nous avons tout, m\u00eame des lampes frontales, des bougies sans flamme et des piles pour proth\u00e8ses auditives. Et n\u2019oubliez [&hellip;]<\/p>\n","protected":false},"author":3,"featured_media":0,"parent":4680,"menu_order":0,"comment_status":"closed","ping_status":"closed","template":"elementor_header_footer","meta":{"_acf_changed":false,"footnotes":""},"class_list":["post-5738","page","type-page","status-publish","hentry"],"acf":[],"_links":{"self":[{"href":"https:\/\/energizer.com\/canada-french\/wp-json\/wp\/v2\/pages\/5738","targetHints":{"allow":["GET"]}}],"collection":[{"href":"https:\/\/energizer.com\/canada-french\/wp-json\/wp\/v2\/pages"}],"about":[{"href":"https:\/\/energizer.com\/canada-french\/wp-json\/wp\/v2\/types\/page"}],"author":[{"embeddable":true,"href":"https:\/\/energizer.com\/canada-french\/wp-json\/wp\/v2\/users\/3"}],"replies":[{"embeddable":true,"href":"https:\/\/energizer.com\/canada-french\/wp-json\/wp\/v2\/comments?post=5738"}],"version-history":[{"count":0,"href":"https:\/\/energizer.com\/canada-french\/wp-json\/wp\/v2\/pages\/5738\/revisions"}],"up":[{"embeddable":true,"href":"https:\/\/energizer.com\/canada-french\/wp-json\/wp\/v2\/pages\/4680"}],"wp:attachment":[{"href":"https:\/\/energizer.com\/canada-french\/wp-json\/wp\/v2\/media?parent=5738"}],"curies":[{"name":"wp","href":"https:\/\/api.w.org\/{rel}","templated":true}]}}