{"id":5946,"date":"2024-05-24T06:07:20","date_gmt":"2024-05-24T06:07:20","guid":{"rendered":"https:\/\/c487eefeea.nxcli.io\/mexico\/?page_id=5946"},"modified":"2026-03-11T12:55:44","modified_gmt":"2026-03-11T12:55:44","slug":"piles","status":"publish","type":"page","link":"https:\/\/energizer.com\/canada-french\/energie\/piles\/","title":{"rendered":"Compare Batteries"},"content":{"rendered":"\t\t<div data-elementor-type=\"wp-page\" data-elementor-id=\"5946\" class=\"elementor elementor-5946\" data-elementor-post-type=\"page\">\n\t\t\t\t<div class=\"elementor-element elementor-element-8fca408 e-flex e-con-boxed e-con e-parent\" data-id=\"8fca408\" data-element_type=\"container\" data-e-type=\"container\">\n\t\t\t\t\t<div class=\"e-con-inner\">\n\t\t\t\t<div class=\"elementor-element elementor-element-0a45dff elementor-widget elementor-widget-heading\" data-id=\"0a45dff\" data-element_type=\"widget\" data-e-type=\"widget\" data-widget_type=\"heading.default\">\n\t\t\t\t<div class=\"elementor-widget-container\">\n\t\t\t\t\t<h1 class=\"elementor-heading-title elementor-size-default\">Tableau de comparaison des piles<\/h1>\t\t\t\t<\/div>\n\t\t\t\t<\/div>\n\t\t\t\t<div class=\"elementor-element elementor-element-9e4f6c3 elementor-widget-divider--view-line elementor-widget elementor-widget-divider\" data-id=\"9e4f6c3\" data-element_type=\"widget\" data-e-type=\"widget\" data-widget_type=\"divider.default\">\n\t\t\t\t<div class=\"elementor-widget-container\">\n\t\t\t\t\t\t\t<div class=\"elementor-divider\">\n\t\t\t<span class=\"elementor-divider-separator\">\n\t\t\t\t\t\t<\/span>\n\t\t<\/div>\n\t\t\t\t\t\t<\/div>\n\t\t\t\t<\/div>\n\t\t\t\t\t<\/div>\n\t\t\t\t<\/div>\n\t\t<div class=\"elementor-element elementor-element-a508f05 e-flex e-con-boxed e-con e-parent\" data-id=\"a508f05\" data-element_type=\"container\" data-e-type=\"container\">\n\t\t\t\t\t<div class=\"e-con-inner\">\n\t\t<div class=\"elementor-element elementor-element-d2a5f8f e-con-full e-flex e-con e-child\" data-id=\"d2a5f8f\" data-element_type=\"container\" data-e-type=\"container\">\n\t\t\t\t<div class=\"elementor-element elementor-element-6409e82 elementor-widget elementor-widget-text-editor\" data-id=\"6409e82\" data-element_type=\"widget\" data-e-type=\"widget\" data-widget_type=\"text-editor.default\">\n\t\t\t\t<div class=\"elementor-widget-container\">\n\t\t\t\t\t\t\t\t\tFace \u00e0 un tel choix de piles, il est utile de savoir lesquelles conviennent le mieux \u00e0 votre appareil. D\u00e9couvrez les principales diff\u00e9rences ici et n\u2019oubliez pas de consulter notre Tableau chimique des piles pour identifier rapidement les piles rechargeables.\t\t\t\t\t\t\t\t<\/div>\n\t\t\t\t<\/div>\n\t\t\t\t<\/div>\n\t\t<div class=\"elementor-element elementor-element-59fdc1d e-con-full e-flex e-con e-child\" data-id=\"59fdc1d\" data-element_type=\"container\" data-e-type=\"container\">\n\t\t\t\t<div class=\"elementor-element elementor-element-8a409b6 elementor-widget__width-inherit elementor-widget elementor-widget-text-editor\" data-id=\"8a409b6\" data-element_type=\"widget\" data-e-type=\"widget\" data-widget_type=\"text-editor.default\">\n\t\t\t\t<div class=\"elementor-widget-container\">\n\t\t\t\t\t\t\t\t\t<h2><strong>Il existe essentiellement deux types de piles.<\/strong><\/h2><ul><li>Les piles \u00e0\u00a0<strong>usage unique<\/strong>\u00a0ont une dur\u00e9e de vie limit\u00e9e et doivent \u00eatre remplac\u00e9es. Il s\u2019agit principalement des piles alcalines, telles que, ainsi que les piles au lithium, comme notre pile\u00a0<a class=\"anchorhover\" href=\"https:\/\/energizer.com\/canada-french\/energie\/les-piles-energizer-ultimate-lithium\/\" aria-label=\"Energizer\u00ae\u00a0Ultimate Lithium\u2122\"><em>Energizer<\/em><sub>\u00ae<\/sub>\u00a0Ultimate Lithium\u2122<\/a>. Comme autres exemples de piles \u00e0 usage unique, citons les piles \u00e0 l\u2019oxyde d\u2019argent, les piles miniatures sp\u00e9ciales au lithium et les piles zinc-air pour les proth\u00e8ses auditives.<\/li><li>Les piles\u00a0<strong>rechargeables<\/strong>, cela va de soi, peuvent \u00eatre recharg\u00e9es \u00e0 maintes reprises, jusqu\u2019\u00e0 1 000 fois pour certaines! Consultez notre page\u00a0<a class=\"anchorhover\" href=\"https:\/\/energizer.com\/canada-french\/energie\/les-piles-rechargeables-energizer-recharge\/\" aria-label=\"Energizer Recharge\"><em>Energizer<\/em><sub>\u00ae<\/sub>\u00a0Recharge<sub>\u00ae<\/sub><\/a>\u00a0pour de plus amples renseignements.<\/li><\/ul>\t\t\t\t\t\t\t\t<\/div>\n\t\t\t\t<\/div>\n\t\t\t\t<div class=\"elementor-element elementor-element-a7523d0 elementor-widget elementor-widget-html\" data-id=\"a7523d0\" data-element_type=\"widget\" data-e-type=\"widget\" data-widget_type=\"html.default\">\n\t\t\t\t<div class=\"elementor-widget-container\">\n\t\t\t\t\t<div class=\"wrapper1\">\r\n    <div class=\"div1\">\r\n    <\/div>\r\n<\/div>\r\n  <div class=\"table-container\">\r\n   \r\n<div class=\"div2\">\r\n    <table>\r\n<thead>\r\n<tr>\r\n<th>Comparison\r\nChart<\/th>\r\n<th>MAX<\/th>\r\n<th>LITHIUM<\/th>\r\n<th>RECHARGE UNIVERSAL<\/th>\r\n<th>RECHARGE POWER PLUS<\/th>\r\n<\/tr>\r\n<\/thead>\r\n<tbody>\r\n<tr>\r\n<td><\/td>\r\n<td><a class=\"tablinks\" href=\"https:\/\/energizer.com\/canada-french\/energie\/piles-alcalines-energizer-max\/\" aria-label=\"energizer-ultimate-lithium\" target=\"_blank\" rel=\"noopener\">No 1 \u2013 Notre MAXMC la plus durable<\/a><\/br>(AA and AAA)<\/td>\r\n<td><a class=\"tablinks\" href=\"https:\/\/energizer.com\/canada-french\/energie\/les-piles-energizer-ultimate-lithium\/\" aria-label=\"lithiuml91l92_appman\" target=\"_blank\" rel=\"noopener\">No 1 \u2013 La pile AA la plus durable<\/a><\/td>\r\n<td><a class=\"tablinks\" href=\"https:\/\/energizer.com\/canada-french\/energie\/les-piles-rechargeables-energizer-recharge\/\" aria-label=\"nickelmetalhydride_appman\" target=\"_blank\" rel=\"noopener\">La premi\u00e8re pile AA et AAA au monde fabriqu\u00e9e avec 4 % de piles recycl\u00e9es<\/a><\/br>Id\u00e9al pour les appareils \u00e0 usage fr\u00e9quent. Les piles AA et AAA sont pr\u00e9-charg\u00e9es.<\/td>\r\n<td><a class=\"tablinks\" href=\"https:\/\/energizer.com\/canada-french\/energie\/les-piles-rechargeables-energizer-recharge\/\" aria-label=\"nickelmetalhydride_appman\" target=\"_blank\" rel=\"noopener\">La pile rechargeable la plus puissante de la marque<\/a><\/br>Id\u00e9al pour les appareils de haute technologie. Elle est pr\u00e9-charg\u00e9e.<\/td>\r\n<\/tr>\r\n<tr>\r\n<td><strong>Formats Disponibles<\/strong><\/td>\r\n<td>AA, AAA*, C, D, 9V<\/td>\r\n<td>AA, AAA*, 9V<\/td>\r\n<td>AA, AAA*, C, D, 9V<\/td>\r\n<td>AA, AAA*<\/td>\r\n<\/tr>\r\n<tr>\r\n<td><strong>Composition<\/strong><\/td>\r\n<td>Alkaline Les piles alcalines Energizer\u00ae sont offertes dans une grande vari\u00e9t\u00e9 de formats convenant \u00e0 la plupart des utilisations.<br><a style=\"color: #dc291e;font-weight: normal;text-decoration: underline\" href=\"https:\/\/energizer.com\/canada-french\/wp-content\/uploads\/sites\/3\/2024\/10\/alkaline_appman.pdf\" target=\"_blank\" rel=\"noopener\">En savoir plus<\/a><\/td>  \r\n<td>Lithium Les piles Energizer\u00ae Ultimate LithiumMC diff\u00e8rent des piles alcalines au point de vue de la chimie et de la fabrication.<br><a style=\"color: #dc291e;font-weight: normal;text-decoration: underline\" href=\"https:\/\/energizer.com\/canada-french\/wp-content\/uploads\/sites\/3\/2024\/10\/lithiuml91l92_appman.pdf\" target=\"_blank\" rel=\"noopener\">En savoir plus<\/a><\/td>\r\n<td colspan=\"2\">Nickel Metal Hydride (NiMH) Le v\u00e9ritable avantage des piles rechargeables NiMH Energizer\u00ae r\u00e9side dans leur dur\u00e9e de vie (r\u00e9utiliser apr\u00e8s la charge).<br><a style=\"color: #dc291e;font-weight: normal;text-decoration: underline\" href=\"https:\/\/energizer.com\/canada-french\/wp-content\/uploads\/sites\/3\/2024\/10\/nickelmetalhydride_appman.pdf\" target=\"_blank\" rel=\"noopener\">En savoir plus<\/a><\/td>\r\n<\/tr>\r\n<tr>\r\n<td><strong>Shelf Life\/ Dur\u00e9e De Vie\/<\/strong><\/td>\r\n<td>AA, AAA, C, D jusqu\u2019\u00e0 10 ans;<br>AAAA, N, 9V, 6V jusqu\u2019\u00e0 5 ans<\/td>\r\n<td>AA, AAA jusqu\u2019\u00e0 20 ans; <br>9V jusqu\u2019\u00e0 10 ans<\/td>\r\n<td colspan=\"2\">AA, AAA : Dur\u00e9e de vie utile jusqu\u2019\u00e0 5 ans; C, D, 9V : Dur\u00e9e de vie jusqu\u2019\u00e0 3 ans<\/td>\r\n<\/tr>\r\n<tr>\r\n<td><strong>Protection contre les fuites<\/strong><\/td>\r\n\r\n<td><img decoding=\"async\" src=\"https:\/\/energizer.com\/canada-french\/wp-content\/uploads\/2024\/05\/Check.png\" alt=\"correcto\" \/><br>\r\n<\/td>\r\n<td><img decoding=\"async\" src=\"https:\/\/energizer.com\/canada-french\/wp-content\/uploads\/2024\/05\/Check.png\" alt=\"correcto\" \/><br>\r\n<\/td>\r\n<td colspan=\"2\"><img decoding=\"async\" src=\"https:\/\/energizer.com\/canada-french\/wp-content\/uploads\/2024\/05\/Check.png\" alt=\"correcto\" \/><br>\r\n<\/td>\r\n<\/tr>\r\n<tr>\r\n<td><strong>Protection Contre Les Fuites<\/strong><\/td>\r\n<td>Prot\u00e8ge jusqu\u2019\u00e0 2 ans vos appareils contre les fuites des piles compl\u00e8tement us\u00e9es (AA\/AAA)<\/td>\r\n<td>Les piles AA et AAA qui durent le plus longtemps au monde dans les appareils de haute technologie<\/td>\r\n<td>Jusqu\u2019\u00e0 165 photos** et jusqu\u2019\u00e0 500 minutes dans les consoles de jeux portables *** par charge compl\u00e8te (pile AA)<\/td>\r\n<td>Jusqu\u2019\u00e0 350 photos** et jusqu\u2019\u00e0 380 minutes dans les jouets*** par charge compl\u00e8te (pile AA)<\/td>\r\n<\/tr>\r\n<tr>\r\n<td><strong>Le Meilleur Type D\u2019appareil Dans Lequel Elle Est Utilis\u00e9e<\/strong><\/td>\r\n<td>Pour les appareils \u00e0 usage quotidien tels que:<\/td>\r\n<td>Pour les appareils de haute technologie \u00e0 usage quotidien tels que:<\/td>\r\n<td>Pour les appareils \u00e9nergivores \u00e0 usage quotidien tels que:<\/td>\r\n<td>Pour les appareils de haute technologie \u00e0 usage quotidien:<\/td>\r\n<\/tr>\r\n<tr>\r\n<td><strong>Rechargeable<\/strong><\/td>\r\n<td>-<\/td>\r\n<td>-<\/td>\r\n<td><img decoding=\"async\" src=\"https:\/\/energizer.com\/canada-french\/wp-content\/uploads\/2024\/05\/Check.png\" alt=\"correcto\" \/><\/td>\r\n<td><img decoding=\"async\" src=\"https:\/\/energizer.com\/canada-french\/wp-content\/uploads\/2024\/05\/Check.png\" alt=\"correcto\" \/><\/td>\r\n<\/tr>\r\n<tr>\r\n<td><strong>Cycles De La Charge<\/strong><\/td>\r\n<td>-<\/td>\r\n<td>-<\/td>\r\n<td>Jusqu\u2019\u00e0 1000 fois<\/td>\r\n<td>Jusqu\u2019\u00e0 500 fois<\/td>\r\n<\/tr>\r\n<tr>\r\n<td><strong>Capacit\u00e9 De La Charge<\/strong><\/td>\r\n<td>-<\/td>\r\n<td>-<\/td>\r\n<td>AA 2000 mAh<\/td>\r\n<td>AA 2300 mAh<\/td>\r\n<\/tr>\r\n<tr>\r\n<td><strong>Contenu Recycl\u00e9<\/strong><\/td>\r\n<td>-<\/td>\r\n<td>-<\/td>\r\n<td>Fabriqu\u00e9 avec 4 % de piles recycl\u00e9es<\/td>\r\n<td>Fabriqu\u00e9 avec 4 % de piles recycl\u00e9es<\/td>\r\n<\/tr>\r\n<tr>\r\n<td><strong>Fonctionnement Selon Les Conditions M\u00e9t\u00e9orologiques<\/strong><\/td>\r\n<td>De 40 \u00b0F \u00e0 140 \u00b0F<\/td>\r\n<td>De 0 \u00b0F \u00e0 130 \u00b0F<\/td>\r\n<td colspan=\"2\">Charge: De 32 \u00b0F \u00e0 104 \u00b0F<br>D\u00e9charge: De 32 \u00b0F \u00e0 122 \u00b0F<br>Entreposage: De -4 \u00b0F \u00e0 86 \u00b0F<\/td>\r\n<\/tr>\r\n<tr>\r\n<td><strong>Poids De La Pile<\/strong><\/td>\r\n<td>AA: 0.8 oz.<br>AAA: 0.4 oz.<\/td>\r\n<td>AA: 0.5 oz.<br>AAA: 0.3 oz.<\/td>\r\n<td>AA: 1.1 oz.<br>AAA: 0.4 oz.<\/td>\r\n<td>AA: 1.1 oz.<br>AAA: 0.4 oz.<\/td>\r\n<\/tr>\r\n<tr>\r\n<td><strong>Pour Toute Information Technique<\/strong><\/td>\r\n<td><a style=\"color: #dc291e;font-weight: normal;text-decoration: underline\" href=\"http:\/\/data.energizer.com\/\" aria-label=\"check-icon\" target=\"_blank\" rel=\"noopener\" aria-label=\"Pour Toute Information Technique\">Cliquez ici<\/a><\/td>\r\n<td><a style=\"color: #dc291e;font-weight: normal;text-decoration: underline\" href=\"http:\/\/data.energizer.com\/\" aria-label=\"check-icon\" target=\"_blank\" rel=\"noopener\" aria-label=\"Pour Toute Information Technique\">Cliquez ici<\/a><\/td>\r\n<td><a style=\"color: #dc291e;font-weight: normal;text-decoration: underline\" href=\"http:\/\/data.energizer.com\/\" aria-label=\"check-icon\" target=\"_blank\" rel=\"noopener\" aria-label=\"Pour Toute Information Technique\">Cliquez ici<\/a><\/td>\r\n<td><a style=\"color: #dc291e;font-weight: normal;text-decoration: underline\" href=\"http:\/\/data.energizer.com\/\" aria-label=\"check-icon\" target=\"_blank\" rel=\"noopener\" aria-label=\"Pour Toute Information Technique\">Cliquez ici<\/a><\/td>\r\n<\/tr>\r\n<tr>\r\n<td><strong>Achat<\/strong><\/td>\r\n<td><\/td>\r\n<td><\/td>\r\n<td><\/td>\r\n<td><\/td>\r\n<\/tr>\r\n<\/tbody>\r\n<\/table>\r\n<\/div>\r\n<\/div>\r\n\t\t\t\t<\/div>\n\t\t\t\t<\/div>\n\t\t\t\t<div class=\"elementor-element elementor-element-20d85c5 elementor-widget__width-inherit elementor-widget elementor-widget-text-editor\" data-id=\"20d85c5\" data-element_type=\"widget\" data-e-type=\"widget\" data-widget_type=\"text-editor.default\">\n\t\t\t\t<div class=\"elementor-widget-container\">\n\t\t\t\t\t\t\t\t\t<ul><li>*Toutes les piles AA et AAA sont garanties \u00e0 ne pas fuir gr\u00e2ce \u00e0 la garantie \u00ab Aucune fuite \u00bb d\u2019Energizer\u00ae<\/li><li>**Les r\u00e9sultats varient selon l\u2019appareil photo et l\u2019utilisation<\/li><li>***Les r\u00e9sultats varient selon le type d\u2019appareil<\/li><\/ul>\t\t\t\t\t\t\t\t<\/div>\n\t\t\t\t<\/div>\n\t\t\t\t<\/div>\n\t\t<div class=\"elementor-element elementor-element-2616a60 e-con-full elementor-hidden-widescreen elementor-hidden-desktop elementor-hidden-laptop elementor-hidden-tablet_extra elementor-hidden-tablet elementor-hidden-mobile_extra elementor-hidden-mobile e-flex e-con e-child\" data-id=\"2616a60\" data-element_type=\"container\" data-e-type=\"container\">\n\t\t\t\t<div class=\"elementor-element elementor-element-eef5003 elementor-widget elementor-widget-image\" data-id=\"eef5003\" data-element_type=\"widget\" data-e-type=\"widget\" data-widget_type=\"image.default\">\n\t\t\t\t<div class=\"elementor-widget-container\">\n\t\t\t\t\t\t\t\t\t\t\t\t\t\t\t<img loading=\"lazy\" decoding=\"async\" width=\"47\" height=\"60\" src=\"https:\/\/energizer.com\/canada-french\/wp-content\/uploads\/sites\/3\/2024\/05\/gamer.png\" class=\"attachment-large size-large wp-image-5982\" alt=\"gamer\" \/>\t\t\t\t\t\t\t\t\t\t\t\t\t\t\t<\/div>\n\t\t\t\t<\/div>\n\t\t\t\t<div class=\"elementor-element elementor-element-7778ffa elementor-widget elementor-widget-image\" data-id=\"7778ffa\" data-element_type=\"widget\" data-e-type=\"widget\" data-widget_type=\"image.default\">\n\t\t\t\t<div class=\"elementor-widget-container\">\n\t\t\t\t\t\t\t\t\t\t\t\t\t\t\t<img loading=\"lazy\" decoding=\"async\" width=\"48\" height=\"60\" src=\"https:\/\/energizer.com\/canada-french\/wp-content\/uploads\/sites\/3\/2024\/05\/home-text.png\" class=\"attachment-large size-large wp-image-5983\" alt=\"home-text\" \/>\t\t\t\t\t\t\t\t\t\t\t\t\t\t\t<\/div>\n\t\t\t\t<\/div>\n\t\t\t\t<div class=\"elementor-element elementor-element-58a06b6 elementor-widget elementor-widget-image\" data-id=\"58a06b6\" data-element_type=\"widget\" data-e-type=\"widget\" data-widget_type=\"image.default\">\n\t\t\t\t<div class=\"elementor-widget-container\">\n\t\t\t\t\t\t\t\t\t\t\t\t\t\t\t<img loading=\"lazy\" decoding=\"async\" width=\"54\" height=\"60\" src=\"https:\/\/energizer.com\/canada-french\/wp-content\/uploads\/sites\/3\/2024\/05\/camera-text.png\" class=\"attachment-large size-large wp-image-5978\" alt=\"camera-text\" \/>\t\t\t\t\t\t\t\t\t\t\t\t\t\t\t<\/div>\n\t\t\t\t<\/div>\n\t\t\t\t<div class=\"elementor-element elementor-element-af9d644 elementor-widget elementor-widget-image\" data-id=\"af9d644\" data-element_type=\"widget\" data-e-type=\"widget\" data-widget_type=\"image.default\">\n\t\t\t\t<div class=\"elementor-widget-container\">\n\t\t\t\t\t\t\t\t\t\t\t\t\t\t\t<img loading=\"lazy\" decoding=\"async\" width=\"55\" height=\"60\" src=\"https:\/\/energizer.com\/canada-french\/wp-content\/uploads\/sites\/3\/2024\/05\/monster-truck-text.png\" class=\"attachment-large size-large wp-image-5984\" alt=\"monster-truck-text\" \/>\t\t\t\t\t\t\t\t\t\t\t\t\t\t\t<\/div>\n\t\t\t\t<\/div>\n\t\t\t\t<div class=\"elementor-element elementor-element-e67cee7 elementor-widget elementor-widget-image\" data-id=\"e67cee7\" data-element_type=\"widget\" data-e-type=\"widget\" data-widget_type=\"image.default\">\n\t\t\t\t<div class=\"elementor-widget-container\">\n\t\t\t\t\t\t\t\t\t\t\t\t\t\t\t<img loading=\"lazy\" decoding=\"async\" width=\"33\" height=\"60\" src=\"https:\/\/energizer.com\/canada-french\/wp-content\/uploads\/sites\/3\/2024\/05\/remote-control-text.png\" class=\"attachment-large size-large wp-image-5987\" alt=\"remote-control-text\" \/>\t\t\t\t\t\t\t\t\t\t\t\t\t\t\t<\/div>\n\t\t\t\t<\/div>\n\t\t\t\t<div class=\"elementor-element elementor-element-521852a elementor-widget elementor-widget-image\" data-id=\"521852a\" data-element_type=\"widget\" data-e-type=\"widget\" data-widget_type=\"image.default\">\n\t\t\t\t<div class=\"elementor-widget-container\">\n\t\t\t\t\t\t\t\t\t\t\t\t\t\t\t<img loading=\"lazy\" decoding=\"async\" width=\"60\" height=\"51\" src=\"https:\/\/energizer.com\/canada-french\/wp-content\/uploads\/sites\/3\/2024\/05\/truck-text.png\" class=\"attachment-large size-large wp-image-5988\" alt=\"truck-text\" \/>\t\t\t\t\t\t\t\t\t\t\t\t\t\t\t<\/div>\n\t\t\t\t<\/div>\n\t\t\t\t<div class=\"elementor-element elementor-element-ad6fffc elementor-widget elementor-widget-image\" data-id=\"ad6fffc\" data-element_type=\"widget\" data-e-type=\"widget\" data-widget_type=\"image.default\">\n\t\t\t\t<div class=\"elementor-widget-container\">\n\t\t\t\t\t\t\t\t\t\t\t\t\t\t\t<img loading=\"lazy\" decoding=\"async\" width=\"36\" height=\"60\" src=\"https:\/\/energizer.com\/canada-french\/wp-content\/uploads\/sites\/3\/2024\/05\/volume-text.png\" class=\"attachment-large size-large wp-image-5989\" alt=\"volume-text\" \/>\t\t\t\t\t\t\t\t\t\t\t\t\t\t\t<\/div>\n\t\t\t\t<\/div>\n\t\t\t\t<div class=\"elementor-element elementor-element-45aec67 elementor-widget elementor-widget-image\" data-id=\"45aec67\" data-element_type=\"widget\" data-e-type=\"widget\" data-widget_type=\"image.default\">\n\t\t\t\t<div class=\"elementor-widget-container\">\n\t\t\t\t\t\t\t\t\t\t\t\t\t\t\t<img loading=\"lazy\" decoding=\"async\" width=\"57\" height=\"60\" src=\"https:\/\/energizer.com\/canada-french\/wp-content\/uploads\/sites\/3\/2024\/05\/game-control-text.png\" class=\"attachment-large size-large wp-image-5981\" alt=\"game-control-text\" \/>\t\t\t\t\t\t\t\t\t\t\t\t\t\t\t<\/div>\n\t\t\t\t<\/div>\n\t\t\t\t<div class=\"elementor-element elementor-element-03f8592 elementor-widget elementor-widget-image\" data-id=\"03f8592\" data-element_type=\"widget\" data-e-type=\"widget\" data-widget_type=\"image.default\">\n\t\t\t\t<div class=\"elementor-widget-container\">\n\t\t\t\t\t\t\t\t\t\t\t\t\t\t\t<img loading=\"lazy\" decoding=\"async\" width=\"46\" height=\"60\" src=\"https:\/\/energizer.com\/canada-french\/wp-content\/uploads\/sites\/3\/2024\/05\/flash-light-text.png\" class=\"attachment-large size-large wp-image-5980\" alt=\"flash-light-text\" \/>\t\t\t\t\t\t\t\t\t\t\t\t\t\t\t<\/div>\n\t\t\t\t<\/div>\n\t\t\t\t<div class=\"elementor-element elementor-element-5e5d6a5 elementor-widget elementor-widget-image\" data-id=\"5e5d6a5\" data-element_type=\"widget\" data-e-type=\"widget\" data-widget_type=\"image.default\">\n\t\t\t\t<div class=\"elementor-widget-container\">\n\t\t\t\t\t\t\t\t\t\t\t\t\t\t\t<img loading=\"lazy\" decoding=\"async\" width=\"42\" height=\"60\" src=\"https:\/\/energizer.com\/canada-french\/wp-content\/uploads\/sites\/3\/2024\/05\/alaram-text.png\" class=\"attachment-large size-large wp-image-5977\" alt=\"alaram-text\" \/>\t\t\t\t\t\t\t\t\t\t\t\t\t\t\t<\/div>\n\t\t\t\t<\/div>\n\t\t\t\t<\/div>\n\t\t\t\t\t<\/div>\n\t\t\t\t<\/div>\n\t\t\t\t<\/div>\n\t\t","protected":false},"excerpt":{"rendered":"<p>Tableau de comparaison des piles Face \u00e0 un tel choix de piles, il est utile de savoir lesquelles conviennent le mieux \u00e0 votre appareil. D\u00e9couvrez les principales diff\u00e9rences ici et n\u2019oubliez pas de consulter notre Tableau chimique des piles pour identifier rapidement les piles rechargeables. Il existe essentiellement deux types de piles. Les piles \u00e0\u00a0usage [&hellip;]<\/p>\n","protected":false},"author":3,"featured_media":0,"parent":1003,"menu_order":0,"comment_status":"closed","ping_status":"closed","template":"elementor_header_footer","meta":{"_acf_changed":false,"footnotes":""},"class_list":["post-5946","page","type-page","status-publish","hentry"],"acf":[],"_links":{"self":[{"href":"https:\/\/energizer.com\/canada-french\/wp-json\/wp\/v2\/pages\/5946","targetHints":{"allow":["GET"]}}],"collection":[{"href":"https:\/\/energizer.com\/canada-french\/wp-json\/wp\/v2\/pages"}],"about":[{"href":"https:\/\/energizer.com\/canada-french\/wp-json\/wp\/v2\/types\/page"}],"author":[{"embeddable":true,"href":"https:\/\/energizer.com\/canada-french\/wp-json\/wp\/v2\/users\/3"}],"replies":[{"embeddable":true,"href":"https:\/\/energizer.com\/canada-french\/wp-json\/wp\/v2\/comments?post=5946"}],"version-history":[{"count":3,"href":"https:\/\/energizer.com\/canada-french\/wp-json\/wp\/v2\/pages\/5946\/revisions"}],"predecessor-version":[{"id":18158,"href":"https:\/\/energizer.com\/canada-french\/wp-json\/wp\/v2\/pages\/5946\/revisions\/18158"}],"up":[{"embeddable":true,"href":"https:\/\/energizer.com\/canada-french\/wp-json\/wp\/v2\/pages\/1003"}],"wp:attachment":[{"href":"https:\/\/energizer.com\/canada-french\/wp-json\/wp\/v2\/media?parent=5946"}],"curies":[{"name":"wp","href":"https:\/\/api.w.org\/{rel}","templated":true}]}}