{"id":11949,"date":"2024-09-17T11:39:58","date_gmt":"2024-09-17T11:39:58","guid":{"rendered":"https:\/\/energizer.com\/canada-french\/?post_type=product&#038;p=11949"},"modified":"2025-02-25T08:16:09","modified_gmt":"2025-02-25T08:16:09","slug":"energizer-intrinsically-safe2d-led-flashlight","status":"publish","type":"product","link":"https:\/\/energizer.com\/canada-french\/product\/eclairage\/lampes-de-poche\/energizer-intrinsically-safe2d-led-flashlight\/","title":{"rendered":"Energizer Intrinsically Safe\u00ae2D LED Flashlight"},"content":{"rendered":"<div class=\"button\"><a class=\"redbtn\" href=\"https:\/\/energizer.com\/canada-french\/eclairage\/fr-intrinsically-safe\/\" rel=\"noopener\" aria-label=\"En savoir plus sur les lampes de poche \u00e0 s\u00e9curit\u00e9 intrins\u00e8que\">En savoir plus sur les lampes de poche \u00e0 s\u00e9curit\u00e9 intrins\u00e8que<\/a><\/div>\n<ul>\n<li>Id\u00e9ale pour les professionnels confirm\u00e9s, sur le lieu de travail ou \u00e0 l\u2019ext\u00e9rieur<\/li>\n<li>Classe | Division | Cot\u00e9<\/li>\n<li>R\u00e9siste aux impacts<\/li>\n<li>Pince \u00e0 mousqueton int\u00e9gr\u00e9e<\/li>\n<li>R\u00e9siste \u00e0 un test de chute de 1 m\u00e8tre<\/li>\n<li>Interrupteur \u00e0 bouton-poussoir facile \u00e0 utiliser<\/li>\n<li>Bo\u00eetier r\u00e9sistant \u00e0 l\u2019huile et \u00e0 la graisse<\/li>\n<li>\u00c9tanche<\/li>\n<li>Dur\u00e9e d\u2019utilisation : 135 heures<\/li>\n<li><a class=\"anchorhover\" href=\"https:\/\/energizer.com\/canada-french\/wp-content\/uploads\/sites\/3\/2024\/09\/enr_ishh25_2d_intrinsically_safe.pdf\" target=\"_blank\" rel=\"noopener\" aria-label=\"Voir la feuille d\u2019instructions\">Voir la feuille d\u2019instructions<\/a><\/li>\n<\/ul>\n","protected":false},"excerpt":{"rendered":"<p>En savoir plus sur les lampes de poche \u00e0 s\u00e9curit\u00e9 intrins\u00e8que Id\u00e9ale pour les professionnels confirm\u00e9s, sur le lieu de travail ou \u00e0 l\u2019ext\u00e9rieur Classe | Division | Cot\u00e9 R\u00e9siste aux impacts Pince \u00e0 mousqueton int\u00e9gr\u00e9e R\u00e9siste \u00e0 un test de chute de 1 m\u00e8tre Interrupteur \u00e0 bouton-poussoir facile \u00e0 utiliser Bo\u00eetier r\u00e9sistant \u00e0 l\u2019huile [&hellip;]<\/p>\n","protected":false},"featured_media":0,"comment_status":"open","ping_status":"closed","template":"","meta":{"_acf_changed":false},"product_brand":[],"product_cat":[97,132],"product_tag":[],"class_list":{"0":"post-11949","1":"product","2":"type-product","3":"status-publish","5":"product_cat-lampes-de-poche","6":"product_cat-trouvez-des-produits-declairage-energizer","7":"pa_collection-energizer-intrinsequement-securitaire","8":"pa_uses-travail","10":"first","11":"instock","12":"shipping-taxable","13":"product-type-simple"},"acf":[],"_links":{"self":[{"href":"https:\/\/energizer.com\/canada-french\/wp-json\/wp\/v2\/product\/11949","targetHints":{"allow":["GET"]}}],"collection":[{"href":"https:\/\/energizer.com\/canada-french\/wp-json\/wp\/v2\/product"}],"about":[{"href":"https:\/\/energizer.com\/canada-french\/wp-json\/wp\/v2\/types\/product"}],"replies":[{"embeddable":true,"href":"https:\/\/energizer.com\/canada-french\/wp-json\/wp\/v2\/comments?post=11949"}],"version-history":[{"count":0,"href":"https:\/\/energizer.com\/canada-french\/wp-json\/wp\/v2\/product\/11949\/revisions"}],"wp:attachment":[{"href":"https:\/\/energizer.com\/canada-french\/wp-json\/wp\/v2\/media?parent=11949"}],"wp:term":[{"taxonomy":"product_brand","embeddable":true,"href":"https:\/\/energizer.com\/canada-french\/wp-json\/wp\/v2\/product_brand?post=11949"},{"taxonomy":"product_cat","embeddable":true,"href":"https:\/\/energizer.com\/canada-french\/wp-json\/wp\/v2\/product_cat?post=11949"},{"taxonomy":"product_tag","embeddable":true,"href":"https:\/\/energizer.com\/canada-french\/wp-json\/wp\/v2\/product_tag?post=11949"}],"curies":[{"name":"wp","href":"https:\/\/api.w.org\/{rel}","templated":true}]}}