{"id":12059,"date":"2024-09-17T12:34:13","date_gmt":"2024-09-17T12:34:13","guid":{"rendered":"https:\/\/energizer.com\/canada-french\/?post_type=product&#038;p=12059"},"modified":"2025-02-26T13:41:10","modified_gmt":"2025-02-26T13:41:10","slug":"nouvelle-lampe-tactique-en-metal-haute-performance-energizer-700","status":"publish","type":"product","link":"https:\/\/energizer.com\/canada-french\/product\/eclairage\/lampes-de-poche\/nouvelle-lampe-tactique-en-metal-haute-performance-energizer-700\/","title":{"rendered":"Energizer\u00ae Performance Metal Tactical Light (700)"},"content":{"rendered":"<div class=\"button\"><a class=\"redbtn\" href=\"https:\/\/energizer.com\/canada-french\/product\/eclairage\/lampes-de-poche\/fr-tactical-flashlights\/\" rel=\"noopener\" aria-label=\"En savoir plus sur les lampes de poche tactiques en m\u00e9tal\">En savoir plus sur les lampes de poche tactiques en m\u00e9tal<\/a><\/div>\n<ul>\n<li>Bouton-poussoir arri\u00e8re permettant \u00e0 l\u2019utilisateur de passer facilement d\u2019un mode \u00e0 l\u2019autre tout en tenant la lampe<\/li>\n<li>Compact et l\u00e9ger<\/li>\n<li>Aluminium durable de qualit\u00e9 a\u00e9ronautique<\/li>\n<li>Con\u00e7u pour \u00eatre utilis\u00e9 dans diverses situations<\/li>\n<li>Utile dans les situations d\u2019urgence<\/li>\n<li>Utilisation int\u00e9rieure ou ext\u00e9rieure<\/li>\n<li>Travail et projets de bricolage<\/li>\n<li>Technologie MAXVIZ\u2122 produisant un faisceau large et puissant et offrant une vision haute d\u00e9finition<\/li>\n<li>Rendement lumineux exceptionnel convenant \u00e0 toutes les t\u00e2ches<\/li>\n<li>Autonomie prolong\u00e9e en mode de faible intensit\u00e9<\/li>\n<li>Fonctionne avec 2\u00a0piles CR123 (2\u00a0piles CR123\u00a0<em>Energizer<\/em>\u00ae au lithium incluses)<\/li>\n<\/ul>\n","protected":false},"excerpt":{"rendered":"<p>Les lampes tactiques en m\u00e9tal haute performance Energizer\u00ae sont durables et fiables. Le bouton-poussoir \u00e0 l\u2019arri\u00e8re, le mode stroboscopique d\u2019urgence et l\u2019aluminium durable de qualit\u00e9 a\u00e9ronautique ont \u00e9t\u00e9 con\u00e7us pour que ces lampes conviennent parfaitement \u00e0 un vaste \u00e9ventail de situations. Leur fabrication robuste et leur rendement lumineux \u00e9lev\u00e9 en font des outils parfaits pour les projets de bricolage et d\u2019autres activit\u00e9s int\u00e9rieures, mais aussi pour des activit\u00e9s ext\u00e9rieures, comme le camping. Leur puissante luminosit\u00e9 et leur mode stroboscopique vous aident \u00e0 vous prot\u00e9ger dans les situations d\u2019urgence.<\/p>\n","protected":false},"featured_media":0,"comment_status":"open","ping_status":"closed","template":"","meta":{"_acf_changed":false},"product_brand":[],"product_cat":[97,132],"product_tag":[],"class_list":{"0":"post-12059","1":"product","2":"type-product","3":"status-publish","5":"product_cat-lampes-de-poche","6":"product_cat-trouvez-des-produits-declairage-energizer","7":"pa_collection-lampes-poche-tactiques-en-metal-energizer","8":"pa_uses-bricolage","9":"pa_uses-exterieur","10":"pa_uses-quotidien","11":"pa_uses-soyez-pret","12":"pa_uses-travail","14":"first","15":"instock","16":"shipping-taxable","17":"product-type-simple"},"acf":[],"_links":{"self":[{"href":"https:\/\/energizer.com\/canada-french\/wp-json\/wp\/v2\/product\/12059","targetHints":{"allow":["GET"]}}],"collection":[{"href":"https:\/\/energizer.com\/canada-french\/wp-json\/wp\/v2\/product"}],"about":[{"href":"https:\/\/energizer.com\/canada-french\/wp-json\/wp\/v2\/types\/product"}],"replies":[{"embeddable":true,"href":"https:\/\/energizer.com\/canada-french\/wp-json\/wp\/v2\/comments?post=12059"}],"version-history":[{"count":0,"href":"https:\/\/energizer.com\/canada-french\/wp-json\/wp\/v2\/product\/12059\/revisions"}],"wp:attachment":[{"href":"https:\/\/energizer.com\/canada-french\/wp-json\/wp\/v2\/media?parent=12059"}],"wp:term":[{"taxonomy":"product_brand","embeddable":true,"href":"https:\/\/energizer.com\/canada-french\/wp-json\/wp\/v2\/product_brand?post=12059"},{"taxonomy":"product_cat","embeddable":true,"href":"https:\/\/energizer.com\/canada-french\/wp-json\/wp\/v2\/product_cat?post=12059"},{"taxonomy":"product_tag","embeddable":true,"href":"https:\/\/energizer.com\/canada-french\/wp-json\/wp\/v2\/product_tag?post=12059"}],"curies":[{"name":"wp","href":"https:\/\/api.w.org\/{rel}","templated":true}]}}