{"id":12198,"date":"2024-09-18T05:33:14","date_gmt":"2024-09-18T05:33:14","guid":{"rendered":"https:\/\/energizer.com\/canada-french\/?post_type=product&#038;p=12198"},"modified":"2025-02-26T13:41:07","modified_gmt":"2025-02-26T13:41:07","slug":"fr-tactical-flashlights","status":"publish","type":"product","link":"https:\/\/energizer.com\/canada-french\/product\/eclairage\/lampes-de-poche\/fr-tactical-flashlights\/","title":{"rendered":"Energizer Performance Metal Rechargeable Tactical Flashlight (1200 lumens)"},"content":{"rendered":"<ul>\n<li>Une lentille incassable et une conception en aluminium durable de qualit\u00e9 a\u00e9ronautique font de cette lampe de poche en m\u00e9tal un compagnon solide sur lequel vous pouvez compter<\/li>\n<li>Emportez cette lampe d\u2019ext\u00e9rieur fiable dans vos voyages de camping ou vos chantiers en plein air, ou pour les cas d\u2019urgence<\/li>\n<li>Cette lampe \u00e0 DEL exceptionnellement puissante est jusqu\u2019\u00e0 15\u00a0fois plus lumineuse que la technologie DEL ordinaire, et diffuse 1200\u00a0lumens avec une autonomie de 4\u00a0heures en mode haute intensit\u00e9<\/li>\n<li>Profitez d\u2019une lumi\u00e8re vive, m\u00eame par mauvais temps\u00a0\u2013 cette lampe de poche \u00e0 DEL dispose d\u2019un indice d\u2019\u00e9tanch\u00e9it\u00e9 de IPX4 et est r\u00e9sistante aux chocs jusqu\u2019\u00e0 1\u00a0m\u00e8tre pour des performances fiables<\/li>\n<li>Interrupteur \u00e0 bouton-poussoir pour une maniabilit\u00e9 d\u2019une seule main<\/li>\n<\/ul>\n","protected":false},"excerpt":{"rendered":"<p>Une lentille incassable et une conception en aluminium durable de qualit\u00e9 a\u00e9ronautique font de cette lampe de poche en m\u00e9tal un compagnon solide sur lequel vous pouvez compter Emportez cette lampe d\u2019ext\u00e9rieur fiable dans vos voyages de camping ou vos chantiers en plein air, ou pour les cas d\u2019urgence Cette lampe \u00e0 DEL exceptionnellement puissante [&hellip;]<\/p>\n","protected":false},"featured_media":0,"comment_status":"open","ping_status":"closed","template":"","meta":{"_acf_changed":false},"product_brand":[],"product_cat":[97,132],"product_tag":[],"class_list":{"0":"post-12198","1":"product","2":"type-product","3":"status-publish","5":"product_cat-lampes-de-poche","6":"product_cat-trouvez-des-produits-declairage-energizer","7":"pa_collection-lampes-poche-tactiques-en-metal-energizer","8":"pa_uses-bricolage","9":"pa_uses-exterieur","10":"pa_uses-quotidien","11":"pa_uses-travail","13":"first","14":"instock","15":"shipping-taxable","16":"product-type-simple"},"acf":[],"_links":{"self":[{"href":"https:\/\/energizer.com\/canada-french\/wp-json\/wp\/v2\/product\/12198","targetHints":{"allow":["GET"]}}],"collection":[{"href":"https:\/\/energizer.com\/canada-french\/wp-json\/wp\/v2\/product"}],"about":[{"href":"https:\/\/energizer.com\/canada-french\/wp-json\/wp\/v2\/types\/product"}],"replies":[{"embeddable":true,"href":"https:\/\/energizer.com\/canada-french\/wp-json\/wp\/v2\/comments?post=12198"}],"version-history":[{"count":0,"href":"https:\/\/energizer.com\/canada-french\/wp-json\/wp\/v2\/product\/12198\/revisions"}],"wp:attachment":[{"href":"https:\/\/energizer.com\/canada-french\/wp-json\/wp\/v2\/media?parent=12198"}],"wp:term":[{"taxonomy":"product_brand","embeddable":true,"href":"https:\/\/energizer.com\/canada-french\/wp-json\/wp\/v2\/product_brand?post=12198"},{"taxonomy":"product_cat","embeddable":true,"href":"https:\/\/energizer.com\/canada-french\/wp-json\/wp\/v2\/product_cat?post=12198"},{"taxonomy":"product_tag","embeddable":true,"href":"https:\/\/energizer.com\/canada-french\/wp-json\/wp\/v2\/product_tag?post=12198"}],"curies":[{"name":"wp","href":"https:\/\/api.w.org\/{rel}","templated":true}]}}