{"id":12270,"date":"2024-09-18T06:16:00","date_gmt":"2024-09-18T06:16:00","guid":{"rendered":"https:\/\/energizer.com\/canada-french\/?post_type=product&#038;p=12270"},"modified":"2024-10-01T11:46:20","modified_gmt":"2024-10-01T11:46:20","slug":"energizer-performance-metal-light-1aa","status":"publish","type":"product","link":"https:\/\/energizer.com\/canada-french\/product\/eclairage\/lampes-de-poche\/energizer-performance-metal-light-1aa\/","title":{"rendered":"Energizer\u00ae Performance Metal Light (1AA)"},"content":{"rendered":"<div class=\"button\"><a class=\"redbtn\" href=\"https:\/\/energizer.com\/canada-french\/eclairage\/lampes-metal-hautes-performances-energizer-vision-hd-2\/\" rel=\"noopener\" aria-label=\"En savoir plus sur les lampes m\u00e9talliques Vision HD Performance\">En savoir plus sur les lampes m\u00e9talliques Vision HD Performance<\/a><\/div>\n<ul>\n<li>Fabrication durable en aluminium<\/li>\n<li>Interrupteur activable par pression facile \u00e0 utiliser<\/li>\n<li>Double pince permettant d\u2019accrocher la lumi\u00e8re dans les deux directions<\/li>\n<li>Lentille incassable<\/li>\n<li>Peut \u00eatre utilis\u00e9 comme lampe \u00e0 fixer sur une casquette<\/li>\n<\/ul>\n","protected":false},"excerpt":{"rendered":"<p>En savoir plus sur les lampes m\u00e9talliques Vision HD Performance Fabrication durable en aluminium Interrupteur activable par pression facile \u00e0 utiliser Double pince permettant d\u2019accrocher la lumi\u00e8re dans les deux directions Lentille incassable Peut \u00eatre utilis\u00e9 comme lampe \u00e0 fixer sur une casquette<\/p>\n","protected":false},"featured_media":0,"comment_status":"open","ping_status":"closed","template":"","meta":{"_acf_changed":false},"product_brand":[],"product_cat":[97,132],"product_tag":[],"class_list":{"0":"post-12270","1":"product","2":"type-product","3":"status-publish","5":"product_cat-lampes-de-poche","6":"product_cat-trouvez-des-produits-declairage-energizer","7":"pa_uses-bricolage","8":"pa_uses-exterieur","9":"pa_uses-quotidien","10":"pa_uses-soyez-pret","11":"pa_uses-travail","13":"first","14":"instock","15":"shipping-taxable","16":"product-type-simple"},"acf":[],"_links":{"self":[{"href":"https:\/\/energizer.com\/canada-french\/wp-json\/wp\/v2\/product\/12270","targetHints":{"allow":["GET"]}}],"collection":[{"href":"https:\/\/energizer.com\/canada-french\/wp-json\/wp\/v2\/product"}],"about":[{"href":"https:\/\/energizer.com\/canada-french\/wp-json\/wp\/v2\/types\/product"}],"replies":[{"embeddable":true,"href":"https:\/\/energizer.com\/canada-french\/wp-json\/wp\/v2\/comments?post=12270"}],"version-history":[{"count":0,"href":"https:\/\/energizer.com\/canada-french\/wp-json\/wp\/v2\/product\/12270\/revisions"}],"wp:attachment":[{"href":"https:\/\/energizer.com\/canada-french\/wp-json\/wp\/v2\/media?parent=12270"}],"wp:term":[{"taxonomy":"product_brand","embeddable":true,"href":"https:\/\/energizer.com\/canada-french\/wp-json\/wp\/v2\/product_brand?post=12270"},{"taxonomy":"product_cat","embeddable":true,"href":"https:\/\/energizer.com\/canada-french\/wp-json\/wp\/v2\/product_cat?post=12270"},{"taxonomy":"product_tag","embeddable":true,"href":"https:\/\/energizer.com\/canada-french\/wp-json\/wp\/v2\/product_tag?post=12270"}],"curies":[{"name":"wp","href":"https:\/\/api.w.org\/{rel}","templated":true}]}}