{"id":12349,"date":"2024-09-18T06:57:00","date_gmt":"2024-09-18T06:57:00","guid":{"rendered":"https:\/\/energizer.com\/canada-french\/?post_type=product&#038;p=12349"},"modified":"2024-10-01T07:40:48","modified_gmt":"2024-10-01T07:40:48","slug":"pile-364-energizer-sub-reg-sub","status":"publish","type":"product","link":"https:\/\/energizer.com\/canada-french\/product\/power\/specialty\/pile-364-energizer-sub-reg-sub\/","title":{"rendered":"ENERGIZER\u00ae WATCH BATTERIES \u2013 364"},"content":{"rendered":"<h3>D\u00e9tails du produit<\/h3>\n<ul>\n<li>Utilis\u00e9e dans les montres, jouets, glucom\u00e8tres et calculatrices<\/li>\n<li>Format : 364<\/li>\n<li>Type: Oxyde d\u2019argent<\/li>\n<li>Volt: 1.5<\/li>\n<li>Remplacement pour : SR60, SR621SW, 280-34, D364, SB-AG, SB-DG, TR621SW<\/li>\n<\/ul>\n","protected":false},"excerpt":{"rendered":"<p>Pour l\u2019\u00e9lectronique autour de la maison \u2013 comme le t\u00e9l\u00e9d\u00e9verrouillage, des livres \u00e9lectroniques et des moniteurs de glucose \u2013 Energizer va au-del\u00e0 tailles de batterie de base pour vous apporter les bonnes piles pour le poste.<\/p>\n","protected":false},"featured_media":0,"comment_status":"open","ping_status":"closed","template":"","meta":{"_acf_changed":false},"product_brand":[],"product_cat":[58],"product_tag":[],"class_list":{"0":"post-12349","1":"product","2":"type-product","3":"status-publish","5":"product_cat-specialty","7":"first","8":"instock","9":"shipping-taxable","10":"product-type-simple"},"acf":[],"_links":{"self":[{"href":"https:\/\/energizer.com\/canada-french\/wp-json\/wp\/v2\/product\/12349","targetHints":{"allow":["GET"]}}],"collection":[{"href":"https:\/\/energizer.com\/canada-french\/wp-json\/wp\/v2\/product"}],"about":[{"href":"https:\/\/energizer.com\/canada-french\/wp-json\/wp\/v2\/types\/product"}],"replies":[{"embeddable":true,"href":"https:\/\/energizer.com\/canada-french\/wp-json\/wp\/v2\/comments?post=12349"}],"version-history":[{"count":0,"href":"https:\/\/energizer.com\/canada-french\/wp-json\/wp\/v2\/product\/12349\/revisions"}],"wp:attachment":[{"href":"https:\/\/energizer.com\/canada-french\/wp-json\/wp\/v2\/media?parent=12349"}],"wp:term":[{"taxonomy":"product_brand","embeddable":true,"href":"https:\/\/energizer.com\/canada-french\/wp-json\/wp\/v2\/product_brand?post=12349"},{"taxonomy":"product_cat","embeddable":true,"href":"https:\/\/energizer.com\/canada-french\/wp-json\/wp\/v2\/product_cat?post=12349"},{"taxonomy":"product_tag","embeddable":true,"href":"https:\/\/energizer.com\/canada-french\/wp-json\/wp\/v2\/product_tag?post=12349"}],"curies":[{"name":"wp","href":"https:\/\/api.w.org\/{rel}","templated":true}]}}