{"id":12369,"date":"2024-09-18T07:51:31","date_gmt":"2024-09-18T07:51:31","guid":{"rendered":"https:\/\/energizer.com\/canada-french\/?post_type=product&#038;p=12369"},"modified":"2024-09-30T05:17:11","modified_gmt":"2024-09-30T05:17:11","slug":"pile-1616","status":"publish","type":"product","link":"https:\/\/energizer.com\/canada-french\/product\/power\/specialty\/pile-1616\/","title":{"rendered":"ENERGIZER\u00ae ELECTRONIC BATTERIES \u2013 CR1616"},"content":{"rendered":"<h3>D\u00e9tails du produit<\/h3>\n<ul>\n<li>Con\u00e7ue pour une vari\u00e9t\u00e9 d\u2019appareils comme les moniteurs de fr\u00e9quence cardiaque, syst\u00e8mes d\u2019entr\u00e9e sans cl\u00e9, glucom\u00e8tres, jouets et jeux<\/li>\n<li>Garde son \u00e9nergie pendant 8 ans lorsqu\u2019elle est entrepos\u00e9e<\/li>\n<li>Format : 1616<\/li>\n<li>CEI : CR1616<\/li>\n<li>Type : Miniature au lithium<\/li>\n<li>Volt: 3<\/li>\n<li>Remplacement pour: BR1616, CR1616, DL1616, ECR1616<\/li>\n<\/ul>\n","protected":false},"excerpt":{"rendered":"<p>Important: Les piles miniatures au lithium ne sont pas interchangeables. Le diam\u00e8tre et l\u2019\u00e9paisseur de la pile peuvent varier en fonction de la d\u00e9signation. Alors que, pour certains appareils, la taille du compartiment pour les piles peut varier pour accommoder diff\u00e9rents formats de piles, les capacit\u00e9s varient selon le format.\u00a0<em>Energizer<\/em>\u00a0recommande d\u2019utiliser la d\u00e9signation des piles sp\u00e9cifi\u00e9e par le fabricant de votre appareil ou indiqu\u00e9e dans la liste ci-dessus.<\/p>\n<p><strong>AVERTISSEMENT<\/strong><\/p>\n<p><strong>(1) GARDEZ HORS DE PORT\u00c9E DES ENFANTS.<\/strong>\u00a0L\u2019ingestion peut provoquer des blessures graves et entra\u00eener la mort dans les 2 heures (br\u00fblures chimiques et perforation potentielle de l\u2019oesophage).\u00a0<strong>Consultez imm\u00e9diatement un m\u00e9decin et demandez-lui d\u2019appeler le (202) 625-3333.\u00a0<\/strong>Gardez les piles dans l\u2019emballage d\u2019origine jusqu\u2019\u00e0 utilisation. D\u00e9barrassez-vous imm\u00e9diatement des piles usag\u00e9es. (2) Risque de blessure due au feu, \u00e0 une explosion ou \u00e0 une fuite. Ne pas d\u00e9monter, charger, \u00e9craser ni exposer au feu ou \u00e0 des temp\u00e9ratures \u00e9lev\u00e9es<\/p>\n","protected":false},"featured_media":0,"comment_status":"open","ping_status":"closed","template":"","meta":{"_acf_changed":false},"product_brand":[],"product_cat":[58],"product_tag":[],"class_list":{"0":"post-12369","1":"product","2":"type-product","3":"status-publish","5":"product_cat-specialty","7":"first","8":"instock","9":"shipping-taxable","10":"product-type-simple"},"acf":[],"_links":{"self":[{"href":"https:\/\/energizer.com\/canada-french\/wp-json\/wp\/v2\/product\/12369","targetHints":{"allow":["GET"]}}],"collection":[{"href":"https:\/\/energizer.com\/canada-french\/wp-json\/wp\/v2\/product"}],"about":[{"href":"https:\/\/energizer.com\/canada-french\/wp-json\/wp\/v2\/types\/product"}],"replies":[{"embeddable":true,"href":"https:\/\/energizer.com\/canada-french\/wp-json\/wp\/v2\/comments?post=12369"}],"version-history":[{"count":0,"href":"https:\/\/energizer.com\/canada-french\/wp-json\/wp\/v2\/product\/12369\/revisions"}],"wp:attachment":[{"href":"https:\/\/energizer.com\/canada-french\/wp-json\/wp\/v2\/media?parent=12369"}],"wp:term":[{"taxonomy":"product_brand","embeddable":true,"href":"https:\/\/energizer.com\/canada-french\/wp-json\/wp\/v2\/product_brand?post=12369"},{"taxonomy":"product_cat","embeddable":true,"href":"https:\/\/energizer.com\/canada-french\/wp-json\/wp\/v2\/product_cat?post=12369"},{"taxonomy":"product_tag","embeddable":true,"href":"https:\/\/energizer.com\/canada-french\/wp-json\/wp\/v2\/product_tag?post=12369"}],"curies":[{"name":"wp","href":"https:\/\/api.w.org\/{rel}","templated":true}]}}