{"id":12427,"date":"2024-09-18T09:52:41","date_gmt":"2024-09-18T09:52:41","guid":{"rendered":"https:\/\/energizer.com\/canada-french\/?post_type=product&#038;p=12427"},"modified":"2025-02-26T13:32:10","modified_gmt":"2025-02-26T13:32:10","slug":"energizer-vision-hd-6aa-performance-metal-light-with-digital-focus","status":"publish","type":"product","link":"https:\/\/energizer.com\/canada-french\/product\/eclairage\/lampes-de-poche\/energizer-vision-hd-6aa-performance-metal-light-with-digital-focus\/","title":{"rendered":"Energizer\u00ae Vision HD 6AA Performance Metal Light with Digital Focus"},"content":{"rendered":"<div class=\"button\"><a class=\"redbtn\" href=\"https:\/\/energizer.com\/canada-french\/eclairage\/lampes-metal-hautes-performances-energizer-vision-hd-2\/\" rel=\"noopener\" aria-label=\"En savoir plus sur les lampes m\u00e9talliques Vision HD Performance\">En savoir plus sur les lampes m\u00e9talliques Vision HD Performance<\/a><\/div>\n<ul>\n<li>Contr\u00f4le complet de l\u2019\u00e9clairage gr\u00e2ce \u00e0 la mise au point num\u00e9rique brevet\u00e9e<\/li>\n<li>Il suffit d\u2019appuyer une seule fois sur la mise au point num\u00e9rique pour passer de l\u2019\u00e9clairage concentr\u00e9 au large faisceau d\u2019\u00e9clairage<\/li>\n<li>La technologie MAXVIZ\u2122 vous permet d\u2019activer la vision \u00e0 haute d\u00e9finition<\/li>\n<li>Con\u00e7ue avec les toutes nouvelles D\u00c9L qui vous offrent un \u00e9clairage puissant, une dur\u00e9e d\u2019utilisation impressionnante et une lumi\u00e8re naturelle de jour<\/li>\n<li>Jusqu\u2019\u00e0 4 fois plus brillant que la technologie D\u00c9L standard<\/li>\n<li>Son alliage en aluminium perfectionn\u00e9 est id\u00e9al pour l\u2019utilisation en plein air, au travail ou \u00e0 la maison<\/li>\n<li>Comprend six piles AA\u00a0<em>Energizer<\/em>\u00a0MAX<sub>\u00ae<\/sub><\/li>\n<\/ul>\n","protected":false},"excerpt":{"rendered":"<p>En savoir plus sur les lampes m\u00e9talliques Vision HD Performance Contr\u00f4le complet de l\u2019\u00e9clairage gr\u00e2ce \u00e0 la mise au point num\u00e9rique brevet\u00e9e Il suffit d\u2019appuyer une seule fois sur la mise au point num\u00e9rique pour passer de l\u2019\u00e9clairage concentr\u00e9 au large faisceau d\u2019\u00e9clairage La technologie MAXVIZ\u2122 vous permet d\u2019activer la vision \u00e0 haute d\u00e9finition Con\u00e7ue [&hellip;]<\/p>\n","protected":false},"featured_media":0,"comment_status":"open","ping_status":"closed","template":"","meta":{"_acf_changed":false},"product_brand":[],"product_cat":[97,132],"product_tag":[],"class_list":{"0":"post-12427","1":"product","2":"type-product","3":"status-publish","5":"product_cat-lampes-de-poche","6":"product_cat-trouvez-des-produits-declairage-energizer","7":"pa_collection-lampes-metal-hautes-performances-energizer-vision-hd","8":"pa_uses-bricolage","9":"pa_uses-exterieur","10":"pa_uses-quotidien","11":"pa_uses-soyez-pret","12":"pa_uses-travail","14":"first","15":"instock","16":"shipping-taxable","17":"product-type-simple"},"acf":[],"_links":{"self":[{"href":"https:\/\/energizer.com\/canada-french\/wp-json\/wp\/v2\/product\/12427","targetHints":{"allow":["GET"]}}],"collection":[{"href":"https:\/\/energizer.com\/canada-french\/wp-json\/wp\/v2\/product"}],"about":[{"href":"https:\/\/energizer.com\/canada-french\/wp-json\/wp\/v2\/types\/product"}],"replies":[{"embeddable":true,"href":"https:\/\/energizer.com\/canada-french\/wp-json\/wp\/v2\/comments?post=12427"}],"version-history":[{"count":0,"href":"https:\/\/energizer.com\/canada-french\/wp-json\/wp\/v2\/product\/12427\/revisions"}],"wp:attachment":[{"href":"https:\/\/energizer.com\/canada-french\/wp-json\/wp\/v2\/media?parent=12427"}],"wp:term":[{"taxonomy":"product_brand","embeddable":true,"href":"https:\/\/energizer.com\/canada-french\/wp-json\/wp\/v2\/product_brand?post=12427"},{"taxonomy":"product_cat","embeddable":true,"href":"https:\/\/energizer.com\/canada-french\/wp-json\/wp\/v2\/product_cat?post=12427"},{"taxonomy":"product_tag","embeddable":true,"href":"https:\/\/energizer.com\/canada-french\/wp-json\/wp\/v2\/product_tag?post=12427"}],"curies":[{"name":"wp","href":"https:\/\/api.w.org\/{rel}","templated":true}]}}