{"id":12435,"date":"2024-09-18T10:07:34","date_gmt":"2024-09-18T10:07:34","guid":{"rendered":"https:\/\/energizer.com\/canada-french\/?post_type=product&#038;p=12435"},"modified":"2025-02-26T13:31:53","modified_gmt":"2025-02-26T13:31:53","slug":"energizer-vision-hd-ultra-led-flashlight2000-lumens","status":"publish","type":"product","link":"https:\/\/energizer.com\/canada-french\/product\/eclairage\/lampes-de-poche\/energizer-vision-hd-ultra-led-flashlight2000-lumens\/","title":{"rendered":"Energizer\u00ae Vision HD Ultra Led Flashlight(2000 Lumens)"},"content":{"rendered":"<div class=\"button\"><a class=\"redbtn\" href=\"https:\/\/energizer.com\/canada-french\/eclairage\/lampes-metal-hautes-performances-energizer-vision-hd-2\/\" rel=\"noopener\" aria-label=\"En savoir plus sur les lampes de poche LED en m\u00e9tal\">En savoir plus sur les lampes de poche LED en m\u00e9tal<\/a><\/div>\n<ul>\n<li>Un rendement lumineux exceptionnel et des heures d\u2019autonomie font de cette lampe de poche tr\u00e8s lumineuse un choix fiable<\/li>\n<li>Id\u00e9al comme lampe de poche d\u2019urgence ou de camping<\/li>\n<li>Projette 2000 lumens exceptionnellement puissants en mode haute intensit\u00e9 et 250 lumens en mode faible intensit\u00e9<\/li>\n<li>La technologie de mise au point num\u00e9rique vous permet de focaliser le faisceau sur simple pression d\u2019un bouton<\/li>\n<li>Cette lumi\u00e8re DEL dispose d\u2019un indice d\u2019\u00e9tanch\u00e9it\u00e9 de IPX4 et aux chocs jusqu\u2019\u00e0 1 m\u00e8tre pour des performances fiables<\/li>\n<li>La construction en aluminium de qualit\u00e9 a\u00e9ronautique offre une fiabilit\u00e9 robuste<\/li>\n<li>7 modes\u00a0: haute intensit\u00e9, faible intensit\u00e9, stroboscopique, haute intensit\u00e9 \u00e0 faisceau large, faible intensit\u00e9 \u00e0 faisceau large, haute intensit\u00e9 \u00e0 faisceau concentr\u00e9, faible intensit\u00e9 \u00e0 faisceau concentr\u00e9<\/li>\n<li>Fonctionne avec 9\u00a0piles AA Energizer MAX\u00ae (comprises)<\/li>\n<\/ul>\n","protected":false},"excerpt":{"rendered":"<p>En savoir plus sur les lampes de poche LED en m\u00e9tal Un rendement lumineux exceptionnel et des heures d\u2019autonomie font de cette lampe de poche tr\u00e8s lumineuse un choix fiable Id\u00e9al comme lampe de poche d\u2019urgence ou de camping Projette 2000 lumens exceptionnellement puissants en mode haute intensit\u00e9 et 250 lumens en mode faible intensit\u00e9 [&hellip;]<\/p>\n","protected":false},"featured_media":0,"comment_status":"open","ping_status":"closed","template":"","meta":{"_acf_changed":false},"product_brand":[],"product_cat":[97,132],"product_tag":[],"class_list":{"0":"post-12435","1":"product","2":"type-product","3":"status-publish","5":"product_cat-lampes-de-poche","6":"product_cat-trouvez-des-produits-declairage-energizer","7":"pa_collection-lampes-metal-hautes-performances-energizer-vision-hd","8":"pa_uses-bricolage","9":"pa_uses-travail","11":"first","12":"instock","13":"shipping-taxable","14":"product-type-simple"},"acf":[],"_links":{"self":[{"href":"https:\/\/energizer.com\/canada-french\/wp-json\/wp\/v2\/product\/12435","targetHints":{"allow":["GET"]}}],"collection":[{"href":"https:\/\/energizer.com\/canada-french\/wp-json\/wp\/v2\/product"}],"about":[{"href":"https:\/\/energizer.com\/canada-french\/wp-json\/wp\/v2\/types\/product"}],"replies":[{"embeddable":true,"href":"https:\/\/energizer.com\/canada-french\/wp-json\/wp\/v2\/comments?post=12435"}],"version-history":[{"count":0,"href":"https:\/\/energizer.com\/canada-french\/wp-json\/wp\/v2\/product\/12435\/revisions"}],"wp:attachment":[{"href":"https:\/\/energizer.com\/canada-french\/wp-json\/wp\/v2\/media?parent=12435"}],"wp:term":[{"taxonomy":"product_brand","embeddable":true,"href":"https:\/\/energizer.com\/canada-french\/wp-json\/wp\/v2\/product_brand?post=12435"},{"taxonomy":"product_cat","embeddable":true,"href":"https:\/\/energizer.com\/canada-french\/wp-json\/wp\/v2\/product_cat?post=12435"},{"taxonomy":"product_tag","embeddable":true,"href":"https:\/\/energizer.com\/canada-french\/wp-json\/wp\/v2\/product_tag?post=12435"}],"curies":[{"name":"wp","href":"https:\/\/api.w.org\/{rel}","templated":true}]}}