{"id":12438,"date":"2024-09-18T10:15:34","date_gmt":"2024-09-18T10:15:34","guid":{"rendered":"https:\/\/energizer.com\/canada-french\/?post_type=product&#038;p=12438"},"modified":"2024-10-01T05:33:42","modified_gmt":"2024-10-01T05:33:42","slug":"lampe-pivotante-a-del-hard-case-professional-energizer","status":"publish","type":"product","link":"https:\/\/energizer.com\/canada-french\/product\/eclairage\/lampes-de-poche\/lampe-pivotante-a-del-hard-case-professional-energizer\/","title":{"rendered":"Energizer\u00ae2AA PivotPlus Light"},"content":{"rendered":"<ul>\n<li>Une conception inspir\u00e9e directement des consommateurs, id\u00e9ale pour les utilisateurs professionnels comme les bricoleurs amateurs<\/li>\n<li>Con\u00e7ue pour durer au moins 25\u00a0ans; garantie \u00e0 vie<\/li>\n<li>Son optique personnalis\u00e9e produit un faisceau de lumi\u00e8re large et intense<\/li>\n<li>Sa t\u00eate pivote \u00e0 175\u00b0 pour diriger l\u2019\u00e9clairage l\u00e0 o\u00f9 vous en avez besoin<\/li>\n<li>Sa conception polyvalente associe une base magn\u00e9tique et un corps compact<\/li>\n<li>Construction de haute qualit\u00e9 et technologie DEL avanc\u00e9e<\/li>\n<li>Durabilit\u00e9 et r\u00e9sistance aux intemp\u00e9ries exceptionnelles<\/li>\n<li>R\u00e9sistance aux chutes d\u2019une hauteur de 7\u00a0m\u00e8tres et lentille incassable<\/li>\n<li>Lampe torche \u00e0 t\u00eate pivotante fournie avec deux piles\u00a0AA\u00a0<em>Energizer<\/em><sub>\u00ae<\/sub>\u00a0MAX<sub>\u00ae<\/sub><\/li>\n<\/ul>\n","protected":false},"excerpt":{"rendered":"<p>Nouvelle r\u00e9f\u00e9rence en termes de polyvalence, la lampe torche\u00a0<em>Energizer<\/em><strong><sub>\u00ae<\/sub><\/strong>\u00a02AA\u00a0PivotPro pivote \u00e0 175\u00ba pour vous \u00e9clairer de mani\u00e8re optimale \u00e0 tout moment. Cette lampe torche \u00e0 t\u00eate pivotante r\u00e9pond aux besoins des bricoleurs les plus exigeants.<\/p>\n","protected":false},"featured_media":0,"comment_status":"open","ping_status":"closed","template":"","meta":{"_acf_changed":false},"product_brand":[],"product_cat":[97],"product_tag":[],"class_list":{"0":"post-12438","1":"product","2":"type-product","3":"status-publish","5":"product_cat-lampes-de-poche","6":"pa_collection-hard-case-professional-energizer","7":"pa_uses-bricolage","8":"pa_uses-travail","10":"first","11":"instock","12":"shipping-taxable","13":"product-type-simple"},"acf":[],"_links":{"self":[{"href":"https:\/\/energizer.com\/canada-french\/wp-json\/wp\/v2\/product\/12438","targetHints":{"allow":["GET"]}}],"collection":[{"href":"https:\/\/energizer.com\/canada-french\/wp-json\/wp\/v2\/product"}],"about":[{"href":"https:\/\/energizer.com\/canada-french\/wp-json\/wp\/v2\/types\/product"}],"replies":[{"embeddable":true,"href":"https:\/\/energizer.com\/canada-french\/wp-json\/wp\/v2\/comments?post=12438"}],"version-history":[{"count":0,"href":"https:\/\/energizer.com\/canada-french\/wp-json\/wp\/v2\/product\/12438\/revisions"}],"wp:attachment":[{"href":"https:\/\/energizer.com\/canada-french\/wp-json\/wp\/v2\/media?parent=12438"}],"wp:term":[{"taxonomy":"product_brand","embeddable":true,"href":"https:\/\/energizer.com\/canada-french\/wp-json\/wp\/v2\/product_brand?post=12438"},{"taxonomy":"product_cat","embeddable":true,"href":"https:\/\/energizer.com\/canada-french\/wp-json\/wp\/v2\/product_cat?post=12438"},{"taxonomy":"product_tag","embeddable":true,"href":"https:\/\/energizer.com\/canada-french\/wp-json\/wp\/v2\/product_tag?post=12438"}],"curies":[{"name":"wp","href":"https:\/\/api.w.org\/{rel}","templated":true}]}}