{"id":12448,"date":"2024-09-18T10:26:04","date_gmt":"2024-09-18T10:26:04","guid":{"rendered":"https:\/\/energizer.com\/canada-french\/?post_type=product&#038;p=12448"},"modified":"2024-10-01T11:40:40","modified_gmt":"2024-10-01T11:40:40","slug":"energizerperformance-metal-light-6aaa","status":"publish","type":"product","link":"https:\/\/energizer.com\/canada-french\/product\/eclairage\/lampes-de-poche\/energizerperformance-metal-light-6aaa\/","title":{"rendered":"Energizer\u00aePerformance Metal Light (6AAA)"},"content":{"rendered":"<div class=\"button\"><a class=\"redbtn\" href=\"https:\/\/energizer.com\/canada-french\/eclairage\/lampes-metal-hautes-performances-energizer-vision-hd-2\/\" rel=\"noopener\" aria-label=\"En savoir plus sur les lampes m\u00e9talliques Vision HD Performance\">En savoir plus sur les lampes m\u00e9talliques Vision HD Performance<\/a><\/div>\n<ul>\n<li>Conception r\u00e9sistante en aluminium de qualit\u00e9 a\u00e9ronautique<\/li>\n<li>Facile \u00e0 utiliser<\/li>\n<li>Con\u00e7ue pour offrir une dur\u00e9e de vie de 20 ans (selon les habitudes d\u2019utilisation typiques des consommateurs)<\/li>\n<li>Polyvalente gr\u00e2ce \u00e0 ses nombreux modes<\/li>\n<li>Produit une luminosit\u00e9 jusqu\u2019\u00e0 15 fois sup\u00e9rieure \u00e0 celle d\u2019une technologie DEL ordinaire<\/li>\n<li>Technologie MAXVIZ\u2122 produisant un faisceau large et puissant ainsi qu\u2019une vision haute d\u00e9finition<\/li>\n<li>Munie de la technologie DEL<\/li>\n<li>Utilise 6 piles AAA (6 piles AAA Energizer MAX\u00ae comprises)<\/li>\n<\/ul>\n","protected":false},"excerpt":{"rendered":"<p>En savoir plus sur les lampes m\u00e9talliques Vision HD Performance Conception r\u00e9sistante en aluminium de qualit\u00e9 a\u00e9ronautique Facile \u00e0 utiliser Con\u00e7ue pour offrir une dur\u00e9e de vie de 20 ans (selon les habitudes d\u2019utilisation typiques des consommateurs) Polyvalente gr\u00e2ce \u00e0 ses nombreux modes Produit une luminosit\u00e9 jusqu\u2019\u00e0 15 fois sup\u00e9rieure \u00e0 celle d\u2019une technologie DEL [&hellip;]<\/p>\n","protected":false},"featured_media":0,"comment_status":"open","ping_status":"closed","template":"","meta":{"_acf_changed":false},"product_brand":[],"product_cat":[97,132],"product_tag":[],"class_list":{"0":"post-12448","1":"product","2":"type-product","3":"status-publish","5":"product_cat-lampes-de-poche","6":"product_cat-trouvez-des-produits-declairage-energizer","7":"pa_uses-bricolage","8":"pa_uses-exterieur","9":"pa_uses-quotidien","10":"pa_uses-travail","12":"first","13":"instock","14":"shipping-taxable","15":"product-type-simple"},"acf":[],"_links":{"self":[{"href":"https:\/\/energizer.com\/canada-french\/wp-json\/wp\/v2\/product\/12448","targetHints":{"allow":["GET"]}}],"collection":[{"href":"https:\/\/energizer.com\/canada-french\/wp-json\/wp\/v2\/product"}],"about":[{"href":"https:\/\/energizer.com\/canada-french\/wp-json\/wp\/v2\/types\/product"}],"replies":[{"embeddable":true,"href":"https:\/\/energizer.com\/canada-french\/wp-json\/wp\/v2\/comments?post=12448"}],"version-history":[{"count":0,"href":"https:\/\/energizer.com\/canada-french\/wp-json\/wp\/v2\/product\/12448\/revisions"}],"wp:attachment":[{"href":"https:\/\/energizer.com\/canada-french\/wp-json\/wp\/v2\/media?parent=12448"}],"wp:term":[{"taxonomy":"product_brand","embeddable":true,"href":"https:\/\/energizer.com\/canada-french\/wp-json\/wp\/v2\/product_brand?post=12448"},{"taxonomy":"product_cat","embeddable":true,"href":"https:\/\/energizer.com\/canada-french\/wp-json\/wp\/v2\/product_cat?post=12448"},{"taxonomy":"product_tag","embeddable":true,"href":"https:\/\/energizer.com\/canada-french\/wp-json\/wp\/v2\/product_tag?post=12448"}],"curies":[{"name":"wp","href":"https:\/\/api.w.org\/{rel}","templated":true}]}}