{"id":12497,"date":"2024-09-18T11:02:32","date_gmt":"2024-09-18T11:02:32","guid":{"rendered":"https:\/\/energizer.com\/canada-french\/?post_type=product&#038;p=12497"},"modified":"2025-02-26T13:31:39","modified_gmt":"2025-02-26T13:31:39","slug":"energizervision-hd-3aaa-performance-metal-led-flashlight","status":"publish","type":"product","link":"https:\/\/energizer.com\/canada-french\/product\/eclairage\/lampes-de-poche\/energizervision-hd-3aaa-performance-metal-led-flashlight\/","title":{"rendered":"Energizer\u00aeVision HD 3AAA Performance Metal LED Flashlight"},"content":{"rendered":"<div class=\"button\"><a class=\"redbtn\" href=\"https:\/\/energizer.com\/canada-french\/eclairage\/lampes-metal-hautes-performances-energizer-vision-hd-2\/\" rel=\"noopener\" aria-label=\"En savoir plus sur les lampes m\u00e9talliques Vision HD Performance\">En savoir plus sur les lampes m\u00e9talliques Vision HD Performance<\/a><\/div>\n<ul>\n<li>Construction durable en aluminium de qualit\u00e9 a\u00e9ronautique<\/li>\n<li>Commutateur num\u00e9rique qui permet un acc\u00e8s facile aux modes d\u2019\u00e9clairage<\/li>\n<li>Maintenez l\u2019interrupteur pendant deux secondes afin d\u2019activer le mode stroboscopique<\/li>\n<li>Piles faciles \u00e0 remplacer<\/li>\n<li>La technologie MAXVIZ fournit un faisceau \u00e0 la fois large et puissant ainsi qu\u2019une vision \u00e0 haute d\u00e9finition<\/li>\n<li>Jusqu\u2019\u00e0 4X plus lumineux que la technologie D\u00c9L standard<\/li>\n<li>Dur\u00e9e d\u2019utilisation prolong\u00e9e<\/li>\n<li>Fonctionne avec 3 piles AAA (comprend 3 piles\u00a0<a class=\"anchorhover\" href=\"https:\/\/energizer.com\/canada-french\/product\/power\/energizer-max\/energizer-max-aaa\/\" rel=\"noopener\" aria-label=\"AAA Energizer MAX\u00ae\">AAA Energizer MAX\u00ae<\/a>)<\/li>\n<\/ul>\n","protected":false},"excerpt":{"rendered":"<p>En savoir plus sur les lampes m\u00e9talliques Vision HD Performance Construction durable en aluminium de qualit\u00e9 a\u00e9ronautique Commutateur num\u00e9rique qui permet un acc\u00e8s facile aux modes d\u2019\u00e9clairage Maintenez l\u2019interrupteur pendant deux secondes afin d\u2019activer le mode stroboscopique Piles faciles \u00e0 remplacer La technologie MAXVIZ fournit un faisceau \u00e0 la fois large et puissant ainsi qu\u2019une [&hellip;]<\/p>\n","protected":false},"featured_media":0,"comment_status":"open","ping_status":"closed","template":"","meta":{"_acf_changed":false},"product_brand":[],"product_cat":[97,132],"product_tag":[],"class_list":{"0":"post-12497","1":"product","2":"type-product","3":"status-publish","5":"product_cat-lampes-de-poche","6":"product_cat-trouvez-des-produits-declairage-energizer","7":"pa_collection-lampes-metal-hautes-performances-energizer-vision-hd","8":"pa_uses-bricolage","9":"pa_uses-exterieur","10":"pa_uses-quotidien","11":"pa_uses-soyez-pret","12":"pa_uses-travail","14":"first","15":"instock","16":"shipping-taxable","17":"product-type-simple"},"acf":[],"_links":{"self":[{"href":"https:\/\/energizer.com\/canada-french\/wp-json\/wp\/v2\/product\/12497","targetHints":{"allow":["GET"]}}],"collection":[{"href":"https:\/\/energizer.com\/canada-french\/wp-json\/wp\/v2\/product"}],"about":[{"href":"https:\/\/energizer.com\/canada-french\/wp-json\/wp\/v2\/types\/product"}],"replies":[{"embeddable":true,"href":"https:\/\/energizer.com\/canada-french\/wp-json\/wp\/v2\/comments?post=12497"}],"version-history":[{"count":0,"href":"https:\/\/energizer.com\/canada-french\/wp-json\/wp\/v2\/product\/12497\/revisions"}],"wp:attachment":[{"href":"https:\/\/energizer.com\/canada-french\/wp-json\/wp\/v2\/media?parent=12497"}],"wp:term":[{"taxonomy":"product_brand","embeddable":true,"href":"https:\/\/energizer.com\/canada-french\/wp-json\/wp\/v2\/product_brand?post=12497"},{"taxonomy":"product_cat","embeddable":true,"href":"https:\/\/energizer.com\/canada-french\/wp-json\/wp\/v2\/product_cat?post=12497"},{"taxonomy":"product_tag","embeddable":true,"href":"https:\/\/energizer.com\/canada-french\/wp-json\/wp\/v2\/product_tag?post=12497"}],"curies":[{"name":"wp","href":"https:\/\/api.w.org\/{rel}","templated":true}]}}