{"id":12502,"date":"2024-09-18T11:12:54","date_gmt":"2024-09-18T11:12:54","guid":{"rendered":"https:\/\/energizer.com\/canada-french\/?post_type=product&#038;p=12502"},"modified":"2024-10-01T11:26:07","modified_gmt":"2024-10-01T11:26:07","slug":"energizer-sup-sup-intrinsically-safe-sup-sup-3aa-headlight","status":"publish","type":"product","link":"https:\/\/energizer.com\/canada-french\/product\/eclairage\/mains-libres\/energizer-sup-sup-intrinsically-safe-sup-sup-3aa-headlight\/","title":{"rendered":"Energizer Intrinsically Safe\u00ae Headlamp"},"content":{"rendered":"<div class=\"button\"><a class=\"redbtn\" href=\"https:\/\/energizer.com\/canada-french\/fr-headlights\/\" rel=\"noopener\" aria-label=\"En savoir plus sur les lampes frontales\">En savoir plus sur les lampes frontales<\/a><\/div>\n<ul>\n<li>Lentilles incassables<\/li>\n<li>Prise antid\u00e9rapante<\/li>\n<li>Courroie sup\u00e9rieure pour une meilleure stabilit\u00e9<\/li>\n<li>Con\u00e7ue pour \u00eatre utilis\u00e9e en toute s\u00e9curit\u00e9 dans des environnements contenant de l\u2019eau, du gaz et de la poussi\u00e8re (IP67)<\/li>\n<li>Plage de fonctionnement ambiante de\u00a0-20\u00a0\u00b0C \u00e0 40\u00a0\u00b0C<\/li>\n<li>\u00c9quipement adapt\u00e9 aux zones\u00a00,1,2 ATX\/IECEx<\/li>\n<li>T\u00eate pivotante<\/li>\n<li>Comprend la technologie\u00a0DEL<\/li>\n<li>Fonctionne avec des piles\u00a03AAA<\/li>\n<li>Certifications mondiales pour un usage industriel<\/li>\n<li>Haute performance<\/li>\n<li><a class=\"anchorhover\" href=\"https:\/\/energizer.com\/canada-french\/wp-content\/uploads\/sites\/3\/2024\/09\/enr_ishd320_3aaa_intrinsically_safe.pdf\" target=\"_blank\" rel=\"noopener\" aria-label=\"Voir la feuille d\u2019instructions\">Voir la feuille d\u2019instructions<\/a><\/li>\n<\/ul>\n","protected":false},"excerpt":{"rendered":"<p>En savoir plus sur les lampes frontales Lentilles incassables Prise antid\u00e9rapante Courroie sup\u00e9rieure pour une meilleure stabilit\u00e9 Con\u00e7ue pour \u00eatre utilis\u00e9e en toute s\u00e9curit\u00e9 dans des environnements contenant de l\u2019eau, du gaz et de la poussi\u00e8re (IP67) Plage de fonctionnement ambiante de\u00a0-20\u00a0\u00b0C \u00e0 40\u00a0\u00b0C \u00c9quipement adapt\u00e9 aux zones\u00a00,1,2 ATX\/IECEx T\u00eate pivotante Comprend la technologie\u00a0DEL Fonctionne [&hellip;]<\/p>\n","protected":false},"featured_media":0,"comment_status":"open","ping_status":"closed","template":"","meta":{"_acf_changed":false},"product_brand":[],"product_cat":[43,132],"product_tag":[],"class_list":{"0":"post-12502","1":"product","2":"type-product","3":"status-publish","5":"product_cat-mains-libres","6":"product_cat-trouvez-des-produits-declairage-energizer","7":"pa_collection-energizer-intrinsequement-securitaire","8":"pa_uses-soyez-pret","9":"pa_uses-travail","11":"first","12":"instock","13":"shipping-taxable","14":"product-type-simple"},"acf":[],"_links":{"self":[{"href":"https:\/\/energizer.com\/canada-french\/wp-json\/wp\/v2\/product\/12502","targetHints":{"allow":["GET"]}}],"collection":[{"href":"https:\/\/energizer.com\/canada-french\/wp-json\/wp\/v2\/product"}],"about":[{"href":"https:\/\/energizer.com\/canada-french\/wp-json\/wp\/v2\/types\/product"}],"replies":[{"embeddable":true,"href":"https:\/\/energizer.com\/canada-french\/wp-json\/wp\/v2\/comments?post=12502"}],"version-history":[{"count":0,"href":"https:\/\/energizer.com\/canada-french\/wp-json\/wp\/v2\/product\/12502\/revisions"}],"wp:attachment":[{"href":"https:\/\/energizer.com\/canada-french\/wp-json\/wp\/v2\/media?parent=12502"}],"wp:term":[{"taxonomy":"product_brand","embeddable":true,"href":"https:\/\/energizer.com\/canada-french\/wp-json\/wp\/v2\/product_brand?post=12502"},{"taxonomy":"product_cat","embeddable":true,"href":"https:\/\/energizer.com\/canada-french\/wp-json\/wp\/v2\/product_cat?post=12502"},{"taxonomy":"product_tag","embeddable":true,"href":"https:\/\/energizer.com\/canada-french\/wp-json\/wp\/v2\/product_tag?post=12502"}],"curies":[{"name":"wp","href":"https:\/\/api.w.org\/{rel}","templated":true}]}}