{"id":12507,"date":"2024-09-18T11:16:20","date_gmt":"2024-09-18T11:16:20","guid":{"rendered":"https:\/\/energizer.com\/canada-french\/?post_type=product&#038;p=12507"},"modified":"2024-09-27T10:23:24","modified_gmt":"2024-09-27T10:23:24","slug":"lampe-del-a-pince-energizer","status":"publish","type":"product","link":"https:\/\/energizer.com\/canada-french\/product\/eclairage\/mains-libres\/lampe-del-a-pince-energizer\/","title":{"rendered":"Energizer\u00ae Book Light"},"content":{"rendered":"<ul>\n<li>Son faisceau est con\u00e7u pour offrir un \u00e9clairage brillant sur les objets jusqu\u2019\u00e0 4\u00a0m\u00e8tres; une distance parfaite pour lire, faire de la m\u00e9canique ou chercher quelque chose<\/li>\n<li>Sa DEL blanche chaude fournit un excellent contraste et offre une exp\u00e9rience de lecture naturelle<\/li>\n<li>Le clip se fixe \u00e0 des surfaces d\u2019une \u00e9paisseur pouvant atteindre 13\u00a0mm<\/li>\n<li>Son cou flexible permet \u00e0 l\u2019utilisateur de diriger le faisceau avec pr\u00e9cision<\/li>\n<li>Design affin\u00e9\u00a0: la tige de la lampe se r\u00e9tracte pour faciliter son rangement<\/li>\n<\/ul>\n","protected":false},"excerpt":{"rendered":"<p>Elle vous permet de lire ou de voir jusque dans des coins recul\u00e9s\u00a0: la lampe \u00e0 DEL \u00e0 clip\u00a0<em>Energizer<\/em><strong><sub>\u00ae<\/sub><\/strong>\u00a0se fixe facilement partout o\u00f9 vous avez besoin de sa lumi\u00e8re blanche chaude. La lampe \u00e0 DEL et \u00e0 clip\u00a0<em>Energizer<\/em><strong><sub>\u00ae<\/sub><\/strong>\u00a0est la derni\u00e8re lampe \u00e0 clipper que vous ach\u00e8terez. C\u2019est une lampe liseuse exceptionnelle.<\/p>\n","protected":false},"featured_media":0,"comment_status":"open","ping_status":"closed","template":"","meta":{"_acf_changed":false},"product_brand":[],"product_cat":[43,132],"product_tag":[],"class_list":{"0":"post-12507","1":"product","2":"type-product","3":"status-publish","5":"product_cat-mains-libres","6":"product_cat-trouvez-des-produits-declairage-energizer","7":"pa_uses-quotidien","9":"first","10":"instock","11":"shipping-taxable","12":"product-type-simple"},"acf":[],"_links":{"self":[{"href":"https:\/\/energizer.com\/canada-french\/wp-json\/wp\/v2\/product\/12507","targetHints":{"allow":["GET"]}}],"collection":[{"href":"https:\/\/energizer.com\/canada-french\/wp-json\/wp\/v2\/product"}],"about":[{"href":"https:\/\/energizer.com\/canada-french\/wp-json\/wp\/v2\/types\/product"}],"replies":[{"embeddable":true,"href":"https:\/\/energizer.com\/canada-french\/wp-json\/wp\/v2\/comments?post=12507"}],"version-history":[{"count":0,"href":"https:\/\/energizer.com\/canada-french\/wp-json\/wp\/v2\/product\/12507\/revisions"}],"wp:attachment":[{"href":"https:\/\/energizer.com\/canada-french\/wp-json\/wp\/v2\/media?parent=12507"}],"wp:term":[{"taxonomy":"product_brand","embeddable":true,"href":"https:\/\/energizer.com\/canada-french\/wp-json\/wp\/v2\/product_brand?post=12507"},{"taxonomy":"product_cat","embeddable":true,"href":"https:\/\/energizer.com\/canada-french\/wp-json\/wp\/v2\/product_cat?post=12507"},{"taxonomy":"product_tag","embeddable":true,"href":"https:\/\/energizer.com\/canada-french\/wp-json\/wp\/v2\/product_tag?post=12507"}],"curies":[{"name":"wp","href":"https:\/\/api.w.org\/{rel}","templated":true}]}}