{"id":12551,"date":"2024-09-18T11:50:27","date_gmt":"2024-09-18T11:50:27","guid":{"rendered":"https:\/\/energizer.com\/canada-french\/?post_type=product&#038;p=12551"},"modified":"2024-10-01T11:24:57","modified_gmt":"2024-10-01T11:24:57","slug":"energizer-vision-hd-led-headlamp","status":"publish","type":"product","link":"https:\/\/energizer.com\/canada-french\/product\/eclairage\/mains-libres\/energizer-vision-hd-led-headlamp\/","title":{"rendered":"Energizer\u00ae Vision HD+ LED Headlamp"},"content":{"rendered":"<div class=\"button\"><a class=\"redbtn\" href=\"https:\/\/energizer.com\/canada-french\/fr-headlights\/\" rel=\"noopener\" aria-label=\"En savoir plus sur les lampes frontales\">En savoir plus sur les lampes frontales<\/a><\/div>\n<ul>\n<li>Cinq modes d\u2019\u00e9clairage D\u00c9L\n<ul>\n<li>Mode intense, blanc<\/li>\n<li>Mode faible, blanc<\/li>\n<li>Faisceau concentr\u00e9 blanc<\/li>\n<li>Faisceau \u00e9largi blanc<\/li>\n<\/ul>\n<\/li>\n<li class=\"cta\">Intensit\u00e9 variable pour contr\u00f4ler la luminosit\u00e9 et la dur\u00e9e d\u2019utilisation (exclut la vision nocturne)<\/li>\n<li>Faisceau D\u00c9L puissant. Jusqu\u2019\u00e0 4X plus brillant que la technologie D\u00c9L standard<\/li>\n<li>R\u00e9sistante \u00e0 l\u2019eau et aux tests de chutes pour des conditions extr\u00eames<\/li>\n<li>T\u00eate pivotante pour diriger la lumi\u00e8re selon vos besoins<\/li>\n<li>Fonctionne avec 3 piles AAA (comprend 3 piles\u00a0<a class=\"anchorhover\" href=\"https:\/\/energizer.com\/canada-french\/product\/power\/energizer-max\/energizer-max-aaa\/\" rel=\"noopener\" aria-label=\"AAA Energizer MAX\u00ae\">AAA Energizer MAX\u00ae<\/a>)<\/li>\n<li>Voir\u00a0<a class=\"anchorhover\" href=\"https:\/\/energizer.com\/canada-french\/wp-content\/uploads\/sites\/3\/2024\/09\/hdc32e-1-1.pdf\" target=\"_blank\" rel=\"noopener\" aria-label=\"feuille d\u2019instruction\">feuille d\u2019instruction<\/a><\/li>\n<\/ul>\n","protected":false},"excerpt":{"rendered":"<p>Featuring four light models, the cool green Energizer\u00ae Vision HD+ LED Headlamp is designed to stand up to harsh conditions.<\/p>\n","protected":false},"featured_media":0,"comment_status":"open","ping_status":"closed","template":"","meta":{"_acf_changed":false},"product_brand":[],"product_cat":[43,132],"product_tag":[],"class_list":{"0":"post-12551","1":"product","2":"type-product","3":"status-publish","5":"product_cat-mains-libres","6":"product_cat-trouvez-des-produits-declairage-energizer","7":"pa_uses-bricolage","8":"pa_uses-exterieur","9":"pa_uses-quotidien","10":"pa_uses-travail","12":"first","13":"instock","14":"shipping-taxable","15":"product-type-simple"},"acf":[],"_links":{"self":[{"href":"https:\/\/energizer.com\/canada-french\/wp-json\/wp\/v2\/product\/12551","targetHints":{"allow":["GET"]}}],"collection":[{"href":"https:\/\/energizer.com\/canada-french\/wp-json\/wp\/v2\/product"}],"about":[{"href":"https:\/\/energizer.com\/canada-french\/wp-json\/wp\/v2\/types\/product"}],"replies":[{"embeddable":true,"href":"https:\/\/energizer.com\/canada-french\/wp-json\/wp\/v2\/comments?post=12551"}],"version-history":[{"count":0,"href":"https:\/\/energizer.com\/canada-french\/wp-json\/wp\/v2\/product\/12551\/revisions"}],"wp:attachment":[{"href":"https:\/\/energizer.com\/canada-french\/wp-json\/wp\/v2\/media?parent=12551"}],"wp:term":[{"taxonomy":"product_brand","embeddable":true,"href":"https:\/\/energizer.com\/canada-french\/wp-json\/wp\/v2\/product_brand?post=12551"},{"taxonomy":"product_cat","embeddable":true,"href":"https:\/\/energizer.com\/canada-french\/wp-json\/wp\/v2\/product_cat?post=12551"},{"taxonomy":"product_tag","embeddable":true,"href":"https:\/\/energizer.com\/canada-french\/wp-json\/wp\/v2\/product_tag?post=12551"}],"curies":[{"name":"wp","href":"https:\/\/api.w.org\/{rel}","templated":true}]}}