{"id":12554,"date":"2024-09-18T11:53:21","date_gmt":"2024-09-18T11:53:21","guid":{"rendered":"https:\/\/energizer.com\/canada-french\/?post_type=product&#038;p=12554"},"modified":"2024-10-01T11:23:49","modified_gmt":"2024-10-01T11:23:49","slug":"energizerhigh-lumen-hybrid-headlamp","status":"publish","type":"product","link":"https:\/\/energizer.com\/canada-french\/product\/eclairage\/mains-libres\/energizerhigh-lumen-hybrid-headlamp\/","title":{"rendered":"Energizer\u00aeHigh Lumen Hybrid Headlamp"},"content":{"rendered":"<div class=\"button\"><a class=\"redbtn\" href=\"https:\/\/energizer.com\/canada-french\/fr-headlights\/\" rel=\"noopener\" aria-label=\"En savoir plus sur les lampes frontales\">En savoir plus sur les lampes frontales<\/a><\/div>\n<ul>\n<li>La lanterne Energizer fournit une lumi\u00e8re longue dur\u00e9e \u00e0 360\u00a0degr\u00e9s, parfaite pour les activit\u00e9s de plein air et les situations d\u2019urgence<\/li>\n<li><sup>\u00a0<\/sup>Dot\u00e9e de la technologie d\u2019alimentation hybride et flexible, la lampe peut \u00eatre recharg\u00e9e ou aliment\u00e9e par piles<\/li>\n<li>Une lanterne DEL qui a un port USB pour que vous puissiez recharger vos appareils<\/li>\n<li>\u00c9clairage puissant, m\u00eame apr\u00e8s la recharge compl\u00e8te d\u2019un t\u00e9l\u00e9phone intelligent<sup>1<\/sup><\/li>\n<li>L\u2019indice d\u2019\u00e9tanch\u00e9it\u00e9 de IPX4 et la r\u00e9sistance aux chocs jusqu\u2019\u00e0 1\u00a0m\u00e8tre garantissent la durabilit\u00e9<\/li>\n<li>Fournis de la lumi\u00e8re jusqu\u2019\u00e0 70\u00a0heures en mode faible intensit\u00e9 avec des piles rechargeables, ou 30\u00a0heures en mode faible intensit\u00e9 avec des piles AA<\/li>\n<\/ul>\n","protected":false},"excerpt":{"rendered":"<p><small>1Bas\u00e9 sur une batterie de t\u00e9l\u00e9phone intelligent moyenne d\u2019une capacit\u00e9 de 1 810 mAh.<\/small><\/p>\n","protected":false},"featured_media":0,"comment_status":"open","ping_status":"closed","template":"","meta":{"_acf_changed":false},"product_brand":[],"product_cat":[43,132],"product_tag":[],"class_list":{"0":"post-12554","1":"product","2":"type-product","3":"status-publish","5":"product_cat-mains-libres","6":"product_cat-trouvez-des-produits-declairage-energizer","7":"pa_uses-bricolage","8":"pa_uses-exterieur","9":"pa_uses-quotidien","10":"pa_uses-travail","12":"first","13":"instock","14":"shipping-taxable","15":"product-type-simple"},"acf":[],"_links":{"self":[{"href":"https:\/\/energizer.com\/canada-french\/wp-json\/wp\/v2\/product\/12554","targetHints":{"allow":["GET"]}}],"collection":[{"href":"https:\/\/energizer.com\/canada-french\/wp-json\/wp\/v2\/product"}],"about":[{"href":"https:\/\/energizer.com\/canada-french\/wp-json\/wp\/v2\/types\/product"}],"replies":[{"embeddable":true,"href":"https:\/\/energizer.com\/canada-french\/wp-json\/wp\/v2\/comments?post=12554"}],"version-history":[{"count":0,"href":"https:\/\/energizer.com\/canada-french\/wp-json\/wp\/v2\/product\/12554\/revisions"}],"wp:attachment":[{"href":"https:\/\/energizer.com\/canada-french\/wp-json\/wp\/v2\/media?parent=12554"}],"wp:term":[{"taxonomy":"product_brand","embeddable":true,"href":"https:\/\/energizer.com\/canada-french\/wp-json\/wp\/v2\/product_brand?post=12554"},{"taxonomy":"product_cat","embeddable":true,"href":"https:\/\/energizer.com\/canada-french\/wp-json\/wp\/v2\/product_cat?post=12554"},{"taxonomy":"product_tag","embeddable":true,"href":"https:\/\/energizer.com\/canada-french\/wp-json\/wp\/v2\/product_tag?post=12554"}],"curies":[{"name":"wp","href":"https:\/\/api.w.org\/{rel}","templated":true}]}}